{"id":42,"date":"2015-03-13T08:40:47","date_gmt":"2015-03-13T08:40:47","guid":{"rendered":"http:\/\/blogsaverroes.juntadeandalucia.es\/pre\/ceip\/?page_id=42"},"modified":"2024-10-06T16:41:42","modified_gmt":"2024-10-06T16:41:42","slug":"equipo-directivo","status":"publish","type":"page","link":"https:\/\/blogsaverroes.juntadeandalucia.es\/ceiplapachar\/equipo-directivo\/","title":{"rendered":"Equipo directivo &#8211; Claustro"},"content":{"rendered":"<p>&nbsp;<\/p>\n<p>&nbsp;<\/p>\n<table style=\"width: 89.2051%;border-collapse: collapse;background-color: #f5e940;height: 4085px\">\n<tbody>\n<tr style=\"background-color: #fafafa\">\n<td style=\"width: 100%;text-align: center;height: 93px\">&nbsp;<\/p>\n<p style=\"text-align: left\"><span style=\"color: #800000\"><span style=\"color: #008000\"><strong><span style=\"text-decoration: underline\"><a href=\"https:\/\/blogsaverroes.juntadeandalucia.es\/ceiplapachar\/files\/2021\/09\/EQUIPO_DIRECTIVO.png\"><img decoding=\"async\" class=\"size-full wp-image-2349 aligncenter\" src=\"https:\/\/blogsaverroes.juntadeandalucia.es\/ceiplapachar\/files\/2021\/09\/EQUIPO_DIRECTIVO.png\" alt=\"\" width=\"200\" height=\"100\"><\/a><\/span><\/strong><\/span><\/span><span style=\"color: #800000\"><span style=\"color: #008000\"><strong><span style=\"text-decoration: underline\">Direcci\u00f3n<\/span>:<\/strong><\/span>&nbsp;<\/span> <strong>Jos\u00e9 Manuel \u00c1vila Saborido.<\/strong> <span style=\"color: #0000ff\">COORDINADOR T.D.E. y DE BIENESTAR DE LA INFANCIA.<\/span><\/p>\n<p style=\"text-align: left\"><strong><span style=\"text-decoration: underline;color: #008000\">Jefatura de Estudios<\/span>:<\/strong> <strong>Silvia Mateos Pernil.<\/strong> <span style=\"color: #0000ff\">COORDINADORA DE PREVENCI\u00d3N RIESGOS LABORALES Y COORDINADORA COMPDIGEDU.<\/span><\/p>\n<p style=\"text-align: left\"><span style=\"color: #008000\"><strong><span style=\"text-decoration: underline\">Secretar\u00eda<\/span>:<\/strong><\/span>&nbsp; <strong>Raquel de Regla Lorenzo Ben\u00edtez<\/strong>. <span style=\"color: #0000ff\">RESPONSABLE PLAN DE FAMILIAS.<\/span><strong><a href=\"https:\/\/blogsaverroes.juntadeandalucia.es\/ceiplapachar\/files\/2021\/09\/consejo-escolar1.gif\"><img fetchpriority=\"high\" decoding=\"async\" class=\"size-full wp-image-2348 aligncenter\" src=\"https:\/\/blogsaverroes.juntadeandalucia.es\/ceiplapachar\/files\/2021\/09\/consejo-escolar1.gif\" alt=\"\" width=\"250\" height=\"244\"><\/a><\/strong><\/p>\n<p><a href=\"https:\/\/blogsaverroes.juntadeandalucia.es\/ceiplapachar\/files\/2024\/09\/CLAUSTRO.jpeg\"><img decoding=\"async\" class=\"aligncenter wp-image-6415 size-large\" src=\"https:\/\/blogsaverroes.juntadeandalucia.es\/ceiplapachar\/files\/2024\/09\/CLAUSTRO-1024x724.jpeg\" alt=\"\" width=\"782\" height=\"553\" srcset=\"https:\/\/blogsaverroes.juntadeandalucia.es\/ceiplapachar\/files\/2024\/09\/CLAUSTRO-1024x724.jpeg 1024w, https:\/\/blogsaverroes.juntadeandalucia.es\/ceiplapachar\/files\/2024\/09\/CLAUSTRO-300x212.jpeg 300w, https:\/\/blogsaverroes.juntadeandalucia.es\/ceiplapachar\/files\/2024\/09\/CLAUSTRO-768x543.jpeg 768w, https:\/\/blogsaverroes.juntadeandalucia.es\/ceiplapachar\/files\/2024\/09\/CLAUSTRO-1536x1086.jpeg 1536w, https:\/\/blogsaverroes.juntadeandalucia.es\/ceiplapachar\/files\/2024\/09\/CLAUSTRO.jpeg 1600w\" sizes=\"(max-width: 782px) 100vw, 782px\" \/><\/a><\/p>\n<table class=\"aligncenter\" style=\"height: 2840px;width: 96.0879%;background-color: #eaf0bb\" border=\"1\" width=\"95.3599%\">\n<tbody>\n<tr>\n<td style=\"width: 34.5092%\"><strong>3 A\u00d1OS A &#8211; TUTORA<\/strong><\/td>\n<td style=\"width: 32.362%\"><strong>3 A\u00d1OS B &#8211; TUTORA<\/strong><\/td>\n<td style=\"width: 32.8221%\"><strong>4 A\u00d1OS A &#8211; TUTORA<\/strong><\/td>\n<\/tr>\n<tr style=\"height: 56px\">\n<td style=\"width: 34.5092%;height: 56px\"><strong>&nbsp;<\/strong><a href=\"https:\/\/blogsaverroes.juntadeandalucia.es\/ceiplapachar\/files\/2024\/09\/ELENA.jpeg\"><img loading=\"lazy\" decoding=\"async\" class=\"aligncenter wp-image-6406 size-medium\" src=\"https:\/\/blogsaverroes.juntadeandalucia.es\/ceiplapachar\/files\/2024\/09\/ELENA-169x300.jpeg\" alt=\"\" width=\"169\" height=\"300\" srcset=\"https:\/\/blogsaverroes.juntadeandalucia.es\/ceiplapachar\/files\/2024\/09\/ELENA-169x300.jpeg 169w, https:\/\/blogsaverroes.juntadeandalucia.es\/ceiplapachar\/files\/2024\/09\/ELENA-576x1024.jpeg 576w, https:\/\/blogsaverroes.juntadeandalucia.es\/ceiplapachar\/files\/2024\/09\/ELENA.jpeg 720w\" sizes=\"(max-width: 169px) 100vw, 169px\" \/><\/a><\/td>\n<td style=\"width: 32.362%;height: 56px\"><strong>&nbsp; <\/strong><strong>&nbsp;<\/strong><a href=\"https:\/\/blogsaverroes.juntadeandalucia.es\/ceiplapachar\/files\/2024\/09\/PATRI.jpeg\"><img loading=\"lazy\" decoding=\"async\" class=\"size-medium wp-image-6407 aligncenter\" src=\"https:\/\/blogsaverroes.juntadeandalucia.es\/ceiplapachar\/files\/2024\/09\/PATRI-169x300.jpeg\" alt=\"\" width=\"169\" height=\"300\" srcset=\"https:\/\/blogsaverroes.juntadeandalucia.es\/ceiplapachar\/files\/2024\/09\/PATRI-169x300.jpeg 169w, https:\/\/blogsaverroes.juntadeandalucia.es\/ceiplapachar\/files\/2024\/09\/PATRI-576x1024.jpeg 576w, https:\/\/blogsaverroes.juntadeandalucia.es\/ceiplapachar\/files\/2024\/09\/PATRI.jpeg 720w\" sizes=\"(max-width: 169px) 100vw, 169px\" \/><\/a><\/td>\n<td style=\"width: 32.8221%\"><strong>&nbsp; &nbsp;<\/strong><\/p>\n<p><a href=\"https:\/\/blogsaverroes.juntadeandalucia.es\/ceiplapachar\/files\/2024\/09\/MARIA.jpeg\"><img loading=\"lazy\" decoding=\"async\" class=\"size-medium wp-image-6408 aligncenter\" src=\"https:\/\/blogsaverroes.juntadeandalucia.es\/ceiplapachar\/files\/2024\/09\/MARIA-169x300.jpeg\" alt=\"\" width=\"169\" height=\"300\" srcset=\"https:\/\/blogsaverroes.juntadeandalucia.es\/ceiplapachar\/files\/2024\/09\/MARIA-169x300.jpeg 169w, https:\/\/blogsaverroes.juntadeandalucia.es\/ceiplapachar\/files\/2024\/09\/MARIA-576x1024.jpeg 576w, https:\/\/blogsaverroes.juntadeandalucia.es\/ceiplapachar\/files\/2024\/09\/MARIA.jpeg 720w\" sizes=\"(max-width: 169px) 100vw, 169px\" \/><\/a><\/td>\n<\/tr>\n<tr>\n<td style=\"width: 34.5092%;background-color: #83ebe9\"><strong>4 A\u00d1OS B &#8211; TUTORA<\/strong><\/p>\n<p><span style=\"color: #800080\"><strong>COORDINADORA DE EDUCACI\u00d3N INFANTIL.<\/strong><\/span><\/td>\n<td style=\"width: 32.362%;background-color: #83ebe9\"><strong>5 A\u00d1OS A &#8211; TUTORA<\/strong><\/td>\n<td style=\"width: 32.8221%;background-color: #83ebe9\"><strong>5 A\u00d1OS B &#8211; TUTORA<\/strong><\/p>\n<p><span style=\"color: #800080\"><strong>COORDINADORA DE ESCUELA ESPACIO DE PAZ Y DE CONVIVENCIA.<\/strong><\/span><\/td>\n<\/tr>\n<tr style=\"height: 56px\">\n<td style=\"width: 34.5092%;height: 56px;background-color: #83ebe9\"><strong>&nbsp;<\/strong><\/p>\n<p><a href=\"https:\/\/blogsaverroes.juntadeandalucia.es\/ceiplapachar\/files\/2024\/09\/ROCIO.jpeg\"><img loading=\"lazy\" decoding=\"async\" class=\"size-medium wp-image-6409 aligncenter\" src=\"https:\/\/blogsaverroes.juntadeandalucia.es\/ceiplapachar\/files\/2024\/09\/ROCIO-169x300.jpeg\" alt=\"\" width=\"169\" height=\"300\" srcset=\"https:\/\/blogsaverroes.juntadeandalucia.es\/ceiplapachar\/files\/2024\/09\/ROCIO-169x300.jpeg 169w, https:\/\/blogsaverroes.juntadeandalucia.es\/ceiplapachar\/files\/2024\/09\/ROCIO-576x1024.jpeg 576w, https:\/\/blogsaverroes.juntadeandalucia.es\/ceiplapachar\/files\/2024\/09\/ROCIO.jpeg 720w\" sizes=\"(max-width: 169px) 100vw, 169px\" \/><\/a><\/td>\n<td style=\"width: 32.362%;height: 56px;background-color: #83ebe9\"><a href=\"https:\/\/blogsaverroes.juntadeandalucia.es\/ceiplapachar\/files\/2024\/09\/SARA.jpeg\"><img loading=\"lazy\" decoding=\"async\" class=\"size-medium wp-image-6410 aligncenter\" src=\"https:\/\/blogsaverroes.juntadeandalucia.es\/ceiplapachar\/files\/2024\/09\/SARA-169x300.jpeg\" alt=\"\" width=\"169\" height=\"300\" srcset=\"https:\/\/blogsaverroes.juntadeandalucia.es\/ceiplapachar\/files\/2024\/09\/SARA-169x300.jpeg 169w, https:\/\/blogsaverroes.juntadeandalucia.es\/ceiplapachar\/files\/2024\/09\/SARA-576x1024.jpeg 576w, https:\/\/blogsaverroes.juntadeandalucia.es\/ceiplapachar\/files\/2024\/09\/SARA.jpeg 720w\" sizes=\"(max-width: 169px) 100vw, 169px\" \/><\/a><\/td>\n<td style=\"width: 32.8221%;background-color: #83ebe9\"><strong>&nbsp;<\/strong><\/p>\n<p><a href=\"https:\/\/blogsaverroes.juntadeandalucia.es\/ceiplapachar\/files\/2024\/09\/ANA.jpeg\"><img loading=\"lazy\" decoding=\"async\" class=\"size-medium wp-image-6411 aligncenter\" src=\"https:\/\/blogsaverroes.juntadeandalucia.es\/ceiplapachar\/files\/2024\/09\/ANA-169x300.jpeg\" alt=\"\" width=\"169\" height=\"300\" srcset=\"https:\/\/blogsaverroes.juntadeandalucia.es\/ceiplapachar\/files\/2024\/09\/ANA-169x300.jpeg 169w, https:\/\/blogsaverroes.juntadeandalucia.es\/ceiplapachar\/files\/2024\/09\/ANA-576x1024.jpeg 576w, https:\/\/blogsaverroes.juntadeandalucia.es\/ceiplapachar\/files\/2024\/09\/ANA.jpeg 720w\" sizes=\"(max-width: 169px) 100vw, 169px\" \/><\/a><\/td>\n<\/tr>\n<tr>\n<td style=\"width: 34.5092%;background-color: #a4f5c0\"><strong>1\u00ba A &#8211; TUTORA<\/strong><\/td>\n<td style=\"width: 32.362%;text-align: left;background-color: #a4f5c0\">\n<p style=\"text-align: center\"><strong>1\u00ba B &#8211; TUTORA<\/strong><\/p>\n<\/td>\n<td style=\"width: 32.8221%;background-color: #a4f5c0\"><strong>2\u00ba A &#8211; TUTORA<\/strong><\/p>\n<p><strong><span style=\"color: #800080\">COORDINADORA PRIMER CICLO E IGUALDAD.<\/span><\/strong><\/td>\n<\/tr>\n<tr style=\"height: 56px\">\n<td style=\"width: 34.5092%;height: 56px;background-color: #a4f5c0\"><a href=\"https:\/\/blogsaverroes.juntadeandalucia.es\/ceiplapachar\/files\/2024\/09\/MANME.jpeg\"><img loading=\"lazy\" decoding=\"async\" class=\"size-medium wp-image-6427 aligncenter\" src=\"https:\/\/blogsaverroes.juntadeandalucia.es\/ceiplapachar\/files\/2024\/09\/MANME-169x300.jpeg\" alt=\"\" width=\"169\" height=\"300\" srcset=\"https:\/\/blogsaverroes.juntadeandalucia.es\/ceiplapachar\/files\/2024\/09\/MANME-169x300.jpeg 169w, https:\/\/blogsaverroes.juntadeandalucia.es\/ceiplapachar\/files\/2024\/09\/MANME-576x1024.jpeg 576w, https:\/\/blogsaverroes.juntadeandalucia.es\/ceiplapachar\/files\/2024\/09\/MANME.jpeg 720w\" sizes=\"(max-width: 169px) 100vw, 169px\" \/><\/a><\/td>\n<td style=\"width: 32.362%;text-align: left;height: 56px;background-color: #a4f5c0\"><strong>&nbsp; &nbsp; &nbsp; &nbsp; &nbsp;&nbsp;<\/strong><\/p>\n<p>&nbsp;<\/p>\n<p>&nbsp;<\/p>\n<p>&nbsp;<\/p>\n<p>&nbsp;<\/p>\n<p>&nbsp; &nbsp; &nbsp; &nbsp; &nbsp;<strong>SE\u00d1O ARIADNA<\/strong><\/p>\n<p>&nbsp;<\/p>\n<p>&nbsp;<\/p>\n<p>&nbsp;<\/p>\n<p>&nbsp;<\/p>\n<p>&nbsp;<\/td>\n<td style=\"width: 32.8221%;text-align: left;background-color: #a4f5c0\"><strong>&nbsp; &nbsp; &nbsp; &nbsp; &nbsp; <\/strong><a href=\"https:\/\/blogsaverroes.juntadeandalucia.es\/ceiplapachar\/files\/2024\/09\/ISABEL.jpeg\"><img loading=\"lazy\" decoding=\"async\" class=\"size-medium wp-image-6428 aligncenter\" src=\"https:\/\/blogsaverroes.juntadeandalucia.es\/ceiplapachar\/files\/2024\/09\/ISABEL-169x300.jpeg\" alt=\"\" width=\"169\" height=\"300\" srcset=\"https:\/\/blogsaverroes.juntadeandalucia.es\/ceiplapachar\/files\/2024\/09\/ISABEL-169x300.jpeg 169w, https:\/\/blogsaverroes.juntadeandalucia.es\/ceiplapachar\/files\/2024\/09\/ISABEL-576x1024.jpeg 576w, https:\/\/blogsaverroes.juntadeandalucia.es\/ceiplapachar\/files\/2024\/09\/ISABEL.jpeg 720w\" sizes=\"(max-width: 169px) 100vw, 169px\" \/><\/a><\/td>\n<\/tr>\n<tr>\n<td style=\"width: 34.5092%;background-color: #f0cca8\"><strong>2\u00ba B &#8211; TUTORA<\/strong><\/td>\n<td style=\"width: 32.362%;text-align: left;background-color: #f0cca8\">\n<p style=\"text-align: center\"><strong>3\u00ba A &#8211; TUTOR<\/strong><\/p>\n<p style=\"text-align: center\"><strong><span style=\"color: #800080\">ESPECIALISTA EDUCACI\u00d3N F\u00cdSICA.<\/span><\/strong><\/p>\n<\/td>\n<td style=\"width: 32.8221%;background-color: #f0cca8\"><strong>3\u00ba B &#8211; TUTORA<\/strong><\/p>\n<p><span style=\"color: #800080\"><strong>COORDINADORA SEGUNDO CICLO.<\/strong><\/span><\/td>\n<\/tr>\n<tr>\n<td style=\"width: 34.5092%;background-color: #f0cca8\"><a href=\"https:\/\/blogsaverroes.juntadeandalucia.es\/ceiplapachar\/files\/2024\/09\/ALBA.jpeg\"><img loading=\"lazy\" decoding=\"async\" class=\"size-medium wp-image-6437 aligncenter\" src=\"https:\/\/blogsaverroes.juntadeandalucia.es\/ceiplapachar\/files\/2024\/09\/ALBA-169x300.jpeg\" alt=\"\" width=\"169\" height=\"300\" srcset=\"https:\/\/blogsaverroes.juntadeandalucia.es\/ceiplapachar\/files\/2024\/09\/ALBA-169x300.jpeg 169w, https:\/\/blogsaverroes.juntadeandalucia.es\/ceiplapachar\/files\/2024\/09\/ALBA-576x1024.jpeg 576w, https:\/\/blogsaverroes.juntadeandalucia.es\/ceiplapachar\/files\/2024\/09\/ALBA.jpeg 720w\" sizes=\"(max-width: 169px) 100vw, 169px\" \/><\/a><\/td>\n<td style=\"width: 32.362%;text-align: left;background-color: #f0cca8\"><strong>&nbsp; &nbsp; &nbsp; &nbsp; &nbsp;&nbsp;<br \/>\n<\/strong><\/p>\n<p style=\"text-align: center\"><a href=\"https:\/\/blogsaverroes.juntadeandalucia.es\/ceiplapachar\/files\/2024\/10\/ALEX.jpeg\"><img loading=\"lazy\" decoding=\"async\" class=\"alignnone  wp-image-6451\" src=\"https:\/\/blogsaverroes.juntadeandalucia.es\/ceiplapachar\/files\/2024\/10\/ALEX-264x300.jpeg\" alt=\"\" width=\"170\" height=\"192\" srcset=\"https:\/\/blogsaverroes.juntadeandalucia.es\/ceiplapachar\/files\/2024\/10\/ALEX-264x300.jpeg 264w, https:\/\/blogsaverroes.juntadeandalucia.es\/ceiplapachar\/files\/2024\/10\/ALEX-768x874.jpeg 768w, https:\/\/blogsaverroes.juntadeandalucia.es\/ceiplapachar\/files\/2024\/10\/ALEX.jpeg 796w\" sizes=\"(max-width: 170px) 100vw, 170px\" \/><\/a><\/p>\n<\/td>\n<td style=\"width: 32.8221%;text-align: left;background-color: #f0cca8\"><strong>&nbsp; &nbsp; &nbsp; &nbsp; &nbsp; &nbsp;<\/strong><a href=\"https:\/\/blogsaverroes.juntadeandalucia.es\/ceiplapachar\/files\/2024\/09\/EVA.jpeg\"><br \/>\n<img loading=\"lazy\" decoding=\"async\" class=\"size-medium wp-image-6430 aligncenter\" src=\"https:\/\/blogsaverroes.juntadeandalucia.es\/ceiplapachar\/files\/2024\/09\/EVA-169x300.jpeg\" alt=\"\" width=\"169\" height=\"300\" srcset=\"https:\/\/blogsaverroes.juntadeandalucia.es\/ceiplapachar\/files\/2024\/09\/EVA-169x300.jpeg 169w, https:\/\/blogsaverroes.juntadeandalucia.es\/ceiplapachar\/files\/2024\/09\/EVA-576x1024.jpeg 576w, https:\/\/blogsaverroes.juntadeandalucia.es\/ceiplapachar\/files\/2024\/09\/EVA.jpeg 720w\" sizes=\"(max-width: 169px) 100vw, 169px\" \/><\/a><\/td>\n<\/tr>\n<tr>\n<td style=\"width: 34.5092%\"><strong>3\u00ba C &#8211; TUTOR<\/strong><\/p>\n<p><span style=\"color: #800080\"><strong>ESPECIALISTA INGL\u00c9S.<\/strong><\/span><\/td>\n<td style=\"width: 32.362%\"><strong>4\u00ba A &#8211; TUTORA<\/strong><\/p>\n<p><strong>&nbsp;<\/strong><span style=\"color: #800080\"><strong>COORDINADORA BIBLIOTECA ESCOLAR.<\/strong><\/span><\/td>\n<td style=\"width: 32.8221%\"><strong>4\u00ba B &#8211; TUTORA<\/strong><\/p>\n<p><span style=\"color: #800080\"><strong>ESPECIALISTA INGL\u00c9S.<\/strong><\/span><\/td>\n<\/tr>\n<tr style=\"height: 56px\">\n<td style=\"width: 34.5092%;text-align: left;height: 56px\"><strong>&nbsp; &nbsp; &nbsp; &nbsp; &nbsp; &nbsp; &nbsp;&nbsp;<\/strong><strong><a href=\"https:\/\/blogsaverroes.juntadeandalucia.es\/ceiplapachar\/files\/2024\/09\/NACHO.jpeg\"><img loading=\"lazy\" decoding=\"async\" class=\"size-medium wp-image-6432 aligncenter\" src=\"https:\/\/blogsaverroes.juntadeandalucia.es\/ceiplapachar\/files\/2024\/09\/NACHO-169x300.jpeg\" alt=\"\" width=\"169\" height=\"300\" srcset=\"https:\/\/blogsaverroes.juntadeandalucia.es\/ceiplapachar\/files\/2024\/09\/NACHO-169x300.jpeg 169w, https:\/\/blogsaverroes.juntadeandalucia.es\/ceiplapachar\/files\/2024\/09\/NACHO-576x1024.jpeg 576w, https:\/\/blogsaverroes.juntadeandalucia.es\/ceiplapachar\/files\/2024\/09\/NACHO.jpeg 720w\" sizes=\"(max-width: 169px) 100vw, 169px\" \/><\/a><\/strong><\/p>\n<p>&nbsp;<\/td>\n<td style=\"width: 32.362%;text-align: left;height: 56px\"><a href=\"https:\/\/blogsaverroes.juntadeandalucia.es\/ceiplapachar\/files\/2024\/09\/MARTA.jpeg\"><img loading=\"lazy\" decoding=\"async\" class=\"size-medium wp-image-6434 aligncenter\" src=\"https:\/\/blogsaverroes.juntadeandalucia.es\/ceiplapachar\/files\/2024\/09\/MARTA-169x300.jpeg\" alt=\"\" width=\"169\" height=\"300\" srcset=\"https:\/\/blogsaverroes.juntadeandalucia.es\/ceiplapachar\/files\/2024\/09\/MARTA-169x300.jpeg 169w, https:\/\/blogsaverroes.juntadeandalucia.es\/ceiplapachar\/files\/2024\/09\/MARTA-576x1024.jpeg 576w, https:\/\/blogsaverroes.juntadeandalucia.es\/ceiplapachar\/files\/2024\/09\/MARTA.jpeg 720w\" sizes=\"(max-width: 169px) 100vw, 169px\" \/><\/a><\/td>\n<td style=\"width: 32.8221%;text-align: left\"><strong>&nbsp; &nbsp; &nbsp; &nbsp; &nbsp; &nbsp;<\/strong><a href=\"https:\/\/blogsaverroes.juntadeandalucia.es\/ceiplapachar\/files\/2024\/09\/SOLEDAD.jpeg\"><img loading=\"lazy\" decoding=\"async\" class=\"size-medium wp-image-6435 aligncenter\" src=\"https:\/\/blogsaverroes.juntadeandalucia.es\/ceiplapachar\/files\/2024\/09\/SOLEDAD-169x300.jpeg\" alt=\"\" width=\"169\" height=\"300\" srcset=\"https:\/\/blogsaverroes.juntadeandalucia.es\/ceiplapachar\/files\/2024\/09\/SOLEDAD-169x300.jpeg 169w, https:\/\/blogsaverroes.juntadeandalucia.es\/ceiplapachar\/files\/2024\/09\/SOLEDAD-576x1024.jpeg 576w, https:\/\/blogsaverroes.juntadeandalucia.es\/ceiplapachar\/files\/2024\/09\/SOLEDAD.jpeg 720w\" sizes=\"(max-width: 169px) 100vw, 169px\" \/><\/a><\/p>\n<p>&nbsp;<\/td>\n<\/tr>\n<tr>\n<td style=\"width: 34.5092%;background-color: #f3c1f5\"><strong>5\u00ba A &#8211; TUTORA<\/strong><\/p>\n<p><strong><span style=\"color: #800080\">COORDINADORA TERCER CICLO Y ESPECIALISTA DE FRANC\u00c9S.<\/span><\/strong><\/td>\n<td style=\"width: 32.362%;background-color: #f3c1f5\"><strong>5\u00ba B&nbsp; &#8211; TUTORA<\/strong><\/p>\n<p><span style=\"color: #800080\"><strong>ESPECIALISTA DE M\u00daSICA.<\/strong><\/span><\/td>\n<td style=\"width: 32.8221%;background-color: #f3c1f5\"><strong>6\u00ba A &#8211; TUTORA<\/strong><\/p>\n<p><strong><span style=\"color: #800080\">ESPECIALISTA EN E. F\u00cdSICA.<\/span><\/strong><\/td>\n<\/tr>\n<tr style=\"height: 56px\">\n<td style=\"width: 34.5092%;text-align: left;height: 56px;background-color: #f3c1f5\"><a href=\"https:\/\/blogsaverroes.juntadeandalucia.es\/ceiplapachar\/files\/2024\/09\/TERESA.jpeg\"><img loading=\"lazy\" decoding=\"async\" class=\"size-medium wp-image-6436 aligncenter\" src=\"https:\/\/blogsaverroes.juntadeandalucia.es\/ceiplapachar\/files\/2024\/09\/TERESA-169x300.jpeg\" alt=\"\" width=\"169\" height=\"300\" srcset=\"https:\/\/blogsaverroes.juntadeandalucia.es\/ceiplapachar\/files\/2024\/09\/TERESA-169x300.jpeg 169w, https:\/\/blogsaverroes.juntadeandalucia.es\/ceiplapachar\/files\/2024\/09\/TERESA-576x1024.jpeg 576w, https:\/\/blogsaverroes.juntadeandalucia.es\/ceiplapachar\/files\/2024\/09\/TERESA.jpeg 720w\" sizes=\"(max-width: 169px) 100vw, 169px\" \/><\/a>&nbsp;<\/td>\n<td style=\"width: 32.362%;text-align: left;height: 56px;background-color: #f3c1f5\"><strong>&nbsp; &nbsp; &nbsp; &nbsp; &nbsp;<\/strong><strong> &nbsp;<\/strong><a href=\"https:\/\/blogsaverroes.juntadeandalucia.es\/ceiplapachar\/files\/2024\/10\/ELI.jpeg\"><img loading=\"lazy\" decoding=\"async\" class=\"size-medium wp-image-6444 aligncenter\" src=\"https:\/\/blogsaverroes.juntadeandalucia.es\/ceiplapachar\/files\/2024\/10\/ELI-169x300.jpeg\" alt=\"\" width=\"169\" height=\"300\" srcset=\"https:\/\/blogsaverroes.juntadeandalucia.es\/ceiplapachar\/files\/2024\/10\/ELI-169x300.jpeg 169w, https:\/\/blogsaverroes.juntadeandalucia.es\/ceiplapachar\/files\/2024\/10\/ELI-576x1024.jpeg 576w, https:\/\/blogsaverroes.juntadeandalucia.es\/ceiplapachar\/files\/2024\/10\/ELI.jpeg 720w\" sizes=\"(max-width: 169px) 100vw, 169px\" \/><\/a><\/p>\n<p>&nbsp;<\/td>\n<td style=\"width: 32.8221%;text-align: left;background-color: #f3c1f5\">\n<p style=\"text-align: center\">&nbsp; &nbsp; &nbsp;<a href=\"https:\/\/blogsaverroes.juntadeandalucia.es\/ceiplapachar\/files\/2024\/10\/MARIA-SABORIDO.jpeg\"><img loading=\"lazy\" decoding=\"async\" class=\"alignnone size-medium wp-image-6446\" src=\"https:\/\/blogsaverroes.juntadeandalucia.es\/ceiplapachar\/files\/2024\/10\/MARIA-SABORIDO-169x300.jpeg\" alt=\"\" width=\"169\" height=\"300\" srcset=\"https:\/\/blogsaverroes.juntadeandalucia.es\/ceiplapachar\/files\/2024\/10\/MARIA-SABORIDO-169x300.jpeg 169w, https:\/\/blogsaverroes.juntadeandalucia.es\/ceiplapachar\/files\/2024\/10\/MARIA-SABORIDO-576x1024.jpeg 576w, https:\/\/blogsaverroes.juntadeandalucia.es\/ceiplapachar\/files\/2024\/10\/MARIA-SABORIDO.jpeg 720w\" sizes=\"(max-width: 169px) 100vw, 169px\" \/><\/a><\/p>\n<p>&nbsp;<\/td>\n<\/tr>\n<tr>\n<td style=\"width: 34.5092%;text-align: left;background-color: #a8edec\">\n<p style=\"text-align: center\"><strong>6\u00ba B &#8211; TUTORA.<\/strong><\/p>\n<\/td>\n<td style=\"width: 32.362%;text-align: left;background-color: #a8edec\" colspan=\"2\" rowspan=\"2\"><strong>EQUIPO DE ORIENTA<\/strong><strong>CI\u00d3N:<\/strong><\/p>\n<ul>\n<li>Mar\u00eda Jos\u00e9 Espinosa &#8211; Especialista P.T.<\/li>\n<li>Mar\u00eda Jos\u00e9 Alcedo &#8211; Compensaci\u00f3n Educativa.<\/li>\n<li>Mar\u00eda Luisa Rodr\u00edguez &#8211; Especialista P.T.<\/li>\n<li>Estela Rold\u00e1n &#8211; Especialista P.T.<\/li>\n<li>Noelia Mart\u00edn &#8211; Apoyo Infantil.<\/li>\n<li>M\u00aa Rosario Romero &#8211; Especialista A.L.<\/li>\n<li>M\u00aa Del Mar C\u00e1rdenas &#8211; Orientadora.<\/li>\n<\/ul>\n<p>&#8211; Rafael Lama &#8211; Especialista E. F\u00edsica.<\/p>\n<p>&#8211; Paula Pe\u00f1a&nbsp; &#8211; P.T.I.S.<\/td>\n<\/tr>\n<tr>\n<td style=\"width: 34.5092%;text-align: left;background-color: #a8edec\">\n<p style=\"text-align: center\"><a href=\"https:\/\/blogsaverroes.juntadeandalucia.es\/ceiplapachar\/files\/2024\/10\/CARLA.jpeg\"><img loading=\"lazy\" decoding=\"async\" class=\"alignnone size-medium wp-image-6447\" src=\"https:\/\/blogsaverroes.juntadeandalucia.es\/ceiplapachar\/files\/2024\/10\/CARLA-169x300.jpeg\" alt=\"\" width=\"169\" height=\"300\" srcset=\"https:\/\/blogsaverroes.juntadeandalucia.es\/ceiplapachar\/files\/2024\/10\/CARLA-169x300.jpeg 169w, https:\/\/blogsaverroes.juntadeandalucia.es\/ceiplapachar\/files\/2024\/10\/CARLA-576x1024.jpeg 576w, https:\/\/blogsaverroes.juntadeandalucia.es\/ceiplapachar\/files\/2024\/10\/CARLA.jpeg 720w\" sizes=\"(max-width: 169px) 100vw, 169px\" \/><\/a><\/p>\n<\/td>\n<\/tr>\n<\/tbody>\n<\/table>\n<p>&nbsp;<\/td>\n<\/tr>\n<\/tbody>\n<\/table>\n<p>&nbsp;<\/p>\n<p>&nbsp;<\/p>\n<p>&nbsp;<\/p>\n<p>&nbsp;<\/p>\n<p>&nbsp; &nbsp; &nbsp; &nbsp; &nbsp; &nbsp; &nbsp; &nbsp; &nbsp; &nbsp; &nbsp; &nbsp; &nbsp; &nbsp; &nbsp; &nbsp; &nbsp; &nbsp; &nbsp; &nbsp; &nbsp; &nbsp; &nbsp; &nbsp; &nbsp; &nbsp; &nbsp; &nbsp; &nbsp; &nbsp; &nbsp; &nbsp; &nbsp; &nbsp; &nbsp;<\/p>\n<p>&nbsp;<\/p>\n<p>&nbsp;<\/p>\n<p>&nbsp;<\/p>\n<p>&nbsp;<\/p>\n<p>&nbsp;<\/p>\n<p>&nbsp;<\/p>\n","protected":false},"excerpt":{"rendered":"<p>&nbsp; &nbsp; &nbsp; Direcci\u00f3n:&nbsp; Jos\u00e9 Manuel \u00c1vila Saborido. COORDINADOR T.D.E. y DE BIENESTAR DE LA INFANCIA. Jefatura de Estudios: Silvia Mateos Pernil. COORDINADORA DE PREVENCI\u00d3N RIESGOS LABORALES Y COORDINADORA COMPDIGEDU. Secretar\u00eda:&nbsp; Raquel de Regla&#46;&#46;&#46;<\/p>\n","protected":false},"author":1,"featured_media":0,"parent":0,"menu_order":0,"comment_status":"closed","ping_status":"open","template":"","meta":{"ngg_post_thumbnail":0,"footnotes":"","_mc_calendar":[]},"aioseo_notices":[],"_links":{"self":[{"href":"https:\/\/blogsaverroes.juntadeandalucia.es\/ceiplapachar\/wp-json\/wp\/v2\/pages\/42"}],"collection":[{"href":"https:\/\/blogsaverroes.juntadeandalucia.es\/ceiplapachar\/wp-json\/wp\/v2\/pages"}],"about":[{"href":"https:\/\/blogsaverroes.juntadeandalucia.es\/ceiplapachar\/wp-json\/wp\/v2\/types\/page"}],"author":[{"embeddable":true,"href":"https:\/\/blogsaverroes.juntadeandalucia.es\/ceiplapachar\/wp-json\/wp\/v2\/users\/1"}],"replies":[{"embeddable":true,"href":"https:\/\/blogsaverroes.juntadeandalucia.es\/ceiplapachar\/wp-json\/wp\/v2\/comments?post=42"}],"version-history":[{"count":26,"href":"https:\/\/blogsaverroes.juntadeandalucia.es\/ceiplapachar\/wp-json\/wp\/v2\/pages\/42\/revisions"}],"predecessor-version":[{"id":6452,"href":"https:\/\/blogsaverroes.juntadeandalucia.es\/ceiplapachar\/wp-json\/wp\/v2\/pages\/42\/revisions\/6452"}],"wp:attachment":[{"href":"https:\/\/blogsaverroes.juntadeandalucia.es\/ceiplapachar\/wp-json\/wp\/v2\/media?parent=42"}],"curies":[{"name":"wp","href":"https:\/\/api.w.org\/{rel}","templated":true}]}}