{"id":4380,"date":"2022-04-28T14:25:53","date_gmt":"2022-04-28T14:25:53","guid":{"rendered":"https:\/\/blogsaverroes.juntadeandalucia.es\/ceiplapachar\/?page_id=4380"},"modified":"2022-04-28T15:15:52","modified_gmt":"2022-04-28T15:15:52","slug":"proyecto-los-piratas","status":"publish","type":"page","link":"https:\/\/blogsaverroes.juntadeandalucia.es\/ceiplapachar\/proyecto-los-piratas\/","title":{"rendered":"PROYECTO \u00abLOS PIRATAS\u00bb"},"content":{"rendered":"<table style=\"border-collapse: collapse;width: 100%\">\n<tbody>\n<tr>\n<td style=\"width: 33.3333%\" colspan=\"2\"><a href=\"https:\/\/blogsaverroes.juntadeandalucia.es\/ceiplapachar\/files\/2022\/04\/pirata-imagen-animada-0006.gif\"><img decoding=\"async\" class=\"size-full wp-image-4386 aligncenter\" src=\"https:\/\/blogsaverroes.juntadeandalucia.es\/ceiplapachar\/files\/2022\/04\/pirata-imagen-animada-0006.gif\" alt=\"\" width=\"173\" height=\"200\"><\/a><\/td>\n<td style=\"width: 33.3333%\">\n<h1 style=\"text-align: center\">1\u00ba Trimestre: PROYECTO<\/h1>\n<h1 style=\"text-align: center\"><strong><span style=\"color: #ff0000\">\u00abLOS PIRATAS\u00bb<\/span><\/strong><\/h1>\n<\/td>\n<\/tr>\n<\/tbody>\n<\/table>\n<div>&nbsp; &nbsp; &nbsp;Este curso 21-22 el Ciclo de Infantil ha comenzado con una gran sorpresa. Un pirata ha llegado con su barco a las playas de nuestro pueblo, Chipiona y ha perdido su tesoro y a todos los miembros de su tripulaci\u00f3n Pirata. Muy desesperado pide ayuda a las personas de Chipiona y&#8230;<\/div>\n<div>&nbsp;<\/div>\n<div style=\"text-align: center\"><strong><span style=\"color: #3366ff\">\u00bfqui\u00e9n mejor que nuestros ni\u00f1os y ni\u00f1as para ayudarlos?<\/span><\/strong><\/div>\n<div>\n<table style=\"border-collapse: collapse;width: 100%\">\n<tbody>\n<tr>\n<td style=\"width: 100%;text-align: center\"><div style=\"width: 1920px;\" class=\"wp-video\"><!--[if lt IE 9]><script>document.createElement('video');<\/script><![endif]-->\n<video class=\"wp-video-shortcode\" id=\"video-4380-1\" width=\"1920\" height=\"880\" preload=\"metadata\" controls=\"controls\"><source type=\"video\/mp4\" src=\"https:\/\/blogsaverroes.juntadeandalucia.es\/ceiplapachar\/files\/2022\/04\/Vi_deo-1-1.mp4?_=1\" \/><a href=\"https:\/\/blogsaverroes.juntadeandalucia.es\/ceiplapachar\/files\/2022\/04\/Vi_deo-1-1.mp4\">https:\/\/blogsaverroes.juntadeandalucia.es\/ceiplapachar\/files\/2022\/04\/Vi_deo-1-1.mp4<\/a><\/video><\/div><\/td>\n<\/tr>\n<\/tbody>\n<\/table>\n<\/div>\n<div>&nbsp;<\/div>\n<div>&nbsp; &nbsp; A lo largo de todo el primer trimestre nuestros peques de 3, 4 y 5 a\u00f1os han estado investigando sobre \u00abLos Piratas\u00bb y aprendiendo mucho sobre ellos para poder ayudar al Capit\u00e1n perdido.<\/div>\n<div>\n<table style=\"border-collapse: collapse;width: 100%\">\n<tbody>\n<tr>\n<td style=\"width: 50%\"><a href=\"https:\/\/blogsaverroes.juntadeandalucia.es\/ceiplapachar\/files\/2022\/04\/1-scaled.jpeg\"><img fetchpriority=\"high\" decoding=\"async\" class=\"aligncenter wp-image-4390\" src=\"https:\/\/blogsaverroes.juntadeandalucia.es\/ceiplapachar\/files\/2022\/04\/1-225x300.jpeg\" alt=\"\" width=\"400\" height=\"533\" srcset=\"https:\/\/blogsaverroes.juntadeandalucia.es\/ceiplapachar\/files\/2022\/04\/1-225x300.jpeg 225w, https:\/\/blogsaverroes.juntadeandalucia.es\/ceiplapachar\/files\/2022\/04\/1-768x1024.jpeg 768w, https:\/\/blogsaverroes.juntadeandalucia.es\/ceiplapachar\/files\/2022\/04\/1-1152x1536.jpeg 1152w, https:\/\/blogsaverroes.juntadeandalucia.es\/ceiplapachar\/files\/2022\/04\/1-1536x2048.jpeg 1536w, https:\/\/blogsaverroes.juntadeandalucia.es\/ceiplapachar\/files\/2022\/04\/1-scaled.jpeg 1200w\" sizes=\"(max-width: 400px) 100vw, 400px\" \/><\/a><\/td>\n<td style=\"width: 50%\"><a href=\"https:\/\/blogsaverroes.juntadeandalucia.es\/ceiplapachar\/files\/2022\/04\/2-scaled.jpeg\"><img decoding=\"async\" class=\"aligncenter wp-image-4391\" src=\"https:\/\/blogsaverroes.juntadeandalucia.es\/ceiplapachar\/files\/2022\/04\/2-225x300.jpeg\" alt=\"\" width=\"400\" height=\"533\" srcset=\"https:\/\/blogsaverroes.juntadeandalucia.es\/ceiplapachar\/files\/2022\/04\/2-225x300.jpeg 225w, https:\/\/blogsaverroes.juntadeandalucia.es\/ceiplapachar\/files\/2022\/04\/2-768x1024.jpeg 768w, https:\/\/blogsaverroes.juntadeandalucia.es\/ceiplapachar\/files\/2022\/04\/2-1152x1536.jpeg 1152w, https:\/\/blogsaverroes.juntadeandalucia.es\/ceiplapachar\/files\/2022\/04\/2-1536x2048.jpeg 1536w, https:\/\/blogsaverroes.juntadeandalucia.es\/ceiplapachar\/files\/2022\/04\/2-scaled.jpeg 1200w\" sizes=\"(max-width: 400px) 100vw, 400px\" \/><\/a><\/td>\n<\/tr>\n<\/tbody>\n<\/table>\n<\/div>\n<table style=\"border-collapse: collapse;width: 100%\">\n<tbody>\n<tr>\n<td style=\"width: 50%\"><a href=\"https:\/\/blogsaverroes.juntadeandalucia.es\/ceiplapachar\/files\/2022\/04\/3-scaled.jpeg\"><img loading=\"lazy\" decoding=\"async\" class=\"aligncenter wp-image-4392\" src=\"https:\/\/blogsaverroes.juntadeandalucia.es\/ceiplapachar\/files\/2022\/04\/3-225x300.jpeg\" alt=\"\" width=\"400\" height=\"533\" srcset=\"https:\/\/blogsaverroes.juntadeandalucia.es\/ceiplapachar\/files\/2022\/04\/3-225x300.jpeg 225w, https:\/\/blogsaverroes.juntadeandalucia.es\/ceiplapachar\/files\/2022\/04\/3-768x1024.jpeg 768w, https:\/\/blogsaverroes.juntadeandalucia.es\/ceiplapachar\/files\/2022\/04\/3-1152x1536.jpeg 1152w, https:\/\/blogsaverroes.juntadeandalucia.es\/ceiplapachar\/files\/2022\/04\/3-1536x2048.jpeg 1536w, https:\/\/blogsaverroes.juntadeandalucia.es\/ceiplapachar\/files\/2022\/04\/3-scaled.jpeg 1200w\" sizes=\"(max-width: 400px) 100vw, 400px\" \/><\/a><\/td>\n<td style=\"width: 50%\"><a href=\"https:\/\/blogsaverroes.juntadeandalucia.es\/ceiplapachar\/files\/2022\/04\/4-1-scaled.jpeg\"><img loading=\"lazy\" decoding=\"async\" class=\"aligncenter wp-image-4394\" src=\"https:\/\/blogsaverroes.juntadeandalucia.es\/ceiplapachar\/files\/2022\/04\/4-1-225x300.jpeg\" alt=\"\" width=\"400\" height=\"533\" srcset=\"https:\/\/blogsaverroes.juntadeandalucia.es\/ceiplapachar\/files\/2022\/04\/4-1-225x300.jpeg 225w, https:\/\/blogsaverroes.juntadeandalucia.es\/ceiplapachar\/files\/2022\/04\/4-1-768x1024.jpeg 768w, https:\/\/blogsaverroes.juntadeandalucia.es\/ceiplapachar\/files\/2022\/04\/4-1-1152x1536.jpeg 1152w, https:\/\/blogsaverroes.juntadeandalucia.es\/ceiplapachar\/files\/2022\/04\/4-1-1536x2048.jpeg 1536w, https:\/\/blogsaverroes.juntadeandalucia.es\/ceiplapachar\/files\/2022\/04\/4-1-scaled.jpeg 1200w\" sizes=\"(max-width: 400px) 100vw, 400px\" \/><\/a><\/td>\n<\/tr>\n<\/tbody>\n<\/table>\n<table style=\"border-collapse: collapse;width: 100%\">\n<tbody>\n<tr>\n<td style=\"width: 50%\"><a href=\"https:\/\/blogsaverroes.juntadeandalucia.es\/ceiplapachar\/files\/2022\/04\/5-scaled.jpeg\"><img loading=\"lazy\" decoding=\"async\" class=\"aligncenter wp-image-4395\" src=\"https:\/\/blogsaverroes.juntadeandalucia.es\/ceiplapachar\/files\/2022\/04\/5-225x300.jpeg\" alt=\"\" width=\"400\" height=\"533\" srcset=\"https:\/\/blogsaverroes.juntadeandalucia.es\/ceiplapachar\/files\/2022\/04\/5-225x300.jpeg 225w, https:\/\/blogsaverroes.juntadeandalucia.es\/ceiplapachar\/files\/2022\/04\/5-768x1024.jpeg 768w, https:\/\/blogsaverroes.juntadeandalucia.es\/ceiplapachar\/files\/2022\/04\/5-1152x1536.jpeg 1152w, https:\/\/blogsaverroes.juntadeandalucia.es\/ceiplapachar\/files\/2022\/04\/5-1536x2048.jpeg 1536w, https:\/\/blogsaverroes.juntadeandalucia.es\/ceiplapachar\/files\/2022\/04\/5-scaled.jpeg 1200w\" sizes=\"(max-width: 400px) 100vw, 400px\" \/><\/a><\/td>\n<td style=\"width: 50%\"><a href=\"https:\/\/blogsaverroes.juntadeandalucia.es\/ceiplapachar\/files\/2022\/04\/7-scaled.jpeg\"><img loading=\"lazy\" decoding=\"async\" class=\"aligncenter wp-image-4397\" src=\"https:\/\/blogsaverroes.juntadeandalucia.es\/ceiplapachar\/files\/2022\/04\/7-225x300.jpeg\" alt=\"\" width=\"400\" height=\"533\" srcset=\"https:\/\/blogsaverroes.juntadeandalucia.es\/ceiplapachar\/files\/2022\/04\/7-225x300.jpeg 225w, https:\/\/blogsaverroes.juntadeandalucia.es\/ceiplapachar\/files\/2022\/04\/7-768x1024.jpeg 768w, https:\/\/blogsaverroes.juntadeandalucia.es\/ceiplapachar\/files\/2022\/04\/7-1152x1536.jpeg 1152w, https:\/\/blogsaverroes.juntadeandalucia.es\/ceiplapachar\/files\/2022\/04\/7-1536x2048.jpeg 1536w, https:\/\/blogsaverroes.juntadeandalucia.es\/ceiplapachar\/files\/2022\/04\/7-scaled.jpeg 1200w\" sizes=\"(max-width: 400px) 100vw, 400px\" \/><\/a><\/td>\n<\/tr>\n<\/tbody>\n<\/table>\n<table style=\"border-collapse: collapse;width: 100%\">\n<tbody>\n<tr>\n<td style=\"width: 100%\"><a href=\"https:\/\/blogsaverroes.juntadeandalucia.es\/ceiplapachar\/files\/2022\/04\/6-scaled.jpeg\"><img loading=\"lazy\" decoding=\"async\" class=\"aligncenter wp-image-4396 size-large\" src=\"https:\/\/blogsaverroes.juntadeandalucia.es\/ceiplapachar\/files\/2022\/04\/6-1024x768.jpeg\" alt=\"\" width=\"782\" height=\"587\" srcset=\"https:\/\/blogsaverroes.juntadeandalucia.es\/ceiplapachar\/files\/2022\/04\/6-1024x768.jpeg 1024w, https:\/\/blogsaverroes.juntadeandalucia.es\/ceiplapachar\/files\/2022\/04\/6-300x225.jpeg 300w, https:\/\/blogsaverroes.juntadeandalucia.es\/ceiplapachar\/files\/2022\/04\/6-768x576.jpeg 768w, https:\/\/blogsaverroes.juntadeandalucia.es\/ceiplapachar\/files\/2022\/04\/6-1536x1152.jpeg 1536w, https:\/\/blogsaverroes.juntadeandalucia.es\/ceiplapachar\/files\/2022\/04\/6-2048x1536.jpeg 2048w, https:\/\/blogsaverroes.juntadeandalucia.es\/ceiplapachar\/files\/2022\/04\/6-scaled.jpeg 1600w\" sizes=\"(max-width: 782px) 100vw, 782px\" \/><\/a><\/td>\n<\/tr>\n<\/tbody>\n<\/table>\n<div>&nbsp;<\/div>\n<div>&nbsp; &nbsp; &nbsp;Gracias al esfuerzo y la colaboraci\u00f3n de nuestros peques y sus familias, el Capit\u00e1n ha podido encontrar a todos los miembros de su tripulaci\u00f3n y ha podido volver a casa. Y est\u00e1 tan contento con nuestro trabajo que nos ha dejado un mapa del tesoro y nos ha prometido que si somos capaces de encontrar el tesoro podemos quedarnos con \u00e9l.<\/div>\n<div>&nbsp;<\/div>\n<div>\n<table style=\"border-collapse: collapse;width: 100%\">\n<tbody>\n<tr>\n<td style=\"width: 100%\"><div style=\"width: 880px;\" class=\"wp-video\"><video class=\"wp-video-shortcode\" id=\"video-4380-2\" width=\"880\" height=\"858\" preload=\"metadata\" controls=\"controls\"><source type=\"video\/mp4\" src=\"https:\/\/blogsaverroes.juntadeandalucia.es\/ceiplapachar\/files\/2022\/04\/Vi_deo-2-1.mp4?_=2\" \/><a href=\"https:\/\/blogsaverroes.juntadeandalucia.es\/ceiplapachar\/files\/2022\/04\/Vi_deo-2-1.mp4\">https:\/\/blogsaverroes.juntadeandalucia.es\/ceiplapachar\/files\/2022\/04\/Vi_deo-2-1.mp4<\/a><\/video><\/div><\/td>\n<\/tr>\n<\/tbody>\n<\/table>\n<\/div>\n<div>&nbsp;<\/div>\n<div>\n<table style=\"border-collapse: collapse;width: 100%\">\n<tbody>\n<tr>\n<td style=\"width: 100%\">\n<div>&nbsp; &nbsp; &nbsp;Con nuestro mapa del tesoro hemos recorrido todo el cole en busca de aventuras pirata y hemos superado un sin fin de pruebas hasta encontrar el tesoro.&nbsp;<\/div>\n<div style=\"text-align: center\"><strong><span style=\"color: #0000ff\">\u00bfQu\u00e9 habr\u00eda dentro del cofre del tesoro?<\/span><\/strong><\/div>\n<div style=\"text-align: center\"><strong><span style=\"color: #0000ff\">&nbsp;\u00a1Solo los ni\u00f1os y ni\u00f1as de Infantil del cole Lapachar lo sabr\u00e1n!<\/span><\/strong><\/div>\n<\/td>\n<\/tr>\n<\/tbody>\n<\/table>\n<table style=\"border-collapse: collapse;width: 100%\">\n<tbody>\n<tr>\n<td style=\"width: 50%\"><a href=\"https:\/\/blogsaverroes.juntadeandalucia.es\/ceiplapachar\/files\/2022\/04\/9-scaled.jpeg\"><img loading=\"lazy\" decoding=\"async\" class=\"aligncenter wp-image-4404\" src=\"https:\/\/blogsaverroes.juntadeandalucia.es\/ceiplapachar\/files\/2022\/04\/9-300x225.jpeg\" alt=\"\" width=\"400\" height=\"300\" srcset=\"https:\/\/blogsaverroes.juntadeandalucia.es\/ceiplapachar\/files\/2022\/04\/9-300x225.jpeg 300w, https:\/\/blogsaverroes.juntadeandalucia.es\/ceiplapachar\/files\/2022\/04\/9-1024x768.jpeg 1024w, https:\/\/blogsaverroes.juntadeandalucia.es\/ceiplapachar\/files\/2022\/04\/9-768x576.jpeg 768w, https:\/\/blogsaverroes.juntadeandalucia.es\/ceiplapachar\/files\/2022\/04\/9-1536x1152.jpeg 1536w, https:\/\/blogsaverroes.juntadeandalucia.es\/ceiplapachar\/files\/2022\/04\/9-2048x1536.jpeg 2048w, https:\/\/blogsaverroes.juntadeandalucia.es\/ceiplapachar\/files\/2022\/04\/9-scaled.jpeg 1600w\" sizes=\"(max-width: 400px) 100vw, 400px\" \/><\/a><\/td>\n<td style=\"width: 50%\"><a href=\"https:\/\/blogsaverroes.juntadeandalucia.es\/ceiplapachar\/files\/2022\/04\/8-scaled.jpeg\"><img loading=\"lazy\" decoding=\"async\" class=\"aligncenter wp-image-4403\" src=\"https:\/\/blogsaverroes.juntadeandalucia.es\/ceiplapachar\/files\/2022\/04\/8-300x225.jpeg\" alt=\"\" width=\"400\" height=\"300\" srcset=\"https:\/\/blogsaverroes.juntadeandalucia.es\/ceiplapachar\/files\/2022\/04\/8-300x225.jpeg 300w, https:\/\/blogsaverroes.juntadeandalucia.es\/ceiplapachar\/files\/2022\/04\/8-1024x768.jpeg 1024w, https:\/\/blogsaverroes.juntadeandalucia.es\/ceiplapachar\/files\/2022\/04\/8-768x576.jpeg 768w, https:\/\/blogsaverroes.juntadeandalucia.es\/ceiplapachar\/files\/2022\/04\/8-1536x1152.jpeg 1536w, https:\/\/blogsaverroes.juntadeandalucia.es\/ceiplapachar\/files\/2022\/04\/8-2048x1536.jpeg 2048w, https:\/\/blogsaverroes.juntadeandalucia.es\/ceiplapachar\/files\/2022\/04\/8-scaled.jpeg 1600w\" sizes=\"(max-width: 400px) 100vw, 400px\" \/><\/a><\/td>\n<\/tr>\n<tr>\n<td style=\"width: 50%\"><a href=\"https:\/\/blogsaverroes.juntadeandalucia.es\/ceiplapachar\/files\/2022\/04\/10-scaled.jpeg\"><img loading=\"lazy\" decoding=\"async\" class=\"aligncenter wp-image-4405\" src=\"https:\/\/blogsaverroes.juntadeandalucia.es\/ceiplapachar\/files\/2022\/04\/10-300x169.jpeg\" alt=\"\" width=\"400\" height=\"225\" srcset=\"https:\/\/blogsaverroes.juntadeandalucia.es\/ceiplapachar\/files\/2022\/04\/10-300x169.jpeg 300w, https:\/\/blogsaverroes.juntadeandalucia.es\/ceiplapachar\/files\/2022\/04\/10-1024x576.jpeg 1024w, https:\/\/blogsaverroes.juntadeandalucia.es\/ceiplapachar\/files\/2022\/04\/10-768x432.jpeg 768w, https:\/\/blogsaverroes.juntadeandalucia.es\/ceiplapachar\/files\/2022\/04\/10-1536x864.jpeg 1536w, https:\/\/blogsaverroes.juntadeandalucia.es\/ceiplapachar\/files\/2022\/04\/10-2048x1152.jpeg 2048w, https:\/\/blogsaverroes.juntadeandalucia.es\/ceiplapachar\/files\/2022\/04\/10-scaled.jpeg 1600w\" sizes=\"(max-width: 400px) 100vw, 400px\" \/><\/a><\/td>\n<td style=\"width: 50%\"><a href=\"https:\/\/blogsaverroes.juntadeandalucia.es\/ceiplapachar\/files\/2022\/04\/11-scaled.jpeg\"><img loading=\"lazy\" decoding=\"async\" class=\"aligncenter wp-image-4406\" src=\"https:\/\/blogsaverroes.juntadeandalucia.es\/ceiplapachar\/files\/2022\/04\/11-300x225.jpeg\" alt=\"\" width=\"400\" height=\"300\" srcset=\"https:\/\/blogsaverroes.juntadeandalucia.es\/ceiplapachar\/files\/2022\/04\/11-300x225.jpeg 300w, https:\/\/blogsaverroes.juntadeandalucia.es\/ceiplapachar\/files\/2022\/04\/11-1024x768.jpeg 1024w, https:\/\/blogsaverroes.juntadeandalucia.es\/ceiplapachar\/files\/2022\/04\/11-768x576.jpeg 768w, https:\/\/blogsaverroes.juntadeandalucia.es\/ceiplapachar\/files\/2022\/04\/11-1536x1152.jpeg 1536w, https:\/\/blogsaverroes.juntadeandalucia.es\/ceiplapachar\/files\/2022\/04\/11-2048x1536.jpeg 2048w, https:\/\/blogsaverroes.juntadeandalucia.es\/ceiplapachar\/files\/2022\/04\/11-scaled.jpeg 1600w\" sizes=\"(max-width: 400px) 100vw, 400px\" \/><\/a><\/td>\n<\/tr>\n<tr>\n<td style=\"width: 50%\"><a href=\"https:\/\/blogsaverroes.juntadeandalucia.es\/ceiplapachar\/files\/2022\/04\/12-scaled.jpeg\"><img loading=\"lazy\" decoding=\"async\" class=\"aligncenter wp-image-4407\" src=\"https:\/\/blogsaverroes.juntadeandalucia.es\/ceiplapachar\/files\/2022\/04\/12-225x300.jpeg\" alt=\"\" width=\"300\" height=\"400\" srcset=\"https:\/\/blogsaverroes.juntadeandalucia.es\/ceiplapachar\/files\/2022\/04\/12-225x300.jpeg 225w, https:\/\/blogsaverroes.juntadeandalucia.es\/ceiplapachar\/files\/2022\/04\/12-768x1024.jpeg 768w, https:\/\/blogsaverroes.juntadeandalucia.es\/ceiplapachar\/files\/2022\/04\/12-1152x1536.jpeg 1152w, https:\/\/blogsaverroes.juntadeandalucia.es\/ceiplapachar\/files\/2022\/04\/12-1536x2048.jpeg 1536w, https:\/\/blogsaverroes.juntadeandalucia.es\/ceiplapachar\/files\/2022\/04\/12-scaled.jpeg 1200w\" sizes=\"(max-width: 300px) 100vw, 300px\" \/><\/a><\/td>\n<td style=\"width: 50%\"><a href=\"https:\/\/blogsaverroes.juntadeandalucia.es\/ceiplapachar\/files\/2022\/04\/13-scaled.jpeg\"><img loading=\"lazy\" decoding=\"async\" class=\"aligncenter wp-image-4408\" src=\"https:\/\/blogsaverroes.juntadeandalucia.es\/ceiplapachar\/files\/2022\/04\/13-218x300.jpeg\" alt=\"\" width=\"291\" height=\"400\" srcset=\"https:\/\/blogsaverroes.juntadeandalucia.es\/ceiplapachar\/files\/2022\/04\/13-218x300.jpeg 218w, https:\/\/blogsaverroes.juntadeandalucia.es\/ceiplapachar\/files\/2022\/04\/13-745x1024.jpeg 745w, https:\/\/blogsaverroes.juntadeandalucia.es\/ceiplapachar\/files\/2022\/04\/13-768x1055.jpeg 768w, https:\/\/blogsaverroes.juntadeandalucia.es\/ceiplapachar\/files\/2022\/04\/13-1118x1536.jpeg 1118w, https:\/\/blogsaverroes.juntadeandalucia.es\/ceiplapachar\/files\/2022\/04\/13-1491x2048.jpeg 1491w, https:\/\/blogsaverroes.juntadeandalucia.es\/ceiplapachar\/files\/2022\/04\/13-scaled.jpeg 1164w\" sizes=\"(max-width: 291px) 100vw, 291px\" \/><\/a><\/td>\n<\/tr>\n<\/tbody>\n<\/table>\n<\/div>\n<p>&nbsp;<\/p>\n","protected":false},"excerpt":{"rendered":"<p>1\u00ba Trimestre: PROYECTO \u00abLOS PIRATAS\u00bb &nbsp; &nbsp; &nbsp;Este curso 21-22 el Ciclo de Infantil ha comenzado con una gran sorpresa. Un pirata ha llegado con su barco a las playas de nuestro pueblo, Chipiona&#46;&#46;&#46;<\/p>\n","protected":false},"author":11673,"featured_media":0,"parent":0,"menu_order":0,"comment_status":"closed","ping_status":"closed","template":"","meta":{"ngg_post_thumbnail":0,"footnotes":"","_mc_calendar":[]},"aioseo_notices":[],"_links":{"self":[{"href":"https:\/\/blogsaverroes.juntadeandalucia.es\/ceiplapachar\/wp-json\/wp\/v2\/pages\/4380"}],"collection":[{"href":"https:\/\/blogsaverroes.juntadeandalucia.es\/ceiplapachar\/wp-json\/wp\/v2\/pages"}],"about":[{"href":"https:\/\/blogsaverroes.juntadeandalucia.es\/ceiplapachar\/wp-json\/wp\/v2\/types\/page"}],"author":[{"embeddable":true,"href":"https:\/\/blogsaverroes.juntadeandalucia.es\/ceiplapachar\/wp-json\/wp\/v2\/users\/11673"}],"replies":[{"embeddable":true,"href":"https:\/\/blogsaverroes.juntadeandalucia.es\/ceiplapachar\/wp-json\/wp\/v2\/comments?post=4380"}],"version-history":[{"count":9,"href":"https:\/\/blogsaverroes.juntadeandalucia.es\/ceiplapachar\/wp-json\/wp\/v2\/pages\/4380\/revisions"}],"predecessor-version":[{"id":4411,"href":"https:\/\/blogsaverroes.juntadeandalucia.es\/ceiplapachar\/wp-json\/wp\/v2\/pages\/4380\/revisions\/4411"}],"wp:attachment":[{"href":"https:\/\/blogsaverroes.juntadeandalucia.es\/ceiplapachar\/wp-json\/wp\/v2\/media?parent=4380"}],"curies":[{"name":"wp","href":"https:\/\/api.w.org\/{rel}","templated":true}]}}