{"id":4448,"date":"2022-05-25T09:45:34","date_gmt":"2022-05-25T09:45:34","guid":{"rendered":"https:\/\/blogsaverroes.juntadeandalucia.es\/ceiplapachar\/?page_id=4448"},"modified":"2026-05-14T19:52:25","modified_gmt":"2026-05-14T19:52:25","slug":"programa-de-refuerzo-estival","status":"publish","type":"page","link":"https:\/\/blogsaverroes.juntadeandalucia.es\/ceiplapachar\/programa-de-refuerzo-estival\/","title":{"rendered":"REFUERZO ESTIVAL 2.026"},"content":{"rendered":"<table style=\"border-collapse: collapse;width: 100%;height: 281px\">\n<tbody>\n<tr style=\"height: 131px;background-color: #a2f2ed\">\n<td style=\"width: 99.9999%;background-color: #f5e969;height: 131px;text-align: center\" colspan=\"3\">\n<h2><span style=\"color: #008000\"><strong>PROGRAMA&nbsp; DE&nbsp; REFUERZO&nbsp; ESTIVAL&nbsp; 2.026<\/strong><\/span><\/h2>\n<h2><span style=\"color: #993366\"><strong>C.E.I.P. LAPACHAR<\/strong><\/span><\/h2>\n<\/td>\n<\/tr>\n<tr style=\"height: 150px\">\n<td style=\"width: 33.3333%;height: 150px\"><a href=\"https:\/\/blogsaverroes.juntadeandalucia.es\/ceiplapachar\/files\/2022\/05\/union-europea.png\"><img decoding=\"async\" class=\"aligncenter wp-image-4456 size-thumbnail\" src=\"https:\/\/blogsaverroes.juntadeandalucia.es\/ceiplapachar\/files\/2022\/05\/union-europea-150x150.png\" alt=\"\" width=\"150\" height=\"150\" srcset=\"https:\/\/blogsaverroes.juntadeandalucia.es\/ceiplapachar\/files\/2022\/05\/union-europea-150x150.png 150w, https:\/\/blogsaverroes.juntadeandalucia.es\/ceiplapachar\/files\/2022\/05\/union-europea-300x300.png 300w, https:\/\/blogsaverroes.juntadeandalucia.es\/ceiplapachar\/files\/2022\/05\/union-europea-768x768.png 768w, https:\/\/blogsaverroes.juntadeandalucia.es\/ceiplapachar\/files\/2022\/05\/union-europea.png 1000w\" sizes=\"(max-width: 150px) 100vw, 150px\" \/><\/a><\/td>\n<td style=\"width: 33.3333%;height: 150px\"><a href=\"https:\/\/blogsaverroes.juntadeandalucia.es\/ceiplapachar\/files\/2022\/05\/logo.jpg\"><img decoding=\"async\" class=\"wp-image-4459 size-thumbnail aligncenter\" src=\"https:\/\/blogsaverroes.juntadeandalucia.es\/ceiplapachar\/files\/2022\/05\/logo-150x150.jpg\" alt=\"\" width=\"150\" height=\"150\"><\/a><\/td>\n<td style=\"width: 33.3333%;height: 150px\"><a href=\"https:\/\/blogsaverroes.juntadeandalucia.es\/ceiplapachar\/files\/2022\/05\/logo-andalucia-mueve.jpg\"><img fetchpriority=\"high\" decoding=\"async\" class=\"aligncenter wp-image-4455 size-medium\" src=\"https:\/\/blogsaverroes.juntadeandalucia.es\/ceiplapachar\/files\/2022\/05\/logo-andalucia-mueve-300x178.jpg\" alt=\"\" width=\"300\" height=\"178\" srcset=\"https:\/\/blogsaverroes.juntadeandalucia.es\/ceiplapachar\/files\/2022\/05\/logo-andalucia-mueve-300x178.jpg 300w, https:\/\/blogsaverroes.juntadeandalucia.es\/ceiplapachar\/files\/2022\/05\/logo-andalucia-mueve.jpg 366w\" sizes=\"(max-width: 300px) 100vw, 300px\" \/><\/a><\/td>\n<\/tr>\n<\/tbody>\n<\/table>\n<p>&nbsp;<\/p>\n<p><a href=\"https:\/\/blogsaverroes.juntadeandalucia.es\/ceiplapachar\/files\/2026\/05\/cartel-REFUERZO-ESTIVAL-SILVIA.jpeg\"><img loading=\"lazy\" decoding=\"async\" class=\"aligncenter wp-image-7356 size-large\" src=\"https:\/\/blogsaverroes.juntadeandalucia.es\/ceiplapachar\/files\/2026\/05\/cartel-REFUERZO-ESTIVAL-SILVIA-683x1024.jpeg\" alt=\"\" width=\"683\" height=\"1024\" srcset=\"https:\/\/blogsaverroes.juntadeandalucia.es\/ceiplapachar\/files\/2026\/05\/cartel-REFUERZO-ESTIVAL-SILVIA-683x1024.jpeg 683w, https:\/\/blogsaverroes.juntadeandalucia.es\/ceiplapachar\/files\/2026\/05\/cartel-REFUERZO-ESTIVAL-SILVIA-200x300.jpeg 200w, https:\/\/blogsaverroes.juntadeandalucia.es\/ceiplapachar\/files\/2026\/05\/cartel-REFUERZO-ESTIVAL-SILVIA-768x1152.jpeg 768w, https:\/\/blogsaverroes.juntadeandalucia.es\/ceiplapachar\/files\/2026\/05\/cartel-REFUERZO-ESTIVAL-SILVIA.jpeg 1024w\" sizes=\"(max-width: 683px) 100vw, 683px\" \/><\/a><\/p>\n<p style=\"text-align: center\"><span style=\"color: #0000ff\"><strong>&nbsp;<\/strong><\/span><\/p>\n<p style=\"text-align: center\">&#8212;&#8212;&#8212;&#8212;&#8212;&#8212;&#8212;&#8212;&#8212;&#8212;&#8212;&#8212;&#8212;&#8212;&#8212;&#8212;&#8212;&#8212;&#8212;&#8212;&#8212;&#8212;&#8212;&#8212;&#8212;&#8212;&#8212;&#8212;&#8212;&#8212;&#8212;&#8212;&#8212;&#8212;&#8212;&#8212;&#8212;&#8212;&#8212;&#8211;<\/p>\n<p>&nbsp;<\/p>\n<table style=\"border-collapse: collapse;width: 100%\">\n<tbody>\n<tr style=\"background-color: #e6de55\">\n<td style=\"width: 60.5118%;text-align: center\"><strong>Pincha sobre el dibujo de la derecha para entrar en la p\u00e1gina de la Consejer\u00eda y obtendr\u00e1s toda la informaci\u00f3n: PLAZOS, INSTRUCCIONES&#8230;<\/strong><\/td>\n<td style=\"width: 39.4882%\"><a href=\"https:\/\/www.juntadeandalucia.es\/educacion\/portales\/web\/planes-y-programas\/programas-desarrollo-educativo\/programa-de-refuerzo-educativo-en-periodo-estival\/presentacion\"><img loading=\"lazy\" decoding=\"async\" class=\"size-medium wp-image-7360 aligncenter\" src=\"https:\/\/blogsaverroes.juntadeandalucia.es\/ceiplapachar\/files\/2026\/05\/cartel-oficial-300x133.jpg\" alt=\"\" width=\"300\" height=\"133\" srcset=\"https:\/\/blogsaverroes.juntadeandalucia.es\/ceiplapachar\/files\/2026\/05\/cartel-oficial-300x133.jpg 300w, https:\/\/blogsaverroes.juntadeandalucia.es\/ceiplapachar\/files\/2026\/05\/cartel-oficial-1024x455.jpg 1024w, https:\/\/blogsaverroes.juntadeandalucia.es\/ceiplapachar\/files\/2026\/05\/cartel-oficial-768x341.jpg 768w, https:\/\/blogsaverroes.juntadeandalucia.es\/ceiplapachar\/files\/2026\/05\/cartel-oficial-1536x682.jpg 1536w, https:\/\/blogsaverroes.juntadeandalucia.es\/ceiplapachar\/files\/2026\/05\/cartel-oficial.jpg 1600w\" sizes=\"(max-width: 300px) 100vw, 300px\" \/><\/a><\/td>\n<\/tr>\n<\/tbody>\n<\/table>\n<p>&nbsp;<\/p>\n<table style=\"border-collapse: collapse;width: 100%\">\n<tbody>\n<tr>\n<td style=\"width: 50%\"><a href=\"https:\/\/blogsaverroes.juntadeandalucia.es\/ceiplapachar\/files\/2024\/04\/CARTEL-GENERAL.jpg\"><img loading=\"lazy\" decoding=\"async\" class=\"aligncenter wp-image-6092\" src=\"https:\/\/blogsaverroes.juntadeandalucia.es\/ceiplapachar\/files\/2024\/04\/CARTEL-GENERAL.jpg\" alt=\"\" width=\"550\" height=\"784\" srcset=\"https:\/\/blogsaverroes.juntadeandalucia.es\/ceiplapachar\/files\/2024\/04\/CARTEL-GENERAL.jpg 482w, https:\/\/blogsaverroes.juntadeandalucia.es\/ceiplapachar\/files\/2024\/04\/CARTEL-GENERAL-210x300.jpg 210w\" sizes=\"(max-width: 550px) 100vw, 550px\" \/><\/a><\/td>\n<td style=\"width: 50%;text-align: center\"><a href=\"https:\/\/blogsaverroes.juntadeandalucia.es\/ceiplapachar\/files\/2026\/05\/otro-cartel-informativo.jpeg\"><img loading=\"lazy\" decoding=\"async\" class=\"aligncenter wp-image-7365\" src=\"https:\/\/blogsaverroes.juntadeandalucia.es\/ceiplapachar\/files\/2026\/05\/otro-cartel-informativo-683x1024.jpeg\" alt=\"\" width=\"450\" height=\"675\" srcset=\"https:\/\/blogsaverroes.juntadeandalucia.es\/ceiplapachar\/files\/2026\/05\/otro-cartel-informativo-683x1024.jpeg 683w, https:\/\/blogsaverroes.juntadeandalucia.es\/ceiplapachar\/files\/2026\/05\/otro-cartel-informativo-200x300.jpeg 200w, https:\/\/blogsaverroes.juntadeandalucia.es\/ceiplapachar\/files\/2026\/05\/otro-cartel-informativo-768x1152.jpeg 768w, https:\/\/blogsaverroes.juntadeandalucia.es\/ceiplapachar\/files\/2026\/05\/otro-cartel-informativo.jpeg 1024w\" sizes=\"(max-width: 450px) 100vw, 450px\" \/><\/a><\/p>\n<p>&nbsp;<\/td>\n<\/tr>\n<\/tbody>\n<\/table>\n<p>&nbsp;<\/p>\n<p style=\"text-align: center\">Puedes SOLICITAR tu participaci\u00f3n en el&nbsp; PROGRAMA, de dos formas:<\/p>\n<table style=\"border-collapse: collapse;width: 100%\">\n<tbody>\n<tr>\n<td style=\"width: 50%;text-align: center;background-color: #e2f584\"><strong>1. PRESENTANDO TU SOLICITUD EN EL COLEGIO.<\/strong><\/td>\n<td style=\"width: 50%;text-align: center;background-color: #e2f584\"><strong>2. A TRAV\u00c9S DE LA SECRETAR\u00cdA VIRTUAL DE LA CONSEJER\u00cdA DE EDUCACI\u00d3N Y DEPORTE.<\/strong><\/td>\n<\/tr>\n<tr>\n<td style=\"width: 50%;text-align: center\">Puedes descargar la solicitud y traerla rellena o puedes pedirla en el colegio.<\/p>\n<p><a href=\"https:\/\/blogsaverroes.juntadeandalucia.es\/ceiplapachar\/files\/2026\/05\/Solicitud-alumnado.pdf\"><span style=\"text-decoration: underline;color: #3366ff\"><strong>Pincha aqu\u00ed para DESCARGAR LA SOLICITUD.<\/strong><\/span><\/a><\/td>\n<td style=\"width: 50%;text-align: center\"><a href=\"https:\/\/www.juntadeandalucia.es\/educacion\/secretariavirtual\/\"><span style=\"text-decoration: underline\"><span style=\"color: #0000ff\"><strong>Pincha aqu\u00ed para acceder a la SECRETAR\u00cdA VIRTUAL.<\/strong><\/span><\/span><\/a><\/td>\n<\/tr>\n<\/tbody>\n<\/table>\n<p>&nbsp;<\/p>\n<table style=\"border-collapse: collapse;width: 100%\">\n<tbody>\n<tr>\n<td style=\"width: 100%;background-color: #c4f5ef;text-align: center\"><strong>INFORMACI\u00d3N B\u00c1SICA DEL PROGRAMA.<\/strong><\/td>\n<\/tr>\n<tr>\n<td style=\"width: 100%\">\n<ul>\n<li style=\"text-align: left\">ESTE PROGRAMA EST\u00c1 <strong><span style=\"color: #ff0000\">DIRIGIDO A TODO EL ALUMNADO DE CHIPIONA<\/span><\/strong>, no s\u00f3lo a los DE NUESTRO COLEGIO.<\/li>\n<li style=\"text-align: left\">El programa se desarrollar\u00e1 durante el mes de JULIO.<\/li>\n<li style=\"text-align: left\">ES <span style=\"color: #0000ff\"><strong>TOTALMENTE GRATUITO, <span style=\"color: #000000\">ES UNA ACTIVIDAD FINANCIADA POR EL FONDO SOCIAL EUROPEO.<\/span><\/strong><\/span><\/li>\n<li style=\"text-align: left\">Podr\u00e1 participar todos los alumnos\/as de PRIMARIA, de 1\u00ba a 6\u00ba.<\/li>\n<li style=\"text-align: left\">El programa est\u00e1 destinado, sobre todo, al alumnado que:\n<ul>\n<li>Tengan dificultades para superar los objetivos del curso en el que est\u00e1n matriculados (alumnado que NO han superado las \u00e1reas troncales del curso 25-26) y necesiten REFUERZO en las \u00e1reas instrumentales: Lengua Castellana, Matem\u00e1ticas y Lengua Extranjera-Ingl\u00e9s.<\/li>\n<li>Alumnado que presenten Necesidades Educativas Especiales y necesiten APOYO para: la organizaci\u00f3n del trabajo, mejora de los h\u00e1bitos y t\u00e9cnicas de estudio, desarrollo de habilidades de integraci\u00f3n, de adaptaci\u00f3n al grupo, potenciando los h\u00e1bitos de vida saludable.<\/li>\n<\/ul>\n<\/li>\n<li style=\"text-align: left\">Se podr\u00e1 solicitar la PRIMERA QUINCENA de julio, la SEGUNDA QUINCENA de julio o el MES COMPLETO. <strong><span style=\"color: #ff0000\">Tendr\u00e1n preferencia los que soliciten el mes completo y el alumnado del NUESTRO CENTRO.<\/span><\/strong><\/li>\n<\/ul>\n<\/td>\n<\/tr>\n<\/tbody>\n<\/table>\n<table style=\"border-collapse: collapse;width: 100%;height: 241px\">\n<tbody>\n<tr style=\"height: 65px\">\n<td style=\"width: 100%;background-color: #f2cef1;text-align: center;height: 65px\">\n<h3><strong>PLAZOS<\/strong><\/h3>\n<\/td>\n<\/tr>\n<tr style=\"height: 176px\">\n<td style=\"width: 100%;height: 176px\">\n<ul>\n<li style=\"text-align: left\"><span style=\"text-decoration: underline;color: #0000ff\">SOLICITUDES<\/span>: <strong>Del 13 al 22 de mayo.<\/strong><\/li>\n<li style=\"text-align: left\"><span style=\"text-decoration: underline\"><span style=\"color: #0000ff;text-decoration: underline\">RESOLUCI\u00d3N PROVISIONAL DE SOLICITUDES ADMITIDAS<\/span><\/span>: <strong>3 de junio.<\/strong><\/li>\n<li style=\"text-align: left\"><span style=\"text-decoration: underline\"><span style=\"color: #0000ff;text-decoration: underline\">ALEGACIONES Y RENUNCIAS<\/span><\/span>:<strong> Del 5 al 10 de junio<\/strong> (EN EL CENTRO O EN LA SECRETAR\u00cdA VIRTUAL).<\/li>\n<li style=\"text-align: left\"><span style=\"text-decoration: underline\"><span style=\"color: #0000ff;text-decoration: underline\">LISTADO DEFINITIVO DE ALUMNADO ADMITIDO<\/span><\/span>: <strong>25 de junio .<\/strong><\/li>\n<\/ul>\n<\/td>\n<\/tr>\n<\/tbody>\n<\/table>\n<table style=\"border-collapse: collapse;width: 100%\">\n<tbody>\n<tr>\n<td style=\"width: 100%;background-color: #ebf08b\">\n<h3 style=\"text-align: center\"><strong><span style=\"color: #0000ff\">As\u00ed fue el Refuerzo Estival en el C.E.I.P. Lapachar en cursos anteriores&#8230;<\/span><\/strong><\/h3>\n<p>&nbsp;\u00a1\u00a1\u00a1&nbsp; &nbsp;Nuestro alumnado refuerza los contenidos del curso mientras disfruta de un ambiente divertido haciendo actividades motivadoras !!!<br \/>\n<strong>El refuerzo estival del cole Lapachar re\u00fane todos los requisitos para que los ni\u00f1@s aprendan disfrutando durante el mes de julio, adapt\u00e1ndose a las necesidades de cada familia y&#8230; totalmente gratuito.<\/strong>Y como una imagen vale m\u00e1s que mil palabras&#8230; Aqu\u00ed te mostramos algunas de las actividades que se han llevado a cabo&#8230;<\/td>\n<\/tr>\n<\/tbody>\n<\/table>\n<table style=\"border-collapse: collapse;width: 89.7554%\">\n<tbody>\n<tr>\n<td style=\"width: 100%;background-color: #f1f59f\">&nbsp;<\/td>\n<\/tr>\n<tr>\n<td style=\"width: 100%\"><div style=\"width: 852px;\" class=\"wp-video\"><!--[if lt IE 9]><script>document.createElement('video');<\/script><![endif]-->\n<video class=\"wp-video-shortcode\" id=\"video-4448-1\" width=\"852\" height=\"480\" loop=\"1\" autoplay=\"1\" preload=\"metadata\" controls=\"controls\"><source type=\"video\/mp4\" src=\"https:\/\/blogsaverroes.juntadeandalucia.es\/ceiplapachar\/files\/2022\/07\/REFUWREO-ESTIVAL-21-22.mp4?_=1\" \/><a href=\"https:\/\/blogsaverroes.juntadeandalucia.es\/ceiplapachar\/files\/2022\/07\/REFUWREO-ESTIVAL-21-22.mp4\">https:\/\/blogsaverroes.juntadeandalucia.es\/ceiplapachar\/files\/2022\/07\/REFUWREO-ESTIVAL-21-22.mp4<\/a><\/video><\/div><\/td>\n<\/tr>\n<\/tbody>\n<\/table>\n","protected":false},"excerpt":{"rendered":"<p>PROGRAMA&nbsp; DE&nbsp; REFUERZO&nbsp; ESTIVAL&nbsp; 2.026 C.E.I.P. LAPACHAR &nbsp; &nbsp; &#8212;&#8212;&#8212;&#8212;&#8212;&#8212;&#8212;&#8212;&#8212;&#8212;&#8212;&#8212;&#8212;&#8212;&#8212;&#8212;&#8212;&#8212;&#8212;&#8212;&#8212;&#8212;&#8212;&#8212;&#8212;&#8212;&#8212;&#8212;&#8212;&#8212;&#8212;&#8212;&#8212;&#8212;&#8212;&#8212;&#8212;&#8212;&#8212;&#8211; &nbsp; Pincha sobre el dibujo de la derecha para entrar en la p\u00e1gina de la Consejer\u00eda y obtendr\u00e1s toda la informaci\u00f3n: PLAZOS, INSTRUCCIONES&#8230; &nbsp;&#46;&#46;&#46;<\/p>\n","protected":false},"author":11673,"featured_media":0,"parent":0,"menu_order":0,"comment_status":"closed","ping_status":"closed","template":"","meta":{"ngg_post_thumbnail":0,"footnotes":"","_mc_calendar":[]},"aioseo_notices":[],"_links":{"self":[{"href":"https:\/\/blogsaverroes.juntadeandalucia.es\/ceiplapachar\/wp-json\/wp\/v2\/pages\/4448"}],"collection":[{"href":"https:\/\/blogsaverroes.juntadeandalucia.es\/ceiplapachar\/wp-json\/wp\/v2\/pages"}],"about":[{"href":"https:\/\/blogsaverroes.juntadeandalucia.es\/ceiplapachar\/wp-json\/wp\/v2\/types\/page"}],"author":[{"embeddable":true,"href":"https:\/\/blogsaverroes.juntadeandalucia.es\/ceiplapachar\/wp-json\/wp\/v2\/users\/11673"}],"replies":[{"embeddable":true,"href":"https:\/\/blogsaverroes.juntadeandalucia.es\/ceiplapachar\/wp-json\/wp\/v2\/comments?post=4448"}],"version-history":[{"count":47,"href":"https:\/\/blogsaverroes.juntadeandalucia.es\/ceiplapachar\/wp-json\/wp\/v2\/pages\/4448\/revisions"}],"predecessor-version":[{"id":7372,"href":"https:\/\/blogsaverroes.juntadeandalucia.es\/ceiplapachar\/wp-json\/wp\/v2\/pages\/4448\/revisions\/7372"}],"wp:attachment":[{"href":"https:\/\/blogsaverroes.juntadeandalucia.es\/ceiplapachar\/wp-json\/wp\/v2\/media?parent=4448"}],"curies":[{"name":"wp","href":"https:\/\/api.w.org\/{rel}","templated":true}]}}