{"id":4960,"date":"2022-11-07T14:24:07","date_gmt":"2022-11-07T14:24:07","guid":{"rendered":"https:\/\/blogsaverroes.juntadeandalucia.es\/ceiplapachar\/?page_id=4960"},"modified":"2025-11-15T17:24:39","modified_gmt":"2025-11-15T17:24:39","slug":"plan-de-mejora-22-23","status":"publish","type":"page","link":"https:\/\/blogsaverroes.juntadeandalucia.es\/ceiplapachar\/plan-de-mejora-22-23\/","title":{"rendered":"PLAN DE MEJORA 25-26"},"content":{"rendered":"<h2 style=\"text-align: center\"><span style=\"color: #333399\"><strong>PLAN DE MEJORA C.E.I.P. LAPACHAR&nbsp; 25-26.<\/strong><\/span><\/h2>\n<p>&nbsp; &nbsp;El Plan de Mejora constituye uno de los PLANES fundamentales de cada curso escolar. Se trata de evaluar la situaci\u00f3n de partida, establecer objetivos para la mejora durante el curso escolar y elaborar acciones para conseguir los objetivos marcados.&nbsp;<\/p>\n<p style=\"text-align: center\"><span style=\"color: #008000\"><strong>NUESTROS DOS OBJETIVOS PARA ESTE CURSO ESCOLAR:&nbsp;<\/strong><\/span> &nbsp;<\/p>\n<table style=\"width: 96.0983%\">\n<tbody>\n<tr>\n<td style=\"background-color: #ebf5ba;width: 100%;text-align: left\" width=\"632\"><span style=\"color: #0000ff\"><strong>OBJETIVO PRIORIZADO 1:<\/strong><\/span> Mejorar los resultados en el \u00e1rea de Lengua Castellana y Literatura, especialmente en el \u00e1mbito de la Comprensi\u00f3n Lectora, relacionada con las Competencias Espec\u00edficas CE 4 y CE 8.<br \/>\n<span style=\"text-decoration: underline\"><strong>INDICADOR:&nbsp;<\/strong><\/span><br \/>\n&#8211; INFORME DE RESULTADOS DE LA EVALUACI\u00d3N DIAGN\u00d3STICO para el alumnado de 4\u00ba de E. Primaria: Subir la calificaci\u00f3n de las Competencias Espec\u00edficas CE 4 y CE 8 del \u00e1rea de Lengua, al menos, hasta 8,15 puntos.<\/p>\n<p><strong><span style=\"color: #0000ff\">OBJETIVO PRIORIZADO 2<\/span><\/strong>: Mejorar los resultados del alumnado de E. Primaria en el \u00e1rea de Matem\u00e1ticas, sobre todo en el \u00e1mbito de la resoluci\u00f3n de situaciones problem\u00e1ticas, relacionada con la Competencia Espec\u00edfica CE 2, y en geometr\u00eda.<br \/>\n<span style=\"text-decoration: underline\"><strong>INDICADORES:<\/strong><\/span>&nbsp;<br \/>\n&#8211; INFORME DE RESULTADOS DE LA EVALUACI\u00d3N DIAGN\u00d3STICO para el alumnado de 4\u00ba de E. Primaria: &nbsp;Subir la calificaci\u00f3n de las Competencias Espec\u00edficas CE 2 del \u00e1rea de Matem\u00e1ticas, al menos, hasta 5,60 puntos.<\/p>\n<p>&#8211; INDICADORES HOLOGADOS PARA LA AUTOEVALUACI\u00d3N: Subir, hasta el 40 %, el porcentaje del alumnado de 4\u00ba de E. Primaria que alcanza un dominio alto en competencia matem\u00e1tica.<\/td>\n<\/tr>\n<\/tbody>\n<\/table>\n<p>&nbsp;<\/p>\n<p>&nbsp; &nbsp;Para acceder al PLAN DE MEJORA 25-26 completo <a href=\"https:\/\/blogsaverroes.juntadeandalucia.es\/ceiplapachar\/files\/2025\/11\/PLAN-DE-MEJORA-C.E.I.P.-LAPACHAR-25-26.pdf\">haz clic aqu\u00ed<\/a>.&nbsp;<\/p>\n<table style=\"width: 100%;border-collapse: collapse;background-color: #d3f5ef\">\n<tbody>\n<tr>\n<td style=\"width: 50%;background-color: #f2cef2\" colspan=\"2\">\n<h4 style=\"text-align: center\">&nbsp;<\/h4>\n<p><div style=\"width: 852px;\" class=\"wp-video\"><!--[if lt IE 9]><script>document.createElement('video');<\/script><![endif]-->\n<video class=\"wp-video-shortcode\" id=\"video-4960-1\" width=\"852\" height=\"480\" autoplay=\"1\" preload=\"auto\" controls=\"controls\"><source type=\"video\/mp4\" src=\"https:\/\/blogsaverroes.juntadeandalucia.es\/ceiplapachar\/files\/2025\/11\/PLAN-MEJORA-25-26.mp4?_=1\" \/><a href=\"https:\/\/blogsaverroes.juntadeandalucia.es\/ceiplapachar\/files\/2025\/11\/PLAN-MEJORA-25-26.mp4\">https:\/\/blogsaverroes.juntadeandalucia.es\/ceiplapachar\/files\/2025\/11\/PLAN-MEJORA-25-26.mp4<\/a><\/video><\/div><\/td>\n<\/tr>\n<\/tbody>\n<\/table>\n<p>&nbsp;<\/p>\n","protected":false},"excerpt":{"rendered":"<p>PLAN DE MEJORA C.E.I.P. LAPACHAR&nbsp; 25-26. &nbsp; &nbsp;El Plan de Mejora constituye uno de los PLANES fundamentales de cada curso escolar. Se trata de evaluar la situaci\u00f3n de partida, establecer objetivos para la mejora&#46;&#46;&#46;<\/p>\n","protected":false},"author":11673,"featured_media":0,"parent":0,"menu_order":0,"comment_status":"closed","ping_status":"closed","template":"","meta":{"ngg_post_thumbnail":0,"footnotes":"","_mc_calendar":[]},"aioseo_notices":[],"_links":{"self":[{"href":"https:\/\/blogsaverroes.juntadeandalucia.es\/ceiplapachar\/wp-json\/wp\/v2\/pages\/4960"}],"collection":[{"href":"https:\/\/blogsaverroes.juntadeandalucia.es\/ceiplapachar\/wp-json\/wp\/v2\/pages"}],"about":[{"href":"https:\/\/blogsaverroes.juntadeandalucia.es\/ceiplapachar\/wp-json\/wp\/v2\/types\/page"}],"author":[{"embeddable":true,"href":"https:\/\/blogsaverroes.juntadeandalucia.es\/ceiplapachar\/wp-json\/wp\/v2\/users\/11673"}],"replies":[{"embeddable":true,"href":"https:\/\/blogsaverroes.juntadeandalucia.es\/ceiplapachar\/wp-json\/wp\/v2\/comments?post=4960"}],"version-history":[{"count":16,"href":"https:\/\/blogsaverroes.juntadeandalucia.es\/ceiplapachar\/wp-json\/wp\/v2\/pages\/4960\/revisions"}],"predecessor-version":[{"id":4965,"href":"https:\/\/blogsaverroes.juntadeandalucia.es\/ceiplapachar\/wp-json\/wp\/v2\/pages\/4960\/revisions\/4965"}],"wp:attachment":[{"href":"https:\/\/blogsaverroes.juntadeandalucia.es\/ceiplapachar\/wp-json\/wp\/v2\/media?parent=4960"}],"curies":[{"name":"wp","href":"https:\/\/api.w.org\/{rel}","templated":true}]}}