{"id":5313,"date":"2023-02-05T19:30:46","date_gmt":"2023-02-05T19:30:46","guid":{"rendered":"https:\/\/blogsaverroes.juntadeandalucia.es\/ceiplapachar\/?page_id=5313"},"modified":"2023-02-05T20:28:08","modified_gmt":"2023-02-05T20:28:08","slug":"la-prehistoria","status":"publish","type":"page","link":"https:\/\/blogsaverroes.juntadeandalucia.es\/ceiplapachar\/la-prehistoria\/","title":{"rendered":"LA PREHISTORIA."},"content":{"rendered":"<table style=\"border-collapse: collapse;width: 100%\">\n<tbody>\n<tr>\n<td style=\"width: 50%\"><a href=\"https:\/\/blogsaverroes.juntadeandalucia.es\/ceiplapachar\/files\/2023\/02\/paleoliticos.gif\"><img decoding=\"async\" class=\"size-full wp-image-5322 aligncenter\" src=\"https:\/\/blogsaverroes.juntadeandalucia.es\/ceiplapachar\/files\/2023\/02\/paleoliticos.gif\" alt=\"\" width=\"258\" height=\"180\"><\/a><\/p>\n<h2 style=\"text-align: center\"><span style=\"color: #ff0000\">\u00a1\u00a1\u00a1&nbsp; Extra, Extra&nbsp; !!!<\/span><br \/>\n\u00a1Qu\u00e9 sorpresa nos hemos llevado al leer el peri\u00f3dico hoy!<br \/>\nSe han perdido unos restos prehist\u00f3ricos y se sospecha que pueden estar en nuestro cole\u2026 \u00a1Los arque\u00f3logos\/as necesitan ayuda!<\/h2>\n<\/td>\n<td style=\"width: 50%\"><a href=\"https:\/\/blogsaverroes.juntadeandalucia.es\/ceiplapachar\/files\/2023\/02\/1-RESTOS-PREHIST\u00d3RICOS-EN-LAPACHAR.jpeg\"><img fetchpriority=\"high\" decoding=\"async\" class=\"aligncenter wp-image-5321 size-large\" src=\"https:\/\/blogsaverroes.juntadeandalucia.es\/ceiplapachar\/files\/2023\/02\/1-RESTOS-PREHIST\u00d3RICOS-EN-LAPACHAR-794x1024.jpeg\" alt=\"\" width=\"782\" height=\"1009\" srcset=\"https:\/\/blogsaverroes.juntadeandalucia.es\/ceiplapachar\/files\/2023\/02\/1-RESTOS-PREHIST\u00d3RICOS-EN-LAPACHAR-794x1024.jpeg 794w, https:\/\/blogsaverroes.juntadeandalucia.es\/ceiplapachar\/files\/2023\/02\/1-RESTOS-PREHIST\u00d3RICOS-EN-LAPACHAR-233x300.jpeg 233w, https:\/\/blogsaverroes.juntadeandalucia.es\/ceiplapachar\/files\/2023\/02\/1-RESTOS-PREHIST\u00d3RICOS-EN-LAPACHAR-768x990.jpeg 768w, https:\/\/blogsaverroes.juntadeandalucia.es\/ceiplapachar\/files\/2023\/02\/1-RESTOS-PREHIST\u00d3RICOS-EN-LAPACHAR.jpeg 1080w\" sizes=\"(max-width: 782px) 100vw, 782px\" \/><\/a><\/td>\n<\/tr>\n<\/tbody>\n<\/table>\n<table style=\"width: 100%;border-collapse: collapse;background-color: #f5f593\">\n<tbody>\n<tr>\n<td style=\"width: 100%;text-align: justify\"><strong>Con esta noticia bomba damos comienzo al Proyecto \u201cLa Prehistoria\u201d en el que nuestros ni\u00f1os y ni\u00f1as, con el objetivo de ayudar a los arque\u00f3logos, hemos investigado sobre la prehistoria y hemos convertido nuestras clases en museos Prehist\u00f3ricos.<\/strong><\/td>\n<\/tr>\n<tr>\n<td style=\"width: 100%\"><div style=\"width: 852px;\" class=\"wp-video\"><!--[if lt IE 9]><script>document.createElement('video');<\/script><![endif]-->\n<video class=\"wp-video-shortcode\" id=\"video-5313-1\" width=\"852\" height=\"480\" loop=\"1\" autoplay=\"1\" preload=\"auto\" controls=\"controls\"><source type=\"video\/mp4\" src=\"https:\/\/blogsaverroes.juntadeandalucia.es\/ceiplapachar\/files\/2023\/02\/RESTOS-PREHIST\u00d3RICOS-1.mp4?_=1\" \/><a href=\"https:\/\/blogsaverroes.juntadeandalucia.es\/ceiplapachar\/files\/2023\/02\/RESTOS-PREHIST\u00d3RICOS-1.mp4\">https:\/\/blogsaverroes.juntadeandalucia.es\/ceiplapachar\/files\/2023\/02\/RESTOS-PREHIST\u00d3RICOS-1.mp4<\/a><\/video><\/div><\/td>\n<\/tr>\n<\/tbody>\n<\/table>\n<p>&nbsp;<\/p>\n<table style=\"width: 100%;border-collapse: collapse;background-color: #d0f7d0;height: 808px\">\n<tbody>\n<tr style=\"height: 477px\">\n<td style=\"width: 50%;height: 808px\" rowspan=\"2\">\n<h3 style=\"text-align: center\">\u00a1Cu\u00e1nto hemos aprendido!<\/h3>\n<h3 style=\"text-align: center\">Los arque\u00f3logos\/as est\u00e1n tan contentos con nosotros y nosotras que para terminar nos han regalado cascos de arque\u00f3logos, para ser igual que ellos. Y hemos visitado otras clases para ver sus museos.<\/h3>\n<h3 style=\"text-align: center\">Y como los huesos de verdad se los hemos tenido que devolver, terminamos esta aventura con otra clase de huesitos\u2026 los de chocolate!<\/h3>\n<p>&nbsp;<\/p>\n<p>&nbsp;<\/p>\n<h3 style=\"text-align: center\"><strong><span style=\"color: #800080\">\u00a1Gracias arque\u00f3logo\/as!<\/span><\/strong><\/h3>\n<h3 style=\"text-align: center\"><strong><span style=\"color: #800080\"> Ayudaros ha sido un <\/span><\/strong><\/h3>\n<h3 style=\"text-align: center\"><strong><span style=\"color: #800080\">verdadero placer.<\/span><\/strong><\/h3>\n<p style=\"text-align: center\"><a href=\"https:\/\/blogsaverroes.juntadeandalucia.es\/ceiplapachar\/files\/2023\/02\/prehistoria-imagen-animada-0021.gif\"><img decoding=\"async\" class=\"alignnone size-full wp-image-5333\" src=\"https:\/\/blogsaverroes.juntadeandalucia.es\/ceiplapachar\/files\/2023\/02\/prehistoria-imagen-animada-0021.gif\" alt=\"\" width=\"100\" height=\"130\"><\/a><\/p>\n<\/td>\n<td style=\"width: 50%;height: 477px\"><a href=\"https:\/\/blogsaverroes.juntadeandalucia.es\/ceiplapachar\/files\/2023\/02\/9.jpeg\"><img loading=\"lazy\" decoding=\"async\" class=\"aligncenter wp-image-5328 size-large\" src=\"https:\/\/blogsaverroes.juntadeandalucia.es\/ceiplapachar\/files\/2023\/02\/9-768x1024.jpeg\" alt=\"\" width=\"768\" height=\"1024\" srcset=\"https:\/\/blogsaverroes.juntadeandalucia.es\/ceiplapachar\/files\/2023\/02\/9-768x1024.jpeg 768w, https:\/\/blogsaverroes.juntadeandalucia.es\/ceiplapachar\/files\/2023\/02\/9-225x300.jpeg 225w, https:\/\/blogsaverroes.juntadeandalucia.es\/ceiplapachar\/files\/2023\/02\/9-1152x1536.jpeg 1152w, https:\/\/blogsaverroes.juntadeandalucia.es\/ceiplapachar\/files\/2023\/02\/9.jpeg 1200w\" sizes=\"(max-width: 768px) 100vw, 768px\" \/><\/a><\/td>\n<\/tr>\n<tr style=\"height: 331px\">\n<td style=\"width: 50%;height: 331px\"><a href=\"https:\/\/blogsaverroes.juntadeandalucia.es\/ceiplapachar\/files\/2023\/02\/10.jpeg\"><img loading=\"lazy\" decoding=\"async\" class=\"aligncenter wp-image-5329 size-large\" src=\"https:\/\/blogsaverroes.juntadeandalucia.es\/ceiplapachar\/files\/2023\/02\/10-1024x948.jpeg\" alt=\"\" width=\"782\" height=\"724\" srcset=\"https:\/\/blogsaverroes.juntadeandalucia.es\/ceiplapachar\/files\/2023\/02\/10-1024x948.jpeg 1024w, https:\/\/blogsaverroes.juntadeandalucia.es\/ceiplapachar\/files\/2023\/02\/10-300x278.jpeg 300w, https:\/\/blogsaverroes.juntadeandalucia.es\/ceiplapachar\/files\/2023\/02\/10-768x711.jpeg 768w, https:\/\/blogsaverroes.juntadeandalucia.es\/ceiplapachar\/files\/2023\/02\/10-1536x1423.jpeg 1536w, https:\/\/blogsaverroes.juntadeandalucia.es\/ceiplapachar\/files\/2023\/02\/10.jpeg 1600w\" sizes=\"(max-width: 782px) 100vw, 782px\" \/><\/a><\/td>\n<\/tr>\n<\/tbody>\n<\/table>\n","protected":false},"excerpt":{"rendered":"<p>\u00a1\u00a1\u00a1&nbsp; Extra, Extra&nbsp; !!! \u00a1Qu\u00e9 sorpresa nos hemos llevado al leer el peri\u00f3dico hoy! Se han perdido unos restos prehist\u00f3ricos y se sospecha que pueden estar en nuestro cole\u2026 \u00a1Los arque\u00f3logos\/as necesitan ayuda! Con&#46;&#46;&#46;<\/p>\n","protected":false},"author":11673,"featured_media":0,"parent":0,"menu_order":0,"comment_status":"closed","ping_status":"closed","template":"","meta":{"ngg_post_thumbnail":0,"footnotes":"","_mc_calendar":[]},"aioseo_notices":[],"_links":{"self":[{"href":"https:\/\/blogsaverroes.juntadeandalucia.es\/ceiplapachar\/wp-json\/wp\/v2\/pages\/5313"}],"collection":[{"href":"https:\/\/blogsaverroes.juntadeandalucia.es\/ceiplapachar\/wp-json\/wp\/v2\/pages"}],"about":[{"href":"https:\/\/blogsaverroes.juntadeandalucia.es\/ceiplapachar\/wp-json\/wp\/v2\/types\/page"}],"author":[{"embeddable":true,"href":"https:\/\/blogsaverroes.juntadeandalucia.es\/ceiplapachar\/wp-json\/wp\/v2\/users\/11673"}],"replies":[{"embeddable":true,"href":"https:\/\/blogsaverroes.juntadeandalucia.es\/ceiplapachar\/wp-json\/wp\/v2\/comments?post=5313"}],"version-history":[{"count":10,"href":"https:\/\/blogsaverroes.juntadeandalucia.es\/ceiplapachar\/wp-json\/wp\/v2\/pages\/5313\/revisions"}],"predecessor-version":[{"id":5335,"href":"https:\/\/blogsaverroes.juntadeandalucia.es\/ceiplapachar\/wp-json\/wp\/v2\/pages\/5313\/revisions\/5335"}],"wp:attachment":[{"href":"https:\/\/blogsaverroes.juntadeandalucia.es\/ceiplapachar\/wp-json\/wp\/v2\/media?parent=5313"}],"curies":[{"name":"wp","href":"https:\/\/api.w.org\/{rel}","templated":true}]}}