{"id":5976,"date":"2024-02-04T19:49:05","date_gmt":"2024-02-04T19:49:05","guid":{"rendered":"https:\/\/blogsaverroes.juntadeandalucia.es\/ceiplapachar\/?page_id=5976"},"modified":"2024-02-06T10:57:00","modified_gmt":"2024-02-06T10:57:00","slug":"radio-lapachar","status":"publish","type":"page","link":"https:\/\/blogsaverroes.juntadeandalucia.es\/ceiplapachar\/radio-lapachar\/","title":{"rendered":"RADIO &#8211; LAPACHAR"},"content":{"rendered":"<p>&nbsp;<\/p>\n<table style=\"width: 100%;border-collapse: collapse\" border=\"1\">\n<tbody>\n<tr>\n<td style=\"width: 50%;background-color: #f5e162;text-align: center\" colspan=\"2\"><strong>RADIO LAPACHAR&nbsp; &nbsp; &#8211;&nbsp; &nbsp; INICIAMOS NUESTRO CAMINO, CON MUCHA ILUSI\u00d3N.<\/strong><\/p>\n<p><strong>ACCEDE A LOS PODCAST Y ESC\u00daCHANOS CUANDO QUIERAS&#8230;<\/strong><\/td>\n<\/tr>\n<tr style=\"background-color: #f0e113\">\n<td style=\"width: 50%\"><a href=\"https:\/\/blogsaverroes.juntadeandalucia.es\/ceiplapachar\/files\/2024\/02\/Radio3.png\"><img decoding=\"async\" class=\"aligncenter wp-image-5980 size-thumbnail\" src=\"https:\/\/blogsaverroes.juntadeandalucia.es\/ceiplapachar\/files\/2024\/02\/Radio3-150x150.png\" alt=\"\" width=\"150\" height=\"150\"><\/a><\/td>\n<td style=\"width: 50%\"><a href=\"https:\/\/blogsaverroes.juntadeandalucia.es\/ceiplapachar\/files\/2024\/02\/radio-imagen-animada-0059.gif\"><img decoding=\"async\" class=\"size-full wp-image-5982 aligncenter\" src=\"https:\/\/blogsaverroes.juntadeandalucia.es\/ceiplapachar\/files\/2024\/02\/radio-imagen-animada-0059.gif\" alt=\"\" width=\"120\" height=\"120\"><\/a><\/td>\n<\/tr>\n<\/tbody>\n<\/table>\n<table style=\"width: 100%;border-collapse: collapse\" border=\"1\">\n<tbody>\n<tr>\n<td style=\"width: 50%;background-color: #4a4fed;text-align: left\"><a href=\"https:\/\/blogsaverroes.juntadeandalucia.es\/ceiplapachar\/files\/2024\/02\/radio-imagen-animada-0086.gif\"><img decoding=\"async\" class=\"size-full wp-image-5983 aligncenter\" src=\"https:\/\/blogsaverroes.juntadeandalucia.es\/ceiplapachar\/files\/2024\/02\/radio-imagen-animada-0086.gif\" alt=\"\" width=\"175\" height=\"225\"><\/a><\/p>\n<h3 style=\"text-align: center\"><span style=\"color: #ffffff\">4\u00ba B<\/span><\/h3>\n<p style=\"text-align: center\"><span style=\"color: #ffffff\">Noticias, reportajes y humor&#8230;<\/span><\/p>\n<p><span style=\"color: #ffffff\">Entrevista a Mar\u00eda Castro, maestra Asun, piconeros\/as Ainhoa Torre\u00f1o y Yoel Puyana.<\/span><\/p>\n<p style=\"text-align: right\"><span style=\"color: #ff9900\"><strong>FEBRERO 2.024<\/strong><\/span><\/p>\n<p><!--[if lt IE 9]><script>document.createElement('audio');<\/script><![endif]-->\n<audio class=\"wp-audio-shortcode\" id=\"audio-5976-1\" preload=\"none\" style=\"width: 100%;\" controls=\"controls\"><source type=\"audio\/mpeg\" src=\"https:\/\/blogsaverroes.juntadeandalucia.es\/ceiplapachar\/files\/2024\/02\/11-4\u00baB-Segundo-programa.mp3?_=1\" \/><a href=\"https:\/\/blogsaverroes.juntadeandalucia.es\/ceiplapachar\/files\/2024\/02\/11-4\u00baB-Segundo-programa.mp3\">https:\/\/blogsaverroes.juntadeandalucia.es\/ceiplapachar\/files\/2024\/02\/11-4\u00baB-Segundo-programa.mp3<\/a><\/audio><\/td>\n<td style=\"width: 50%;background-color: #37f0c5\">&nbsp;<\/p>\n<p><a href=\"https:\/\/blogsaverroes.juntadeandalucia.es\/ceiplapachar\/files\/2024\/02\/radio2.png\"><br \/>\n<\/a><a href=\"https:\/\/blogsaverroes.juntadeandalucia.es\/ceiplapachar\/files\/2024\/02\/radio2.png\"><img loading=\"lazy\" decoding=\"async\" class=\"aligncenter wp-image-5981\" src=\"https:\/\/blogsaverroes.juntadeandalucia.es\/ceiplapachar\/files\/2024\/02\/radio2-150x150.png\" alt=\"\" width=\"200\" height=\"109\" srcset=\"https:\/\/blogsaverroes.juntadeandalucia.es\/ceiplapachar\/files\/2024\/02\/radio2-300x163.png 300w, https:\/\/blogsaverroes.juntadeandalucia.es\/ceiplapachar\/files\/2024\/02\/radio2-1024x557.png 1024w, https:\/\/blogsaverroes.juntadeandalucia.es\/ceiplapachar\/files\/2024\/02\/radio2-768x418.png 768w, https:\/\/blogsaverroes.juntadeandalucia.es\/ceiplapachar\/files\/2024\/02\/radio2-1536x836.png 1536w, https:\/\/blogsaverroes.juntadeandalucia.es\/ceiplapachar\/files\/2024\/02\/radio2.png 1600w\" sizes=\"(max-width: 200px) 100vw, 200px\" \/><\/a><\/p>\n<h3 style=\"text-align: center\">5\u00ba B<\/h3>\n<p style=\"text-align: center\">Noticias&#8230;<\/p>\n<p>Entrevista a la maestra Eva, Pedro (el monitor de radio) y Dar\u00edo.<\/p>\n<p style=\"text-align: right\"><strong><span style=\"color: #0000ff\">FEBRERO 2.024<\/span><\/strong><\/p>\n<p><audio class=\"wp-audio-shortcode\" id=\"audio-5976-2\" preload=\"none\" style=\"width: 100%;\" controls=\"controls\"><source type=\"audio\/mpeg\" src=\"https:\/\/blogsaverroes.juntadeandalucia.es\/ceiplapachar\/files\/2024\/02\/9-5\u00baB-Programa-1.mp3?_=2\" \/><a href=\"https:\/\/blogsaverroes.juntadeandalucia.es\/ceiplapachar\/files\/2024\/02\/9-5\u00baB-Programa-1.mp3\">https:\/\/blogsaverroes.juntadeandalucia.es\/ceiplapachar\/files\/2024\/02\/9-5\u00baB-Programa-1.mp3<\/a><\/audio><\/td>\n<\/tr>\n<tr>\n<td style=\"width: 50%;background-color: #23bd15\">\n<div id=\"attachment_6001\" style=\"width: 160px\" class=\"wp-caption aligncenter\"><a href=\"https:\/\/blogsaverroes.juntadeandalucia.es\/ceiplapachar\/files\/2024\/02\/4820652-dibujos-animados-libro-de-recetas-ilustraci\u00f3n-vectorial.jpg\"><img loading=\"lazy\" decoding=\"async\" aria-describedby=\"caption-attachment-6001\" class=\"wp-image-6001 size-thumbnail\" src=\"https:\/\/blogsaverroes.juntadeandalucia.es\/ceiplapachar\/files\/2024\/02\/4820652-dibujos-animados-libro-de-recetas-ilustraci\u00f3n-vectorial-150x150.jpg\" alt=\"\" width=\"150\" height=\"150\"><\/a><p id=\"caption-attachment-6001\" class=\"wp-caption-text\">&nbsp; &nbsp; &nbsp; &nbsp; <span style=\"color: #000000\"><strong>&nbsp;<\/strong><strong style=\"font-family: inherit\">&nbsp;<\/strong><\/span><\/p><\/div>\n<p>&nbsp; &nbsp; &nbsp; &nbsp; <span style=\"color: #000000\"><strong>&nbsp;<\/strong><strong style=\"font-family: inherit\">&nbsp; &nbsp; &nbsp; &nbsp; &nbsp; &nbsp; &nbsp; &nbsp; &nbsp;3\u00ba B&nbsp; Recetario.<\/strong><\/span><\/p>\n<p style=\"text-align: right\"><span style=\"color: #ccffff\"><strong>FEBRERO 2.024<\/strong><\/span><\/p>\n<p><audio class=\"wp-audio-shortcode\" id=\"audio-5976-3\" preload=\"none\" style=\"width: 100%;\" controls=\"controls\"><source type=\"audio\/mpeg\" src=\"https:\/\/blogsaverroes.juntadeandalucia.es\/ceiplapachar\/files\/2024\/02\/10-3\u00baB-Programa-2.mp3?_=3\" \/><a href=\"https:\/\/blogsaverroes.juntadeandalucia.es\/ceiplapachar\/files\/2024\/02\/10-3\u00baB-Programa-2.mp3\">https:\/\/blogsaverroes.juntadeandalucia.es\/ceiplapachar\/files\/2024\/02\/10-3\u00baB-Programa-2.mp3<\/a><\/audio><\/td>\n<td style=\"width: 50%;background-color: #ebd80e\"><a href=\"https:\/\/blogsaverroes.juntadeandalucia.es\/ceiplapachar\/files\/2024\/02\/KTC4r010217114340_anuncio-radio-cai.jpg\"><img loading=\"lazy\" decoding=\"async\" class=\"aligncenter wp-image-6003 size-thumbnail\" src=\"https:\/\/blogsaverroes.juntadeandalucia.es\/ceiplapachar\/files\/2024\/02\/KTC4r010217114340_anuncio-radio-cai-150x150.jpg\" alt=\"\" width=\"150\" height=\"150\"><\/a><\/p>\n<p style=\"text-align: center\"><strong>5\u00ba B<\/strong><\/p>\n<p style=\"text-align: center\">Informaci\u00f3n, noticias y humor.<\/p>\n<p>Entrevista a la maestra Silvia, la maestra Asun y a Roc\u00edo.&nbsp;&nbsp;<\/p>\n<p style=\"text-align: right\"><strong><span style=\"color: #000080\">FEBRERO 2.024<\/span><\/strong><\/p>\n<p><audio class=\"wp-audio-shortcode\" id=\"audio-5976-4\" preload=\"none\" style=\"width: 100%;\" controls=\"controls\"><source type=\"audio\/mpeg\" src=\"https:\/\/blogsaverroes.juntadeandalucia.es\/ceiplapachar\/files\/2024\/02\/8-5\u00baB-Programa-2.mp3?_=4\" \/><a href=\"https:\/\/blogsaverroes.juntadeandalucia.es\/ceiplapachar\/files\/2024\/02\/8-5\u00baB-Programa-2.mp3\">https:\/\/blogsaverroes.juntadeandalucia.es\/ceiplapachar\/files\/2024\/02\/8-5\u00baB-Programa-2.mp3<\/a><\/audio><\/td>\n<\/tr>\n<tr>\n<td style=\"width: 50%;background-color: #c70eae\"><a href=\"https:\/\/blogsaverroes.juntadeandalucia.es\/ceiplapachar\/files\/2024\/02\/entrevista.jpg\">&nbsp; <\/a><a href=\"https:\/\/blogsaverroes.juntadeandalucia.es\/ceiplapachar\/files\/2024\/02\/entrevista.jpg\"><img loading=\"lazy\" decoding=\"async\" class=\"aligncenter wp-image-6002\" src=\"https:\/\/blogsaverroes.juntadeandalucia.es\/ceiplapachar\/files\/2024\/02\/entrevista.jpg\" alt=\"\" width=\"200\" height=\"133\"><\/a><\/p>\n<h3 style=\"text-align: center\"><span style=\"color: #ffff00\"><strong>5\u00ba A<\/strong><\/span><\/h3>\n<p style=\"text-align: center\"><span style=\"color: #ffff00\">Noticias&#8230;<\/span><\/p>\n<p><span style=\"color: #ffff00\">Entrevista a la maestra Asun, Roc\u00edo (la cocinera), Reyes, Dar\u00edo, Daniel, \u00c1frica, Lucas Del Moral y Josu\u00e9.<\/span><\/p>\n<p style=\"text-align: right\"><strong><span style=\"color: #ccffcc\">FEBRERO 2.024<\/span><\/strong><\/p>\n<p><audio class=\"wp-audio-shortcode\" id=\"audio-5976-5\" preload=\"none\" style=\"width: 100%;\" controls=\"controls\"><source type=\"audio\/mpeg\" src=\"https:\/\/blogsaverroes.juntadeandalucia.es\/ceiplapachar\/files\/2024\/02\/7-5\u00baA-Programa-1.mp3?_=5\" \/><a href=\"https:\/\/blogsaverroes.juntadeandalucia.es\/ceiplapachar\/files\/2024\/02\/7-5\u00baA-Programa-1.mp3\">https:\/\/blogsaverroes.juntadeandalucia.es\/ceiplapachar\/files\/2024\/02\/7-5\u00baA-Programa-1.mp3<\/a><\/audio><\/td>\n<td style=\"width: 50%;background-color: #f5af18\"><a href=\"https:\/\/blogsaverroes.juntadeandalucia.es\/ceiplapachar\/files\/2024\/02\/radio_3.png\"><img loading=\"lazy\" decoding=\"async\" class=\"aligncenter wp-image-6010\" src=\"https:\/\/blogsaverroes.juntadeandalucia.es\/ceiplapachar\/files\/2024\/02\/radio_3-300x224.png\" alt=\"\" width=\"200\" height=\"149\" srcset=\"https:\/\/blogsaverroes.juntadeandalucia.es\/ceiplapachar\/files\/2024\/02\/radio_3-300x224.png 300w, https:\/\/blogsaverroes.juntadeandalucia.es\/ceiplapachar\/files\/2024\/02\/radio_3.png 762w\" sizes=\"(max-width: 200px) 100vw, 200px\" \/><\/a><\/p>\n<h3 style=\"text-align: center\"><strong>5\u00ba A<\/strong><\/h3>\n<p style=\"text-align: center\">Informaci\u00f3n.<\/p>\n<p>Entrevista a la maestra Silvia, la maestra Mar\u00eda Jos\u00e9 Armero y a Philip.<\/p>\n<p style=\"text-align: right\"><strong><span style=\"color: #800080\">FEBRERO 2.024<\/span><\/strong><\/p>\n<p><audio class=\"wp-audio-shortcode\" id=\"audio-5976-6\" preload=\"none\" style=\"width: 100%;\" controls=\"controls\"><source type=\"audio\/mpeg\" src=\"https:\/\/blogsaverroes.juntadeandalucia.es\/ceiplapachar\/files\/2024\/02\/6-5\u00baA-Programa-2.mp3?_=6\" \/><a href=\"https:\/\/blogsaverroes.juntadeandalucia.es\/ceiplapachar\/files\/2024\/02\/6-5\u00baA-Programa-2.mp3\">https:\/\/blogsaverroes.juntadeandalucia.es\/ceiplapachar\/files\/2024\/02\/6-5\u00baA-Programa-2.mp3<\/a><\/audio><\/td>\n<\/tr>\n<tr>\n<td style=\"width: 50%;background-color: #41e8cc\"><a href=\"https:\/\/blogsaverroes.juntadeandalucia.es\/ceiplapachar\/files\/2024\/02\/artworks-000356540229-wmizni-t500x500.jpg\"><img loading=\"lazy\" decoding=\"async\" class=\"aligncenter wp-image-6012 size-thumbnail\" src=\"https:\/\/blogsaverroes.juntadeandalucia.es\/ceiplapachar\/files\/2024\/02\/artworks-000356540229-wmizni-t500x500-150x150.jpg\" alt=\"\" width=\"150\" height=\"150\" srcset=\"https:\/\/blogsaverroes.juntadeandalucia.es\/ceiplapachar\/files\/2024\/02\/artworks-000356540229-wmizni-t500x500-150x150.jpg 150w, https:\/\/blogsaverroes.juntadeandalucia.es\/ceiplapachar\/files\/2024\/02\/artworks-000356540229-wmizni-t500x500-300x300.jpg 300w, https:\/\/blogsaverroes.juntadeandalucia.es\/ceiplapachar\/files\/2024\/02\/artworks-000356540229-wmizni-t500x500.jpg 500w\" sizes=\"(max-width: 150px) 100vw, 150px\" \/><\/a><\/p>\n<h2 style=\"text-align: center\"><strong>4\u00ba B<\/strong><\/h2>\n<p style=\"text-align: center\">Humor, reportajes&#8230;<\/p>\n<p>Entrevista a Cristina, nuestra limpadora de ma\u00f1ana y la maestra Eva.<\/p>\n<p style=\"text-align: right\"><strong><span style=\"color: #003300\">FEBRERO 2.024<\/span><\/strong>.<\/p>\n<p><audio class=\"wp-audio-shortcode\" id=\"audio-5976-7\" preload=\"none\" style=\"width: 100%;\" controls=\"controls\"><source type=\"audio\/mpeg\" src=\"https:\/\/blogsaverroes.juntadeandalucia.es\/ceiplapachar\/files\/2024\/02\/5-4\u00baB-Primer-programa.mp3?_=7\" \/><a href=\"https:\/\/blogsaverroes.juntadeandalucia.es\/ceiplapachar\/files\/2024\/02\/5-4\u00baB-Primer-programa.mp3\">https:\/\/blogsaverroes.juntadeandalucia.es\/ceiplapachar\/files\/2024\/02\/5-4\u00baB-Primer-programa.mp3<\/a><\/audio><\/td>\n<td style=\"width: 50%;background-color: #ede321\"><a href=\"https:\/\/blogsaverroes.juntadeandalucia.es\/ceiplapachar\/files\/2024\/02\/IMAGEN-RADIO-ESCOLAR.jpg\"><img loading=\"lazy\" decoding=\"async\" class=\"aligncenter wp-image-6013\" src=\"https:\/\/blogsaverroes.juntadeandalucia.es\/ceiplapachar\/files\/2024\/02\/IMAGEN-RADIO-ESCOLAR-300x105.jpg\" alt=\"\" width=\"200\" height=\"70\" srcset=\"https:\/\/blogsaverroes.juntadeandalucia.es\/ceiplapachar\/files\/2024\/02\/IMAGEN-RADIO-ESCOLAR-300x105.jpg 300w, https:\/\/blogsaverroes.juntadeandalucia.es\/ceiplapachar\/files\/2024\/02\/IMAGEN-RADIO-ESCOLAR-1024x357.jpg 1024w, https:\/\/blogsaverroes.juntadeandalucia.es\/ceiplapachar\/files\/2024\/02\/IMAGEN-RADIO-ESCOLAR-768x268.jpg 768w, https:\/\/blogsaverroes.juntadeandalucia.es\/ceiplapachar\/files\/2024\/02\/IMAGEN-RADIO-ESCOLAR.jpg 1500w\" sizes=\"(max-width: 200px) 100vw, 200px\" \/><\/a><\/p>\n<h2 style=\"text-align: center\"><strong>4\u00ba A<\/strong><\/h2>\n<p style=\"text-align: center\">Humor y noticias&#8230;<\/p>\n<p>Entrevista a la maestra Silvia y al maestro Jos\u00e9 Manuel.<\/p>\n<p style=\"text-align: right\"><strong><span style=\"color: #808000\">FEBRERO 2.024.<\/span><\/strong><\/p>\n<p><audio class=\"wp-audio-shortcode\" id=\"audio-5976-8\" preload=\"none\" style=\"width: 100%;\" controls=\"controls\"><source type=\"audio\/mpeg\" src=\"https:\/\/blogsaverroes.juntadeandalucia.es\/ceiplapachar\/files\/2024\/02\/4-4\u00baA-Programa-2.mp3?_=8\" \/><a href=\"https:\/\/blogsaverroes.juntadeandalucia.es\/ceiplapachar\/files\/2024\/02\/4-4\u00baA-Programa-2.mp3\">https:\/\/blogsaverroes.juntadeandalucia.es\/ceiplapachar\/files\/2024\/02\/4-4\u00baA-Programa-2.mp3<\/a><\/audio><\/td>\n<\/tr>\n<tr>\n<td style=\"width: 50%;background-color: #c20808\"><img loading=\"lazy\" decoding=\"async\" class=\"aligncenter wp-image-6018 size-thumbnail\" src=\"https:\/\/blogsaverroes.juntadeandalucia.es\/ceiplapachar\/files\/2024\/02\/162222761-hombre-grabando-programa-de-podcast-locutor-de-radio-masculino-hablando-en-el-micr\u00f3fono-oficina-en-150x150.jpg\" alt=\"\" width=\"150\" height=\"150\"><\/p>\n<h2 style=\"text-align: center\"><span style=\"color: #ffffff\">4\u00ba A<\/span><\/h2>\n<p style=\"text-align: center\"><span style=\"color: #ffffff\">Humor y noticias&#8230;<\/span><\/p>\n<p><span style=\"color: #ffffff\">Entrevista a Candela sobre el Pleno Municipal del d\u00eda de la Constituci\u00f3n y al maestro Fernando.<\/span><\/p>\n<p style=\"text-align: right\"><strong><span style=\"color: #ffff00\">FEBRERO 2.024<\/span><\/strong><\/p>\n<audio class=\"wp-audio-shortcode\" id=\"audio-5976-9\" preload=\"none\" style=\"width: 100%;\" controls=\"controls\"><source type=\"audio\/mpeg\" src=\"https:\/\/blogsaverroes.juntadeandalucia.es\/ceiplapachar\/files\/2024\/02\/3-4\u00baA-Programa-1.mp3?_=9\" \/><a href=\"https:\/\/blogsaverroes.juntadeandalucia.es\/ceiplapachar\/files\/2024\/02\/3-4\u00baA-Programa-1.mp3\">https:\/\/blogsaverroes.juntadeandalucia.es\/ceiplapachar\/files\/2024\/02\/3-4\u00baA-Programa-1.mp3<\/a><\/audio>\n<p>&nbsp;<\/td>\n<td style=\"width: 50%;background-color: #40f218\"><a href=\"https:\/\/blogsaverroes.juntadeandalucia.es\/ceiplapachar\/files\/2024\/02\/a-man-doing-solo-podcast-free-vector.jpg\"> <img loading=\"lazy\" decoding=\"async\" class=\"aligncenter wp-image-6020 size-thumbnail\" src=\"https:\/\/blogsaverroes.juntadeandalucia.es\/ceiplapachar\/files\/2024\/02\/a-man-doing-solo-podcast-free-vector-150x150.jpg\" alt=\"\" width=\"150\" height=\"150\" srcset=\"https:\/\/blogsaverroes.juntadeandalucia.es\/ceiplapachar\/files\/2024\/02\/a-man-doing-solo-podcast-free-vector-150x150.jpg 150w, https:\/\/blogsaverroes.juntadeandalucia.es\/ceiplapachar\/files\/2024\/02\/a-man-doing-solo-podcast-free-vector-300x300.jpg 300w, https:\/\/blogsaverroes.juntadeandalucia.es\/ceiplapachar\/files\/2024\/02\/a-man-doing-solo-podcast-free-vector-768x768.jpg 768w, https:\/\/blogsaverroes.juntadeandalucia.es\/ceiplapachar\/files\/2024\/02\/a-man-doing-solo-podcast-free-vector.jpg 980w\" sizes=\"(max-width: 150px) 100vw, 150px\" \/><\/a><\/p>\n<h2 style=\"text-align: center\"><strong>3\u00ba B<\/strong><\/h2>\n<p style=\"text-align: center\"><strong>Noticias&#8230;<\/strong><\/p>\n<p><strong>El parque Blas Infante.<\/strong><\/p>\n<p style=\"text-align: right\"><span style=\"color: #ff0000\"><strong>FEBRERO 2.024<\/strong><\/span><\/p>\n<p><audio class=\"wp-audio-shortcode\" id=\"audio-5976-10\" preload=\"none\" style=\"width: 100%;\" controls=\"controls\"><source type=\"audio\/mpeg\" src=\"https:\/\/blogsaverroes.juntadeandalucia.es\/ceiplapachar\/files\/2024\/02\/2-3\u00baB-Programa-1.mp3?_=10\" \/><a href=\"https:\/\/blogsaverroes.juntadeandalucia.es\/ceiplapachar\/files\/2024\/02\/2-3\u00baB-Programa-1.mp3\">https:\/\/blogsaverroes.juntadeandalucia.es\/ceiplapachar\/files\/2024\/02\/2-3\u00baB-Programa-1.mp3<\/a><\/audio><\/td>\n<\/tr>\n<tr>\n<td style=\"width: 50%;background-color: #87edc9\"><a href=\"https:\/\/blogsaverroes.juntadeandalucia.es\/ceiplapachar\/files\/2024\/02\/woman-with-headphones-is-recording-a-podcast-cute-female-blogger-podcaster-radio-presenter-cartoon-character-podcast-online-audio-recording-live-streaming-in-studio-flat-illustrati.jpg\"><img loading=\"lazy\" decoding=\"async\" class=\"aligncenter wp-image-6021 size-thumbnail\" src=\"https:\/\/blogsaverroes.juntadeandalucia.es\/ceiplapachar\/files\/2024\/02\/woman-with-headphones-is-recording-a-podcast-cute-female-blogger-podcaster-radio-presenter-cartoon-character-podcast-online-audio-recording-live-streaming-in-studio-flat-illustrati-150x150.jpg\" alt=\"\" width=\"150\" height=\"150\"><\/a><\/p>\n<h2 style=\"text-align: center\">3\u00ba A<\/h2>\n<p>Noticias, himno Lapachar y entrevista a la maestra Silvia.<\/p>\n<p style=\"text-align: right\"><strong>FEBRERO 2.024<\/strong><\/p>\n<p><audio class=\"wp-audio-shortcode\" id=\"audio-5976-11\" preload=\"none\" style=\"width: 100%;\" controls=\"controls\"><source type=\"audio\/mpeg\" src=\"https:\/\/blogsaverroes.juntadeandalucia.es\/ceiplapachar\/files\/2024\/02\/1-3\u00baA-Programa-1.mp3?_=11\" \/><a href=\"https:\/\/blogsaverroes.juntadeandalucia.es\/ceiplapachar\/files\/2024\/02\/1-3\u00baA-Programa-1.mp3\">https:\/\/blogsaverroes.juntadeandalucia.es\/ceiplapachar\/files\/2024\/02\/1-3\u00baA-Programa-1.mp3<\/a><\/audio><\/td>\n<td style=\"width: 50%;background-color: #fafafa\">&nbsp;<\/td>\n<\/tr>\n<\/tbody>\n<\/table>\n<p>&nbsp;<\/p>\n","protected":false},"excerpt":{"rendered":"<p>&nbsp; RADIO LAPACHAR&nbsp; &nbsp; &#8211;&nbsp; &nbsp; INICIAMOS NUESTRO CAMINO, CON MUCHA ILUSI\u00d3N. ACCEDE A LOS PODCAST Y ESC\u00daCHANOS CUANDO QUIERAS&#8230; 4\u00ba B Noticias, reportajes y humor&#8230; Entrevista a Mar\u00eda Castro, maestra Asun, piconeros\/as Ainhoa&#46;&#46;&#46;<\/p>\n","protected":false},"author":11673,"featured_media":0,"parent":0,"menu_order":0,"comment_status":"closed","ping_status":"closed","template":"elementor_header_footer","meta":{"ngg_post_thumbnail":0,"footnotes":"","_mc_calendar":[]},"aioseo_notices":[],"_links":{"self":[{"href":"https:\/\/blogsaverroes.juntadeandalucia.es\/ceiplapachar\/wp-json\/wp\/v2\/pages\/5976"}],"collection":[{"href":"https:\/\/blogsaverroes.juntadeandalucia.es\/ceiplapachar\/wp-json\/wp\/v2\/pages"}],"about":[{"href":"https:\/\/blogsaverroes.juntadeandalucia.es\/ceiplapachar\/wp-json\/wp\/v2\/types\/page"}],"author":[{"embeddable":true,"href":"https:\/\/blogsaverroes.juntadeandalucia.es\/ceiplapachar\/wp-json\/wp\/v2\/users\/11673"}],"replies":[{"embeddable":true,"href":"https:\/\/blogsaverroes.juntadeandalucia.es\/ceiplapachar\/wp-json\/wp\/v2\/comments?post=5976"}],"version-history":[{"count":20,"href":"https:\/\/blogsaverroes.juntadeandalucia.es\/ceiplapachar\/wp-json\/wp\/v2\/pages\/5976\/revisions"}],"predecessor-version":[{"id":6024,"href":"https:\/\/blogsaverroes.juntadeandalucia.es\/ceiplapachar\/wp-json\/wp\/v2\/pages\/5976\/revisions\/6024"}],"wp:attachment":[{"href":"https:\/\/blogsaverroes.juntadeandalucia.es\/ceiplapachar\/wp-json\/wp\/v2\/media?parent=5976"}],"curies":[{"name":"wp","href":"https:\/\/api.w.org\/{rel}","templated":true}]}}