{"id":7174,"date":"2025-12-04T12:37:05","date_gmt":"2025-12-04T12:37:05","guid":{"rendered":"https:\/\/blogsaverroes.juntadeandalucia.es\/ceiplapachar\/?page_id=7174"},"modified":"2025-12-04T13:01:56","modified_gmt":"2025-12-04T13:01:56","slug":"dia-de-la-constitucion","status":"publish","type":"page","link":"https:\/\/blogsaverroes.juntadeandalucia.es\/ceiplapachar\/dia-de-la-constitucion\/","title":{"rendered":"D\u00cdA DE LA CONSTITUCI\u00d3N."},"content":{"rendered":"<table style=\"border-collapse: collapse;width: 100%;height: 24px\">\n<tbody>\n<tr style=\"height: 24px\">\n<td style=\"width: 50%;height: 24px\"><a href=\"https:\/\/blogsaverroes.juntadeandalucia.es\/ceiplapachar\/files\/2025\/12\/Diaconstitucion.jpg\"><img fetchpriority=\"high\" decoding=\"async\" class=\"size-medium wp-image-7179 aligncenter\" src=\"https:\/\/blogsaverroes.juntadeandalucia.es\/ceiplapachar\/files\/2025\/12\/Diaconstitucion-300x235.jpg\" alt=\"\" width=\"300\" height=\"235\" srcset=\"https:\/\/blogsaverroes.juntadeandalucia.es\/ceiplapachar\/files\/2025\/12\/Diaconstitucion-300x235.jpg 300w, https:\/\/blogsaverroes.juntadeandalucia.es\/ceiplapachar\/files\/2025\/12\/Diaconstitucion-1024x803.jpg 1024w, https:\/\/blogsaverroes.juntadeandalucia.es\/ceiplapachar\/files\/2025\/12\/Diaconstitucion-768x603.jpg 768w, https:\/\/blogsaverroes.juntadeandalucia.es\/ceiplapachar\/files\/2025\/12\/Diaconstitucion.jpg 1448w\" sizes=\"(max-width: 300px) 100vw, 300px\" \/><\/a><\/td>\n<td style=\"width: 50%;text-align: center;height: 24px\"><strong><span style=\"color: #993366\">D\u00cdA <\/span><\/strong><\/p>\n<p><strong><span style=\"color: #993366\">DE LA <\/span><\/strong><\/p>\n<p><strong><span style=\"color: #993366\">CONSTITUCI\u00d3N ESPA\u00d1OLA.<\/span><\/strong><\/td>\n<\/tr>\n<\/tbody>\n<\/table>\n<p>&nbsp;<\/p>\n<table style=\"border-collapse: collapse;width: 100%\">\n<tbody>\n<tr>\n<td style=\"width: 100%;background-color: #f2ec2e;text-align: center\"><strong>ACTIVIDADES SOBRE LA CONSTITUCI\u00d3N ESPA\u00d1OLA&#8230;<\/strong><\/td>\n<\/tr>\n<tr>\n<td style=\"width: 100%\">&#8211; Pincha en el dibujo de abajo para acceder a un cuadernillo con muchas actividades sobre nuestra Constituci\u00f3n.<\/p>\n<p><a href=\"\/Users\/2517J\/Downloads\/pack-recursos-dia-constitucion-espanola.pdf\"><img decoding=\"async\" class=\"aligncenter wp-image-7182 size-medium\" src=\"https:\/\/blogsaverroes.juntadeandalucia.es\/ceiplapachar\/files\/2025\/12\/feliz-dia-constitucion-300x150.png\" alt=\"\" width=\"300\" height=\"150\" srcset=\"https:\/\/blogsaverroes.juntadeandalucia.es\/ceiplapachar\/files\/2025\/12\/feliz-dia-constitucion-300x150.png 300w, https:\/\/blogsaverroes.juntadeandalucia.es\/ceiplapachar\/files\/2025\/12\/feliz-dia-constitucion-768x384.png 768w, https:\/\/blogsaverroes.juntadeandalucia.es\/ceiplapachar\/files\/2025\/12\/feliz-dia-constitucion.png 1000w\" sizes=\"(max-width: 300px) 100vw, 300px\" \/><\/a><\/td>\n<\/tr>\n<tr>\n<td style=\"width: 100%\">V\u00cdDEO \u00abD\u00cdA DE LA CONSTITUCI\u00d3N PARA NI\u00d1OS\u00bb<\/p>\n<p><iframe src=\"\/\/www.youtube.com\/embed\/ofMR4HhaqBQ?t=2s\" width=\"560\" height=\"314\"><\/iframe><\/td>\n<\/tr>\n<tr>\n<td style=\"width: 100%\">EL D\u00cdA DE LA CONSTITUCI\u00d3N EN PICTOGRAMAS&#8230;<\/p>\n<p><iframe src=\"\/\/www.youtube.com\/embed\/UeMPROfGQHo?t=4s\" width=\"560\" height=\"314\"><\/iframe><\/td>\n<\/tr>\n<tr>\n<td style=\"width: 100%\">Pincha sobre el dibujo de abajo para acceder a un cuadernillo de actividades sobre la CONSTITUCI\u00d3N&#8230;<\/p>\n<p><a href=\"https:\/\/blogsaverroes.juntadeandalucia.es\/ceiplapachar\/files\/2025\/12\/FICHA-DE-TRABAJO.pdf\"><img decoding=\"async\" class=\"size-full wp-image-7186 aligncenter\" src=\"https:\/\/blogsaverroes.juntadeandalucia.es\/ceiplapachar\/files\/2025\/12\/images.png\" alt=\"\" width=\"201\" height=\"251\"><\/a><\/p>\n<p>&nbsp;<\/td>\n<\/tr>\n<tr>\n<td style=\"width: 100%\"><a href=\"https:\/\/blogsaverroes.juntadeandalucia.es\/ceiplapachar\/files\/2025\/12\/CUENTO_CONSTITUCION2.pdf\">Y, por \u00faltimo, un CUENTO SOBRE LA CONSTITUCI\u00d3N. Pincha para acceder a \u00e9l.<\/a><\/td>\n<\/tr>\n<\/tbody>\n<\/table>\n","protected":false},"excerpt":{"rendered":"<p>D\u00cdA DE LA CONSTITUCI\u00d3N ESPA\u00d1OLA. &nbsp; ACTIVIDADES SOBRE LA CONSTITUCI\u00d3N ESPA\u00d1OLA&#8230; &#8211; Pincha en el dibujo de abajo para acceder a un cuadernillo con muchas actividades sobre nuestra Constituci\u00f3n. V\u00cdDEO \u00abD\u00cdA DE LA CONSTITUCI\u00d3N&#46;&#46;&#46;<\/p>\n","protected":false},"author":11673,"featured_media":0,"parent":0,"menu_order":0,"comment_status":"closed","ping_status":"closed","template":"","meta":{"ngg_post_thumbnail":0,"footnotes":"","_mc_calendar":[]},"aioseo_notices":[],"_links":{"self":[{"href":"https:\/\/blogsaverroes.juntadeandalucia.es\/ceiplapachar\/wp-json\/wp\/v2\/pages\/7174"}],"collection":[{"href":"https:\/\/blogsaverroes.juntadeandalucia.es\/ceiplapachar\/wp-json\/wp\/v2\/pages"}],"about":[{"href":"https:\/\/blogsaverroes.juntadeandalucia.es\/ceiplapachar\/wp-json\/wp\/v2\/types\/page"}],"author":[{"embeddable":true,"href":"https:\/\/blogsaverroes.juntadeandalucia.es\/ceiplapachar\/wp-json\/wp\/v2\/users\/11673"}],"replies":[{"embeddable":true,"href":"https:\/\/blogsaverroes.juntadeandalucia.es\/ceiplapachar\/wp-json\/wp\/v2\/comments?post=7174"}],"version-history":[{"count":12,"href":"https:\/\/blogsaverroes.juntadeandalucia.es\/ceiplapachar\/wp-json\/wp\/v2\/pages\/7174\/revisions"}],"predecessor-version":[{"id":7193,"href":"https:\/\/blogsaverroes.juntadeandalucia.es\/ceiplapachar\/wp-json\/wp\/v2\/pages\/7174\/revisions\/7193"}],"wp:attachment":[{"href":"https:\/\/blogsaverroes.juntadeandalucia.es\/ceiplapachar\/wp-json\/wp\/v2\/media?parent=7174"}],"curies":[{"name":"wp","href":"https:\/\/api.w.org\/{rel}","templated":true}]}}