{"id":7227,"date":"2026-02-13T12:24:38","date_gmt":"2026-02-13T12:24:38","guid":{"rendered":"https:\/\/blogsaverroes.juntadeandalucia.es\/ceiplapachar\/?page_id=7227"},"modified":"2026-02-19T17:45:15","modified_gmt":"2026-02-19T17:45:15","slug":"carnaval-26","status":"publish","type":"page","link":"https:\/\/blogsaverroes.juntadeandalucia.es\/ceiplapachar\/carnaval-26\/","title":{"rendered":"CARNAVAL 26"},"content":{"rendered":"<h1 style=\"text-align: center\"><em><strong><span style=\"color: #008000\">CARNAVAL 2.026<\/span><\/strong><\/em><\/h1>\n<table style=\"border-collapse: collapse;width: 100%\">\n<tbody>\n<tr>\n<td style=\"width: 50%\"><a href=\"https:\/\/blogsaverroes.juntadeandalucia.es\/ceiplapachar\/files\/2026\/02\/bufon-animado.gif\"><img fetchpriority=\"high\" decoding=\"async\" class=\"size-medium wp-image-7252 aligncenter\" src=\"https:\/\/blogsaverroes.juntadeandalucia.es\/ceiplapachar\/files\/2026\/02\/bufon-animado-275x300.gif\" alt=\"\" width=\"275\" height=\"300\"><\/a><\/td>\n<td style=\"width: 50%\"><a href=\"https:\/\/blogsaverroes.juntadeandalucia.es\/ceiplapachar\/files\/2022\/01\/ESCUDO-LAPACHAR.jpg\"><img decoding=\"async\" class=\"size-full wp-image-4027 aligncenter\" src=\"https:\/\/blogsaverroes.juntadeandalucia.es\/ceiplapachar\/files\/2022\/01\/ESCUDO-LAPACHAR.jpg\" alt=\"\" width=\"150\" height=\"134\"><\/a><\/td>\n<\/tr>\n<\/tbody>\n<\/table>\n<h2 style=\"text-align: center\"><span style=\"color: #993366\"><span style=\"color: #0000ff\">\u00a1\u00a1 YA EST\u00c1 NUESTRA<\/span> <strong style=\"color: #993366\"><span style=\"color: #ff0000\">P<\/span><span style=\"color: #333399\">A<\/span>T<span style=\"color: #ff00ff\">A<\/span><span style=\"color: #008000\">R<\/span>R<span style=\"color: #ff0000\">O<\/span><span style=\"color: #3366ff\">N<\/span><span style=\"color: #008080\">A<\/span><\/strong><span style=\"color: #993366\">&nbsp;<\/span><\/span><\/h2>\n<h2 style=\"text-align: center\"><span style=\"color: #993366\">&nbsp; &nbsp;EN EL<\/span><\/h2>\n<h2 style=\"text-align: center\"><span style=\"color: #0000ff\">C.E.I.P. LAPACHAR !!<\/span><\/h2>\n<p><a href=\"https:\/\/blogsaverroes.juntadeandalucia.es\/ceiplapachar\/files\/2025\/02\/PATARRONA-1-bis.jpg\"><img decoding=\"async\" class=\"aligncenter wp-image-6694\" src=\"https:\/\/blogsaverroes.juntadeandalucia.es\/ceiplapachar\/files\/2025\/02\/PATARRONA-1-bis-807x1024.jpg\" alt=\"\" width=\"582\" height=\"739\" srcset=\"https:\/\/blogsaverroes.juntadeandalucia.es\/ceiplapachar\/files\/2025\/02\/PATARRONA-1-bis-807x1024.jpg 807w, https:\/\/blogsaverroes.juntadeandalucia.es\/ceiplapachar\/files\/2025\/02\/PATARRONA-1-bis-236x300.jpg 236w, https:\/\/blogsaverroes.juntadeandalucia.es\/ceiplapachar\/files\/2025\/02\/PATARRONA-1-bis-768x975.jpg 768w, https:\/\/blogsaverroes.juntadeandalucia.es\/ceiplapachar\/files\/2025\/02\/PATARRONA-1-bis.jpg 1210w\" sizes=\"(max-width: 582px) 100vw, 582px\" \/><\/a><\/p>\n<table style=\"border-collapse: collapse;width: 100%\">\n<tbody>\n<tr>\n<td style=\"width: 100%;background-color: #f2ed5e\">\n<h3 style=\"text-align: center\"><span style=\"color: #0000ff\"><strong>HISTORIA DE LA PATARRONA<\/strong><\/span><\/h3>\n<p style=\"text-align: justify\"><strong>&nbsp; &nbsp; &nbsp;\u00c9rase una vez, una brujita muy divertida, que estaba cansada de gru\u00f1ir, asustar a todos y hacer hechizos. Cuando se enter\u00f3 de que iba a llega el carnaval a nuestro cole, de que podr\u00eda disfrazarse y convertirse en otros personajes de cuento, sali\u00f3 disfrazada para poder celebrarlo y visitar a los ni\u00f1os y ni\u00f1as que tanto disfrutan disfraz\u00e1ndose como ella.<\/strong><\/p>\n<p style=\"text-align: justify\"><strong>&nbsp; &nbsp; &nbsp;Visit\u00f3 muchos colegios, sin embargo a pesar de realizar tan largo viaje, no se encontraba cansada porque ten\u00eda cinco piernas y se las iba turnando para poder utilizarlas todas y as\u00ed poder descansar.<\/strong><\/p>\n<p style=\"text-align: justify\"><strong>&nbsp; &nbsp; &nbsp;Cuando lleg\u00f3 la semana anterior a los Carnavales, se les ocurri\u00f3 una idea divertida para que los ni\u00f1os y ni\u00f1as la visitaran todos los d\u00edas. Esa semana ella ser\u00eda la jefa, escribir\u00eda una carta para ellos d\u00f3nde les explicar\u00eda c\u00f3mo ten\u00edan que venir al cole al d\u00eda siguiente y si la saludaban con una poes\u00eda, les dejar\u00eda leer sus mensajes. La poes\u00eda dec\u00eda as\u00ed:<\/strong><\/p>\n<p style=\"text-align: center\"><a href=\"https:\/\/blogsaverroes.juntadeandalucia.es\/ceiplapachar\/files\/2026\/02\/PATARRONA-1.jpeg\"><img loading=\"lazy\" decoding=\"async\" class=\"alignnone wp-image-7233\" src=\"https:\/\/blogsaverroes.juntadeandalucia.es\/ceiplapachar\/files\/2026\/02\/PATARRONA-1-768x1024.jpeg\" alt=\"\" width=\"568\" height=\"757\" srcset=\"https:\/\/blogsaverroes.juntadeandalucia.es\/ceiplapachar\/files\/2026\/02\/PATARRONA-1-768x1024.jpeg 768w, https:\/\/blogsaverroes.juntadeandalucia.es\/ceiplapachar\/files\/2026\/02\/PATARRONA-1-225x300.jpeg 225w, https:\/\/blogsaverroes.juntadeandalucia.es\/ceiplapachar\/files\/2026\/02\/PATARRONA-1-1152x1536.jpeg 1152w, https:\/\/blogsaverroes.juntadeandalucia.es\/ceiplapachar\/files\/2026\/02\/PATARRONA-1.jpeg 1200w\" sizes=\"(max-width: 568px) 100vw, 568px\" \/><\/a><\/p>\n<h3 style=\"text-align: center\"><span style=\"color: #0000ff\">&nbsp;<\/span><\/h3>\n<\/td>\n<\/tr>\n<\/tbody>\n<\/table>\n<h2 style=\"text-align: center\"><span style=\"color: #800000\">PREMISAS PARA LA SEMANA DEL CARNAVAL<\/span><\/h2>\n<p style=\"text-align: center\"><a href=\"https:\/\/blogsaverroes.juntadeandalucia.es\/ceiplapachar\/files\/2026\/02\/PREMISAS-26.png\"><img loading=\"lazy\" decoding=\"async\" class=\"aligncenter wp-image-7232\" src=\"https:\/\/blogsaverroes.juntadeandalucia.es\/ceiplapachar\/files\/2026\/02\/PREMISAS-26-724x1024.png\" alt=\"\" width=\"524\" height=\"741\" srcset=\"https:\/\/blogsaverroes.juntadeandalucia.es\/ceiplapachar\/files\/2026\/02\/PREMISAS-26-724x1024.png 724w, https:\/\/blogsaverroes.juntadeandalucia.es\/ceiplapachar\/files\/2026\/02\/PREMISAS-26-212x300.png 212w, https:\/\/blogsaverroes.juntadeandalucia.es\/ceiplapachar\/files\/2026\/02\/PREMISAS-26-768x1086.png 768w, https:\/\/blogsaverroes.juntadeandalucia.es\/ceiplapachar\/files\/2026\/02\/PREMISAS-26-1086x1536.png 1086w, https:\/\/blogsaverroes.juntadeandalucia.es\/ceiplapachar\/files\/2026\/02\/PREMISAS-26-1448x2048.png 1448w, https:\/\/blogsaverroes.juntadeandalucia.es\/ceiplapachar\/files\/2026\/02\/PREMISAS-26.png 1131w\" sizes=\"(max-width: 524px) 100vw, 524px\" \/><\/a><\/p>\n<div style=\"width: 852px;\" class=\"wp-video\"><!--[if lt IE 9]><script>document.createElement('video');<\/script><![endif]-->\n<video class=\"wp-video-shortcode\" id=\"video-7227-1\" width=\"852\" height=\"480\" loop=\"1\" autoplay=\"1\" preload=\"metadata\" controls=\"controls\"><source type=\"video\/mp4\" src=\"https:\/\/blogsaverroes.juntadeandalucia.es\/ceiplapachar\/files\/2026\/02\/AHORA-SI.mp4?_=1\" \/><a href=\"https:\/\/blogsaverroes.juntadeandalucia.es\/ceiplapachar\/files\/2026\/02\/AHORA-SI.mp4\">https:\/\/blogsaverroes.juntadeandalucia.es\/ceiplapachar\/files\/2026\/02\/AHORA-SI.mp4<\/a><\/video><\/div>\n","protected":false},"excerpt":{"rendered":"<p>CARNAVAL 2.026 \u00a1\u00a1 YA EST\u00c1 NUESTRA PATARRONA&nbsp; &nbsp; &nbsp;EN EL C.E.I.P. LAPACHAR !! HISTORIA DE LA PATARRONA &nbsp; &nbsp; &nbsp;\u00c9rase una vez, una brujita muy divertida, que estaba cansada de gru\u00f1ir, asustar a todos&#46;&#46;&#46;<\/p>\n","protected":false},"author":11673,"featured_media":0,"parent":0,"menu_order":0,"comment_status":"closed","ping_status":"closed","template":"","meta":{"ngg_post_thumbnail":0,"footnotes":"","_mc_calendar":[]},"aioseo_notices":[],"_links":{"self":[{"href":"https:\/\/blogsaverroes.juntadeandalucia.es\/ceiplapachar\/wp-json\/wp\/v2\/pages\/7227"}],"collection":[{"href":"https:\/\/blogsaverroes.juntadeandalucia.es\/ceiplapachar\/wp-json\/wp\/v2\/pages"}],"about":[{"href":"https:\/\/blogsaverroes.juntadeandalucia.es\/ceiplapachar\/wp-json\/wp\/v2\/types\/page"}],"author":[{"embeddable":true,"href":"https:\/\/blogsaverroes.juntadeandalucia.es\/ceiplapachar\/wp-json\/wp\/v2\/users\/11673"}],"replies":[{"embeddable":true,"href":"https:\/\/blogsaverroes.juntadeandalucia.es\/ceiplapachar\/wp-json\/wp\/v2\/comments?post=7227"}],"version-history":[{"count":7,"href":"https:\/\/blogsaverroes.juntadeandalucia.es\/ceiplapachar\/wp-json\/wp\/v2\/pages\/7227\/revisions"}],"predecessor-version":[{"id":7266,"href":"https:\/\/blogsaverroes.juntadeandalucia.es\/ceiplapachar\/wp-json\/wp\/v2\/pages\/7227\/revisions\/7266"}],"wp:attachment":[{"href":"https:\/\/blogsaverroes.juntadeandalucia.es\/ceiplapachar\/wp-json\/wp\/v2\/media?parent=7227"}],"curies":[{"name":"wp","href":"https:\/\/api.w.org\/{rel}","templated":true}]}}