{"id":869,"date":"2015-03-16T07:03:52","date_gmt":"2015-03-16T07:03:52","guid":{"rendered":"http:\/\/blogsaverroes.juntadeandalucia.es\/pre\/ceip\/?page_id=84"},"modified":"2026-02-09T10:53:18","modified_gmt":"2026-02-09T10:53:18","slug":"calendario-escolar","status":"publish","type":"page","link":"https:\/\/blogsaverroes.juntadeandalucia.es\/ceiplapachar\/calendario-escolar\/","title":{"rendered":"Calendario escolar"},"content":{"rendered":"<h3 class=\"Estilo4 Estilo15 Estilo16\" style=\"text-align: center\"><strong>&nbsp;<\/strong><\/h3>\n<table style=\"border-collapse: collapse;width: 100%\">\n<tbody>\n<tr>\n<td style=\"width: 100%;background-color: #f0b6f2\">\n<h3 class=\"Estilo4 Estilo15 Estilo16\" style=\"text-align: center\"><span style=\"color: #800080\"><strong>CALENDARIO ESCOLAR CURSO 2.025-26.<\/strong><\/span><\/h3>\n<\/td>\n<\/tr>\n<\/tbody>\n<\/table>\n<p class=\"Estilo3 texto2\">&nbsp; &nbsp;El r\u00e9gimen ordinario de clases da<strong><span style=\"color: #0000ff\"> comienzo el MI\u00c9RCOLES d\u00eda 10 de septiembre de 2.025<\/span><\/strong>&nbsp;y <span style=\"color: #0000ff\">f<strong>inalizar\u00e1 el LUNES d\u00eda 21 de junio de 2.026.<\/strong><\/span><\/p>\n<p class=\"Estilo3\" style=\"text-align: center\"><span style=\"text-decoration: underline;color: #008000\"><span class=\"titulo2\"><strong>PERIODOS VACACIONALES<\/strong><\/span><\/span><\/p>\n<ul class=\"texto2\">\n<li><strong>Navidad<\/strong>: Desde el lunes 22 de diciembre de 2.025, hasta el mi\u00e9rcoles 7 de enero de 2.026, ambos inclusive.<\/li>\n<li><strong>Semana Santa:<\/strong> Desde el 30 de marzo de 2.026 al 5 de abril de 2.026, ambos inclusive.<\/li>\n<\/ul>\n<p class=\"Estilo3\" style=\"text-align: center\"><span style=\"text-decoration: underline;color: #008000\"><span class=\"titulo2\"><strong>D\u00cdAS FESTIVOS DE \u00c1MBITO NACIONAL, AUTON\u00d3MICO Y PROVINCIAL.<\/strong><\/span><\/span><\/p>\n<ul>\n<li>Viernes, 10 de octubre de 2.025: <strong>D\u00cdA NO LECTIVO PROVINCIAL.<\/strong><\/li>\n<li>Domingo, 12 de octubre de 2.025: <strong>FIESTA NACIONAL DE ESPA\u00d1A &#8211; AL SER DOMINGO, LA FESTIVIDAD SE PASA AL LUNES, 13 DE OCTUBRE DE 2.025.<\/strong><\/li>\n<li>S\u00e1bado, 1 de noviembre de 2.025: <strong>FIESTA DE TODOS LOS SANTOS.<\/strong><\/li>\n<li>S\u00e1bado, 6 de diciembre de 2.025: <strong>D\u00cdA DE LA CONSTITUCI\u00d3N ESPA\u00d1OLA.<\/strong><\/li>\n<li>Lunes, 8 de diciembre de 2.025: <strong>INMACULADA CONCEPCI\u00d3N.&nbsp;<\/strong><\/li>\n<li>Viernes, 27&nbsp; de febrero de 2.026: <strong>D\u00cdA DE LA COMUNIDAD EDUCATIVA.<\/strong><\/li>\n<li>S\u00e1bado, 28 de febrero de 2.026: <strong>D\u00cdA DE ANDALUC\u00cdA.<\/strong><\/li>\n<li>Viernes, 1 de mayo de 2.026:<strong> FIESTA DEL TRABAJO.<\/strong><\/li>\n<\/ul>\n<p class=\"Estilo3\" style=\"text-align: center\"><strong><span style=\"text-decoration: underline\"><span style=\"color: #008000;text-decoration: underline\">D\u00cdAS FESTIVOS Y NO LECTIVOS LOCALES.<\/span><\/span><br \/>\n<\/strong><\/p>\n<p>&nbsp; &nbsp;<\/p>\n<ol>\n<li>&nbsp; <strong><span style=\"color: #008080\">Lunes, 23 de febrero de 2.026 &#8211; LUNES DE CARNAVAL.<\/span><\/strong><\/li>\n<li>&nbsp; <strong><span style=\"color: #008080\">Viernes, 10 de abril de 2.026 &#8211; VIERNES DE FERIA.<\/span><\/strong><\/li>\n<li>&nbsp; <strong><span style=\"color: #008080\">Lunes, 4 de mayo de 2.026.<\/span><\/strong><\/li>\n<\/ol>\n<h3>&nbsp;<\/h3>\n<h3 style=\"text-align: center\"><span style=\"color: #000080\"><strong> CALENDARIO ESCOLAR PROVINCIAL CURSO 2025-2026.<\/strong><\/span><\/h3>\n<p style=\"text-align: center\"><a href=\"https:\/\/blogsaverroes.juntadeandalucia.es\/ceiplapachar\/files\/2025\/07\/Captura-de-pantalla-56.jpg\"><img fetchpriority=\"high\" decoding=\"async\" class=\"aligncenter wp-image-6947 size-full\" src=\"https:\/\/blogsaverroes.juntadeandalucia.es\/ceiplapachar\/files\/2025\/07\/Captura-de-pantalla-56.jpg\" alt=\"\" width=\"1152\" height=\"792\" srcset=\"https:\/\/blogsaverroes.juntadeandalucia.es\/ceiplapachar\/files\/2025\/07\/Captura-de-pantalla-56.jpg 1152w, https:\/\/blogsaverroes.juntadeandalucia.es\/ceiplapachar\/files\/2025\/07\/Captura-de-pantalla-56-300x206.jpg 300w, https:\/\/blogsaverroes.juntadeandalucia.es\/ceiplapachar\/files\/2025\/07\/Captura-de-pantalla-56-1024x704.jpg 1024w, https:\/\/blogsaverroes.juntadeandalucia.es\/ceiplapachar\/files\/2025\/07\/Captura-de-pantalla-56-768x528.jpg 768w\" sizes=\"(max-width: 1152px) 100vw, 1152px\" \/><\/a><\/p>\n<h6 style=\"text-align: left\"><a href=\"https:\/\/blogsaverroes.juntadeandalucia.es\/ceiplapachar\/files\/2025\/07\/Resolucion-calendario-escolar-2025_2026F-1.pdf\"><strong><span style=\"color: #008000\">Pincha para acceder a: RESOLUCI\u00d3N DE LA DELEGACI\u00d3N TERRITORIAL DE DESARROLLO EDUCATIVO Y FORMACI\u00d3N PROFESIONAL Y DE UNIVERSIDAD, INVESTIGACI\u00d3N E INNOVACI\u00d3N EN C\u00c1DIZ, POR LA QUE SE APRUEBA EL CALENDARIO Y LA JORNADA ESCOLAR EN LOS CENTROS DOCENTES, A EXCEPCI\u00d3N DE LOS UNIVERSITARIOS, PARA EL CURSO ACAD\u00c9MICO 2025\/2026.<\/span><\/strong><\/a><\/h6>\n<h4 style=\"text-align: center\">&nbsp;<\/h4>\n<p style=\"text-align: center\">&nbsp;<\/p>\n","protected":false},"excerpt":{"rendered":"<p>&nbsp; CALENDARIO ESCOLAR CURSO 2.025-26. &nbsp; &nbsp;El r\u00e9gimen ordinario de clases da comienzo el MI\u00c9RCOLES d\u00eda 10 de septiembre de 2.025&nbsp;y finalizar\u00e1 el LUNES d\u00eda 21 de junio de 2.026. PERIODOS VACACIONALES Navidad: Desde&#46;&#46;&#46;<\/p>\n","protected":false},"author":1,"featured_media":0,"parent":0,"menu_order":0,"comment_status":"closed","ping_status":"open","template":"","meta":{"ngg_post_thumbnail":0,"footnotes":"","_mc_calendar":[]},"aioseo_notices":[],"_links":{"self":[{"href":"https:\/\/blogsaverroes.juntadeandalucia.es\/ceiplapachar\/wp-json\/wp\/v2\/pages\/869"}],"collection":[{"href":"https:\/\/blogsaverroes.juntadeandalucia.es\/ceiplapachar\/wp-json\/wp\/v2\/pages"}],"about":[{"href":"https:\/\/blogsaverroes.juntadeandalucia.es\/ceiplapachar\/wp-json\/wp\/v2\/types\/page"}],"author":[{"embeddable":true,"href":"https:\/\/blogsaverroes.juntadeandalucia.es\/ceiplapachar\/wp-json\/wp\/v2\/users\/1"}],"replies":[{"embeddable":true,"href":"https:\/\/blogsaverroes.juntadeandalucia.es\/ceiplapachar\/wp-json\/wp\/v2\/comments?post=869"}],"version-history":[{"count":44,"href":"https:\/\/blogsaverroes.juntadeandalucia.es\/ceiplapachar\/wp-json\/wp\/v2\/pages\/869\/revisions"}],"predecessor-version":[{"id":7224,"href":"https:\/\/blogsaverroes.juntadeandalucia.es\/ceiplapachar\/wp-json\/wp\/v2\/pages\/869\/revisions\/7224"}],"wp:attachment":[{"href":"https:\/\/blogsaverroes.juntadeandalucia.es\/ceiplapachar\/wp-json\/wp\/v2\/media?parent=869"}],"curies":[{"name":"wp","href":"https:\/\/api.w.org\/{rel}","templated":true}]}}