{"id":870,"date":"2015-03-16T07:24:27","date_gmt":"2015-03-16T07:24:27","guid":{"rendered":"http:\/\/blogsaverroes.juntadeandalucia.es\/pre\/ceip\/?page_id=103"},"modified":"2025-09-30T16:45:48","modified_gmt":"2025-09-30T16:45:48","slug":"aula-matinal","status":"publish","type":"page","link":"https:\/\/blogsaverroes.juntadeandalucia.es\/ceiplapachar\/aula-matinal\/","title":{"rendered":"Aula Matinal"},"content":{"rendered":"<p style=\"text-align: center\"><a href=\"https:\/\/blogsaverroes.juntadeandalucia.es\/ceiplapachar\/files\/2021\/12\/AULA-MATINAL-1.png\"><img fetchpriority=\"high\" decoding=\"async\" class=\"wp-image-3952 size-medium aligncenter\" src=\"https:\/\/blogsaverroes.juntadeandalucia.es\/ceiplapachar\/files\/2021\/12\/AULA-MATINAL-1-300x183.png\" alt=\"\" width=\"300\" height=\"183\" srcset=\"https:\/\/blogsaverroes.juntadeandalucia.es\/ceiplapachar\/files\/2021\/12\/AULA-MATINAL-1-300x183.png 300w, https:\/\/blogsaverroes.juntadeandalucia.es\/ceiplapachar\/files\/2021\/12\/AULA-MATINAL-1-768x467.png 768w, https:\/\/blogsaverroes.juntadeandalucia.es\/ceiplapachar\/files\/2021\/12\/AULA-MATINAL-1.png 1024w\" sizes=\"(max-width: 300px) 100vw, 300px\" \/><\/a><\/p>\n<p><span style=\"color: #0000ff\"><strong>HORARIO<\/strong><\/span>:&nbsp; De 7:30 a 9:00 horas.<\/p>\n<p><strong><span style=\"color: #0000ff\">EMPRESA<\/span><\/strong>: Senda, Animaci\u00f3n Sociocultual.<\/p>\n<p>&nbsp;<\/p>\n<p style=\"text-align: center\"><a href=\"https:\/\/blogsaverroes.juntadeandalucia.es\/ceiplapachar\/files\/2023\/05\/senda-animacion-sociocultural-gestion-del-ocio-y-tiempo-libre-m2760549.jpg\"><img decoding=\"async\" class=\"alignnone size-medium wp-image-5596\" src=\"https:\/\/blogsaverroes.juntadeandalucia.es\/ceiplapachar\/files\/2023\/05\/senda-animacion-sociocultural-gestion-del-ocio-y-tiempo-libre-m2760549-300x150.jpg\" alt=\"\" width=\"300\" height=\"150\" srcset=\"https:\/\/blogsaverroes.juntadeandalucia.es\/ceiplapachar\/files\/2023\/05\/senda-animacion-sociocultural-gestion-del-ocio-y-tiempo-libre-m2760549-300x150.jpg 300w, https:\/\/blogsaverroes.juntadeandalucia.es\/ceiplapachar\/files\/2023\/05\/senda-animacion-sociocultural-gestion-del-ocio-y-tiempo-libre-m2760549.jpg 352w\" sizes=\"(max-width: 300px) 100vw, 300px\" \/><\/a><\/p>\n<p>&nbsp; &nbsp;Durante el curso 2.025-26, la ubicaci\u00f3n del AULA MATINAL ser\u00e1 el aula 37, situada en el ala izquierda del edificio principal del colegio.<\/p>\n<p style=\"text-align: center\"><span style=\"text-decoration: underline\"><em><strong><span style=\"color: #0000ff;text-decoration: underline\">INFORMACI\u00d3N DE INTER\u00c9S (pincha para acceder).<\/span><\/strong><\/em><\/span><\/p>\n<ul>\n<li><a href=\"https:\/\/blogsaverroes.juntadeandalucia.es\/ceiplapachar\/files\/2025\/09\/Programa-de-Actividades.pdf\">PROGRAMACI\u00d3N DE ACTIVIDADES PARA EL CURSO 25-26.<\/a><\/li>\n<li><a href=\"https:\/\/blogsaverroes.juntadeandalucia.es\/ceiplapachar\/files\/2025\/09\/Protocolo-emergencias-AM.pdf\">PROTOCOLO DE ACTUACI\u00d3N DE LA EMPRESA ANTES SITUACIONES DE EMERGENCIA.<\/a><\/li>\n<li><a href=\"https:\/\/blogsaverroes.juntadeandalucia.es\/ceiplapachar\/files\/2025\/09\/Informacion-familias-aula-matinal-25-26.pdf\">INFORMACI\u00d3N A LAS FAMILIAS.<\/a><\/li>\n<\/ul>\n<p>&nbsp;<\/p>\n","protected":false},"excerpt":{"rendered":"<p>HORARIO:&nbsp; De 7:30 a 9:00 horas. EMPRESA: Senda, Animaci\u00f3n Sociocultual. &nbsp; &nbsp; &nbsp;Durante el curso 2.025-26, la ubicaci\u00f3n del AULA MATINAL ser\u00e1 el aula 37, situada en el ala izquierda del edificio principal del&#46;&#46;&#46;<\/p>\n","protected":false},"author":1,"featured_media":0,"parent":0,"menu_order":0,"comment_status":"closed","ping_status":"open","template":"","meta":{"ngg_post_thumbnail":0,"footnotes":"","_mc_calendar":[]},"aioseo_notices":[],"_links":{"self":[{"href":"https:\/\/blogsaverroes.juntadeandalucia.es\/ceiplapachar\/wp-json\/wp\/v2\/pages\/870"}],"collection":[{"href":"https:\/\/blogsaverroes.juntadeandalucia.es\/ceiplapachar\/wp-json\/wp\/v2\/pages"}],"about":[{"href":"https:\/\/blogsaverroes.juntadeandalucia.es\/ceiplapachar\/wp-json\/wp\/v2\/types\/page"}],"author":[{"embeddable":true,"href":"https:\/\/blogsaverroes.juntadeandalucia.es\/ceiplapachar\/wp-json\/wp\/v2\/users\/1"}],"replies":[{"embeddable":true,"href":"https:\/\/blogsaverroes.juntadeandalucia.es\/ceiplapachar\/wp-json\/wp\/v2\/comments?post=870"}],"version-history":[{"count":20,"href":"https:\/\/blogsaverroes.juntadeandalucia.es\/ceiplapachar\/wp-json\/wp\/v2\/pages\/870\/revisions"}],"predecessor-version":[{"id":7059,"href":"https:\/\/blogsaverroes.juntadeandalucia.es\/ceiplapachar\/wp-json\/wp\/v2\/pages\/870\/revisions\/7059"}],"wp:attachment":[{"href":"https:\/\/blogsaverroes.juntadeandalucia.es\/ceiplapachar\/wp-json\/wp\/v2\/media?parent=870"}],"curies":[{"name":"wp","href":"https:\/\/api.w.org\/{rel}","templated":true}]}}