{"id":871,"date":"2015-03-16T07:25:46","date_gmt":"2015-03-16T07:25:46","guid":{"rendered":"http:\/\/blogsaverroes.juntadeandalucia.es\/pre\/ceip\/?page_id=106"},"modified":"2025-05-21T14:10:03","modified_gmt":"2025-05-21T14:10:03","slug":"actividades-extraescolares","status":"publish","type":"page","link":"https:\/\/blogsaverroes.juntadeandalucia.es\/ceiplapachar\/actividades-extraescolares\/","title":{"rendered":"Actividades extraescolares"},"content":{"rendered":"<p>&nbsp;<\/p>\n<p>&nbsp;<\/p>\n<table border=\"0\">\n<tbody>\n<tr>\n<td><a href=\"https:\/\/blogsaverroes.juntadeandalucia.es\/ceiplapachar\/files\/2025\/05\/NINOS-JUGANDO.jpg\"><img decoding=\"async\" class=\"aligncenter wp-image-6743 size-thumbnail\" src=\"https:\/\/blogsaverroes.juntadeandalucia.es\/ceiplapachar\/files\/2025\/05\/NINOS-JUGANDO-150x150.jpg\" alt=\"\" width=\"150\" height=\"150\"><\/a><\/td>\n<td style=\"background-color: #80ede2\">\n<h3 style=\"text-align: center\"><span style=\"color: #800080\"><strong>ACTIVIDADES EXTRAESCOLARES <\/strong><\/span><\/h3>\n<h3 style=\"text-align: center\"><span style=\"color: #800080\"><strong>OFERTADAS PARA EL CURSO 2.025-2.026.<\/strong><\/span><\/h3>\n<h1 style=\"text-align: center\"><strong><span style=\"color: #0000ff\">\u00bf Te lo vas a perder&#8230;?<\/span><\/strong><\/h1>\n<\/td>\n<\/tr>\n<\/tbody>\n<\/table>\n<table style=\"width: 100%;border-collapse: collapse;background-color: #f5f1ba;height: 201px\">\n<tbody>\n<tr style=\"height: 33px\">\n<td style=\"width: 100%;height: 33px\">\n<h2 style=\"text-align: center\"><strong><span style=\"color: #ff0000\">IMPORTANTE<\/span><\/strong><\/h2>\n<\/td>\n<\/tr>\n<tr style=\"height: 168px\">\n<td style=\"width: 100%;height: 168px\">&#8211; LA<strong><span style=\"text-decoration: underline\"> BONIFICACI\u00d3N PARA LAS ACTIVIDADES EXTRAESCOLARES<\/span><\/strong> , <span style=\"color: #0000ff\">S\u00d3LO INCLUYE LA PRIMERA ACTIVIDAD<\/span> QUE SE SOLICITA. Si un alumno\/a solicita varias actividades extraescolares y tiene bonificaci\u00f3n, s\u00f3lo se bonifica la primera, las dem\u00e1s tendr\u00e1 que abonarlas.<\/p>\n<p>&#8211; <span style=\"text-decoration: underline\"><strong>BAJAS<\/strong><\/span> de las actividades extraescolares: <span style=\"color: #0000ff\">No se pueden dar de baja una vez iniciado el mes<\/span>, las bajas que se soliciten se har\u00e1n efectivas al finalizar cada mes, teniendo que abonar el mes que se haya iniciado.<\/p>\n<p>&#8211; <span style=\"text-decoration: underline\"><strong>PRECIOS<\/strong><\/span> (acuerdo del 30 de julio de 2024).&nbsp;<\/p>\n<p>&nbsp;<strong>Precio mensual por cada actividad extraescolar:<\/strong> 17,51 \u20ac<\/p>\n<ul>\n<li><strong>PARA MANTENER LOS GRUPOS TIENEN QUE TENER, AL MENOS <span style=\"text-decoration: underline;color: #ff0000\">10 ALUMNOS\/AS.<\/span><\/strong><\/li>\n<\/ul>\n<p>&nbsp;<\/td>\n<\/tr>\n<\/tbody>\n<\/table>\n<p>&nbsp;<\/p>\n<p>&nbsp;Pincha en los enlaces para acceder a TODA LA INFORMACI\u00d3N.<\/p>\n<table style=\"height: 435px;width: 103.856%;background-color: #dff590\" border=\"2\" cellpadding=\"2\">\n<tbody>\n<tr style=\"background-color: #ddf2ac\">\n<td style=\"width: 40.7737%;height: 23px;background-color: #f089ec;border-style: solid;border-color: #0a0101\">\n<h2><strong>INGL\u00c9S INFANTIL<\/strong><\/h2>\n<\/td>\n<td style=\"width: 35.9887%;height: 124px;background-color: #f7f5f7\" rowspan=\"2\"><a href=\"https:\/\/blogsaverroes.juntadeandalucia.es\/ceiplapachar\/files\/2024\/05\/aprendiendo-ingles.jpg\"><img decoding=\"async\" class=\"aligncenter wp-image-6139 size-medium\" src=\"https:\/\/blogsaverroes.juntadeandalucia.es\/ceiplapachar\/files\/2024\/05\/aprendiendo-ingles-300x150.jpg\" alt=\"\" width=\"300\" height=\"150\" srcset=\"https:\/\/blogsaverroes.juntadeandalucia.es\/ceiplapachar\/files\/2024\/05\/aprendiendo-ingles-300x150.jpg 300w, https:\/\/blogsaverroes.juntadeandalucia.es\/ceiplapachar\/files\/2024\/05\/aprendiendo-ingles-1024x512.jpg 1024w, https:\/\/blogsaverroes.juntadeandalucia.es\/ceiplapachar\/files\/2024\/05\/aprendiendo-ingles-768x384.jpg 768w, https:\/\/blogsaverroes.juntadeandalucia.es\/ceiplapachar\/files\/2024\/05\/aprendiendo-ingles.jpg 1080w\" sizes=\"(max-width: 300px) 100vw, 300px\" \/><\/a><\/td>\n<td style=\"width: 58.7105%;height: 23px;background-color: #f089ec\">\n<h2 style=\"text-align: center\"><strong><span style=\"color: #993300\">MARTES<\/span><\/strong><\/h2>\n<h2 style=\"text-align: center\"><strong><span style=\"color: #993300\">Y JUEVES<\/span><\/strong><\/h2>\n<h2 style=\"text-align: center\"><strong><span style=\"color: #993300\">De 16 a 17 horas.<\/span><\/strong><\/h2>\n<\/td>\n<\/tr>\n<tr style=\"height: 101px\">\n<td style=\"width: 40.7737%;background-color: #bcf089;height: 101px;border-style: solid;border-color: #0a0101\">\n<h2><strong>INGL\u00c9S PRIMARIA<\/strong><\/h2>\n<\/td>\n<td style=\"width: 58.7105%;background-color: #caf089;height: 101px\">\n<h2 style=\"text-align: center\"><strong><span style=\"color: #993300\">MARTES<\/span><\/strong><\/h2>\n<h2 style=\"text-align: center\"><strong><span style=\"color: #993300\">Y JUEVES<\/span><\/strong><\/h2>\n<h2 style=\"text-align: center\"><strong><span style=\"color: #993300\">De 17 a 18 horas.<\/span><\/strong><\/h2>\n<\/td>\n<\/tr>\n<tr style=\"background-color: #f2f196\">\n<td style=\"width: 40.7737%;height: 47px\">\n<h3 style=\"text-align: center\"><strong>PINFUVOTE EDUCACI\u00d3N PRIMARIA.<\/strong><\/h3>\n<p style=\"text-align: center\">&nbsp; <a href=\"https:\/\/www.youtube.com\/watch?v=RiEiK5d36cI\">C\u00f3mo jugar al PINFUVOTE.<\/a><\/p>\n<p style=\"text-align: center\">&nbsp; <a href=\"https:\/\/www.youtube.com\/watch?v=zsb_PX_HrWA\">PINFUVOTE en 8 minutos.<\/a><\/p>\n<p style=\"text-align: center\">&nbsp; <a href=\"https:\/\/www.youtube.com\/watch?v=JdeFjToRr9I\">Jugando al PINFUVOTE.<\/a><\/p>\n<p>&nbsp;<\/td>\n<td style=\"width: 35.9887%;height: 47px\"><a href=\"https:\/\/blogsaverroes.juntadeandalucia.es\/ceiplapachar\/files\/2023\/05\/pinfuvote-estudia-deporte.jpg\"><img fetchpriority=\"high\" decoding=\"async\" class=\"size-medium wp-image-5613 aligncenter\" src=\"https:\/\/blogsaverroes.juntadeandalucia.es\/ceiplapachar\/files\/2023\/05\/pinfuvote-estudia-deporte-291x300.jpg\" alt=\"\" width=\"291\" height=\"300\" srcset=\"https:\/\/blogsaverroes.juntadeandalucia.es\/ceiplapachar\/files\/2023\/05\/pinfuvote-estudia-deporte-291x300.jpg 291w, https:\/\/blogsaverroes.juntadeandalucia.es\/ceiplapachar\/files\/2023\/05\/pinfuvote-estudia-deporte-768x791.jpg 768w, https:\/\/blogsaverroes.juntadeandalucia.es\/ceiplapachar\/files\/2023\/05\/pinfuvote-estudia-deporte.jpg 800w\" sizes=\"(max-width: 291px) 100vw, 291px\" \/><\/a><\/td>\n<td style=\"width: 58.7105%;height: 47px\">\n<h2 style=\"text-align: center\"><strong><span style=\"color: #993300\">Lunes<\/span><\/strong><\/h2>\n<h2 style=\"text-align: center\"><strong><span style=\"color: #993300\">y<\/span><\/strong><\/h2>\n<h2 style=\"text-align: center\"><strong><span style=\"color: #993300\">mi\u00e9rcoles.<\/span><\/strong><\/h2>\n<h2 style=\"text-align: center\"><strong><span style=\"color: #993300\">De 16 a 17 horas.<\/span><\/strong><\/h2>\n<\/td>\n<\/tr>\n<tr style=\"background-color: #f0df7f\">\n<td style=\"width: 40.7737%;height: 46px;text-align: center\">\n<h2><strong>MULTIDEPORTE&nbsp;<\/strong><\/h2>\n<h2><strong>EDUCACI\u00d3N INFANTIL<\/strong><\/h2>\n<\/td>\n<td style=\"width: 35.9887%;height: 46px\"><a href=\"https:\/\/blogsaverroes.juntadeandalucia.es\/ceiplapachar\/files\/2025\/05\/multideporte_infantil.jpg\"><img loading=\"lazy\" decoding=\"async\" class=\"size-medium wp-image-6744 aligncenter\" src=\"https:\/\/blogsaverroes.juntadeandalucia.es\/ceiplapachar\/files\/2025\/05\/multideporte_infantil-300x300.jpg\" alt=\"\" width=\"300\" height=\"300\" srcset=\"https:\/\/blogsaverroes.juntadeandalucia.es\/ceiplapachar\/files\/2025\/05\/multideporte_infantil-300x300.jpg 300w, https:\/\/blogsaverroes.juntadeandalucia.es\/ceiplapachar\/files\/2025\/05\/multideporte_infantil-150x150.jpg 150w, https:\/\/blogsaverroes.juntadeandalucia.es\/ceiplapachar\/files\/2025\/05\/multideporte_infantil.jpg 350w\" sizes=\"(max-width: 300px) 100vw, 300px\" \/><\/a><\/td>\n<td style=\"width: 58.7105%;height: 46px\">\n<h2 style=\"text-align: center\"><strong><span style=\"color: #993300\">Lunes<\/span><\/strong><\/h2>\n<h2 style=\"text-align: center\"><strong><span style=\"color: #993300\">y<\/span><\/strong><\/h2>\n<h2 style=\"text-align: center\"><strong><span style=\"color: #993300\">mi\u00e9rcoles.<\/span><\/strong><\/h2>\n<h2 style=\"text-align: center\"><strong><span style=\"color: #993300\">De 16 a 17 horas.<\/span><\/strong><\/h2>\n<\/td>\n<\/tr>\n<tr style=\"height: 218px\">\n<td style=\"width: 40.7737%;text-align: center;height: 218px\">\n<h2><strong>BAILE URBANO<\/strong><\/h2>\n<h2><strong>EDUCACI\u00d3N PRIMARIA<\/strong><\/h2>\n<\/td>\n<td style=\"width: 35.9887%;height: 218px\"><a href=\"https:\/\/blogsaverroes.juntadeandalucia.es\/ceiplapachar\/files\/2025\/05\/BAILE-URBANO.jpg\"><img loading=\"lazy\" decoding=\"async\" class=\"size-full wp-image-6745 aligncenter\" src=\"https:\/\/blogsaverroes.juntadeandalucia.es\/ceiplapachar\/files\/2025\/05\/BAILE-URBANO.jpg\" alt=\"\" width=\"275\" height=\"183\"><\/a><\/td>\n<td style=\"width: 58.7105%;height: 218px\">\n<h2 style=\"text-align: center\"><strong><span style=\"color: #993300\">Lunes<\/span><\/strong><\/h2>\n<h2 style=\"text-align: center\"><strong><span style=\"color: #993300\">y<\/span><\/strong><\/h2>\n<h2 style=\"text-align: center\"><strong><span style=\"color: #993300\">mi\u00e9rcoles.<\/span><\/strong><\/h2>\n<h2 style=\"text-align: center\"><strong><span style=\"color: #993300\">De 17 a 18 horas.<\/span><\/strong><\/h2>\n<\/td>\n<\/tr>\n<\/tbody>\n<\/table>\n<h3 style=\"text-align: center\">&nbsp;<\/h3>\n","protected":false},"excerpt":{"rendered":"<p>&nbsp; &nbsp; ACTIVIDADES EXTRAESCOLARES OFERTADAS PARA EL CURSO 2.025-2.026. \u00bf Te lo vas a perder&#8230;? IMPORTANTE &#8211; LA BONIFICACI\u00d3N PARA LAS ACTIVIDADES EXTRAESCOLARES , S\u00d3LO INCLUYE LA PRIMERA ACTIVIDAD QUE SE SOLICITA. Si un&#46;&#46;&#46;<\/p>\n","protected":false},"author":1,"featured_media":0,"parent":0,"menu_order":0,"comment_status":"closed","ping_status":"open","template":"page-cs.php","meta":{"ngg_post_thumbnail":0,"footnotes":"","_mc_calendar":[]},"aioseo_notices":[],"_links":{"self":[{"href":"https:\/\/blogsaverroes.juntadeandalucia.es\/ceiplapachar\/wp-json\/wp\/v2\/pages\/871"}],"collection":[{"href":"https:\/\/blogsaverroes.juntadeandalucia.es\/ceiplapachar\/wp-json\/wp\/v2\/pages"}],"about":[{"href":"https:\/\/blogsaverroes.juntadeandalucia.es\/ceiplapachar\/wp-json\/wp\/v2\/types\/page"}],"author":[{"embeddable":true,"href":"https:\/\/blogsaverroes.juntadeandalucia.es\/ceiplapachar\/wp-json\/wp\/v2\/users\/1"}],"replies":[{"embeddable":true,"href":"https:\/\/blogsaverroes.juntadeandalucia.es\/ceiplapachar\/wp-json\/wp\/v2\/comments?post=871"}],"version-history":[{"count":38,"href":"https:\/\/blogsaverroes.juntadeandalucia.es\/ceiplapachar\/wp-json\/wp\/v2\/pages\/871\/revisions"}],"predecessor-version":[{"id":6749,"href":"https:\/\/blogsaverroes.juntadeandalucia.es\/ceiplapachar\/wp-json\/wp\/v2\/pages\/871\/revisions\/6749"}],"wp:attachment":[{"href":"https:\/\/blogsaverroes.juntadeandalucia.es\/ceiplapachar\/wp-json\/wp\/v2\/media?parent=871"}],"curies":[{"name":"wp","href":"https:\/\/api.w.org\/{rel}","templated":true}]}}