{"id":2376,"date":"2020-09-06T08:44:58","date_gmt":"2020-09-06T08:44:58","guid":{"rendered":"https:\/\/blogsaverroes.juntadeandalucia.es\/ceiplapaz\/?page_id=2376"},"modified":"2024-03-05T17:13:23","modified_gmt":"2024-03-05T17:13:23","slug":"plan-de-acogida-20-21","status":"publish","type":"page","link":"https:\/\/blogsaverroes.juntadeandalucia.es\/ceiplapaz\/plan-de-acogida-20-21\/","title":{"rendered":"Plan de acogida 2023\/24"},"content":{"rendered":"<p style=\"text-align: justify\">El inicio del curso escolar 2023\/2024 ser\u00e1<strong>&nbsp;un espacio de reflexi\u00f3n, de aprendizaje de h\u00e1bitos de vida saludable y un momento esencial para conocer nuestro estado emocional.&nbsp;<\/strong><\/p>\n<p>Por este motivo, el Equipo directivo, ha elaborado un <strong>Plan de acogida para alumnado, profesorado y familias<\/strong> en el cual se recogen una serie de propuestas de actividades para los primeros d\u00edas del curso, prestando especial atenci\u00f3n al primer d\u00eda de clase.&nbsp;<\/p>\n<p>Pueden consultarlo en el siguiente enlace:<\/p>\n<p><a title=\"plan de acogida 23\/24\" href=\"https:\/\/drive.google.com\/file\/d\/13I5h9-q0ZF3hot3wOU7V2jZnOIEgXYuY\/view?usp=drive_link\">Plan de acogida 23\/24<\/a><\/p>\n<p>&nbsp;<\/p>\n<p><a href=\"https:\/\/blogsaverroes.juntadeandalucia.es\/ceiplapaz\/files\/2020\/09\/smiley-2979107_1920.jpg\"><img loading=\"lazy\" decoding=\"async\" class=\"aligncenter wp-image-2378 \" src=\"https:\/\/blogsaverroes.juntadeandalucia.es\/ceiplapaz\/files\/2020\/09\/smiley-2979107_1920-1024x575.jpg\" alt=\"\" width=\"455\" height=\"255\" srcset=\"https:\/\/blogsaverroes.juntadeandalucia.es\/ceiplapaz\/files\/2020\/09\/smiley-2979107_1920-1024x575.jpg 1024w, https:\/\/blogsaverroes.juntadeandalucia.es\/ceiplapaz\/files\/2020\/09\/smiley-2979107_1920-300x169.jpg 300w, https:\/\/blogsaverroes.juntadeandalucia.es\/ceiplapaz\/files\/2020\/09\/smiley-2979107_1920-768x432.jpg 768w, https:\/\/blogsaverroes.juntadeandalucia.es\/ceiplapaz\/files\/2020\/09\/smiley-2979107_1920-1536x863.jpg 1536w, https:\/\/blogsaverroes.juntadeandalucia.es\/ceiplapaz\/files\/2020\/09\/smiley-2979107_1920-24x13.jpg 24w, https:\/\/blogsaverroes.juntadeandalucia.es\/ceiplapaz\/files\/2020\/09\/smiley-2979107_1920-36x20.jpg 36w, https:\/\/blogsaverroes.juntadeandalucia.es\/ceiplapaz\/files\/2020\/09\/smiley-2979107_1920-48x27.jpg 48w, https:\/\/blogsaverroes.juntadeandalucia.es\/ceiplapaz\/files\/2020\/09\/smiley-2979107_1920.jpg 1600w\" sizes=\"(max-width: 455px) 100vw, 455px\" \/><\/a><\/p>\n","protected":false},"excerpt":{"rendered":"<p>El inicio del curso escolar 2023\/2024 ser\u00e1&nbsp;un espacio de reflexi\u00f3n, de aprendizaje de h\u00e1bitos de vida saludable y un momento esencial para conocer nuestro estado emocional.&nbsp; Por este motivo, el Equipo directivo, ha elaborado&#46;&#46;&#46;<\/p>\n","protected":false},"author":7716,"featured_media":0,"parent":0,"menu_order":3,"comment_status":"closed","ping_status":"closed","template":"","meta":{"ngg_post_thumbnail":0,"footnotes":"","_mc_calendar":[]},"aioseo_notices":[],"_links":{"self":[{"href":"https:\/\/blogsaverroes.juntadeandalucia.es\/ceiplapaz\/wp-json\/wp\/v2\/pages\/2376"}],"collection":[{"href":"https:\/\/blogsaverroes.juntadeandalucia.es\/ceiplapaz\/wp-json\/wp\/v2\/pages"}],"about":[{"href":"https:\/\/blogsaverroes.juntadeandalucia.es\/ceiplapaz\/wp-json\/wp\/v2\/types\/page"}],"author":[{"embeddable":true,"href":"https:\/\/blogsaverroes.juntadeandalucia.es\/ceiplapaz\/wp-json\/wp\/v2\/users\/7716"}],"replies":[{"embeddable":true,"href":"https:\/\/blogsaverroes.juntadeandalucia.es\/ceiplapaz\/wp-json\/wp\/v2\/comments?post=2376"}],"version-history":[{"count":5,"href":"https:\/\/blogsaverroes.juntadeandalucia.es\/ceiplapaz\/wp-json\/wp\/v2\/pages\/2376\/revisions"}],"predecessor-version":[{"id":2514,"href":"https:\/\/blogsaverroes.juntadeandalucia.es\/ceiplapaz\/wp-json\/wp\/v2\/pages\/2376\/revisions\/2514"}],"wp:attachment":[{"href":"https:\/\/blogsaverroes.juntadeandalucia.es\/ceiplapaz\/wp-json\/wp\/v2\/media?parent=2376"}],"curies":[{"name":"wp","href":"https:\/\/api.w.org\/{rel}","templated":true}]}}