{"id":35,"date":"2015-03-13T08:21:43","date_gmt":"2015-03-13T08:21:43","guid":{"rendered":"http:\/\/blogsaverroes.juntadeandalucia.es\/pre\/ceip\/?page_id=35"},"modified":"2020-08-29T17:12:42","modified_gmt":"2020-08-29T17:12:42","slug":"el-centro-2","status":"publish","type":"page","link":"https:\/\/blogsaverroes.juntadeandalucia.es\/ceiplapaz\/el-centro-2\/","title":{"rendered":"Datos del centro"},"content":{"rendered":"<p>[googlemaps https:\/\/www.google.com\/maps\/embed?pb=!1m14!1m8!1m3!1d12603.38770216281!2d-4.9315425!3d37.8404693!3m2!1i1024!2i768!4f13.1!3m3!1m2!1s0x0%3A0x7f23ba9c4fd61da0!2sColegio%20P%C3%BAblico%20La%20Paz!5e0!3m2!1ses!2ses!4v1598720735964!5m2!1ses!2ses&amp;w=600&amp;h=450]<\/p>\n<h4>Datos de contacto<\/h4>\n<p>C.E.I.P La Paz<\/p>\n<p><strong>Direcci\u00f3n:<\/strong>&nbsp; Vered\u00f3n de los Frailes s\/n- Villarrubia- 14710 (C\u00f3rdoba)<\/p>\n<p><strong>Tel\u00e9fono \/ FAX:&nbsp; 957 379 602<\/strong><br \/>\n<strong>Email:<\/strong>&nbsp; 14600899.edu@juntadeandalucia.es<\/p>\n<p>&nbsp;<\/p>\n<h4><strong>Oferta educativa<\/strong><\/h4>\n<p>En el C.E.I.P La Paz se imparten las ense\u00f1anzas de Educaci\u00f3n Infantil (Segundo Ciclo de 3 a 5 a\u00f1os) y Educaci\u00f3n Primaria (6 a 12 a\u00f1os).<\/p>\n<p>&nbsp;<\/p>\n<p><strong>Servicios del centro<\/strong><\/p>\n<p>Aula matinal<\/p>\n<p>Comedor<\/p>\n<p>Actividades extraescolares<\/p>\n","protected":false},"excerpt":{"rendered":"<p>[googlemaps https:\/\/www.google.com\/maps\/embed?pb=!1m14!1m8!1m3!1d12603.38770216281!2d-4.9315425!3d37.8404693!3m2!1i1024!2i768!4f13.1!3m3!1m2!1s0x0%3A0x7f23ba9c4fd61da0!2sColegio%20P%C3%BAblico%20La%20Paz!5e0!3m2!1ses!2ses!4v1598720735964!5m2!1ses!2ses&amp;w=600&amp;h=450] Datos de contacto C.E.I.P La Paz Direcci\u00f3n:&nbsp; Vered\u00f3n de los Frailes s\/n- Villarrubia- 14710 (C\u00f3rdoba) Tel\u00e9fono \/ FAX:&nbsp; 957 379 602 Email:&nbsp; 14600899.edu@juntadeandalucia.es &nbsp; Oferta educativa En el C.E.I.P La Paz se&#46;&#46;&#46;<\/p>\n","protected":false},"author":1,"featured_media":0,"parent":0,"menu_order":0,"comment_status":"open","ping_status":"open","template":"","meta":{"ngg_post_thumbnail":0,"footnotes":"","_mc_calendar":[]},"aioseo_notices":[],"_links":{"self":[{"href":"https:\/\/blogsaverroes.juntadeandalucia.es\/ceiplapaz\/wp-json\/wp\/v2\/pages\/35"}],"collection":[{"href":"https:\/\/blogsaverroes.juntadeandalucia.es\/ceiplapaz\/wp-json\/wp\/v2\/pages"}],"about":[{"href":"https:\/\/blogsaverroes.juntadeandalucia.es\/ceiplapaz\/wp-json\/wp\/v2\/types\/page"}],"author":[{"embeddable":true,"href":"https:\/\/blogsaverroes.juntadeandalucia.es\/ceiplapaz\/wp-json\/wp\/v2\/users\/1"}],"replies":[{"embeddable":true,"href":"https:\/\/blogsaverroes.juntadeandalucia.es\/ceiplapaz\/wp-json\/wp\/v2\/comments?post=35"}],"version-history":[{"count":28,"href":"https:\/\/blogsaverroes.juntadeandalucia.es\/ceiplapaz\/wp-json\/wp\/v2\/pages\/35\/revisions"}],"predecessor-version":[{"id":2302,"href":"https:\/\/blogsaverroes.juntadeandalucia.es\/ceiplapaz\/wp-json\/wp\/v2\/pages\/35\/revisions\/2302"}],"wp:attachment":[{"href":"https:\/\/blogsaverroes.juntadeandalucia.es\/ceiplapaz\/wp-json\/wp\/v2\/media?parent=35"}],"curies":[{"name":"wp","href":"https:\/\/api.w.org\/{rel}","templated":true}]}}