{"id":49,"date":"2015-03-13T08:47:05","date_gmt":"2015-03-13T08:47:05","guid":{"rendered":"http:\/\/blogsaverroes.juntadeandalucia.es\/pre\/ceip\/?page_id=49"},"modified":"2024-11-10T12:46:05","modified_gmt":"2024-11-10T12:46:05","slug":"proyecto-educativo","status":"publish","type":"page","link":"https:\/\/blogsaverroes.juntadeandalucia.es\/ceiplapaz\/proyecto-educativo\/","title":{"rendered":"Proyecto Educativo"},"content":{"rendered":"<p><img loading=\"lazy\" decoding=\"async\" class=\"\" src=\"https:\/\/media.istockphoto.com\/id\/1133385963\/es\/foto\/trabajo-en-equipo-del-personal.jpg?s=612x612&amp;w=0&amp;k=20&amp;c=Q8G4eDk2pSvYqPZQdQh2_KxgoU6iP6EyeqezQRw2Tk4=\" alt=\"trabajo en equipo del personal - proyecto educativo fotograf\u00edas e im\u00e1genes de stock\" width=\"416\" height=\"240\"><\/p>\n<p>Un centro se define en gran medida por su <strong>Proyecto Educativo<\/strong>. En \u00e9l se plasma el modelo educativo y la concreci\u00f3n de la normativa que un centro realiza respecto a las ense\u00f1anzas que imparte. Aspectos tales como las finales educativas, objetivos, atenci\u00f3n a la diversidad, etc. Que la web de un centro informe de su Proyecto Educativo es una apuesta clara por la <strong>transparencia<\/strong>.<\/p>\n<p>&nbsp;<\/p>\n<p><span style=\"text-decoration: underline\"><strong>PROYECTO EDUCATIVO CEIP LA PAZ<\/strong><\/span><\/p>\n<p><a href=\"https:\/\/drive.google.com\/file\/d\/1I_OgcURraU0eZBRKdrYgOxDjEchldHfd\/view?usp=sharing\">\u00cdNDICE PROYECTO EDUCATIVO<\/a><\/p>\n<p><a href=\"https:\/\/drive.google.com\/file\/d\/1bRRagrUnlGQBC1TdZRgMsdk8b2CfhZ9u\/view?usp=sharing\">1. OBJETIVOS PROPIOS PARA LA MEJORA DEL RENDIMIENTO ESCOLAR<\/a><\/p>\n<p><a href=\"https:\/\/drive.google.com\/file\/d\/1aWZCxchBpbhEHxi6oaEWzh6cff6YZc3c\/view?usp=sharing\"> 2.L\u00cdNEAS GENERALES DE ACTUACI\u00d3N PEDAG\u00d3GICA<\/a><\/p>\n<p><a href=\"https:\/\/drive.google.com\/file\/d\/1B9dbhLyOPb2CtCj8iHJ9arJergefFBXj\/view?usp=sharing\">3. COORDINACI\u00d3N Y CONCRECI\u00d3N DE LOS CONTENIDOS CURRICULARES, AS\u00cd COMO EL TRATAMIENTO TRANSVERSAL EN LAS \u00c1REAS DE LA EDUCACI\u00d3N EN VALORES Y OTRAS ENSE\u00d1ANZAS, INTEGRANDO LA IGUALDAD DE G\u00c9NERO COMO UN OBJETIVO PRIMORDIAL.<\/a><\/p>\n<p><a href=\"https:\/\/drive.google.com\/file\/d\/1JII3DuhHRhqqPZLs9c8-NRQyKZOIcuKq\/view?usp=sharing\">4. LOS CRITERIOS PEDAG\u00d3GICOS PARA LA DETERMINACI\u00d3N DE LOS \u00d3RGANOS DE COORDINACI\u00d3N DOCENTE DEL CENTRO Y DEL HORARIO DE DEDICACI\u00d3N DE LAS PERSONAS RESPONSABLES DE LAS MISMAS PARA LA REALIZACI\u00d3N DE SUS FUNCIONES, DE CONFORMIDAD CON EL N\u00daMERO TOTAL DE HORAS QUE, A TALES EFECTOS, SE ESTABLEZCA POR ORDEN DE LA PERSONA TITULAR DE LAS CONSEJER\u00cdA COMPETENTE EN MATERIA DE EDUCACI\u00d3N.<\/a><\/p>\n<p><a href=\"https:\/\/drive.google.com\/file\/d\/1k5AJkotPcRzzxv83fhXX3gRP2B81dS1P\/view?usp=sharing\"> 5.LOS PROCEDIMIENTOS Y CRITERIOS DE EVALUACI\u00d3N Y PROMOCI\u00d3N DEL ALUMNADO<\/a><\/p>\n<p><a href=\"https:\/\/drive.google.com\/file\/d\/1SuiYDnTFaNgkRzPggrSuyO3D3wfinH6P\/view?usp=sharing\">6. MEDIDAS DE ATENCI\u00d3N A LA DIVERSIDAD Y A LAS DIFERENCIAS INDIVIDUALES.<\/a><\/p>\n<p><a href=\"https:\/\/drive.google.com\/file\/d\/1TqPUG6qGh7AZffUQ9njkHXal1XQnCuNt\/view?usp=sharing\">7. LA ORGANIZACI\u00d3N DE LAS ACTIVIDADES DE RECUPERACI\u00d3N PARA EL ALUMNADO CON \u00c1REAS PENDIENTES DE EVALUACI\u00d3N POSITIVA.<\/a><\/p>\n<p><a href=\"https:\/\/drive.google.com\/file\/d\/1D1ReZ062bDrdcQqJXVyzt71BHbPJQIuE\/view?usp=sharing\">8. PLAN DE ORIENTACI\u00d3N Y ACCI\u00d3N TUTORIAL.<\/a><\/p>\n<p><a href=\"https:\/\/drive.google.com\/file\/d\/1iwHGnLQU4mHYArgHvqjVNNqF2S9FkBph\/view?usp=sharing\">9.PROCEDIMIENTO PARA SUSCRIBIR COMPROMISOS EDUCATIVOS Y DE CONVIVENCIA CON LAS FAMILIAS.<\/a><\/p>\n<p><a title=\"10.PLAN DE CONVIVENCIA\" href=\"https:\/\/docs.google.com\/document\/d\/1zuJYOdwYE39ISIFSu-lG1c6jMapEfQSN\/edit?usp=sharing&amp;ouid=101978232683910678560&amp;rtpof=true&amp;sd=true\">10. PLAN DE CONVIVENCIA<\/a><\/p>\n<p><a href=\"https:\/\/drive.google.com\/file\/d\/1MNF2se9Cqqw6DGeO1pNNKdYd448j0Ke3\/view?usp=sharing\">11.PLAN DE FORMACI\u00d3N 24-25<\/a><\/p>\n<p><a title=\"12.CRITERIOS PARA ORGANIZAR Y DISTRIBUIR EL TIEMPO ESCOLAR\" href=\"https:\/\/docs.google.com\/document\/d\/1JbuS1ZV_vkXF0NPuHEFXtKk3bBlWWAPa\/edit?usp=sharing&amp;ouid=101978232683910678560&amp;rtpof=true&amp;sd=true\">12.CRITERIOS PARA ORGANIZAR Y DISTRIBUIR EL TIEMPO ESCOLAR<\/a><\/p>\n<p><a title=\"13. PROCEDIMIENTOS DE EVALUACI\u00d3N INTERNA\" href=\"https:\/\/docs.google.com\/document\/d\/1J3u-1xor7NOqG3orrXbLBak4C8u9q4Lx\/edit?usp=sharing&amp;ouid=101978232683910678560&amp;rtpof=true&amp;sd=true\">13. PROCEDIMIENTOS DE EVALUACI\u00d3N INTERNA<\/a><\/p>\n<p><a title=\"14.CRITERIOS DE AGRUPAMIENTO DE ALUMNADO Y ASIGNACI\u00d3N DE TUTOR\u00cdAS\" href=\"https:\/\/docs.google.com\/document\/d\/1KyjPoKPd9VaQPySi_n1YAmIa6TC111Ke\/edit?usp=sharing&amp;ouid=101978232683910678560&amp;rtpof=true&amp;sd=true\">14.CRITERIOS DE AGRUPAMIENTO DE ALUMNADO Y ASIGNACI\u00d3N DE TUTOR\u00cdAS<\/a><\/p>\n<p><a href=\"https:\/\/drive.google.com\/file\/d\/1slBLJVAjbqhdwHST7Iy9hsNro_x-tKji\/view?usp=sharing\">15.CRITERIOS GENERALES PARA LA ELABORACI\u00d3N DE LAS PROGRAMACIONES DID\u00c1CTICAS DE LAS \u00c1REAS DE EDUCACI\u00d3N PRIMARIA Y LA EDUCACI\u00d3N ESPECIAL Y LAS PROPUESTAS PEDAG\u00d3GICAS DE LA EDUCACI\u00d3N INFANTIL.<\/a><\/p>\n<p><a href=\"https:\/\/drive.google.com\/file\/d\/1VTtfOofa9DT6Trg52_VUE7S5nJMm44l9\/view?usp=sharing\">16. LOS PLANES ESTRAT\u00c9GICOS QUE, EN SU CASO, SE DESARROLLEN EN EL CENTRO:<\/a><\/p>\n<p>&nbsp;<\/p>\n<p><strong>CRITERIOS DE EVALUACI\u00d3N DEL ALUMNADO<\/strong><\/p>\n<p><a href=\"https:\/\/drive.google.com\/file\/d\/18tmzuZivoLHCepogzlQwa3qzYi2joojV\/view\">-Criterios de Evaluaci\u00f3n de Educaci\u00f3n Infantil&nbsp;<\/a><\/p>\n<p>&#8211;<a href=\"https:\/\/drive.google.com\/file\/d\/1lf8ot96YfaXajfQWTXXDosvzXzZU74kT\/view?usp=drive_link\">Criterios de Evaluaci\u00f3n de 1\u00ba de Primaria&nbsp;<\/a><\/p>\n<p><a href=\"https:\/\/drive.google.com\/file\/d\/152CmNwADzrQ6pRTaMBvR2bt9pR9yrMXp\/view?usp=drive_link\">-Criterios de Evaluaci\u00f3n de 2\u00ba de Primaria<\/a><\/p>\n<p><a href=\"https:\/\/drive.google.com\/file\/d\/1vl784h8rygigAehztdCaZXBHeh81iRux\/view?usp=drive_link\">-Criterios de Evaluaci\u00f3n de 3\u00ba de Primaria<\/a><\/p>\n<p><a href=\"https:\/\/drive.google.com\/file\/d\/1lj4wHuKc17_RZjG5FaufSxs0k9wd5Hw8\/view?usp=drive_link\">-Criterios de Evaluaci\u00f3n de 4\u00ba de Primaria<\/a><\/p>\n<p><a href=\"https:\/\/drive.google.com\/file\/d\/1cTtTa_WWW4IXelKjl-gudaekGcwmE8Tr\/view?usp=drive_link\">-Criterios de Evaluaci\u00f3n de 5\u00ba de Primaria<\/a><\/p>\n<p><a href=\"https:\/\/drive.google.com\/file\/d\/1aYZcH6yDXw-i_wG7qEs-8IOU_rxbfaPB\/view?usp=drive_link\">-Criterios de Evaluaci\u00f3n de 6\u00ba de Primaria<\/a><\/p>\n<p>&nbsp;<\/p>\n","protected":false},"excerpt":{"rendered":"<p>Un centro se define en gran medida por su Proyecto Educativo. En \u00e9l se plasma el modelo educativo y la concreci\u00f3n de la normativa que un centro realiza respecto a las ense\u00f1anzas que imparte.&#46;&#46;&#46;<\/p>\n","protected":false},"author":1,"featured_media":0,"parent":0,"menu_order":0,"comment_status":"open","ping_status":"open","template":"page-templates\/child-menu.php","meta":{"ngg_post_thumbnail":0,"footnotes":"","_mc_calendar":[]},"aioseo_notices":[],"_links":{"self":[{"href":"https:\/\/blogsaverroes.juntadeandalucia.es\/ceiplapaz\/wp-json\/wp\/v2\/pages\/49"}],"collection":[{"href":"https:\/\/blogsaverroes.juntadeandalucia.es\/ceiplapaz\/wp-json\/wp\/v2\/pages"}],"about":[{"href":"https:\/\/blogsaverroes.juntadeandalucia.es\/ceiplapaz\/wp-json\/wp\/v2\/types\/page"}],"author":[{"embeddable":true,"href":"https:\/\/blogsaverroes.juntadeandalucia.es\/ceiplapaz\/wp-json\/wp\/v2\/users\/1"}],"replies":[{"embeddable":true,"href":"https:\/\/blogsaverroes.juntadeandalucia.es\/ceiplapaz\/wp-json\/wp\/v2\/comments?post=49"}],"version-history":[{"count":18,"href":"https:\/\/blogsaverroes.juntadeandalucia.es\/ceiplapaz\/wp-json\/wp\/v2\/pages\/49\/revisions"}],"predecessor-version":[{"id":2559,"href":"https:\/\/blogsaverroes.juntadeandalucia.es\/ceiplapaz\/wp-json\/wp\/v2\/pages\/49\/revisions\/2559"}],"wp:attachment":[{"href":"https:\/\/blogsaverroes.juntadeandalucia.es\/ceiplapaz\/wp-json\/wp\/v2\/media?parent=49"}],"curies":[{"name":"wp","href":"https:\/\/api.w.org\/{rel}","templated":true}]}}