{"id":99,"date":"2015-03-16T07:22:54","date_gmt":"2015-03-16T07:22:54","guid":{"rendered":"http:\/\/blogsaverroes.juntadeandalucia.es\/pre\/ceip\/?page_id=99"},"modified":"2020-09-06T08:34:15","modified_gmt":"2020-09-06T08:34:15","slug":"comedor-escolar","status":"publish","type":"page","link":"https:\/\/blogsaverroes.juntadeandalucia.es\/ceiplapaz\/comedor-escolar\/","title":{"rendered":"Comedor escolar"},"content":{"rendered":"<p>El comedor escolar es un servicio complementario que resulta de gran utilidad a padres y madres para ayudarles a conciliar la vida laboral y familiar.<\/p>\n<p>El horario del comedor del centro es de : <span style=\"color: #3366ff\"><strong>14.00 a 16.00 horas,<\/strong><\/span> pudiendo recoger las familias a sus hijos\/as una vez hayan terminado de comer.&nbsp;<\/p>\n<p>En nuestro centro, este servicio se desarrolla a trav\u00e9s de la empresa&nbsp;<b>MEDITERR\u00c1NEA.<\/b><\/p>\n<div>\n<ul>\n<li><b>Tlfno: 952 03 82 48<\/b><\/li>\n<li><strong><span role=\"link\" aria-label=\"Llamar al n\u00famero de tel\u00e9fono 957 29 33 40\">Tlfno:&nbsp; 957 29 33 40<\/span><\/strong><\/li>\n<li><a href=\"https:\/\/www.mediterranea-group.com\/inicio\/\">https:\/\/www.mediterranea-group.com\/inicio\/<\/a><\/li>\n<\/ul>\n<p>&nbsp;<\/p>\n<p>La petici\u00f3n de alta, baja o cualquier modificaci\u00f3n de USO del servicio debe hacerse en la Secretar\u00eda del centro.<\/p>\n<\/div>\n<p>Para el curso 2020\/21 contamos con 20 usuarios de comedor.&nbsp;<\/p>\n","protected":false},"excerpt":{"rendered":"<p>El comedor escolar es un servicio complementario que resulta de gran utilidad a padres y madres para ayudarles a conciliar la vida laboral y familiar. El horario del comedor del centro es de :&#46;&#46;&#46;<\/p>\n","protected":false},"author":1,"featured_media":0,"parent":0,"menu_order":0,"comment_status":"open","ping_status":"open","template":"page-templates\/child-menu.php","meta":{"ngg_post_thumbnail":0,"footnotes":"","_mc_calendar":[]},"aioseo_notices":[],"_links":{"self":[{"href":"https:\/\/blogsaverroes.juntadeandalucia.es\/ceiplapaz\/wp-json\/wp\/v2\/pages\/99"}],"collection":[{"href":"https:\/\/blogsaverroes.juntadeandalucia.es\/ceiplapaz\/wp-json\/wp\/v2\/pages"}],"about":[{"href":"https:\/\/blogsaverroes.juntadeandalucia.es\/ceiplapaz\/wp-json\/wp\/v2\/types\/page"}],"author":[{"embeddable":true,"href":"https:\/\/blogsaverroes.juntadeandalucia.es\/ceiplapaz\/wp-json\/wp\/v2\/users\/1"}],"replies":[{"embeddable":true,"href":"https:\/\/blogsaverroes.juntadeandalucia.es\/ceiplapaz\/wp-json\/wp\/v2\/comments?post=99"}],"version-history":[{"count":6,"href":"https:\/\/blogsaverroes.juntadeandalucia.es\/ceiplapaz\/wp-json\/wp\/v2\/pages\/99\/revisions"}],"predecessor-version":[{"id":2373,"href":"https:\/\/blogsaverroes.juntadeandalucia.es\/ceiplapaz\/wp-json\/wp\/v2\/pages\/99\/revisions\/2373"}],"wp:attachment":[{"href":"https:\/\/blogsaverroes.juntadeandalucia.es\/ceiplapaz\/wp-json\/wp\/v2\/media?parent=99"}],"curies":[{"name":"wp","href":"https:\/\/api.w.org\/{rel}","templated":true}]}}