{"id":3836,"date":"2022-11-17T08:46:05","date_gmt":"2022-11-17T08:46:05","guid":{"rendered":"http:\/\/blogsaverroes.juntadeandalucia.es\/ceiplapazsanlucar\/?page_id=3836"},"modified":"2022-12-15T10:15:41","modified_gmt":"2022-12-15T10:15:41","slug":"educacion-primaria","status":"publish","type":"page","link":"https:\/\/blogsaverroes.juntadeandalucia.es\/ceiplapazsanlucar\/educacion-primaria\/","title":{"rendered":"Educaci\u00f3n Primaria"},"content":{"rendered":"<p>La etapa de Educaci\u00f3n Primaria comprende desde los 6 a los 12 a\u00f1os de edad. El alumnado se agrupa en tres ciclos escolares:<\/p>\n<ul>\n<li>1\u00ba Ciclo: Primero y Segundo de Primaria<\/li>\n<li>2\u00ba Ciclo: Tercero y Cuarto de Primaria<\/li>\n<li>3\u00ba Ciclo: Quinto y Sexto de Primaria.<\/li>\n<\/ul>\n<p><a href=\"https:\/\/blogsaverroes.juntadeandalucia.es\/ceiplapazsanlucar\/files\/2022\/12\/1647960873830-scaled.jpg\"><img decoding=\"async\" class=\"wp-image-3955 alignleft\" src=\"https:\/\/blogsaverroes.juntadeandalucia.es\/ceiplapazsanlucar\/files\/2022\/12\/1647960873830-150x150.jpg\" alt=\"\" width=\"82\" height=\"82\" srcset=\"https:\/\/blogsaverroes.juntadeandalucia.es\/ceiplapazsanlucar\/files\/2022\/12\/1647960873830-150x150.jpg 150w, https:\/\/blogsaverroes.juntadeandalucia.es\/ceiplapazsanlucar\/files\/2022\/12\/1647960873830-80x80.jpg 80w, https:\/\/blogsaverroes.juntadeandalucia.es\/ceiplapazsanlucar\/files\/2022\/12\/1647960873830-320x320.jpg 320w\" sizes=\"(max-width: 82px) 100vw, 82px\" \/><\/a>Se ubican en el edificio principal del Centro. All\u00ed encontraremos tambi\u00e9n la Secretar\u00eda donde las familias acuden a realizar distintas gestiones.<\/p>\n<p>&nbsp;<\/p>\n<p>Un espacioso hall principal dar\u00e1 acceso a las distintas aulas del centro, al comedor principal y biblioteca escolar.<\/p>\n<p><a href=\"https:\/\/blogsaverroes.juntadeandalucia.es\/ceiplapazsanlucar\/files\/2020\/11\/IMG_20201130_125428-scaled.jpg\"><img decoding=\"async\" class=\"size-thumbnail wp-image-2714 aligncenter\" src=\"https:\/\/blogsaverroes.juntadeandalucia.es\/ceiplapazsanlucar\/files\/2020\/11\/IMG_20201130_125428-150x150.jpg\" alt=\"\" width=\"150\" height=\"150\" srcset=\"https:\/\/blogsaverroes.juntadeandalucia.es\/ceiplapazsanlucar\/files\/2020\/11\/IMG_20201130_125428-150x150.jpg 150w, https:\/\/blogsaverroes.juntadeandalucia.es\/ceiplapazsanlucar\/files\/2020\/11\/IMG_20201130_125428-100x100.jpg 100w, https:\/\/blogsaverroes.juntadeandalucia.es\/ceiplapazsanlucar\/files\/2020\/11\/IMG_20201130_125428-432x432.jpg 432w, https:\/\/blogsaverroes.juntadeandalucia.es\/ceiplapazsanlucar\/files\/2020\/11\/IMG_20201130_125428-268x268.jpg 268w\" sizes=\"(max-width: 150px) 100vw, 150px\" \/><\/a><\/p>\n<p>En la primera planta, adem\u00e1s de las aulas restantes, encontraremos dos aulas de <a href=\"https:\/\/blogsaverroes.juntadeandalucia.es\/ceiplapazsanlucar\/files\/2020\/11\/IMG_20201130_130016-scaled.jpg\"><img decoding=\"async\" class=\" wp-image-2710 alignright\" src=\"https:\/\/blogsaverroes.juntadeandalucia.es\/ceiplapazsanlucar\/files\/2020\/11\/IMG_20201130_130016-150x150.jpg\" alt=\"\" width=\"100\" height=\"100\" srcset=\"https:\/\/blogsaverroes.juntadeandalucia.es\/ceiplapazsanlucar\/files\/2020\/11\/IMG_20201130_130016-150x150.jpg 150w, https:\/\/blogsaverroes.juntadeandalucia.es\/ceiplapazsanlucar\/files\/2020\/11\/IMG_20201130_130016-100x100.jpg 100w, https:\/\/blogsaverroes.juntadeandalucia.es\/ceiplapazsanlucar\/files\/2020\/11\/IMG_20201130_130016-432x432.jpg 432w, https:\/\/blogsaverroes.juntadeandalucia.es\/ceiplapazsanlucar\/files\/2020\/11\/IMG_20201130_130016-268x268.jpg 268w\" sizes=\"(max-width: 100px) 100vw, 100px\" \/><\/a>Inform\u00e1tica, un aula de M\u00fasica y el aula espec\u00edfica.<\/p>\n<p>&nbsp;<\/p>\n<p>Los espacios exteriores del Centro son muy amplios, con zonas de arbolado, pistas deportivas, zona &#8220;merenderos&#8221;&#8230;.<\/p>\n<p><a href=\"https:\/\/blogsaverroes.juntadeandalucia.es\/ceiplapazsanlucar\/files\/2020\/11\/Patio7.jpg\"><img loading=\"lazy\" decoding=\"async\" class=\"wp-image-2664 aligncenter\" src=\"https:\/\/blogsaverroes.juntadeandalucia.es\/ceiplapazsanlucar\/files\/2020\/11\/Patio7-150x150.jpg\" alt=\"\" width=\"171\" height=\"171\" srcset=\"https:\/\/blogsaverroes.juntadeandalucia.es\/ceiplapazsanlucar\/files\/2020\/11\/Patio7-150x150.jpg 150w, https:\/\/blogsaverroes.juntadeandalucia.es\/ceiplapazsanlucar\/files\/2020\/11\/Patio7-100x100.jpg 100w, https:\/\/blogsaverroes.juntadeandalucia.es\/ceiplapazsanlucar\/files\/2020\/11\/Patio7-432x432.jpg 432w, https:\/\/blogsaverroes.juntadeandalucia.es\/ceiplapazsanlucar\/files\/2020\/11\/Patio7-268x268.jpg 268w\" sizes=\"(max-width: 171px) 100vw, 171px\" \/><\/a><\/p>\n<p>&nbsp;<\/p>\n","protected":false},"excerpt":{"rendered":"<p>La etapa de Educaci\u00f3n Primaria comprende desde los 6 a los 12 a\u00f1os de edad. El alumnado se agrupa en tres ciclos escolares: 1\u00ba Ciclo: Primero y Segundo de Primaria 2\u00ba Ciclo: Tercero y&#46;&#46;&#46;<\/p>\n","protected":false},"author":2429,"featured_media":0,"parent":0,"menu_order":0,"comment_status":"closed","ping_status":"closed","template":"","meta":{"ngg_post_thumbnail":0,"footnotes":"","_mc_calendar":[]},"aioseo_notices":[],"post_mailing_queue_ids":[],"_links":{"self":[{"href":"https:\/\/blogsaverroes.juntadeandalucia.es\/ceiplapazsanlucar\/wp-json\/wp\/v2\/pages\/3836"}],"collection":[{"href":"https:\/\/blogsaverroes.juntadeandalucia.es\/ceiplapazsanlucar\/wp-json\/wp\/v2\/pages"}],"about":[{"href":"https:\/\/blogsaverroes.juntadeandalucia.es\/ceiplapazsanlucar\/wp-json\/wp\/v2\/types\/page"}],"author":[{"embeddable":true,"href":"https:\/\/blogsaverroes.juntadeandalucia.es\/ceiplapazsanlucar\/wp-json\/wp\/v2\/users\/2429"}],"replies":[{"embeddable":true,"href":"https:\/\/blogsaverroes.juntadeandalucia.es\/ceiplapazsanlucar\/wp-json\/wp\/v2\/comments?post=3836"}],"version-history":[{"count":3,"href":"https:\/\/blogsaverroes.juntadeandalucia.es\/ceiplapazsanlucar\/wp-json\/wp\/v2\/pages\/3836\/revisions"}],"predecessor-version":[{"id":3958,"href":"https:\/\/blogsaverroes.juntadeandalucia.es\/ceiplapazsanlucar\/wp-json\/wp\/v2\/pages\/3836\/revisions\/3958"}],"wp:attachment":[{"href":"https:\/\/blogsaverroes.juntadeandalucia.es\/ceiplapazsanlucar\/wp-json\/wp\/v2\/media?parent=3836"}],"curies":[{"name":"wp","href":"https:\/\/api.w.org\/{rel}","templated":true}]}}