{"id":3866,"date":"2022-11-26T20:51:18","date_gmt":"2022-11-26T20:51:18","guid":{"rendered":"http:\/\/blogsaverroes.juntadeandalucia.es\/ceiplapazsanlucar\/?page_id=3866"},"modified":"2022-12-06T09:10:03","modified_gmt":"2022-12-06T09:10:03","slug":"aula-matinal","status":"publish","type":"page","link":"https:\/\/blogsaverroes.juntadeandalucia.es\/ceiplapazsanlucar\/aula-matinal\/","title":{"rendered":"Aula Matinal"},"content":{"rendered":"<p>Nuestro Centro ofrece el servicio de <strong>&#8220;Aula Matinal&#8221;<\/strong> en horario de <span style=\"color: #0000ff\"><strong>7:30 a 9:00<\/strong><\/span>. Actualmente disponemos de dos ubicaciones para ofrecer una respuesta educativa de calidad:<\/p>\n<ul>\n<li>Aula Matinal en el Edificio de Educaci\u00f3n Infantil para alumnado de 3 a 5 a\u00f1os.<\/li>\n<li>Aula Matinal en el Edificio de Educaci\u00f3n Primaria para alumnado de 6 a 12 a\u00f1os.<\/li>\n<\/ul>\n<p style=\"text-align: justify\"><a href=\"https:\/\/blogsaverroes.juntadeandalucia.es\/ceiplapazsanlucar\/files\/2022\/12\/abstract-cartoon-art-5848595_1920.jpg\"><img decoding=\"async\" class=\"wp-image-3921 alignright\" src=\"https:\/\/blogsaverroes.juntadeandalucia.es\/ceiplapazsanlucar\/files\/2022\/12\/abstract-cartoon-art-5848595_1920-150x150.jpg\" alt=\"\" width=\"132\" height=\"132\" srcset=\"https:\/\/blogsaverroes.juntadeandalucia.es\/ceiplapazsanlucar\/files\/2022\/12\/abstract-cartoon-art-5848595_1920-150x150.jpg 150w, https:\/\/blogsaverroes.juntadeandalucia.es\/ceiplapazsanlucar\/files\/2022\/12\/abstract-cartoon-art-5848595_1920-300x300.jpg 300w, https:\/\/blogsaverroes.juntadeandalucia.es\/ceiplapazsanlucar\/files\/2022\/12\/abstract-cartoon-art-5848595_1920-1024x1024.jpg 1024w, https:\/\/blogsaverroes.juntadeandalucia.es\/ceiplapazsanlucar\/files\/2022\/12\/abstract-cartoon-art-5848595_1920-768x768.jpg 768w, https:\/\/blogsaverroes.juntadeandalucia.es\/ceiplapazsanlucar\/files\/2022\/12\/abstract-cartoon-art-5848595_1920-1536x1536.jpg 1536w, https:\/\/blogsaverroes.juntadeandalucia.es\/ceiplapazsanlucar\/files\/2022\/12\/abstract-cartoon-art-5848595_1920-80x80.jpg 80w, https:\/\/blogsaverroes.juntadeandalucia.es\/ceiplapazsanlucar\/files\/2022\/12\/abstract-cartoon-art-5848595_1920-320x320.jpg 320w, https:\/\/blogsaverroes.juntadeandalucia.es\/ceiplapazsanlucar\/files\/2022\/12\/abstract-cartoon-art-5848595_1920-24x24.jpg 24w, https:\/\/blogsaverroes.juntadeandalucia.es\/ceiplapazsanlucar\/files\/2022\/12\/abstract-cartoon-art-5848595_1920-36x36.jpg 36w, https:\/\/blogsaverroes.juntadeandalucia.es\/ceiplapazsanlucar\/files\/2022\/12\/abstract-cartoon-art-5848595_1920-48x48.jpg 48w, https:\/\/blogsaverroes.juntadeandalucia.es\/ceiplapazsanlucar\/files\/2022\/12\/abstract-cartoon-art-5848595_1920.jpg 1600w\" sizes=\"(max-width: 132px) 100vw, 132px\" \/><\/a>Esta una actividad promovida por la Junta de Andaluc\u00eda para dar respuesta a la creciente demanda originada por las exigencias laborales de los padres y madres andaluzas, quienes se ven en la necesidad de delegar el cuidado de sus hijos e hijas durante el horario de 7:30 a 9:00 h., momento en el que da comienzo la actividad escolar. Durante este per\u00edodo de tiempo, los ni\u00f1os y ni\u00f1as realizan diversas actividades de car\u00e1cter l\u00fadico y educativo adecuadas a su edad y desarrollo madurativo. Entre otras muchas, se realizan actividades pl\u00e1sticas, dibujo, lectura, psicomotricidad, juegos populares, etc.<\/p>\n<p style=\"text-align: justify\">La atenci\u00f3n al alumnado de aula matinal se realiza por personal cualificado, entre cuyas funciones est\u00e1n las medidas de vigilancia y atenci\u00f3n educativa que precisen los menores en funci\u00f3n de su edad y necesidades.<\/p>\n<h6 style=\"text-align: right\">(<em>fuente: https:\/\/www.juntadeandalucia.es\/educacion\/portals\/web\/ced\/aula-matinal<\/em>)&nbsp;<\/h6>\n","protected":false},"excerpt":{"rendered":"<p>Nuestro Centro ofrece el servicio de &#8220;Aula Matinal&#8221; en horario de 7:30 a 9:00. Actualmente disponemos de dos ubicaciones para ofrecer una respuesta educativa de calidad: Aula Matinal en el Edificio de Educaci\u00f3n Infantil&#46;&#46;&#46;<\/p>\n","protected":false},"author":2429,"featured_media":0,"parent":0,"menu_order":0,"comment_status":"closed","ping_status":"closed","template":"","meta":{"ngg_post_thumbnail":0,"footnotes":"","_mc_calendar":[]},"aioseo_notices":[],"post_mailing_queue_ids":[],"_links":{"self":[{"href":"https:\/\/blogsaverroes.juntadeandalucia.es\/ceiplapazsanlucar\/wp-json\/wp\/v2\/pages\/3866"}],"collection":[{"href":"https:\/\/blogsaverroes.juntadeandalucia.es\/ceiplapazsanlucar\/wp-json\/wp\/v2\/pages"}],"about":[{"href":"https:\/\/blogsaverroes.juntadeandalucia.es\/ceiplapazsanlucar\/wp-json\/wp\/v2\/types\/page"}],"author":[{"embeddable":true,"href":"https:\/\/blogsaverroes.juntadeandalucia.es\/ceiplapazsanlucar\/wp-json\/wp\/v2\/users\/2429"}],"replies":[{"embeddable":true,"href":"https:\/\/blogsaverroes.juntadeandalucia.es\/ceiplapazsanlucar\/wp-json\/wp\/v2\/comments?post=3866"}],"version-history":[{"count":3,"href":"https:\/\/blogsaverroes.juntadeandalucia.es\/ceiplapazsanlucar\/wp-json\/wp\/v2\/pages\/3866\/revisions"}],"predecessor-version":[{"id":3922,"href":"https:\/\/blogsaverroes.juntadeandalucia.es\/ceiplapazsanlucar\/wp-json\/wp\/v2\/pages\/3866\/revisions\/3922"}],"wp:attachment":[{"href":"https:\/\/blogsaverroes.juntadeandalucia.es\/ceiplapazsanlucar\/wp-json\/wp\/v2\/media?parent=3866"}],"curies":[{"name":"wp","href":"https:\/\/api.w.org\/{rel}","templated":true}]}}