{"id":3867,"date":"2022-11-26T20:51:19","date_gmt":"2022-11-26T20:51:19","guid":{"rendered":"http:\/\/blogsaverroes.juntadeandalucia.es\/ceiplapazsanlucar\/?page_id=3867"},"modified":"2023-02-02T08:32:58","modified_gmt":"2023-02-02T08:32:58","slug":"extraescolares","status":"publish","type":"page","link":"https:\/\/blogsaverroes.juntadeandalucia.es\/ceiplapazsanlucar\/extraescolares\/","title":{"rendered":"Extraescolares"},"content":{"rendered":"<p><em>&#8220;Los centros docentes p\u00fablicos que impartan segundo ciclo de educaci\u00f3n infantil, educaci\u00f3n primaria y educaci\u00f3n secundaria podr\u00e1n mantener abiertas sus instalaciones hasta las 18:00 horas con la finalidad de programar actividades de apoyo y refuerzo, dirigidas al alumnado que presente dificultades de aprendizaje, y ofrecer actividades extraescolares que aborden aspectos formativos de inter\u00e9s para el alumnado: idiomas, tecnolog\u00edas de la informaci\u00f3n y comunicaci\u00f3n, talleres de lectura y escritura, actividades de estudio dirigido, actividades formativas y de ocio, deportivas, art\u00edsticas, etc.<\/em><\/p>\n<p><em>Las actividades extraescolares tienen un car\u00e1cter voluntario para el alumnado y en ning\u00fan caso forman parte del proceso de evaluaci\u00f3n del alumnado. La atenci\u00f3n a este tipo de alumnado se realiza con personal que cuenta con la formaci\u00f3n y cualificaci\u00f3n adecuada a las actividades a desarrollar&#8221;.<\/em><\/p>\n<p>&nbsp;<\/p>\n<p>En el CEIP La Paz se ofertan diferentes actividades extraescolares para el alumnado del centro, estas son publicadas y solicitadas en el periodo de matriculaci\u00f3n.&nbsp; Para su desarrollo ser\u00e1 necesario un m\u00ednimo de alumnado inscrito (10).&nbsp;<\/p>\n<p>Algunas actividades extraescolares ofertadas en cursos pasados en nuestro centro son:&nbsp;<\/p>\n<ul>\n<li>Ingl\u00e9s<\/li>\n<li>Baile y psicomotricidad<\/li>\n<li>Ajedrez<\/li>\n<li>La aventura de leer<\/li>\n<\/ul>\n","protected":false},"excerpt":{"rendered":"<p>&#8220;Los centros docentes p\u00fablicos que impartan segundo ciclo de educaci\u00f3n infantil, educaci\u00f3n primaria y educaci\u00f3n secundaria podr\u00e1n mantener abiertas sus instalaciones hasta las 18:00 horas con la finalidad de programar actividades de apoyo y&#46;&#46;&#46;<\/p>\n","protected":false},"author":2429,"featured_media":0,"parent":0,"menu_order":0,"comment_status":"closed","ping_status":"closed","template":"","meta":{"ngg_post_thumbnail":0,"footnotes":"","_mc_calendar":[]},"aioseo_notices":[],"post_mailing_queue_ids":[],"_links":{"self":[{"href":"https:\/\/blogsaverroes.juntadeandalucia.es\/ceiplapazsanlucar\/wp-json\/wp\/v2\/pages\/3867"}],"collection":[{"href":"https:\/\/blogsaverroes.juntadeandalucia.es\/ceiplapazsanlucar\/wp-json\/wp\/v2\/pages"}],"about":[{"href":"https:\/\/blogsaverroes.juntadeandalucia.es\/ceiplapazsanlucar\/wp-json\/wp\/v2\/types\/page"}],"author":[{"embeddable":true,"href":"https:\/\/blogsaverroes.juntadeandalucia.es\/ceiplapazsanlucar\/wp-json\/wp\/v2\/users\/2429"}],"replies":[{"embeddable":true,"href":"https:\/\/blogsaverroes.juntadeandalucia.es\/ceiplapazsanlucar\/wp-json\/wp\/v2\/comments?post=3867"}],"version-history":[{"count":3,"href":"https:\/\/blogsaverroes.juntadeandalucia.es\/ceiplapazsanlucar\/wp-json\/wp\/v2\/pages\/3867\/revisions"}],"predecessor-version":[{"id":4028,"href":"https:\/\/blogsaverroes.juntadeandalucia.es\/ceiplapazsanlucar\/wp-json\/wp\/v2\/pages\/3867\/revisions\/4028"}],"wp:attachment":[{"href":"https:\/\/blogsaverroes.juntadeandalucia.es\/ceiplapazsanlucar\/wp-json\/wp\/v2\/media?parent=3867"}],"curies":[{"name":"wp","href":"https:\/\/api.w.org\/{rel}","templated":true}]}}