{"id":3869,"date":"2022-11-26T20:51:22","date_gmt":"2022-11-26T20:51:22","guid":{"rendered":"http:\/\/blogsaverroes.juntadeandalucia.es\/ceiplapazsanlucar\/?page_id=3869"},"modified":"2024-12-18T11:49:39","modified_gmt":"2024-12-18T11:49:39","slug":"transformacion-digital","status":"publish","type":"page","link":"https:\/\/blogsaverroes.juntadeandalucia.es\/ceiplapazsanlucar\/transformacion-digital\/","title":{"rendered":"Transformaci\u00f3n Digital Educativa"},"content":{"rendered":"<blockquote><p><em>El Plan de Transformaci\u00f3n Digital Educativa persigue como \u00faltima finalidad promover la mejora del desarrollo de la competencia digital del alumnado y el uso de las tecnolog\u00edas digitales en el aprendizaje a trav\u00e9s del desarrollo de la competencia digital del profesorado y de la transformaci\u00f3n de los centros en organizaciones digitalmente competentes.<\/em><br \/>\n<em>El concepto de Transformaci\u00f3n Educativa en el \u00e1mbito digital incluye el conjunto de actuaciones orientadas a la mejora y modernizaci\u00f3n de los procesos, los procedimientos, los h\u00e1bitos y comportamientos de las organizaciones educativas y de las personas que, haciendo uso de las tecnolog\u00edas digitales, desarrollen su capacidad de hacer frente a los retos de la sociedad actual. (Resoluci\u00f3n del 20\/9\/22, Junta de Andaluc\u00eda)<br \/>\n<\/em><\/p><\/blockquote>\n<p>&nbsp;<br \/>\nNuestro centro tiene una larga historia en la implantaci\u00f3n de programas para la mejora digital del alumnado. En los \u00faltimos a\u00f1os se han tomado medidas c\u00f3mo la distribuci\u00f3n de equipamiento inform\u00e1tico (port\u00e1tiles y chromebooks) en las distintas aulas del centro, as\u00ed como la iniciaci\u00f3n a la rob\u00f3tica desde infantil.<br \/>\n<a href=\"https:\/\/blogsaverroes.juntadeandalucia.es\/ceiplapazsanlucar\/files\/2021\/04\/UsoOrdenadores2.jpg\"><img fetchpriority=\"high\" decoding=\"async\" src=\"https:\/\/blogsaverroes.juntadeandalucia.es\/ceiplapazsanlucar\/files\/2021\/04\/UsoOrdenadores2-150x150.jpg\" alt=\"\" width=\"229\" height=\"229\"><\/a><a href=\"https:\/\/blogsaverroes.juntadeandalucia.es\/ceiplapazsanlucar\/files\/2023\/02\/IMG_20230214_130639-scaled.jpg\"><img decoding=\"async\" src=\"https:\/\/blogsaverroes.juntadeandalucia.es\/ceiplapazsanlucar\/files\/2023\/02\/IMG_20230214_130639-150x150.jpg\" alt=\"\" width=\"228\" height=\"228\"><\/a><\/p>\n<p><iframe src=\"https:\/\/drive.google.com\/file\/d\/14h-PNKl2H29vIm6FsgI9Z0mDEBgzbPXX\/preview\" width=\"640\" height=\"480\"><\/iframe><\/p>\n<p>&nbsp;<br \/>\n&nbsp;<br \/>\n&nbsp;<br \/>\n&nbsp;<\/p>\n","protected":false},"excerpt":{"rendered":"<p>El Plan de Transformaci\u00f3n Digital Educativa persigue como \u00faltima finalidad promover la mejora del desarrollo de la competencia digital del alumnado y el uso de las tecnolog\u00edas digitales en el aprendizaje a trav\u00e9s del&#46;&#46;&#46;<\/p>\n","protected":false},"author":2429,"featured_media":0,"parent":0,"menu_order":0,"comment_status":"closed","ping_status":"closed","template":"","meta":{"ngg_post_thumbnail":0,"footnotes":"","_mc_calendar":[]},"aioseo_notices":[],"post_mailing_queue_ids":[],"_links":{"self":[{"href":"https:\/\/blogsaverroes.juntadeandalucia.es\/ceiplapazsanlucar\/wp-json\/wp\/v2\/pages\/3869"}],"collection":[{"href":"https:\/\/blogsaverroes.juntadeandalucia.es\/ceiplapazsanlucar\/wp-json\/wp\/v2\/pages"}],"about":[{"href":"https:\/\/blogsaverroes.juntadeandalucia.es\/ceiplapazsanlucar\/wp-json\/wp\/v2\/types\/page"}],"author":[{"embeddable":true,"href":"https:\/\/blogsaverroes.juntadeandalucia.es\/ceiplapazsanlucar\/wp-json\/wp\/v2\/users\/2429"}],"replies":[{"embeddable":true,"href":"https:\/\/blogsaverroes.juntadeandalucia.es\/ceiplapazsanlucar\/wp-json\/wp\/v2\/comments?post=3869"}],"version-history":[{"count":7,"href":"https:\/\/blogsaverroes.juntadeandalucia.es\/ceiplapazsanlucar\/wp-json\/wp\/v2\/pages\/3869\/revisions"}],"predecessor-version":[{"id":4515,"href":"https:\/\/blogsaverroes.juntadeandalucia.es\/ceiplapazsanlucar\/wp-json\/wp\/v2\/pages\/3869\/revisions\/4515"}],"wp:attachment":[{"href":"https:\/\/blogsaverroes.juntadeandalucia.es\/ceiplapazsanlucar\/wp-json\/wp\/v2\/media?parent=3869"}],"curies":[{"name":"wp","href":"https:\/\/api.w.org\/{rel}","templated":true}]}}