{"id":3933,"date":"2022-12-14T09:51:58","date_gmt":"2022-12-14T09:51:58","guid":{"rendered":"http:\/\/blogsaverroes.juntadeandalucia.es\/ceiplapazsanlucar\/?page_id=3933"},"modified":"2023-01-09T10:23:05","modified_gmt":"2023-01-09T10:23:05","slug":"transporte-escolar","status":"publish","type":"page","link":"https:\/\/blogsaverroes.juntadeandalucia.es\/ceiplapazsanlucar\/transporte-escolar\/","title":{"rendered":"Transporte Escolar"},"content":{"rendered":"<p>El CEIP La Paz es el \u00fanico centro de la localidad de Sanl\u00facar la Mayor que dispone del servicio complementario de Transporte Escolar para facilitar los desplazamientos de nuestro alumnado.&nbsp;<\/p>\n<p>Esta prestaci\u00f3n, al igual que todos los recursos incluidos dentro de los servicios complementarios que ofrece la Junta de Andaluc\u00eda, tiene car\u00e1cter gratuito o bonificable.&nbsp;<\/p>\n<p>Su finalidad es garantizar la igualdad de todas las personas en el ejercicio del derecho a la educaci\u00f3n, facilitando el desplazamiento del alumnado del segundo ciclo de educaci\u00f3n infantil, de educaci\u00f3n primaria y&nbsp; de educaci\u00f3n especial, desde su localidad de residencia al centro docente asignado por la Administraci\u00f3n educativa.<\/p>\n<table style=\"width: 99.855%;border-collapse: collapse;border-style: double;border-color: #0a0101;background-color: #bcf7f6;height: 150px\">\n<tbody>\n<tr>\n<td style=\"width: 33.3333%\"><strong>RUTA SE-0042<\/strong><\/td>\n<td style=\"width: 33.3333%\"><strong>AZNALCOLLAR<\/strong><\/td>\n<td style=\"width: 33.3333%\">&nbsp;<\/td>\n<\/tr>\n<tr>\n<td style=\"width: 33.3333%\">&nbsp;<\/td>\n<td style=\"width: 33.3333%\"><strong>IDA<\/strong><\/td>\n<td style=\"width: 33.3333%\"><strong>VUELTA<\/strong><\/td>\n<\/tr>\n<tr>\n<td style=\"width: 33.3333%\"><strong>Carrascalejo<\/strong><\/td>\n<td style=\"width: 33.3333%\">8:15<\/td>\n<td style=\"width: 33.3333%\">14:45<\/td>\n<\/tr>\n<tr>\n<td style=\"width: 33.3333%\"><strong>P.N. Do\u00f1ana<\/strong> (Entrada 2\u00ba, Palmera)<\/td>\n<td style=\"width: 33.3333%\">8:30<\/td>\n<td style=\"width: 33.3333%\">14:20<\/td>\n<\/tr>\n<tr>\n<td style=\"width: 33.3333%\"><strong>Los Encinares<\/strong><\/td>\n<td style=\"width: 33.3333%\">8:35<\/td>\n<td style=\"width: 33.3333%\">14:25<\/td>\n<\/tr>\n<tr>\n<td style=\"width: 33.3333%\"><strong>P.N. Sierra Nevada<\/strong> (Entrada 1\u00ba +Cerca -Sanl\u00facar)<\/td>\n<td style=\"width: 33.3333%\">8:40<\/td>\n<td style=\"width: 33.3333%\">14:30<\/td>\n<\/tr>\n<tr>\n<td style=\"width: 33.3333%\"><strong>Casa Guerra<\/strong><\/td>\n<td style=\"width: 33.3333%\">8:45<\/td>\n<td style=\"width: 33.3333%\">14:35<\/td>\n<\/tr>\n<\/tbody>\n<\/table>\n<p>&nbsp;<\/p>\n<table style=\"height: 192px;width: 99.855%;border-collapse: collapse;border-style: double;border-color: #0a0101;background-color: #f7dbbc\">\n<tbody>\n<tr style=\"height: 24px\">\n<td style=\"width: 33.3333%;height: 24px\"><strong>RUTA SE-0037<\/strong><\/td>\n<td style=\"width: 33.3333%;height: 24px\"><strong>OLIVARES<\/strong><\/td>\n<td style=\"width: 33.3333%;height: 24px\">&nbsp;<\/td>\n<\/tr>\n<tr style=\"height: 24px\">\n<td style=\"width: 33.3333%;height: 24px\">&nbsp;<\/td>\n<td style=\"width: 33.3333%;height: 24px\"><strong>IDA<\/strong><\/td>\n<td style=\"width: 33.3333%;height: 24px\"><strong>VUELTA<\/strong><\/td>\n<\/tr>\n<tr style=\"height: 24px\">\n<td style=\"width: 33.3333%;height: 24px\"><strong>Huerta Abajo<\/strong><\/td>\n<td style=\"width: 33.3333%;height: 24px\">8:15<\/td>\n<td style=\"width: 33.3333%;height: 24px\">14:15<\/td>\n<\/tr>\n<tr style=\"height: 24px\">\n<td style=\"width: 33.3333%;height: 24px\"><b>San Miguel<\/b><\/td>\n<td style=\"width: 33.3333%;height: 24px\">8:18<\/td>\n<td style=\"width: 33.3333%;height: 24px\">14:20<\/td>\n<\/tr>\n<tr style=\"height: 24px\">\n<td style=\"width: 33.3333%;height: 24px\"><b>Sajardines<\/b><\/td>\n<td style=\"width: 33.3333%;height: 24px\">8:25<\/td>\n<td style=\"width: 33.3333%;height: 24px\">14:25<\/td>\n<\/tr>\n<tr style=\"height: 24px\">\n<td style=\"width: 33.3333%;height: 24px\"><b>Aljarafe Alto<\/b><\/td>\n<td style=\"width: 33.3333%;height: 24px\">8:30<\/td>\n<td style=\"width: 33.3333%;height: 24px\">14:30<\/td>\n<\/tr>\n<tr style=\"height: 24px\">\n<td style=\"width: 33.3333%;height: 24px\"><b>San Bartolom\u00e9<\/b><\/td>\n<td style=\"width: 33.3333%;height: 24px\">8:35<\/td>\n<td style=\"width: 33.3333%;height: 24px\">14:35<\/td>\n<\/tr>\n<tr style=\"height: 24px\">\n<td style=\"width: 33.3333%;height: 24px\"><b>Pierhermoso<\/b><\/td>\n<td style=\"width: 33.3333%;height: 24px\">8:40\/8:45<\/td>\n<td style=\"width: 33.3333%;height: 24px\">14:45<\/td>\n<\/tr>\n<\/tbody>\n<\/table>\n<p>OBSERVACIONES: Horarios aproximados, en funci\u00f3n del tr\u00e1fico e imprevistos varios, de las 2 rutas de transporte del CEIP LA PAZ.&nbsp;<\/p>\n","protected":false},"excerpt":{"rendered":"<p>El CEIP La Paz es el \u00fanico centro de la localidad de Sanl\u00facar la Mayor que dispone del servicio complementario de Transporte Escolar para facilitar los desplazamientos de nuestro alumnado.&nbsp; Esta prestaci\u00f3n, al igual&#46;&#46;&#46;<\/p>\n","protected":false},"author":2429,"featured_media":0,"parent":0,"menu_order":0,"comment_status":"closed","ping_status":"closed","template":"","meta":{"ngg_post_thumbnail":0,"footnotes":"","_mc_calendar":[]},"aioseo_notices":[],"post_mailing_queue_ids":[],"_links":{"self":[{"href":"https:\/\/blogsaverroes.juntadeandalucia.es\/ceiplapazsanlucar\/wp-json\/wp\/v2\/pages\/3933"}],"collection":[{"href":"https:\/\/blogsaverroes.juntadeandalucia.es\/ceiplapazsanlucar\/wp-json\/wp\/v2\/pages"}],"about":[{"href":"https:\/\/blogsaverroes.juntadeandalucia.es\/ceiplapazsanlucar\/wp-json\/wp\/v2\/types\/page"}],"author":[{"embeddable":true,"href":"https:\/\/blogsaverroes.juntadeandalucia.es\/ceiplapazsanlucar\/wp-json\/wp\/v2\/users\/2429"}],"replies":[{"embeddable":true,"href":"https:\/\/blogsaverroes.juntadeandalucia.es\/ceiplapazsanlucar\/wp-json\/wp\/v2\/comments?post=3933"}],"version-history":[{"count":4,"href":"https:\/\/blogsaverroes.juntadeandalucia.es\/ceiplapazsanlucar\/wp-json\/wp\/v2\/pages\/3933\/revisions"}],"predecessor-version":[{"id":3965,"href":"https:\/\/blogsaverroes.juntadeandalucia.es\/ceiplapazsanlucar\/wp-json\/wp\/v2\/pages\/3933\/revisions\/3965"}],"wp:attachment":[{"href":"https:\/\/blogsaverroes.juntadeandalucia.es\/ceiplapazsanlucar\/wp-json\/wp\/v2\/media?parent=3933"}],"curies":[{"name":"wp","href":"https:\/\/api.w.org\/{rel}","templated":true}]}}