{"id":141,"date":"2015-03-17T07:13:24","date_gmt":"2015-03-17T07:13:24","guid":{"rendered":"http:\/\/blogsaverroes.juntadeandalucia.es\/pre\/ceip\/?page_id=141"},"modified":"2025-05-27T16:50:33","modified_gmt":"2025-05-27T16:50:33","slug":"escolarizacion","status":"publish","type":"page","link":"https:\/\/blogsaverroes.juntadeandalucia.es\/ceiplapurisimadejun\/escolarizacion\/","title":{"rendered":"Escolarizaci\u00f3n- Matriculaci\u00f3n."},"content":{"rendered":"<p><a href=\"https:\/\/www.juntadeandalucia.es\/educacion\/portales\/web\/escolarizacion\/infantil-a-bachillerato\">ESCOLARIZACI\u00d3N <\/a>2024\/25<\/p>\n<p><a href=\"https:\/\/blogsaverroes.juntadeandalucia.es\/ceiplapurisimadejun\/escolarizacion\/post-instagram-vuelta-al-cole-doodling-ilustrado-azul-1-2\/\" rel=\"attachment wp-att-2678\"><img loading=\"lazy\" decoding=\"async\" class=\"alignnone wp-image-2678\" src=\"https:\/\/blogsaverroes.juntadeandalucia.es\/ceiplapurisimadejun\/files\/2024\/03\/Post-instagram-vuelta-al-cole-doodling-ilustrado-azul-1-2-300x300.jpg\" alt=\"\" width=\"125\" height=\"125\" srcset=\"https:\/\/blogsaverroes.juntadeandalucia.es\/ceiplapurisimadejun\/files\/2024\/03\/Post-instagram-vuelta-al-cole-doodling-ilustrado-azul-1-2-300x300.jpg 300w, https:\/\/blogsaverroes.juntadeandalucia.es\/ceiplapurisimadejun\/files\/2024\/03\/Post-instagram-vuelta-al-cole-doodling-ilustrado-azul-1-2-1024x1024.jpg 1024w, https:\/\/blogsaverroes.juntadeandalucia.es\/ceiplapurisimadejun\/files\/2024\/03\/Post-instagram-vuelta-al-cole-doodling-ilustrado-azul-1-2-150x150.jpg 150w, https:\/\/blogsaverroes.juntadeandalucia.es\/ceiplapurisimadejun\/files\/2024\/03\/Post-instagram-vuelta-al-cole-doodling-ilustrado-azul-1-2-768x768.jpg 768w, https:\/\/blogsaverroes.juntadeandalucia.es\/ceiplapurisimadejun\/files\/2024\/03\/Post-instagram-vuelta-al-cole-doodling-ilustrado-azul-1-2-80x80.jpg 80w, https:\/\/blogsaverroes.juntadeandalucia.es\/ceiplapurisimadejun\/files\/2024\/03\/Post-instagram-vuelta-al-cole-doodling-ilustrado-azul-1-2-320x320.jpg 320w, https:\/\/blogsaverroes.juntadeandalucia.es\/ceiplapurisimadejun\/files\/2024\/03\/Post-instagram-vuelta-al-cole-doodling-ilustrado-azul-1-2.jpg 1080w\" sizes=\"(max-width: 125px) 100vw, 125px\" \/><\/a>&nbsp;<\/p>\n<p>&nbsp;<\/p>\n<p><a href=\"https:\/\/blogsaverroes.juntadeandalucia.es\/ceiplapurisimadejun\/escolarizacion\/matriculacion23_24\/\" rel=\"attachment wp-att-2671\">MATRICULACI\u00d3N 2023-24<\/a> 2023-24 ( documentaci\u00f3n disponible en <a href=\"https:\/\/www.juntadeandalucia.es\/educacion\/secretariavirtual\/solicitudes\/\">secretar\u00eda virtual<\/a> de la Junta de Andaluc\u00eda)<\/p>\n<p><a href=\"https:\/\/www.youtube.com\/watch?v=V0U7eX0L7ro\">VIDEO TUTORIAL<\/a><\/p>\n<p><a href=\"https:\/\/blogsaverroes.juntadeandalucia.es\/ceiplapurisimadejun\/escolarizacion\/01-anexo-iv-matricula-infantil-3\/\" rel=\"attachment wp-att-2656\">01. ANEXO IV-MATR\u00cdCULA INFANTIL<\/a><\/p>\n<p><a href=\"https:\/\/blogsaverroes.juntadeandalucia.es\/ceiplapurisimadejun\/escolarizacion\/02-anexo-v-matricula-primaria-2\/\" rel=\"attachment wp-att-2657\">02. ANEXO V-MATR\u00cdCULA PRIMARIA<\/a><\/p>\n<p><a href=\"https:\/\/blogsaverroes.juntadeandalucia.es\/ceiplapurisimadejun\/escolarizacion\/03-anexo-vi-matricula-aula-especifica-2\/\" rel=\"attachment wp-att-2658\">03. ANEXO VI-MATRICULA AULA ESPEC\u00cdFICA<\/a><\/p>\n<p><a href=\"https:\/\/blogsaverroes.juntadeandalucia.es\/ceiplapurisimadejun\/escolarizacion\/06-anexo-religion-2\/\" rel=\"attachment wp-att-2659\">06. ANEXO RELIGI\u00d3N<\/a><\/p>\n<p><a href=\"https:\/\/blogsaverroes.juntadeandalucia.es\/ceiplapurisimadejun\/escolarizacion\/autorizacion-salida-del-centro-2\/\" rel=\"attachment wp-att-2661\">AUTORIZACI\u00d3N SALIDA DEL CENTRO.<\/a><\/p>\n<p><a href=\"https:\/\/blogsaverroes.juntadeandalucia.es\/ceiplapurisimadejun\/escolarizacion\/autorizacion-uso-imagen-y-voz-del-alumno-a-2\/\" rel=\"attachment wp-att-2662\">-AUTORIZACI\u00d3N USO IMAGEN Y VOZ DEL ALUMNO<\/a><\/p>\n<p><a href=\"https:\/\/blogsaverroes.juntadeandalucia.es\/ceiplapurisimadejun\/escolarizacion\/autorizacion-uso-imagen-y-voz-del-alumno-a-2\/\" rel=\"attachment wp-att-2662\">-AUTOCUESTIONARIO <\/a><a href=\"https:\/\/blogsaverroes.juntadeandalucia.es\/ceiplapurisimadejun\/escolarizacion\/cuestionario-eoe-alumnos-de-3-anos\/\" rel=\"attachment wp-att-2663\">EOE alumnos de 3 a\u00f1os<\/a><\/p>\n<p><a href=\"https:\/\/blogsaverroes.juntadeandalucia.es\/ceiplapurisimadejun\/escolarizacion\/impreso-alergias-2\/\" rel=\"attachment wp-att-2664\">-IMPRESO ALERGIAS.<\/a><a href=\"https:\/\/blogsaverroes.juntadeandalucia.es\/ceiplapurisimadejun\/escolarizacion\/transito-triptico-1\/\" rel=\"attachment wp-att-2626\"><img loading=\"lazy\" decoding=\"async\" class=\"alignnone wp-image-2626\" src=\"https:\/\/blogsaverroes.juntadeandalucia.es\/ceiplapurisimadejun\/files\/2023\/03\/TR\u00c1NSITO-TR\u00cdPTICO-1-211x300.jpg\" alt=\"\" width=\"5\" height=\"7\" srcset=\"https:\/\/blogsaverroes.juntadeandalucia.es\/ceiplapurisimadejun\/files\/2023\/03\/TR\u00c1NSITO-TR\u00cdPTICO-1-211x300.jpg 211w, https:\/\/blogsaverroes.juntadeandalucia.es\/ceiplapurisimadejun\/files\/2023\/03\/TR\u00c1NSITO-TR\u00cdPTICO-1-721x1024.jpg 721w, https:\/\/blogsaverroes.juntadeandalucia.es\/ceiplapurisimadejun\/files\/2023\/03\/TR\u00c1NSITO-TR\u00cdPTICO-1-768x1090.jpg 768w, https:\/\/blogsaverroes.juntadeandalucia.es\/ceiplapurisimadejun\/files\/2023\/03\/TR\u00c1NSITO-TR\u00cdPTICO-1-1082x1536.jpg 1082w, https:\/\/blogsaverroes.juntadeandalucia.es\/ceiplapurisimadejun\/files\/2023\/03\/TR\u00c1NSITO-TR\u00cdPTICO-1-1443x2048.jpg 1443w, https:\/\/blogsaverroes.juntadeandalucia.es\/ceiplapurisimadejun\/files\/2023\/03\/TR\u00c1NSITO-TR\u00cdPTICO-1.jpg 1127w\" sizes=\"(max-width: 5px) 100vw, 5px\" \/><\/a><\/p>\n<p><a href=\"https:\/\/blogsaverroes.juntadeandalucia.es\/ceiplapurisimadejun\/escolarizacion\/cuestionario-fondosocial-europeo-1-3\/\" rel=\"attachment wp-att-2668\">-CUESTIONARIO FONDO SOCIAL EUROPEO.<\/a><\/p>\n<p>&#8211;<a href=\"https:\/\/portales.ced.junta-andalucia.es\/educacion\/portales\/web\/escolarizacion\">ESCOLARIZACI\u00d3N<\/a> 2023\/24<\/p>\n<p>JORNADA DE&nbsp; PUERTAS ABIERTAS 2023\/24<\/p>\n<p><a href=\"https:\/\/blogsaverroes.juntadeandalucia.es\/ceiplapurisimadejun\/escolarizacion\/poster-bienvenidos-vuelta-al-cole-dibujado-doodle-infantil-turquesa-1\/\" rel=\"attachment wp-att-2622\"><img loading=\"lazy\" decoding=\"async\" class=\"wp-image-2622 alignleft\" src=\"https:\/\/blogsaverroes.juntadeandalucia.es\/ceiplapurisimadejun\/files\/2023\/02\/Poster-Bienvenidos-Vuelta-al-Cole-Dibujado-Doodle-Infantil-Turquesa-1-212x300.jpg\" alt=\"\" width=\"116\" height=\"165\" srcset=\"https:\/\/blogsaverroes.juntadeandalucia.es\/ceiplapurisimadejun\/files\/2023\/02\/Poster-Bienvenidos-Vuelta-al-Cole-Dibujado-Doodle-Infantil-Turquesa-1-212x300.jpg 212w, https:\/\/blogsaverroes.juntadeandalucia.es\/ceiplapurisimadejun\/files\/2023\/02\/Poster-Bienvenidos-Vuelta-al-Cole-Dibujado-Doodle-Infantil-Turquesa-1-724x1024.jpg 724w, https:\/\/blogsaverroes.juntadeandalucia.es\/ceiplapurisimadejun\/files\/2023\/02\/Poster-Bienvenidos-Vuelta-al-Cole-Dibujado-Doodle-Infantil-Turquesa-1-768x1086.jpg 768w, https:\/\/blogsaverroes.juntadeandalucia.es\/ceiplapurisimadejun\/files\/2023\/02\/Poster-Bienvenidos-Vuelta-al-Cole-Dibujado-Doodle-Infantil-Turquesa-1-1086x1536.jpg 1086w, https:\/\/blogsaverroes.juntadeandalucia.es\/ceiplapurisimadejun\/files\/2023\/02\/Poster-Bienvenidos-Vuelta-al-Cole-Dibujado-Doodle-Infantil-Turquesa-1-1448x2048.jpg 1448w, https:\/\/blogsaverroes.juntadeandalucia.es\/ceiplapurisimadejun\/files\/2023\/02\/Poster-Bienvenidos-Vuelta-al-Cole-Dibujado-Doodle-Infantil-Turquesa-1.jpg 1131w\" sizes=\"(max-width: 116px) 100vw, 116px\" \/><\/a><\/p>\n<p>&nbsp;<\/p>\n<p><a href=\"https:\/\/blogsaverroes.juntadeandalucia.es\/ceiplapurisimadejun\/escolarizacion\/triptico-inicio-curso-22-23-docx\/\" rel=\"attachment wp-att-2606\">Tr\u00edptico inicio curso 22-23 .docx<\/a><\/p>\n<p>RESERVA DE PLAZA CURSO 2022\/23 <a href=\"https:\/\/www.youtube.com\/watch?v=naojmb6CR40\">video<\/a><\/p>\n<p>ADMISI\u00d3N\/MATRICULACI\u00d3N 2020\/21&nbsp; &nbsp;<a href=\"https:\/\/www.juntadeandalucia.es\/educacion\/secretariavirtual\/autenticacion\/autenticacioniANDE\/\">Matriculaci\u00f3n 20-21<\/a>&nbsp;<\/p>\n<p><a href=\"https:\/\/blogsaverroes.juntadeandalucia.es\/ceiplapurisimadejun\/escolarizacion\/calendario-admision-20-21\/\" rel=\"attachment wp-att-2439\">Calendario admisi\u00f3n 20-21<\/a>&nbsp; &nbsp; &nbsp;<\/p>\n<p><a href=\"https:\/\/blogsaverroes.juntadeandalucia.es\/ceiplapurisimadejun\/escolarizacion\/calendario-resumen-escolarizacion-20-21\/\" rel=\"attachment wp-att-2443\">Calendario RESUMEN escolarizaci\u00f3n 20-21<\/a>&nbsp; &nbsp;<\/p>\n<p>&nbsp;<a href=\"https:\/\/www.youtube.com\/watch?time_continue=1&amp;v=0jzsoje-GyQ&amp;feature=emb_title\">solicitud telem\u00e1tica&nbsp;<\/a> &nbsp;<\/p>\n<p><a href=\"https:\/\/blogsaverroes.juntadeandalucia.es\/ceiplapurisimadejun\/escolarizacion\/tutorial_para_la_solicitud_de_admision_en_centros_docentes_publicos-2\/\" rel=\"attachment wp-att-2435\">Tutorial_para_la_Solicitud_de_admisio\u0301n_en_centros_docentes_pu\u0301blicos<\/a><\/p>\n<p>NOVEDAD EN <a href=\"http:\/\/www.juntadeandalucia.es\/presidencia\/portavoz\/educacion\/151091\/educacionydeporte\/escolarizacion\/nuevoaccesosimplificado\/curso2021\">ESCOLARIZACI\u00d3N<\/a> 18\/03\/2020 <a href=\"https:\/\/blogsaverroes.juntadeandalucia.es\/ceiplapurisimadejun\/escolarizacion\/tutorial_para_la_solicitud_de_admision_en_centros_docentes_publicos\/\" rel=\"attachment wp-att-2262\">Tutorial_para_la_Solicitud_de_admisi\u00f3n_en_centros_docentes_p\u00fablicos<\/a><\/p>\n<p><a href=\"https:\/\/www.juntadeandalucia.es\/educacion\/secretariavirtual\/accesoTramite\/439\/\">Admisi\u00f3n<\/a><\/p>\n<p>Solicitud telem\u00e1tica de <a href=\"https:\/\/www.youtube.com\/watch?v=ksm-g4kbVnQ&amp;feature=emb_err_watch_on_yt\">ADMISI\u00d3N<\/a>.<\/p>\n<p>TUTORIAL <a href=\"https:\/\/docs.moodle.org\/all\/es\/Manuales_de_Moodle\">MOODLE<\/a><\/p>\n<p><b>CONSEJER\u00cdA DE EDUCACI\u00d3N Y DEPORTE <\/b><b>Direcci\u00f3n General de Planificaci\u00f3n y Centros&nbsp;<\/b><\/p>\n<p><b>DELEGADOS\/AS TERRITORIALES DE EDUCACI\u00d3N, DEPORTE, IGUALDAD, POL\u00cdTICAS SOCIALES Y CONCILIACI\u00d3N&nbsp;<\/b><\/p>\n<p><span style=\"font-weight: 400\">FECHA: 16 de marzo de 2020 REF.: DGPC\/JBV ASUNTO: Aclaraci\u00f3n admisi\u00f3n 2020\/21&nbsp;<\/span><\/p>\n<p><span style=\"font-weight: 400\">De acuerdo con lo establecido en la Disposici\u00f3n adicional tercera del Real Decreto 463\/2020, de 14 de marzo, por el que se declara el estado de alarma para la gesti\u00f3n de la situaci\u00f3n de crisis sanitaria ocasionada por el COVID-19, se suspenden t\u00e9rminos y se interrumpen los plazos para la tramitaci\u00f3n de los siguientes procedimientos:&nbsp;<\/span><\/p>\n<ol>\n<li><span style=\"font-weight: 400\"> Procedimiento de reserva de plazas en el primer ciclo de educaci\u00f3n infantil.&nbsp;<\/span><\/li>\n<li><span style=\"font-weight: 400\"> Procedimiento de admisi\u00f3n del alumnado en los centros docentes p\u00fablicos y privados concertados para cursar las ense\u00f1anzas de segundo ciclo de educaci\u00f3n infantil, educaci\u00f3n primaria, educaci\u00f3n especial, educaci\u00f3n secundaria obligatoria y bachillerato.&nbsp;<\/span><\/li>\n<li><span style=\"font-weight: 400\"> Procedimiento de admisi\u00f3n del alumnado en residencias escolares y escuelas-hogar.&nbsp;<\/span><\/li>\n<\/ol>\n<p><span style=\"font-weight: 400\">De conformidad con lo previsto en la citada disposici\u00f3n adicional el c\u00f3mputo de los plazos se reanudar\u00e1 en el momento en que pierda vigencia el referido Real Decreto 463\/2020, de 14 de marzo, o en su caso, las pr\u00f3rrogas del mismo, para lo que se dictar\u00e1n las disposiciones oportunas una vez que finalice el estado de alarma decretado.&nbsp;<\/span><\/p>\n<p><span style=\"font-weight: 400\">Asimismo, le comunico que, dado que los centros educativos permanecer\u00e1n cerrados desde el 16 de marzo, seg\u00fan el comunicado urgente emitido por la Consejer\u00eda de Educaci\u00f3n y Deporte, de fecha 14 de marzo de 2020, informando de nuevas medidas adoptadas motivadas por el COVID-19, no es posible la recepci\u00f3n de solicitudes de forma presencial en dichos centros relativas a los citados procedimientos, sin perjuicio de las que puedan presentarse de forma telem\u00e1tica.&nbsp;<\/span><\/p>\n<p><span style=\"font-weight: 400\">EL DIRECTOR GENERAL DE PLANIFICACI\u00d3N Y CENTROS&nbsp;<\/span><\/p>\n<p><span style=\"font-weight: 400\">Fdo.: Jos\u00e9 Mar\u00eda Ayerbe Toledano.&nbsp;<\/span><\/p>\n<p><span style=\"font-weight: 400\">FIRMADO POR JOSE MARIA AYERBE TOLEDANO 16\/03\/2020 14:15:31 P\u00c1GINA 1\/9 VERIFICACI\u00d3N <\/span><span style=\"font-weight: 400\">tFc2eANHZE87FSHE23EXF6ZC339PBJ <\/span><span style=\"font-weight: 400\">https:\/\/ws050.juntadeandalucia.es\/verificarFirma&nbsp;<\/span><\/p>\n<p>ESCOLARIZACI\u00d3N 20\/21<\/p>\n<table class=\"Bs nH iY bAt\" role=\"presentation\" cellpadding=\"0\">\n<tbody>\n<tr>\n<td class=\"Bu yM\">&nbsp;<\/td>\n<td class=\"Bu bAn\">\n<div class=\"nH if\">\n<div class=\"nH aHU\">\n<div class=\"nH hx\">\n<div class=\"nH\" role=\"list\">\n<div class=\"h7 ie nH oy8Mbf\" role=\"listitem\">\n<div class=\"Bk\">\n<div class=\"G3 G2\">\n<div id=\":or\">\n<div class=\"adn ads\" data-message-id=\"#msg-f:1661220678762570400\" data-legacy-message-id=\"170dd767e32d22a0\">\n<div class=\"gs\">\n<div class=\"\">\n<div id=\":ou\" class=\"ii gt\">\n<div id=\":ot\" class=\"a3s aXjCH \">\n<div>\n<div dir=\"ltr\">\n<div dir=\"ltr\">Ante la inminente publicaci\u00f3n del Real Decreto por el que se declara el estado de alarma para la gesti\u00f3n de la situaci\u00f3n de crisis sanitaria ocasionada por el COVID-19, en la que entre otras consideraciones, ademas de la suspensi\u00f3n de la actividad educativa presencial, se contempla la suspensi\u00f3n de los plazos administrativos, la Consejer\u00eda de Educaci\u00f3n y Deporte de la Junta de Andaluc\u00eda ha adoptado las siguientes medidas, que se aplicar\u00e1n a partir del pr\u00f3ximo lunes 16 de marzo de 2020:<\/div>\n<div dir=\"ltr\">&nbsp;<\/div>\n<div dir=\"ltr\">. Se habilitar\u00e1, a partir del mismo lunes, una herramienta que permite solicitar plaza escolar en las ense\u00f1anzas de r\u00e9gimen general de manera simplificada, necesitando tan solo el n\u00famero de DNI y un tel\u00e9fono m\u00f3vil, sin perjuicio de que se determinen nuevos plazos. Se entender\u00e1 por momento de presentaci\u00f3n de dichas solicitudes la fecha en que se reanude el plazo.<\/div>\n<div dir=\"ltr\">&nbsp;<\/div>\n<div dir=\"ltr\">&nbsp;<\/div>\n<\/div>\n<div class=\"adL\">&nbsp;<\/div>\n<div class=\"adL\" dir=\"ltr\">&nbsp;<\/div>\n<div class=\"adL\">&nbsp;<\/div>\n<\/div>\n<div class=\"adL\">&nbsp;<\/div>\n<\/div>\n<\/div>\n<div class=\"hi\">&nbsp;<\/div>\n<\/div>\n<\/div>\n<div class=\"ajx\">&nbsp;<\/div>\n<\/div>\n<div class=\"gA gt acV\">\n<div class=\"gB xu\">\n<div class=\"ip iq\">\n<div id=\":ov\">\n<table class=\"cf wS\" role=\"presentation\">\n<tbody>\n<tr>\n<td class=\"amq\"><img decoding=\"async\" id=\":n5_0\" class=\"ajn bofPge\" src=\"https:\/\/www.google.com\/s2\/u\/0\/photos\/private\/AIbEiAIAAABECIqg9M3nncG11QEiC3ZjYXJkX3Bob3RvKig4ZDk5MmYyOTY0MzZhN2Q3ODQ5ZTFjNjZkMjg3Zjg3MTIxMmNmZjIzMAFV0zg3jUwiFGvCj27LcQCIfm3rWQ?sz=40\" data-hovercard-id=\"jcarlosg72@gmail.com\"><\/td>\n<td class=\"amr\">\n<div class=\"nr wR\">\n<div class=\"amn\"><span id=\":oo\" class=\"ams bkH\" role=\"link\">Responder<\/span><span id=\":op\" class=\"ams bkI\" role=\"link\">Responder a todos<\/span><span id=\":oq\" class=\"ams bkG\" role=\"link\">Reenviar<\/span><\/div>\n<\/div>\n<\/td>\n<\/tr>\n<\/tbody>\n<\/table>\n<\/div>\n<\/div>\n<\/div>\n<\/div>\n<\/div>\n<\/div>\n<\/div>\n<\/div>\n<\/div>\n<div class=\"nH\">&nbsp;<\/div>\n<div class=\"nH\">&nbsp;<\/div>\n<\/div>\n<\/div>\n<div class=\"nH\">\n<div class=\"l2 pfiaof\" role=\"contentinfo\">\n<div id=\":oj\" class=\"aeV\">\n<div>\n<div class=\"md mj\">\n<div>&nbsp;<\/div>\n<div class=\"aeW\">&nbsp;<\/div>\n<\/div>\n<\/div>\n<\/div>\n<div class=\"aeU\">\n<div id=\":oi\">\n<div>\n<div class=\"ma\">&nbsp;<\/div>\n<\/div>\n<\/div>\n<\/div>\n<div id=\":og\" class=\"ae3\">\n<div>\n<div class=\"l6\">\n<div>&nbsp;<\/div>\n<p>&nbsp;<\/p>\n<\/div>\n<\/div>\n<\/div>\n<div>&nbsp;<\/div>\n<\/div>\n<\/div>\n<\/div>\n<\/td>\n<td class=\"Bu yM\">\n<div class=\"Bt\">&nbsp;<\/div>\n<div class=\"nH\">\n<div class=\"no\">\n<div class=\"nH nn\">&nbsp;<\/div>\n<\/div>\n<\/div>\n<\/td>\n<\/tr>\n<\/tbody>\n<\/table>\n<p><a href=\"http:\/\/www.juntadeandalucia.es\/educacion\/portals\/web\/ced\/programa-refuerzo-educativo-y-deportivo\">REFUERZO EDUCA\/IVO Y DEPORTIVO<\/a> EN PERIODO ESTIVAL 18\/19<\/p>\n<p><a href=\"http:\/\/blogsaverroes.juntadeandalucia.es\/ceiplapurisimadejun\/files\/2015\/03\/ESCOLARIZACI\u00d3N-16-17.PDF.pdf\">ESCOLARIZACI\u00d3N-17-18.PDF<\/a> ceip. La pur\u00edsima. Jun<\/p>\n<p>&nbsp;<\/p>\n<p><a title=\"Portal escolarizaci\u00f3n\" href=\"http:\/\/www.juntadeandalucia.es\/educacion\/webportal\/web\/portal-escolarizacion\/infantil-primaria-eso-bachillerato\" target=\"_blank\" rel=\"noopener noreferrer\">Enlace al portal de escolarizaci\u00f3n.<\/a><\/p>\n<p>&nbsp;<\/p>\n<p><a title=\"Procedimiento\" href=\"http:\/\/portal.ced.junta-andalucia.es\/educacion\/webportal\/abaco-portlet\/content\/f2f9bdb4-4717-409f-8dbc-da5b8ed61e38\" target=\"_blank\" rel=\"noopener noreferrer\">Normativa<\/a>&nbsp;sobre el proceso de escolarizaci\u00f3n.<\/p>\n","protected":false},"excerpt":{"rendered":"<p>ESCOLARIZACI\u00d3N 2024\/25 &nbsp; &nbsp; MATRICULACI\u00d3N 2023-24 2023-24 ( documentaci\u00f3n disponible en secretar\u00eda virtual de la Junta de Andaluc\u00eda) VIDEO TUTORIAL 01. ANEXO IV-MATR\u00cdCULA INFANTIL 02. ANEXO V-MATR\u00cdCULA PRIMARIA 03. ANEXO VI-MATRICULA AULA ESPEC\u00cdFICA 06.&#46;&#46;&#46;<\/p>\n","protected":false},"author":1,"featured_media":0,"parent":0,"menu_order":0,"comment_status":"open","ping_status":"open","template":"page-templates\/child-menu.php","meta":{"ngg_post_thumbnail":0,"footnotes":"","_mc_calendar":[]},"aioseo_notices":[],"_links":{"self":[{"href":"https:\/\/blogsaverroes.juntadeandalucia.es\/ceiplapurisimadejun\/wp-json\/wp\/v2\/pages\/141"}],"collection":[{"href":"https:\/\/blogsaverroes.juntadeandalucia.es\/ceiplapurisimadejun\/wp-json\/wp\/v2\/pages"}],"about":[{"href":"https:\/\/blogsaverroes.juntadeandalucia.es\/ceiplapurisimadejun\/wp-json\/wp\/v2\/types\/page"}],"author":[{"embeddable":true,"href":"https:\/\/blogsaverroes.juntadeandalucia.es\/ceiplapurisimadejun\/wp-json\/wp\/v2\/users\/1"}],"replies":[{"embeddable":true,"href":"https:\/\/blogsaverroes.juntadeandalucia.es\/ceiplapurisimadejun\/wp-json\/wp\/v2\/comments?post=141"}],"version-history":[{"count":52,"href":"https:\/\/blogsaverroes.juntadeandalucia.es\/ceiplapurisimadejun\/wp-json\/wp\/v2\/pages\/141\/revisions"}],"predecessor-version":[{"id":2690,"href":"https:\/\/blogsaverroes.juntadeandalucia.es\/ceiplapurisimadejun\/wp-json\/wp\/v2\/pages\/141\/revisions\/2690"}],"wp:attachment":[{"href":"https:\/\/blogsaverroes.juntadeandalucia.es\/ceiplapurisimadejun\/wp-json\/wp\/v2\/media?parent=141"}],"curies":[{"name":"wp","href":"https:\/\/api.w.org\/{rel}","templated":true}]}}