{"id":35,"date":"2015-03-13T08:21:43","date_gmt":"2015-03-13T08:21:43","guid":{"rendered":"http:\/\/blogsaverroes.juntadeandalucia.es\/pre\/ceip\/?page_id=35"},"modified":"2026-03-11T13:17:43","modified_gmt":"2026-03-11T13:17:43","slug":"el-centro-2","status":"publish","type":"page","link":"https:\/\/blogsaverroes.juntadeandalucia.es\/ceiplapurisimadejun\/","title":{"rendered":"Datos del centro"},"content":{"rendered":"<p>CEIP. LA PURISIMA .JUN&nbsp;<a href=\"https:\/\/www.google.es\/maps\/place\/18213+Jun,+Granada\/@37.2199925,-3.5982324,16z\/data=!3m1!4b1!4m5!3m4!1s0xd71fd385f98fca9:0x958048fa85d434b4!8m2!3d37.2202852!4d-3.5931416\">mapa<\/a><\/p>\n<h4>Datos de contacto<\/h4>\n<p>CEIP. LA PUR\u00cdSIMA . 18005542.<\/p>\n<p><strong>Direcci\u00f3n:<\/strong> &nbsp;Calle Rodr\u00edguez Castillo s\/n. 18170. Jun. ( Granada)<\/p>\n<p><strong>Tel\u00e9fono \/ FAX: 958893558\/ 985893559. 671566836<\/strong><br \/>\n<strong>Email:<\/strong>&nbsp;18005542.edu@juntadeandalucia.es<\/p>\n<p><a href=\"https:\/\/www.facebook.com\/p\/CEIP-La-Pur%C3%ADsima-de-Jun-100083579642020\/\">FACEBOOK<\/a><\/p>\n<p><strong>Oferta educativa y&nbsp;Horarios<\/strong><\/p>\n<p>1.- <strong>COMEDOR<\/strong>&nbsp; de 14:00 a 16:00 h..&nbsp; (51 plazas)<\/p>\n<p>2.- <strong>AULA MATINAL<\/strong> de 7:30 a 09:00 h.&nbsp; (60) plazas<\/p>\n<p>3.- <strong>ACTIVIDADES EXTRAESCOLARES<\/strong>.<\/p>\n<p>Nuestro centro propone para el curso 2025\/26:&nbsp;<\/p>\n<p>-PROA.<\/p>\n<p>-Ingl\u00e9s.&nbsp;<\/p>\n<h4>&nbsp;<\/h4>\n","protected":false},"excerpt":{"rendered":"<p>CEIP. LA PURISIMA .JUN&nbsp;mapa Datos de contacto CEIP. LA PUR\u00cdSIMA . 18005542. Direcci\u00f3n: &nbsp;Calle Rodr\u00edguez Castillo s\/n. 18170. Jun. ( Granada) Tel\u00e9fono \/ FAX: 958893558\/ 985893559. 671566836 Email:&nbsp;18005542.edu@juntadeandalucia.es FACEBOOK Oferta educativa y&nbsp;Horarios 1.- COMEDOR&nbsp;&#46;&#46;&#46;<\/p>\n","protected":false},"author":1,"featured_media":0,"parent":0,"menu_order":0,"comment_status":"open","ping_status":"open","template":"","meta":{"ngg_post_thumbnail":0,"footnotes":"","_mc_calendar":[]},"aioseo_notices":[],"_links":{"self":[{"href":"https:\/\/blogsaverroes.juntadeandalucia.es\/ceiplapurisimadejun\/wp-json\/wp\/v2\/pages\/35"}],"collection":[{"href":"https:\/\/blogsaverroes.juntadeandalucia.es\/ceiplapurisimadejun\/wp-json\/wp\/v2\/pages"}],"about":[{"href":"https:\/\/blogsaverroes.juntadeandalucia.es\/ceiplapurisimadejun\/wp-json\/wp\/v2\/types\/page"}],"author":[{"embeddable":true,"href":"https:\/\/blogsaverroes.juntadeandalucia.es\/ceiplapurisimadejun\/wp-json\/wp\/v2\/users\/1"}],"replies":[{"embeddable":true,"href":"https:\/\/blogsaverroes.juntadeandalucia.es\/ceiplapurisimadejun\/wp-json\/wp\/v2\/comments?post=35"}],"version-history":[{"count":32,"href":"https:\/\/blogsaverroes.juntadeandalucia.es\/ceiplapurisimadejun\/wp-json\/wp\/v2\/pages\/35\/revisions"}],"predecessor-version":[{"id":2721,"href":"https:\/\/blogsaverroes.juntadeandalucia.es\/ceiplapurisimadejun\/wp-json\/wp\/v2\/pages\/35\/revisions\/2721"}],"wp:attachment":[{"href":"https:\/\/blogsaverroes.juntadeandalucia.es\/ceiplapurisimadejun\/wp-json\/wp\/v2\/media?parent=35"}],"curies":[{"name":"wp","href":"https:\/\/api.w.org\/{rel}","templated":true}]}}