{"id":49,"date":"2015-03-13T08:47:05","date_gmt":"2015-03-13T08:47:05","guid":{"rendered":"http:\/\/blogsaverroes.juntadeandalucia.es\/pre\/ceip\/?page_id=49"},"modified":"2025-06-03T08:30:06","modified_gmt":"2025-06-03T08:30:06","slug":"proyecto-educativo","status":"publish","type":"page","link":"https:\/\/blogsaverroes.juntadeandalucia.es\/ceiplapurisimadejun\/proyecto-educativo\/","title":{"rendered":"Plan de centro."},"content":{"rendered":"<p><a href=\"https:\/\/blogsaverroes.juntadeandalucia.es\/ceiplapurisimadejun\/proyecto-educativo\/plan-accion-tutorial-23-24\/\" rel=\"attachment wp-att-2697\">PLAN ACCION TUTORIAL 23-24<\/a>PLAN DE CENTRO. CEIP LA PUR\u00cdSIMA. JUN&nbsp;<\/p>\n<p>Un centro se define en gran medida por su <b>PLAN DE CENTRO<\/b>. En \u00e9l se plasma el modelo educativo y la concreci\u00f3n de la normativa que un centro realiza respecto a las ense\u00f1anzas que imparte. El Plan de Centro es el documento que expresa nuestras se\u00f1as de identidad. Es el aut\u00e9ntico referente, con car\u00e1cter sist\u00e9mico e integrador, del principio de autonom\u00eda pedag\u00f3gica, de organizaci\u00f3n y de gesti\u00f3n .<\/p>\n<p><a href=\"https:\/\/blogsaverroes.juntadeandalucia.es\/ceiplapurisimadejun\/proyecto-educativo\/atenc-diversidad-21-22\/\" rel=\"attachment wp-att-2496\">Atenci\u00f3n a la diversidad 24\/25&nbsp;<\/a><\/p>\n<p><a href=\"https:\/\/blogsaverroes.juntadeandalucia.es\/ceiplapurisimadejun\/proyecto-educativo\/elementos-curriculares-21-22\/\" rel=\"attachment wp-att-2497\">Elementos curriculares 24\/25<\/a><\/p>\n<p><a href=\"https:\/\/blogsaverroes.juntadeandalucia.es\/ceiplapurisimadejun\/proyecto-educativo\/plan-de-convivencia-21-22\/\" rel=\"attachment wp-att-2498\">Plan de convivencia 24\/25<\/a><\/p>\n<p><a href=\"https:\/\/docs.google.com\/document\/d\/1XOw81aZR0riB0LEI6LjEeoALoQjmagHg\/edit\">PROYECTO EDUCATIVO<\/a> 24\/25<\/p>\n<p><a href=\"https:\/\/drive.google.com\/drive\/u\/0\/search?q=PROYECTO%20DE%20GESTI%C3%93N\">Proyecto gesti\u00f3n&nbsp;<\/a> 24\/25<\/p>\n<p><a href=\"https:\/\/blogsaverroes.juntadeandalucia.es\/ceiplapurisimadejun\/proyecto-educativo\/rof-23-24-1\/\" rel=\"attachment wp-att-2700\">ROF 23-24 (1)<\/a><a href=\"https:\/\/blogsaverroes.juntadeandalucia.es\/ceiplapurisimadejun\/proyecto-educativo\/rof-21-22\/\" rel=\"attachment wp-att-2503\">24\/25<\/a><\/p>\n<p><span style=\"color: #0000ee\"><a href=\"https:\/\/blogsaverroes.juntadeandalucia.es\/ceiplapurisimadejun\/proyecto-educativo\/plan-accion-tutorial-23-24\/\" rel=\"attachment wp-att-2697\">PLAN ACCION TUTORIAL 23-24<\/a> 24\/25<\/span><\/p>\n<p>&nbsp;<\/p>\n","protected":false},"excerpt":{"rendered":"<p>PLAN ACCION TUTORIAL 23-24PLAN DE CENTRO. CEIP LA PUR\u00cdSIMA. JUN&nbsp; Un centro se define en gran medida por su PLAN DE CENTRO. En \u00e9l se plasma el modelo educativo y la concreci\u00f3n de la&#46;&#46;&#46;<\/p>\n","protected":false},"author":1,"featured_media":0,"parent":0,"menu_order":0,"comment_status":"open","ping_status":"open","template":"page-templates\/child-menu.php","meta":{"ngg_post_thumbnail":0,"footnotes":"","_mc_calendar":[]},"aioseo_notices":[],"_links":{"self":[{"href":"https:\/\/blogsaverroes.juntadeandalucia.es\/ceiplapurisimadejun\/wp-json\/wp\/v2\/pages\/49"}],"collection":[{"href":"https:\/\/blogsaverroes.juntadeandalucia.es\/ceiplapurisimadejun\/wp-json\/wp\/v2\/pages"}],"about":[{"href":"https:\/\/blogsaverroes.juntadeandalucia.es\/ceiplapurisimadejun\/wp-json\/wp\/v2\/types\/page"}],"author":[{"embeddable":true,"href":"https:\/\/blogsaverroes.juntadeandalucia.es\/ceiplapurisimadejun\/wp-json\/wp\/v2\/users\/1"}],"replies":[{"embeddable":true,"href":"https:\/\/blogsaverroes.juntadeandalucia.es\/ceiplapurisimadejun\/wp-json\/wp\/v2\/comments?post=49"}],"version-history":[{"count":35,"href":"https:\/\/blogsaverroes.juntadeandalucia.es\/ceiplapurisimadejun\/wp-json\/wp\/v2\/pages\/49\/revisions"}],"predecessor-version":[{"id":2701,"href":"https:\/\/blogsaverroes.juntadeandalucia.es\/ceiplapurisimadejun\/wp-json\/wp\/v2\/pages\/49\/revisions\/2701"}],"wp:attachment":[{"href":"https:\/\/blogsaverroes.juntadeandalucia.es\/ceiplapurisimadejun\/wp-json\/wp\/v2\/media?parent=49"}],"curies":[{"name":"wp","href":"https:\/\/api.w.org\/{rel}","templated":true}]}}