{"id":77,"date":"2015-03-16T06:54:56","date_gmt":"2015-03-16T06:54:56","guid":{"rendered":"http:\/\/blogsaverroes.juntadeandalucia.es\/pre\/ceip\/?page_id=77"},"modified":"2026-03-10T12:19:43","modified_gmt":"2026-03-10T12:19:43","slug":"secretaria","status":"publish","type":"page","link":"https:\/\/blogsaverroes.juntadeandalucia.es\/ceiplapurisimadejun\/secretaria\/","title":{"rendered":"Secretar\u00eda"},"content":{"rendered":"<p>La <strong>Secretar\u00eda<\/strong> desarrolla muchas funciones importantes en la vida de un centro, especialmente en la relaci\u00f3n que mantiene con las familias en los diferentes tr\u00e1mites administrativos a lo largo de la escolarizaci\u00f3n: admisi\u00f3n, matr\u00edcula, comedor escolar, becas,informaci\u00f3n del centro etc.<\/p>\n<p>&nbsp;<\/p>\n<p>INFORMACI\u00d3N&nbsp; ADMISI\u00d3N CURSO&nbsp; 2025\/26 <a href=\"https:\/\/www.juntadeandalucia.es\/educacion\/portales\/web\/escolarizacion\">ENLACE<\/a><\/p>\n<table class=\"Bs nH iY bAt\" style=\"width: 0%\" role=\"presentation\" cellpadding=\"0\">\n<tbody>\n<tr>\n<td class=\"Bu yM\" style=\"width: 0.210305%\">&nbsp;<\/td>\n<td class=\"Bu bAn\" style=\"width: 98.5279%\">\n<div class=\"nH if\">\n<div class=\"nH aHU\">\n<div class=\"nH hx\">\n<div class=\"nH\" role=\"list\">\n<div class=\"h7 ie nH oy8Mbf\" role=\"listitem\">\n<div class=\"Bk\">\n<div class=\"G3 G2\">\n<div id=\":or\">\n<div class=\"adn ads\" data-message-id=\"#msg-f:1661220678762570400\" data-legacy-message-id=\"170dd767e32d22a0\">\n<div class=\"gs\">\n<div class=\"\">\n<div id=\":ou\" class=\"ii gt\">\n<div id=\":ot\" class=\"a3s aXjCH \">\n<div>\n<div dir=\"ltr\">&nbsp;<\/div>\n<\/div>\n<\/div>\n<\/div>\n<\/div>\n<\/div>\n<div class=\"ajx\">&nbsp;<\/div>\n<\/div>\n<div class=\"gA gt acV\">\n<div class=\"gB xu\">\n<div class=\"ip iq\">\n<div id=\":ov\">\n<table class=\"cf wS\" style=\"height: 34px\" role=\"presentation\" width=\"213\">\n<tbody>\n<tr>\n<td class=\"amq\" style=\"width: 0px\">&nbsp;<\/td>\n<td class=\"amr\" style=\"width: 197px\">\n<div class=\"nr wR\">\n<div class=\"amn\">&nbsp;<\/div>\n<\/div>\n<\/td>\n<\/tr>\n<\/tbody>\n<\/table>\n<\/div>\n<\/div>\n<\/div>\n<\/div>\n<\/div>\n<\/div>\n<\/div>\n<\/div>\n<\/div>\n<div class=\"nH\">&nbsp;<\/div>\n<div class=\"nH\">&nbsp;<\/div>\n<\/div>\n<\/div>\n<div class=\"nH\">\n<div class=\"l2 pfiaof\" role=\"contentinfo\">\n<div id=\":oj\" class=\"aeV\">\n<div>\n<div class=\"md mj\">\n<div>&nbsp;<\/div>\n<div class=\"aeW\">&nbsp;<\/div>\n<\/div>\n<\/div>\n<\/div>\n<div class=\"aeU\">\n<div id=\":oi\">\n<div>\n<div class=\"ma\">&nbsp;<\/div>\n<\/div>\n<\/div>\n<\/div>\n<div id=\":og\" class=\"ae3\">\n<div>\n<div class=\"l6\">\n<div>&nbsp;<\/div>\n<p>&nbsp;<\/p>\n<\/div>\n<\/div>\n<\/div>\n<div>&nbsp;<\/div>\n<\/div>\n<\/div>\n<\/div>\n<\/td>\n<td class=\"Bu yM\" style=\"width: 1.05152%\">\n<div class=\"Bt\">&nbsp;<\/div>\n<div class=\"nH\">\n<div class=\"no\">\n<div class=\"nH nn\">&nbsp;<\/div>\n<\/div>\n<\/div>\n<\/td>\n<\/tr>\n<\/tbody>\n<\/table>\n","protected":false},"excerpt":{"rendered":"<p>La Secretar\u00eda desarrolla muchas funciones importantes en la vida de un centro, especialmente en la relaci\u00f3n que mantiene con las familias en los diferentes tr\u00e1mites administrativos a lo largo de la escolarizaci\u00f3n: admisi\u00f3n, matr\u00edcula,&#46;&#46;&#46;<\/p>\n","protected":false},"author":1,"featured_media":0,"parent":0,"menu_order":0,"comment_status":"open","ping_status":"open","template":"page-templates\/child-menu.php","meta":{"ngg_post_thumbnail":0,"footnotes":"","_mc_calendar":[]},"aioseo_notices":[],"_links":{"self":[{"href":"https:\/\/blogsaverroes.juntadeandalucia.es\/ceiplapurisimadejun\/wp-json\/wp\/v2\/pages\/77"}],"collection":[{"href":"https:\/\/blogsaverroes.juntadeandalucia.es\/ceiplapurisimadejun\/wp-json\/wp\/v2\/pages"}],"about":[{"href":"https:\/\/blogsaverroes.juntadeandalucia.es\/ceiplapurisimadejun\/wp-json\/wp\/v2\/types\/page"}],"author":[{"embeddable":true,"href":"https:\/\/blogsaverroes.juntadeandalucia.es\/ceiplapurisimadejun\/wp-json\/wp\/v2\/users\/1"}],"replies":[{"embeddable":true,"href":"https:\/\/blogsaverroes.juntadeandalucia.es\/ceiplapurisimadejun\/wp-json\/wp\/v2\/comments?post=77"}],"version-history":[{"count":14,"href":"https:\/\/blogsaverroes.juntadeandalucia.es\/ceiplapurisimadejun\/wp-json\/wp\/v2\/pages\/77\/revisions"}],"predecessor-version":[{"id":2714,"href":"https:\/\/blogsaverroes.juntadeandalucia.es\/ceiplapurisimadejun\/wp-json\/wp\/v2\/pages\/77\/revisions\/2714"}],"wp:attachment":[{"href":"https:\/\/blogsaverroes.juntadeandalucia.es\/ceiplapurisimadejun\/wp-json\/wp\/v2\/media?parent=77"}],"curies":[{"name":"wp","href":"https:\/\/api.w.org\/{rel}","templated":true}]}}