{"id":1196,"date":"2021-05-05T16:19:29","date_gmt":"2021-05-05T15:19:29","guid":{"rendered":"https:\/\/blogsaverroes.juntadeandalucia.es\/ceiplarabida\/?page_id=1196"},"modified":"2021-05-06T11:35:30","modified_gmt":"2021-05-06T10:35:30","slug":"nuestro-contexto","status":"publish","type":"page","link":"https:\/\/blogsaverroes.juntadeandalucia.es\/ceiplarabida\/nuestro-contexto\/","title":{"rendered":"Contexto"},"content":{"rendered":"ngg_shortcode_0_placeholder\n<p><span style=\"font-family: verdana, geneva, sans-serif\"><strong><span style=\"font-size: 14pt\">El Campillo: mirador de la sierra, balc\u00f3n de las minas.<\/span><\/strong><\/span><\/p>\n<p style=\"text-align: left\"><span style=\"font-weight: 400\">En el coraz\u00f3n de la Cuenca Minera de Riotinto, custodiado por los r\u00edos Tinto y Odiel, se abre en la provincia onubense este bello rinc\u00f3n que lleva por nombre&#8230;. <\/span><b>&#8220;El Campillo&#8221;.<\/b><\/p>\n<p style=\"text-align: left\"><span style=\"font-weight: 400\">Este municipio, junto a Berrocal, Campofr\u00edo, La Granada de Riotinto, Minas de Riotinto, Nerva y Zalamea la Real constituyen la Cuenca Minera, situada en el este de la provincia.&nbsp;<\/span><\/p>\n<p style=\"text-align: left\"><span style=\"font-weight: 400\">Las primeras referencias escritas a este municipio se encuentran en las Ordenanzas municipales de Zalamea la Real del a\u00f1o 1534. No ser\u00e1 hasta finales del siglo XIX, con el inicio de la explotaci\u00f3n a gran escala de las minas de Riotinto por los ingleses, cuando la alta demanda de mano de obra atraiga a la comarca a una gran cantidad de obreros. El Campillo comienza a despegar demogr\u00e1ficamente alcanzando en el primer tercio del siglo XX casi tanta poblaci\u00f3n como la de su cabecera municipal, Zalamea la Real.<\/span><\/p>\n<p style=\"text-align: left\"><span style=\"font-weight: 400\">Es entonces cuando entre los habitantes de El Campillo prende el deseo de segregaci\u00f3n de Zalamea la Real. El 15 de abril de 1925, el Pleno del Ayuntamiento de Zalamea rechaza, tras varias peticiones anteriores, la segregaci\u00f3n. Alega que la aldea no dispone de medios de subsistencia propios y que los demandantes no son naturales de El Campillo. Sin embargo, la reivindicaci\u00f3n de autonom\u00eda municipal continuar\u00e1 viva y, con la proclamaci\u00f3n de la II Rep\u00fablica, el 22 de agosto de 1931, Zalamea reconoce la segregaci\u00f3n.<\/span><\/p>\n<p style=\"text-align: left\"><span style=\"font-weight: 400\">Hablar del entorno de esta localidad en particular es hablar de las caracter\u00edsticas socioecon\u00f3micas de la Cuenca Minera en general.&nbsp;<\/span><\/p>\n<p style=\"text-align: left\"><span style=\"font-weight: 400\">La miner\u00eda es hist\u00f3ricamente la actividad econ\u00f3mica principal de la zona, ya sea de forma directa o indirecta. La evoluci\u00f3n de este sector econ\u00f3mico es, hasta el momento, el \u00fanico factor para entender la demograf\u00eda, el paisaje, la sociedad, la pol\u00edtica, el nivel de vida, y en definitiva, la cultura de una colectividad que se ha tenido siempre como \u00abminera\u00bb.<\/span><\/p>\n<p style=\"text-align: left\"><span style=\"font-weight: 400\">Desde que en 1873 un consorcio brit\u00e1nico creara la R\u00edo Tinto Company Limited, han sido varios los grupos accionariales que han regido el destino de estas minas, algunos de ellos con intereses netamente mineros pero otros con indudable intenci\u00f3n especulativa.&nbsp;<\/span><\/p>\n<p style=\"text-align: left\"><span style=\"font-weight: 400\">Esta circunstancia ha marcado decisivamente los vaivenes de la cuenca minera con momentos de auge, intensific\u00e1ndose la extracci\u00f3n de minerales, all\u00e1 por los a\u00f1os sesenta (que tiene su traducci\u00f3n directa en una subida del nivel de vida en toda la comarca) y con momentos crisis sucedi\u00e9ndose regulaciones de empleo continuas y una disminuci\u00f3n progresiva de la plantilla hasta su cierre definitivo en 2004.<\/span><\/p>\n<p style=\"text-align: left\"><span style=\"font-weight: 400\">Esta historia minera ha marcado la evoluci\u00f3n de la poblaci\u00f3n de la localidad que actualmente es la siguiente:<\/span><\/p>\n<ul style=\"text-align: left\">\n<li style=\"list-style-type: none\">\n<ul>\n<li style=\"font-weight: 400\"><span style=\"font-weight: 400\">Una elevada representatividad de la poblaci\u00f3n mayor de 65 a\u00f1os.&nbsp;<\/span><\/li>\n<li style=\"font-weight: 400\"><span style=\"font-weight: 400\">Especiales dificultades de acceso al mercado laboral.<\/span><\/li>\n<li style=\"font-weight: 400\"><span style=\"font-weight: 400\">Bajas tasas de empleo y elevadas cifras de paro con \u00edndices superiores a la media provincial.<\/span><\/li>\n<li style=\"font-weight: 400\"><span style=\"font-weight: 400\">Una alta representatividad de trabajadores eventuales agrarios dedicada a las modernas plantaciones de c\u00edtricos.<\/span><\/li>\n<li style=\"font-weight: 400\"><span style=\"font-weight: 400\">Escasa o nula mentalidad emprendedora, debido a la tradicional falta de cultura empresarial causada por la dependencia hist\u00f3rica del monocultivo.<\/span><\/li>\n<li style=\"font-weight: 400\"><b><span style=\"font-weight: 400\">Despoblamiento constante.<\/span><\/b><\/li>\n<\/ul>\n<\/li>\n<\/ul>\n","protected":false},"excerpt":{"rendered":"<p>&nbsp; El Campillo: mirador de la sierra, balc\u00f3n de las minas. En el coraz\u00f3n de la Cuenca Minera de Riotinto, custodiado por los r\u00edos Tinto y Odiel, se abre en la provincia onubense este&#46;&#46;&#46;<\/p>\n","protected":false},"author":12974,"featured_media":1035,"parent":0,"menu_order":0,"comment_status":"closed","ping_status":"closed","template":"","meta":{"ngg_post_thumbnail":0,"footnotes":""},"aioseo_notices":[],"_links":{"self":[{"href":"https:\/\/blogsaverroes.juntadeandalucia.es\/ceiplarabida\/wp-json\/wp\/v2\/pages\/1196"}],"collection":[{"href":"https:\/\/blogsaverroes.juntadeandalucia.es\/ceiplarabida\/wp-json\/wp\/v2\/pages"}],"about":[{"href":"https:\/\/blogsaverroes.juntadeandalucia.es\/ceiplarabida\/wp-json\/wp\/v2\/types\/page"}],"author":[{"embeddable":true,"href":"https:\/\/blogsaverroes.juntadeandalucia.es\/ceiplarabida\/wp-json\/wp\/v2\/users\/12974"}],"replies":[{"embeddable":true,"href":"https:\/\/blogsaverroes.juntadeandalucia.es\/ceiplarabida\/wp-json\/wp\/v2\/comments?post=1196"}],"version-history":[{"count":6,"href":"https:\/\/blogsaverroes.juntadeandalucia.es\/ceiplarabida\/wp-json\/wp\/v2\/pages\/1196\/revisions"}],"predecessor-version":[{"id":1274,"href":"https:\/\/blogsaverroes.juntadeandalucia.es\/ceiplarabida\/wp-json\/wp\/v2\/pages\/1196\/revisions\/1274"}],"wp:featuredmedia":[{"embeddable":true,"href":"https:\/\/blogsaverroes.juntadeandalucia.es\/ceiplarabida\/wp-json\/wp\/v2\/media\/1035"}],"wp:attachment":[{"href":"https:\/\/blogsaverroes.juntadeandalucia.es\/ceiplarabida\/wp-json\/wp\/v2\/media?parent=1196"}],"curies":[{"name":"wp","href":"https:\/\/api.w.org\/{rel}","templated":true}]}}