{"id":141,"date":"2015-03-17T07:13:24","date_gmt":"2015-03-17T07:13:24","guid":{"rendered":"http:\/\/blogsaverroes.juntadeandalucia.es\/pre\/ceip\/?page_id=141"},"modified":"2025-02-22T12:07:24","modified_gmt":"2025-02-22T12:07:24","slug":"escolarizacion","status":"publish","type":"page","link":"https:\/\/blogsaverroes.juntadeandalucia.es\/ceiplaraza\/escolarizacion\/","title":{"rendered":"Escolarizaci\u00f3n 2025-2026"},"content":{"rendered":"<h5><strong>PROCEDIMIENTO DE ADMISI\u00d3N PARA INFANTIL, PRIMARIA Y EDUCACI\u00d3N SECUNDARIA OBLIGATORIA<\/strong><\/h5>\n<ul>\n<li>\n<h6><strong>PLAZO: DEL 1 AL 31 DE MARZO DE 2025<\/strong><\/h6>\n<\/li>\n<li>\n<h6><strong>PRESENTACI\u00d3N TELEM\u00c1TICA<\/strong><\/h6>\n<\/li>\n<\/ul>\n<p><a href=\"https:\/\/www.juntadeandalucia.es\/educacion\/secretariavirtual\/\">Acceso al portal de escolarizaci\u00f3n. Secretar\u00eda virtual de los centros educativos.<\/a><\/p>\n<div class=\"fluid-width-video-wrapper\"><a href=\"https:\/\/www.juntadeandalucia.es\/educacion\/portales\/web\/escolarizacion\"><img loading=\"lazy\" decoding=\"async\" class=\"alignnone wp-image-4599 size-full\" src=\"https:\/\/blogsaverroes.juntadeandalucia.es\/ceiplaraza\/files\/2025\/02\/iphone-1.png\" alt=\"\" width=\"1920\" height=\"1279\" srcset=\"https:\/\/blogsaverroes.juntadeandalucia.es\/ceiplaraza\/files\/2025\/02\/iphone-1.png 1920w, https:\/\/blogsaverroes.juntadeandalucia.es\/ceiplaraza\/files\/2025\/02\/iphone-1-300x200.png 300w, https:\/\/blogsaverroes.juntadeandalucia.es\/ceiplaraza\/files\/2025\/02\/iphone-1-1024x682.png 1024w, https:\/\/blogsaverroes.juntadeandalucia.es\/ceiplaraza\/files\/2025\/02\/iphone-1-768x512.png 768w, https:\/\/blogsaverroes.juntadeandalucia.es\/ceiplaraza\/files\/2025\/02\/iphone-1-1536x1023.png 1536w, https:\/\/blogsaverroes.juntadeandalucia.es\/ceiplaraza\/files\/2025\/02\/iphone-1-700x466.png 700w\" sizes=\"(max-width: 1920px) 100vw, 1920px\" \/><\/a><\/div>\n<ul>\n<li>\n<h6><strong>PRESENTACI\u00d3N PRESENCIAL<\/strong><\/h6>\n<\/li>\n<\/ul>\n<p>Es necesario pedir cita. Pueden hacerlo:<\/p>\n<ul>\n<li>Llamando al tel\u00e9fono:&nbsp;<a href=\"https:\/\/www.google.com\/search?q=tel%C3%A9fono+ceip+la+raza&amp;oq=tel%C3%A9fono+ceip+la+raza&amp;aqs=chrome.0.69i59j0i22i30.3168j0j7&amp;sourceid=chrome&amp;ie=UTF-8#\" data-dtype=\"d3ifr\" data-local-attribute=\"d3ph\" data-ved=\"2ahUKEwjQ_fP_p5fvAhUBi1wKHW99DCYQkAgoAHoECAYQAg\"><span class=\"mw31Ze\" role=\"link\" aria-label=\"Llamar al n\u00famero de tel\u00e9fono 955 62 28 16\">955 62 28 16<\/span><\/a><\/li>\n<li>Escribiendo un e-mail a la cuenta:&nbsp;<a href=\"https:\/\/blogsaverroes.juntadeandalucia.es\/ceiplaraza\/escolarizacion-2020-2021\/41009330.edu@juntadeandalucia.es\">41009330.edu@juntadeandalucia.es<\/a><\/li>\n<\/ul>\n<p>Deben cumplimentar la siguiente documentaci\u00f3n<\/p>\n<ul>\n<li>\n<h5><a href=\"https:\/\/blogsaverroes.juntadeandalucia.es\/ceiplaraza\/files\/2022\/04\/ANEXOIII.pdf\">ANEXOIII<\/a><\/h5>\n<\/li>\n<\/ul>\n<h6><strong>M\u00c1S INFORMACI\u00d3N<\/strong><\/h6>\n<ul>\n<li><a href=\"http:\/\/www.juntadeandalucia.es\/educacion\/portals\/web\/escolarizacion\/infantil-a-bachillerato\">Normativa<\/a>&nbsp;sobre el proceso de escolarizaci\u00f3n.<\/li>\n<li><a href=\"https:\/\/www.juntadeandalucia.es\/educacion\/educasig\/escolarizacion\/\">\u00c1reas de influencia escolarizaci\u00f3n&nbsp;<\/a><\/li>\n<li><a href=\"https:\/\/www.juntadeandalucia.es\/boja\/2021\/514\/1\">Decreto-ley 2\/2021 de 2 de febrero, por el que se modifican, con car\u00e1cter urgente la normativa de admisi\u00f3n del alumnado en los centros docentes p\u00fablicos, privados y concertados de la comunidad aut\u00f3noma de Andaluc\u00eda y otras disposiciones normativas, y que se regulan los estudios con finalidad de diagn\u00f3stico precoz o de detecci\u00f3n de casos de infecci\u00f3n activa (cribados) dentro de la Comunidad Aut\u00f3noma de Andaluc\u00eda.<\/a><\/li>\n<li><a href=\"https:\/\/www.juntadeandalucia.es\/boja\/2020\/503\/1\">Orden de 20 de febrero de 2020, por la que se desarrolla el procedimiento de admisi\u00f3n en los centros docentes p\u00fablicos y privados concertados para cursar las ense\u00f1anzas de segundo ciclo de Educaci\u00f3n Infantil, Educaci\u00f3n Primaria, Educaci\u00f3n Especial y Educaci\u00f3n Secundaria y Obligatoria y Bachillerato.<\/a><\/li>\n<li><a href=\"https:\/\/www.juntadeandalucia.es\/boja\/2021\/514\/BOJA21-514-00023-1756-01_00185685.pdf\">Decreto-ley 2\/2021, de 2 de febrero, por el que se modifican, con car\u00e1cter<\/a><br \/>\nurgente, la normativa de admisi\u00f3n del alumnado en los centros docentes<br \/>\np\u00fablicos y privados concertados de la Comunidad Aut\u00f3noma de Andaluc\u00eda y<br \/>\notras disposiciones normativas, y se regulan los estudios con finalidad de<br \/>\ndiagn\u00f3stico precoz o de detecci\u00f3n de casos de infecci\u00f3n activa (cribados) dentro<br \/>\nde la Comunidad Aut\u00f3noma de Andaluc\u00eda.<\/li>\n<li><a href=\"https:\/\/www.juntadeandalucia.es\/boja\/2020\/34\/1\">Decreto 21\/2020, de 17 de febrero, por el que se regulan los criterios y el procedimiento de admisi\u00f3n del alumnado en los centros docentes p\u00fablicos y privados concertados para cursar las ense\u00f1anzas de segundo ciclo de educaci\u00f3n infantil, educaci\u00f3n primaria, educaci\u00f3n especial, educaci\u00f3n secundaria obligatoria y bachillerato.<\/a><\/li>\n<li><a href=\"http:\/\/www.juntadeandalucia.es\/educacion\/portals\/web\/escolarizacion\/infantil-a-bachillerato\/preguntas-frecuentes\">Preguntas frecuentes<\/a>&nbsp;sobre el proceso de admisi\u00f3n y escolarizaci\u00f3n.<\/li>\n<\/ul>\n<p><strong>Proceso de Admisi\u00f3n para la Secundaria Obligatoria:<\/strong><\/p>\n<p>1.Centros adscritos (Porcentaje de adscripci\u00f3n):<\/p>\n<ul>\n<li><a href=\"http:\/\/www.iesfernandodeherrera.es\/\">IES Fernando de Herrera<\/a> (porcentaje de adscripci\u00f3n 70%).<\/li>\n<li><a href=\"http:\/\/www.iespuntadelverde.es\/pdv\/\">IES Punta del Verde<\/a> (porcentaje de adscripci\u00f3n 30%)<\/li>\n<\/ul>\n<p>2. D\u00eda y hora de las <a href=\"https:\/\/blogsaverroes.juntadeandalucia.es\/ceiplaraza\/jornadas-de-puertas-abiertas-2025\/\">jornadas de puertas abiertas<\/a> de las familias de nuevo ingreso:<\/p>\n<p><a href=\"https:\/\/blogsaverroes.juntadeandalucia.es\/ceiplaraza\/jornadas-de-puertas-abiertas-2025\/\"><img loading=\"lazy\" decoding=\"async\" class=\"alignnone wp-image-4572 size-full\" src=\"https:\/\/blogsaverroes.juntadeandalucia.es\/ceiplaraza\/files\/2025\/02\/puertasabiertas2025.jpeg\" alt=\"\" width=\"540\" height=\"540\" srcset=\"https:\/\/blogsaverroes.juntadeandalucia.es\/ceiplaraza\/files\/2025\/02\/puertasabiertas2025.jpeg 540w, https:\/\/blogsaverroes.juntadeandalucia.es\/ceiplaraza\/files\/2025\/02\/puertasabiertas2025-300x300.jpeg 300w, https:\/\/blogsaverroes.juntadeandalucia.es\/ceiplaraza\/files\/2025\/02\/puertasabiertas2025-150x150.jpeg 150w, https:\/\/blogsaverroes.juntadeandalucia.es\/ceiplaraza\/files\/2025\/02\/puertasabiertas2025-432x432.jpeg 432w, https:\/\/blogsaverroes.juntadeandalucia.es\/ceiplaraza\/files\/2025\/02\/puertasabiertas2025-268x268.jpeg 268w\" sizes=\"(max-width: 540px) 100vw, 540px\" \/><\/a><\/p>\n<ul>\n<li class=\"fluid-width-video-wrapper\">D\u00eda <strong>4 de marzo<\/strong> a las <strong>16&#8217;00 horas<\/strong><\/li>\n<li>D\u00eda <strong>12 de marzo<\/strong> a las <strong>10&#8217;30 horas<\/strong><\/li>\n<\/ul>\n<p>3. Reuni\u00f3n de tr\u00e1nsito a secundaria en el CEIP La Raza para las familias del alumnado de 6\u00ba de EP.<\/p>\n<ul>\n<li>Folleto informativo:&nbsp;<a href=\"https:\/\/blogsaverroes.juntadeandalucia.es\/ceiplaraza\/files\/2021\/03\/folleto-paso-secundaria.pdf\">El paso a secundaria<\/a><\/li>\n<\/ul>\n","protected":false},"excerpt":{"rendered":"<p>PROCEDIMIENTO DE ADMISI\u00d3N PARA INFANTIL, PRIMARIA Y EDUCACI\u00d3N SECUNDARIA OBLIGATORIA PLAZO: DEL 1 AL 31 DE MARZO DE 2025 PRESENTACI\u00d3N TELEM\u00c1TICA Acceso al portal de escolarizaci\u00f3n. Secretar\u00eda virtual de los centros educativos. PRESENTACI\u00d3N PRESENCIAL&#46;&#46;&#46;<\/p>\n","protected":false},"author":1,"featured_media":0,"parent":0,"menu_order":0,"comment_status":"closed","ping_status":"open","template":"","meta":{"ngg_post_thumbnail":0,"footnotes":"","_mc_calendar":[]},"aioseo_notices":[],"_links":{"self":[{"href":"https:\/\/blogsaverroes.juntadeandalucia.es\/ceiplaraza\/wp-json\/wp\/v2\/pages\/141"}],"collection":[{"href":"https:\/\/blogsaverroes.juntadeandalucia.es\/ceiplaraza\/wp-json\/wp\/v2\/pages"}],"about":[{"href":"https:\/\/blogsaverroes.juntadeandalucia.es\/ceiplaraza\/wp-json\/wp\/v2\/types\/page"}],"author":[{"embeddable":true,"href":"https:\/\/blogsaverroes.juntadeandalucia.es\/ceiplaraza\/wp-json\/wp\/v2\/users\/1"}],"replies":[{"embeddable":true,"href":"https:\/\/blogsaverroes.juntadeandalucia.es\/ceiplaraza\/wp-json\/wp\/v2\/comments?post=141"}],"version-history":[{"count":37,"href":"https:\/\/blogsaverroes.juntadeandalucia.es\/ceiplaraza\/wp-json\/wp\/v2\/pages\/141\/revisions"}],"predecessor-version":[{"id":3813,"href":"https:\/\/blogsaverroes.juntadeandalucia.es\/ceiplaraza\/wp-json\/wp\/v2\/pages\/141\/revisions\/3813"}],"wp:attachment":[{"href":"https:\/\/blogsaverroes.juntadeandalucia.es\/ceiplaraza\/wp-json\/wp\/v2\/media?parent=141"}],"curies":[{"name":"wp","href":"https:\/\/api.w.org\/{rel}","templated":true}]}}