{"id":3525,"date":"2020-10-19T07:53:30","date_gmt":"2020-10-19T07:53:30","guid":{"rendered":"https:\/\/blogsaverroes.juntadeandalucia.es\/ceiplaraza\/?page_id=3525"},"modified":"2025-02-22T11:43:37","modified_gmt":"2025-02-22T11:43:37","slug":"blogosfera","status":"publish","type":"page","link":"https:\/\/blogsaverroes.juntadeandalucia.es\/ceiplaraza\/blogosfera\/","title":{"rendered":"Blogosfera"},"content":{"rendered":"<p>Bienvenidos a la<strong> Blogosfera del CEIP La Raza<\/strong>. Aqu\u00ed encontrar\u00e1n los enlaces con los que poder visitar las diferentes bit\u00e1coras de nuestro colegio.<\/p>\n<p><strong>Blogs de los diferentes Planes y Programas<\/strong><\/p>\n<p>Como avanzamos en la informaci\u00f3n de nuestro centro, el CEIP La Raza est\u00e1 siempre inmerso en planes de mejora continua buscando con esta medida la calidad educativa. Durante el curso escolar 2024-2025 desarrollamos los siguientes planes y programas.&nbsp;&nbsp;<\/p>\n<p>Pod\u00e9is acceder a cada uno de los blogs a trav\u00e9s de estos enlaces.<\/p>\n<ul>\n<li><strong><a href=\"https:\/\/plandeigualdadceiplaraza.wordpress.com\/\">Igualdad y Coeducaci\u00f3n- Prevenci\u00f3n de violencia de g\u00e9nero<\/a><\/strong><\/li>\n<li><strong><a href=\"https:\/\/escueladepazceiplaraza928215918.wordpress.com\/\">Escuela Espacio de Paz<\/a><\/strong><\/li>\n<li><strong><a href=\"https:\/\/letrasyemociones.wordpress.com\/\">Plan de Lectura y Biblioteca<\/a><\/strong><\/li>\n<li><strong><a href=\"https:\/\/hortelanosderaza.wordpress.com\/\">Siembra y Recoge. Blog del \u00c1mbito Promoci\u00f3n de H\u00e1bitos de Vida Saludable enmarcado en el Programa para la Innovaci\u00f3n y Mejora del Aprendizaje: Programa CIMA.<\/a><\/strong><\/li>\n<\/ul>\n","protected":false},"excerpt":{"rendered":"<p>Bienvenidos a la Blogosfera del CEIP La Raza. Aqu\u00ed encontrar\u00e1n los enlaces con los que poder visitar las diferentes bit\u00e1coras de nuestro colegio. Blogs de los diferentes Planes y Programas Como avanzamos en la&#46;&#46;&#46;<\/p>\n","protected":false},"author":6407,"featured_media":0,"parent":0,"menu_order":0,"comment_status":"closed","ping_status":"closed","template":"","meta":{"ngg_post_thumbnail":0,"footnotes":"","_mc_calendar":[]},"aioseo_notices":[],"_links":{"self":[{"href":"https:\/\/blogsaverroes.juntadeandalucia.es\/ceiplaraza\/wp-json\/wp\/v2\/pages\/3525"}],"collection":[{"href":"https:\/\/blogsaverroes.juntadeandalucia.es\/ceiplaraza\/wp-json\/wp\/v2\/pages"}],"about":[{"href":"https:\/\/blogsaverroes.juntadeandalucia.es\/ceiplaraza\/wp-json\/wp\/v2\/types\/page"}],"author":[{"embeddable":true,"href":"https:\/\/blogsaverroes.juntadeandalucia.es\/ceiplaraza\/wp-json\/wp\/v2\/users\/6407"}],"replies":[{"embeddable":true,"href":"https:\/\/blogsaverroes.juntadeandalucia.es\/ceiplaraza\/wp-json\/wp\/v2\/comments?post=3525"}],"version-history":[{"count":10,"href":"https:\/\/blogsaverroes.juntadeandalucia.es\/ceiplaraza\/wp-json\/wp\/v2\/pages\/3525\/revisions"}],"predecessor-version":[{"id":4587,"href":"https:\/\/blogsaverroes.juntadeandalucia.es\/ceiplaraza\/wp-json\/wp\/v2\/pages\/3525\/revisions\/4587"}],"wp:attachment":[{"href":"https:\/\/blogsaverroes.juntadeandalucia.es\/ceiplaraza\/wp-json\/wp\/v2\/media?parent=3525"}],"curies":[{"name":"wp","href":"https:\/\/api.w.org\/{rel}","templated":true}]}}