{"id":44,"date":"2015-03-13T08:42:15","date_gmt":"2015-03-13T08:42:15","guid":{"rendered":"http:\/\/blogsaverroes.juntadeandalucia.es\/pre\/ceip\/?page_id=44"},"modified":"2022-09-09T12:11:36","modified_gmt":"2022-09-09T12:11:36","slug":"planes-y-proyectos","status":"publish","type":"page","link":"https:\/\/blogsaverroes.juntadeandalucia.es\/ceiplaraza\/planes-y-proyectos\/","title":{"rendered":"Planes y Programas"},"content":{"rendered":"<p>Los <a href=\"http:\/\/www.juntadeandalucia.es\/educacion\/webportal\/web\/planes-y-programas\"><strong>Planes y Programas<\/strong><\/a> promovidos desde la Consejer\u00eda de Educaci\u00f3n, Cultura y Deporte a los que estamos adheridos, son la se\u00f1a de identidad de nuestro centro, personaliz\u00e1ndolos y adapt\u00e1ndolos al proyecto educativo que desarrollamos.<\/p>\n<p>Nuestro colegio, durante el presente curso escolar, participa en los siguientes Planes y Programas.<\/p>\n<ul>\n<li><strong><a href=\"https:\/\/plandeigualdadceiplaraza.wordpress.com\/\">Plan de igualdad y prevenci\u00f3n de la violencia de g\u00e9nero<\/a><\/strong><\/li>\n<li><strong><a href=\"https:\/\/letrasyemociones.wordpress.com\/\">Letras y Emociones: Plan de lectura y biblioteca<\/a><\/strong><\/li>\n<li><strong><a href=\"https:\/\/escueladepazceiplaraza928215918.wordpress.com\/\">Escuela espacio de Paz<\/a><\/strong><\/li>\n<li><strong><a href=\"https:\/\/hortelanosderaza.wordpress.com\/\">H\u00e1bitos de vida saludable: Creciendo en Salud<\/a><\/strong><\/li>\n<\/ul>\n","protected":false},"excerpt":{"rendered":"<p>Los Planes y Programas promovidos desde la Consejer\u00eda de Educaci\u00f3n, Cultura y Deporte a los que estamos adheridos, son la se\u00f1a de identidad de nuestro centro, personaliz\u00e1ndolos y adapt\u00e1ndolos al proyecto educativo que desarrollamos.&#46;&#46;&#46;<\/p>\n","protected":false},"author":1,"featured_media":0,"parent":0,"menu_order":0,"comment_status":"closed","ping_status":"closed","template":"template-full-width.php","meta":{"ngg_post_thumbnail":0,"footnotes":"","_mc_calendar":[]},"aioseo_notices":[],"_links":{"self":[{"href":"https:\/\/blogsaverroes.juntadeandalucia.es\/ceiplaraza\/wp-json\/wp\/v2\/pages\/44"}],"collection":[{"href":"https:\/\/blogsaverroes.juntadeandalucia.es\/ceiplaraza\/wp-json\/wp\/v2\/pages"}],"about":[{"href":"https:\/\/blogsaverroes.juntadeandalucia.es\/ceiplaraza\/wp-json\/wp\/v2\/types\/page"}],"author":[{"embeddable":true,"href":"https:\/\/blogsaverroes.juntadeandalucia.es\/ceiplaraza\/wp-json\/wp\/v2\/users\/1"}],"replies":[{"embeddable":true,"href":"https:\/\/blogsaverroes.juntadeandalucia.es\/ceiplaraza\/wp-json\/wp\/v2\/comments?post=44"}],"version-history":[{"count":18,"href":"https:\/\/blogsaverroes.juntadeandalucia.es\/ceiplaraza\/wp-json\/wp\/v2\/pages\/44\/revisions"}],"predecessor-version":[{"id":4292,"href":"https:\/\/blogsaverroes.juntadeandalucia.es\/ceiplaraza\/wp-json\/wp\/v2\/pages\/44\/revisions\/4292"}],"wp:attachment":[{"href":"https:\/\/blogsaverroes.juntadeandalucia.es\/ceiplaraza\/wp-json\/wp\/v2\/media?parent=44"}],"curies":[{"name":"wp","href":"https:\/\/api.w.org\/{rel}","templated":true}]}}