{"id":49,"date":"2015-03-13T08:47:05","date_gmt":"2015-03-13T08:47:05","guid":{"rendered":"http:\/\/blogsaverroes.juntadeandalucia.es\/pre\/ceip\/?page_id=49"},"modified":"2025-10-27T12:45:43","modified_gmt":"2025-10-27T12:45:43","slug":"proyecto-educativo","status":"publish","type":"page","link":"https:\/\/blogsaverroes.juntadeandalucia.es\/ceiplaraza\/proyecto-educativo\/","title":{"rendered":"Plan de Centro"},"content":{"rendered":"<p style=\"text-align: justify\">Un centro se define en gran medida por su <strong>Proyecto Educativo, el ROF (reglamento de organizaci\u00f3n y funcionamiento) y <b>el proyecto de gesti\u00f3n<\/b><\/strong>. En estos documentos, se plasma el modelo educativo y la concreci\u00f3n de la normativa que un centro realiza respecto a las ense\u00f1anzas que imparte.&nbsp;<\/p>\n<p style=\"text-align: justify\">Informar de nuestro Proyecto Educativo es una apuesta clara por la <strong>transparencia <\/strong>para con la comunidad educativa.&nbsp;<\/p>\n<h3 style=\"text-align: justify\"><strong>Plan de centro<\/strong><\/h3>\n<ul>\n<li><a href=\"https:\/\/blogsaverroes.juntadeandalucia.es\/ceiplaraza\/files\/2022\/09\/Proyecto-Educativo.pdf\">Proyecto Educativo<\/a><\/li>\n<li><a href=\"https:\/\/drive.google.com\/file\/d\/1hgfGpQKatT9NSrnJlWqVl6NiKHuGf1tC\/view?usp=drive_link\">Reglamento de organizaci\u00f3n y funcionamiento<\/a><\/li>\n<li><a href=\"https:\/\/blogsaverroes.juntadeandalucia.es\/ceiplaraza\/files\/2022\/09\/Proyecto-de-gesti\u00f3n.pdf\">Proyecto de gesti\u00f3n<\/a><\/li>\n<\/ul>\n<h3><strong>Autoprotecci\u00f3n<\/strong><\/h3>\n<ul>\n<li><a href=\"https:\/\/blogsaverroes.juntadeandalucia.es\/ceiplaraza\/files\/2022\/09\/Plan-de-autoprotecci\u00f3n.pdf\">Plan de autoprotecci\u00f3n<\/a><\/li>\n<li><a href=\"https:\/\/blogsaverroes.juntadeandalucia.es\/ceiplaraza\/files\/2022\/09\/Plan-de-actuaci\u00f3n-espec\u00edfico-frente-a-la-COVID-19.-Curso-escolar-2022-2023.pdf\">Plan de actuaci\u00f3n espec\u00edfico frente a la COVID 19. Curso escolar 2022-2023<\/a><\/li>\n<li><a href=\"https:\/\/blogsaverroes.juntadeandalucia.es\/ceiplaraza\/files\/2022\/09\/INSTRUCCIONES-DE-7-DE-JULIO-DE-2022.pdf\">INSTRUCCIONES DE 7 DE JULIO DE 2022, conjuntas de la viceconsejer\u00eda de Educaci\u00f3n y Deporte y de la&nbsp; Viceconsejer\u00eda de Salud y Familias para coordinar las actuaciones en el \u00e1mbito de la salud p\u00fablica y la asistencia sanitaria que se desarrollen en los centros docentes sostenidos con fondos p\u00fablicos durante el curso escolar 2022-2023.<\/a><\/li>\n<li><a href=\"https:\/\/blogsaverroes.juntadeandalucia.es\/ceiplaraza\/files\/2020\/10\/Revisi\u00f3n-plan-de-centro-y-proyecto-educativo-seg\u00fan-protocolo-COVID.pdf\">Revisi\u00f3n plan de centro y proyecto educativo seg\u00fan protocolo COVID. Curso 2021-2022<\/a><\/li>\n<li><a href=\"https:\/\/blogsaverroes.juntadeandalucia.es\/ceiplaraza\/files\/2020\/09\/PROTOCOLO-ESPEC\u00cdFICO-CEIP-LA-RAZA.pdf\">ANEXO IV-Medidas de autoprotecci\u00f3n ante el COVID 19<\/a><\/li>\n<\/ul>\n","protected":false},"excerpt":{"rendered":"<p>Un centro se define en gran medida por su Proyecto Educativo, el ROF (reglamento de organizaci\u00f3n y funcionamiento) y el proyecto de gesti\u00f3n. En estos documentos, se plasma el modelo educativo y la concreci\u00f3n&#46;&#46;&#46;<\/p>\n","protected":false},"author":1,"featured_media":0,"parent":0,"menu_order":0,"comment_status":"closed","ping_status":"open","template":"","meta":{"ngg_post_thumbnail":0,"footnotes":"","_mc_calendar":[]},"aioseo_notices":[],"_links":{"self":[{"href":"https:\/\/blogsaverroes.juntadeandalucia.es\/ceiplaraza\/wp-json\/wp\/v2\/pages\/49"}],"collection":[{"href":"https:\/\/blogsaverroes.juntadeandalucia.es\/ceiplaraza\/wp-json\/wp\/v2\/pages"}],"about":[{"href":"https:\/\/blogsaverroes.juntadeandalucia.es\/ceiplaraza\/wp-json\/wp\/v2\/types\/page"}],"author":[{"embeddable":true,"href":"https:\/\/blogsaverroes.juntadeandalucia.es\/ceiplaraza\/wp-json\/wp\/v2\/users\/1"}],"replies":[{"embeddable":true,"href":"https:\/\/blogsaverroes.juntadeandalucia.es\/ceiplaraza\/wp-json\/wp\/v2\/comments?post=49"}],"version-history":[{"count":62,"href":"https:\/\/blogsaverroes.juntadeandalucia.es\/ceiplaraza\/wp-json\/wp\/v2\/pages\/49\/revisions"}],"predecessor-version":[{"id":4628,"href":"https:\/\/blogsaverroes.juntadeandalucia.es\/ceiplaraza\/wp-json\/wp\/v2\/pages\/49\/revisions\/4628"}],"wp:attachment":[{"href":"https:\/\/blogsaverroes.juntadeandalucia.es\/ceiplaraza\/wp-json\/wp\/v2\/media?parent=49"}],"curies":[{"name":"wp","href":"https:\/\/api.w.org\/{rel}","templated":true}]}}