{"id":77,"date":"2015-03-16T06:54:56","date_gmt":"2015-03-16T06:54:56","guid":{"rendered":"http:\/\/blogsaverroes.juntadeandalucia.es\/pre\/ceip\/?page_id=77"},"modified":"2022-11-02T20:01:58","modified_gmt":"2022-11-02T20:01:58","slug":"secretaria","status":"publish","type":"page","link":"https:\/\/blogsaverroes.juntadeandalucia.es\/ceiplaraza\/secretaria\/","title":{"rendered":"Secretar\u00eda"},"content":{"rendered":"<h3><strong>Contacto&nbsp;<\/strong><\/h3>\n<ul>\n<li><strong>Tel\u00e9fono:&nbsp;<\/strong>955622816 <strong>Fax: <\/strong>955622817&nbsp;<\/li>\n<li><strong>Email:<\/strong>&nbsp;<a href=\"mailto:41009330.averroes@juntadeandalucia.es\">41009330.edu@juntadeandalucia.es<\/a><\/li>\n<\/ul>\n<h3><strong>Canales de comunicaci\u00f3n&nbsp;<\/strong><\/h3>\n<ul>\n<li><strong>iPasen<\/strong>:&nbsp;<a href=\"https:\/\/seneca.juntadeandalucia.es\/seneca\/jsp\/portalpasen\/\">https:\/\/seneca.juntadeandalucia.es\/seneca\/jsp\/portalpasen\/<\/a><\/li>\n<\/ul>\n<p>Si no tiene acceso a iPasen y no puede consultar la informaci\u00f3n educativa de sus hijos\/as, introduzca los datos (DNI\/Pasaporte y Tel\u00e9fono) que diera al centro y le llegar\u00e1 un SMS (mensaje de texto) con su usuario y contrase\u00f1a. A continuaci\u00f3n, un video tutorial sobre la instalaci\u00f3n de la app y primer acceso.&nbsp;<\/p>\n<p><iframe loading=\"lazy\" title=\"iPASEN 1: Instalaci\u00f3n y Primer Acceso\" width=\"500\" height=\"281\" src=\"https:\/\/www.youtube.com\/embed\/Gywfd_XncSA?feature=oembed&#038;wmode=opaque\" frameborder=\"0\" allow=\"accelerometer; autoplay; clipboard-write; encrypted-media; gyroscope; picture-in-picture; web-share\" referrerpolicy=\"strict-origin-when-cross-origin\" allowfullscreen><\/iframe><\/p>\n<ul>\n<li><strong>Cuenta de twitter<\/strong>: @CeipRaza<\/li>\n<li><strong>Web del centro<\/strong>:&nbsp;<a href=\"https:\/\/blogsaverroes.juntadeandalucia.es\/ceiplaraza\/\">https:\/\/blogsaverroes.juntadeandalucia.es\/ceiplaraza\/<\/a><\/li>\n<\/ul>\n<h3><strong>Descarga de documentaci\u00f3n<\/strong><\/h3>\n<ul>\n<li><a href=\"https:\/\/blogsaverroes.juntadeandalucia.es\/ceiplaraza\/files\/2022\/11\/AUTORIZACI\u00d3N-RECOGIDAS.pdf\">Autorizaci\u00f3n recogidas<\/a><\/li>\n<li><a href=\"https:\/\/blogsaverroes.juntadeandalucia.es\/ceiplaraza\/files\/2022\/11\/DERECHO-IMAGEN.pdf\">Derecho imagen<\/a><\/li>\n<li><a href=\"https:\/\/blogsaverroes.juntadeandalucia.es\/ceiplaraza\/files\/2022\/11\/JUSTIFICACI\u00d3N-FALTAS-ASISTENCIA.pdf\">Justificaci\u00f3n falta de asistencia<\/a><\/li>\n<li><a href=\"https:\/\/blogsaverroes.juntadeandalucia.es\/ceiplaraza\/files\/2022\/11\/JUSTIFICANTE-LLEGADA-TARDE.pdf\">Justificante retraso<\/a><\/li>\n<li><a href=\"https:\/\/blogsaverroes.juntadeandalucia.es\/ceiplaraza\/files\/2022\/11\/JUSTIFICANTE-SALIDA-ANTES-FIN-JORNADA.pdf\">Justificante salida antes del fin de la jornada<\/a><\/li>\n<li><a href=\"https:\/\/blogsaverroes.juntadeandalucia.es\/ceiplaraza\/files\/2022\/11\/SUMINISTRO-MEDICAMENTOS.pdf\">Suministro de medicamentos<\/a><\/li>\n<\/ul>\n<p>&nbsp;<\/p>\n<p>&nbsp;<\/p>\n","protected":false},"excerpt":{"rendered":"<p>Contacto&nbsp; Tel\u00e9fono:&nbsp;955622816 Fax: 955622817&nbsp; Email:&nbsp;41009330.edu@juntadeandalucia.es Canales de comunicaci\u00f3n&nbsp; iPasen:&nbsp;https:\/\/seneca.juntadeandalucia.es\/seneca\/jsp\/portalpasen\/ Si no tiene acceso a iPasen y no puede consultar la informaci\u00f3n educativa de sus hijos\/as, introduzca los datos (DNI\/Pasaporte y Tel\u00e9fono) que diera al&#46;&#46;&#46;<\/p>\n","protected":false},"author":1,"featured_media":0,"parent":0,"menu_order":0,"comment_status":"closed","ping_status":"open","template":"","meta":{"ngg_post_thumbnail":0,"footnotes":"","_mc_calendar":[]},"aioseo_notices":[],"_links":{"self":[{"href":"https:\/\/blogsaverroes.juntadeandalucia.es\/ceiplaraza\/wp-json\/wp\/v2\/pages\/77"}],"collection":[{"href":"https:\/\/blogsaverroes.juntadeandalucia.es\/ceiplaraza\/wp-json\/wp\/v2\/pages"}],"about":[{"href":"https:\/\/blogsaverroes.juntadeandalucia.es\/ceiplaraza\/wp-json\/wp\/v2\/types\/page"}],"author":[{"embeddable":true,"href":"https:\/\/blogsaverroes.juntadeandalucia.es\/ceiplaraza\/wp-json\/wp\/v2\/users\/1"}],"replies":[{"embeddable":true,"href":"https:\/\/blogsaverroes.juntadeandalucia.es\/ceiplaraza\/wp-json\/wp\/v2\/comments?post=77"}],"version-history":[{"count":8,"href":"https:\/\/blogsaverroes.juntadeandalucia.es\/ceiplaraza\/wp-json\/wp\/v2\/pages\/77\/revisions"}],"predecessor-version":[{"id":4410,"href":"https:\/\/blogsaverroes.juntadeandalucia.es\/ceiplaraza\/wp-json\/wp\/v2\/pages\/77\/revisions\/4410"}],"wp:attachment":[{"href":"https:\/\/blogsaverroes.juntadeandalucia.es\/ceiplaraza\/wp-json\/wp\/v2\/media?parent=77"}],"curies":[{"name":"wp","href":"https:\/\/api.w.org\/{rel}","templated":true}]}}