{"id":80,"date":"2015-03-16T06:57:36","date_gmt":"2015-03-16T06:57:36","guid":{"rendered":"http:\/\/blogsaverroes.juntadeandalucia.es\/pre\/ceip\/?page_id=80"},"modified":"2025-02-22T11:45:10","modified_gmt":"2025-02-22T11:45:10","slug":"curso-escolar","status":"publish","type":"page","link":"https:\/\/blogsaverroes.juntadeandalucia.es\/ceiplaraza\/curso-escolar\/","title":{"rendered":"Curso escolar 2024-2025"},"content":{"rendered":"<h3><a href=\"https:\/\/blogsaverroes.juntadeandalucia.es\/ceiplaraza\/files\/2025\/02\/puertasabiertas2025.jpeg\"><img loading=\"lazy\" decoding=\"async\" class=\"alignnone size-full wp-image-4572\" src=\"https:\/\/blogsaverroes.juntadeandalucia.es\/ceiplaraza\/files\/2025\/02\/puertasabiertas2025.jpeg\" alt=\"\" width=\"540\" height=\"540\" srcset=\"https:\/\/blogsaverroes.juntadeandalucia.es\/ceiplaraza\/files\/2025\/02\/puertasabiertas2025.jpeg 540w, https:\/\/blogsaverroes.juntadeandalucia.es\/ceiplaraza\/files\/2025\/02\/puertasabiertas2025-300x300.jpeg 300w, https:\/\/blogsaverroes.juntadeandalucia.es\/ceiplaraza\/files\/2025\/02\/puertasabiertas2025-150x150.jpeg 150w, https:\/\/blogsaverroes.juntadeandalucia.es\/ceiplaraza\/files\/2025\/02\/puertasabiertas2025-432x432.jpeg 432w, https:\/\/blogsaverroes.juntadeandalucia.es\/ceiplaraza\/files\/2025\/02\/puertasabiertas2025-268x268.jpeg 268w\" sizes=\"(max-width: 540px) 100vw, 540px\" \/><\/a><\/h3>\n<h3>Jornadas de Puertas Abiertas en el CEIP La Raza<\/h3>\n<p>Nos complace anunciar que el pr\u00f3ximo<strong> 4&nbsp; y 12 de marzo<\/strong> celebraremos nuestras Jornadas de Puertas Abiertas en el colegio. Este evento es una excelente oportunidad para que las familias y futuro alumnado conozcan de cerca nuestras instalaciones, programas educativos y el ambiente acogedor de nuestro centro.<\/p>\n<h4>\u00bfQu\u00e9 podr\u00e1s encontrar en nuestras Jornadas de Puertas Abiertas?<\/h4>\n<ul>\n<li><strong>Visita a las Instalaciones:<\/strong> Recorreremos las aulas, patios y dem\u00e1s espacios educativos. Conoceremos de primera mano d\u00f3nde y c\u00f3mo aprenden nuestros alumnos y alumnas.<\/li>\n<li><strong>Presentaci\u00f3n del Proyecto Educativo:<\/strong> Descubre los pilares de nuestro enfoque educativo y c\u00f3mo trabajamos para fomentar el desarrollo integral de los estudiantes.<\/li>\n<li><strong>Sesi\u00f3n Informativa:<\/strong> Nuestro equipo directivo estar\u00e1 disponible para responder todas tus preguntas sobre el proceso de admisi\u00f3n, el curr\u00edculo y mucho m\u00e1s.<\/li>\n<\/ul>\n<h4>Fechas y Horarios<\/h4>\n<ul>\n<li><strong>4 de marzo:<\/strong> A las 16&#8217;00 horas<\/li>\n<li><strong>12 de marzo:<\/strong> A las 10&#8217;30 horas<\/li>\n<\/ul>\n<p>Ven y conoce por qu\u00e9 el CEIP La Raza es la mejor elecci\u00f3n para la educaci\u00f3n de tus hijos. \u00a1Te esperamos!<\/p>\n<div>&nbsp;<\/div>\n","protected":false},"excerpt":{"rendered":"<p>Jornadas de Puertas Abiertas en el CEIP La Raza Nos complace anunciar que el pr\u00f3ximo 4&nbsp; y 12 de marzo celebraremos nuestras Jornadas de Puertas Abiertas en el colegio. Este evento es una excelente&#46;&#46;&#46;<\/p>\n","protected":false},"author":1,"featured_media":0,"parent":0,"menu_order":0,"comment_status":"closed","ping_status":"open","template":"","meta":{"ngg_post_thumbnail":0,"footnotes":"","_mc_calendar":[]},"aioseo_notices":[],"_links":{"self":[{"href":"https:\/\/blogsaverroes.juntadeandalucia.es\/ceiplaraza\/wp-json\/wp\/v2\/pages\/80"}],"collection":[{"href":"https:\/\/blogsaverroes.juntadeandalucia.es\/ceiplaraza\/wp-json\/wp\/v2\/pages"}],"about":[{"href":"https:\/\/blogsaverroes.juntadeandalucia.es\/ceiplaraza\/wp-json\/wp\/v2\/types\/page"}],"author":[{"embeddable":true,"href":"https:\/\/blogsaverroes.juntadeandalucia.es\/ceiplaraza\/wp-json\/wp\/v2\/users\/1"}],"replies":[{"embeddable":true,"href":"https:\/\/blogsaverroes.juntadeandalucia.es\/ceiplaraza\/wp-json\/wp\/v2\/comments?post=80"}],"version-history":[{"count":10,"href":"https:\/\/blogsaverroes.juntadeandalucia.es\/ceiplaraza\/wp-json\/wp\/v2\/pages\/80\/revisions"}],"predecessor-version":[{"id":4588,"href":"https:\/\/blogsaverroes.juntadeandalucia.es\/ceiplaraza\/wp-json\/wp\/v2\/pages\/80\/revisions\/4588"}],"wp:attachment":[{"href":"https:\/\/blogsaverroes.juntadeandalucia.es\/ceiplaraza\/wp-json\/wp\/v2\/media?parent=80"}],"curies":[{"name":"wp","href":"https:\/\/api.w.org\/{rel}","templated":true}]}}