{"id":113,"date":"2015-03-16T08:06:00","date_gmt":"2015-03-16T08:06:00","guid":{"rendered":"http:\/\/blogsaverroes.juntadeandalucia.es\/pre\/ceip\/?page_id=113"},"modified":"2026-02-20T12:46:21","modified_gmt":"2026-02-20T12:46:21","slug":"biblioteca","status":"publish","type":"page","link":"https:\/\/blogsaverroes.juntadeandalucia.es\/ceiplareguela\/biblioteca\/","title":{"rendered":"Biblioteca"},"content":{"rendered":"<h3 style=\"text-align: center\"><img loading=\"lazy\" decoding=\"async\" class=\"aligncenter wp-image-2791\" src=\"https:\/\/blogsaverroes.juntadeandalucia.es\/ceiplareguela\/files\/2019\/10\/logo-biblio-color.jpg\" alt=\"\" width=\"277\" height=\"211\" srcset=\"https:\/\/blogsaverroes.juntadeandalucia.es\/ceiplareguela\/files\/2019\/10\/logo-biblio-color.jpg 620w, https:\/\/blogsaverroes.juntadeandalucia.es\/ceiplareguela\/files\/2019\/10\/logo-biblio-color-300x228.jpg 300w, https:\/\/blogsaverroes.juntadeandalucia.es\/ceiplareguela\/files\/2019\/10\/logo-biblio-color-24x18.jpg 24w, https:\/\/blogsaverroes.juntadeandalucia.es\/ceiplareguela\/files\/2019\/10\/logo-biblio-color-36x27.jpg 36w, https:\/\/blogsaverroes.juntadeandalucia.es\/ceiplareguela\/files\/2019\/10\/logo-biblio-color-48x36.jpg 48w\" sizes=\"(max-width: 277px) 100vw, 277px\" \/>Leodoro os da la bienvenida a la biblioteca escolar<\/h3>\n<h3>&nbsp;<\/h3>\n<h3 style=\"text-align: center\">D\u00cdA DEL LIBRO 2020<\/h3>\n<p><a href=\"https:\/\/blogsaverroes.juntadeandalucia.es\/ceiplareguela\/dia-del-libro-2020\/\" target=\"_blank\" rel=\"noopener noreferrer\"><img loading=\"lazy\" decoding=\"async\" class=\"aligncenter wp-image-2948\" src=\"https:\/\/blogsaverroes.juntadeandalucia.es\/ceiplareguela\/files\/2020\/04\/Captura-de-pantalla-2020-04-19-a-las-17.29.00.png\" alt=\"\" width=\"313\" height=\"426\" srcset=\"https:\/\/blogsaverroes.juntadeandalucia.es\/ceiplareguela\/files\/2020\/04\/Captura-de-pantalla-2020-04-19-a-las-17.29.00.png 930w, https:\/\/blogsaverroes.juntadeandalucia.es\/ceiplareguela\/files\/2020\/04\/Captura-de-pantalla-2020-04-19-a-las-17.29.00-220x300.png 220w, https:\/\/blogsaverroes.juntadeandalucia.es\/ceiplareguela\/files\/2020\/04\/Captura-de-pantalla-2020-04-19-a-las-17.29.00-768x1045.png 768w, https:\/\/blogsaverroes.juntadeandalucia.es\/ceiplareguela\/files\/2020\/04\/Captura-de-pantalla-2020-04-19-a-las-17.29.00-752x1024.png 752w, https:\/\/blogsaverroes.juntadeandalucia.es\/ceiplareguela\/files\/2020\/04\/Captura-de-pantalla-2020-04-19-a-las-17.29.00-18x24.png 18w, https:\/\/blogsaverroes.juntadeandalucia.es\/ceiplareguela\/files\/2020\/04\/Captura-de-pantalla-2020-04-19-a-las-17.29.00-26x36.png 26w, https:\/\/blogsaverroes.juntadeandalucia.es\/ceiplareguela\/files\/2020\/04\/Captura-de-pantalla-2020-04-19-a-las-17.29.00-35x48.png 35w\" sizes=\"(max-width: 313px) 100vw, 313px\" \/><\/a><\/p>\n<h3>&nbsp;<\/h3>\n<h3><strong>Si quieres grandes aventuras&#8230;si quieres viajar a lugares fant\u00e1sticos&#8230;si quieres tener alas para volar&#8230;si quieres so\u00f1ar con el infinito&#8230;No dejes para ma\u00f1ana lo que puedas LEER hoy\u2026<\/strong><\/h3>\n<h3>&nbsp;<\/h3>\n<h3><strong>&nbsp;&nbsp;&nbsp;&nbsp;&nbsp;&nbsp;&nbsp;&nbsp; Ven a nuestra biblioteca, cada libro encierra un tesoro que solo t\u00fa descubrir\u00e1s.<\/strong><\/h3>\n<h3>&nbsp;<\/h3>\n<h3><strong>&nbsp;&nbsp;&nbsp;&nbsp;&nbsp;&nbsp;&nbsp;&nbsp; &nbsp;&nbsp;&nbsp;&nbsp;&nbsp;&nbsp;&nbsp;&nbsp;&nbsp;&nbsp;&nbsp;&nbsp;&nbsp;&nbsp;&nbsp;&nbsp;&nbsp;&nbsp;&nbsp;&nbsp;&nbsp;&nbsp;&nbsp; \u201cLeer es crecer, imaginar y&nbsp; disfrutar\u201d<\/strong><\/h3>\n<p>&nbsp;<\/p>\n<p><a href=\"https:\/\/blogsaverroes.juntadeandalucia.es\/ceiplareguela\/files\/2019\/10\/20190205_085607-2.jpg\"><img loading=\"lazy\" decoding=\"async\" class=\"aligncenter size-full wp-image-2777\" src=\"https:\/\/blogsaverroes.juntadeandalucia.es\/ceiplareguela\/files\/2019\/10\/20190205_085607-2.jpg\" alt=\"\" width=\"1600\" height=\"778\" srcset=\"https:\/\/blogsaverroes.juntadeandalucia.es\/ceiplareguela\/files\/2019\/10\/20190205_085607-2.jpg 1600w, https:\/\/blogsaverroes.juntadeandalucia.es\/ceiplareguela\/files\/2019\/10\/20190205_085607-2-300x146.jpg 300w, https:\/\/blogsaverroes.juntadeandalucia.es\/ceiplareguela\/files\/2019\/10\/20190205_085607-2-768x373.jpg 768w, https:\/\/blogsaverroes.juntadeandalucia.es\/ceiplareguela\/files\/2019\/10\/20190205_085607-2-1024x498.jpg 1024w, https:\/\/blogsaverroes.juntadeandalucia.es\/ceiplareguela\/files\/2019\/10\/20190205_085607-2-24x12.jpg 24w, https:\/\/blogsaverroes.juntadeandalucia.es\/ceiplareguela\/files\/2019\/10\/20190205_085607-2-36x17.jpg 36w, https:\/\/blogsaverroes.juntadeandalucia.es\/ceiplareguela\/files\/2019\/10\/20190205_085607-2-48x23.jpg 48w\" sizes=\"(max-width: 1600px) 100vw, 1600px\" \/><\/a><\/p>\n<p><a href=\"https:\/\/blogsaverroes.juntadeandalucia.es\/ceiplareguela\/files\/2019\/10\/20190205_135220-1.jpg\"><img loading=\"lazy\" decoding=\"async\" class=\"aligncenter size-full wp-image-2782\" src=\"https:\/\/blogsaverroes.juntadeandalucia.es\/ceiplareguela\/files\/2019\/10\/20190205_135220-1.jpg\" alt=\"\" width=\"1600\" height=\"778\" srcset=\"https:\/\/blogsaverroes.juntadeandalucia.es\/ceiplareguela\/files\/2019\/10\/20190205_135220-1.jpg 1600w, https:\/\/blogsaverroes.juntadeandalucia.es\/ceiplareguela\/files\/2019\/10\/20190205_135220-1-300x146.jpg 300w, https:\/\/blogsaverroes.juntadeandalucia.es\/ceiplareguela\/files\/2019\/10\/20190205_135220-1-768x373.jpg 768w, https:\/\/blogsaverroes.juntadeandalucia.es\/ceiplareguela\/files\/2019\/10\/20190205_135220-1-1024x498.jpg 1024w, https:\/\/blogsaverroes.juntadeandalucia.es\/ceiplareguela\/files\/2019\/10\/20190205_135220-1-24x12.jpg 24w, https:\/\/blogsaverroes.juntadeandalucia.es\/ceiplareguela\/files\/2019\/10\/20190205_135220-1-36x17.jpg 36w, https:\/\/blogsaverroes.juntadeandalucia.es\/ceiplareguela\/files\/2019\/10\/20190205_135220-1-48x23.jpg 48w\" sizes=\"(max-width: 1600px) 100vw, 1600px\" \/><\/a> <a href=\"https:\/\/blogsaverroes.juntadeandalucia.es\/ceiplareguela\/files\/2019\/10\/20190205_132255-1.jpg\"><img loading=\"lazy\" decoding=\"async\" class=\"aligncenter size-full wp-image-2779\" src=\"https:\/\/blogsaverroes.juntadeandalucia.es\/ceiplareguela\/files\/2019\/10\/20190205_132255-1.jpg\" alt=\"\" width=\"1600\" height=\"778\" srcset=\"https:\/\/blogsaverroes.juntadeandalucia.es\/ceiplareguela\/files\/2019\/10\/20190205_132255-1.jpg 1600w, https:\/\/blogsaverroes.juntadeandalucia.es\/ceiplareguela\/files\/2019\/10\/20190205_132255-1-300x146.jpg 300w, https:\/\/blogsaverroes.juntadeandalucia.es\/ceiplareguela\/files\/2019\/10\/20190205_132255-1-768x373.jpg 768w, https:\/\/blogsaverroes.juntadeandalucia.es\/ceiplareguela\/files\/2019\/10\/20190205_132255-1-1024x498.jpg 1024w, https:\/\/blogsaverroes.juntadeandalucia.es\/ceiplareguela\/files\/2019\/10\/20190205_132255-1-24x12.jpg 24w, https:\/\/blogsaverroes.juntadeandalucia.es\/ceiplareguela\/files\/2019\/10\/20190205_132255-1-36x17.jpg 36w, https:\/\/blogsaverroes.juntadeandalucia.es\/ceiplareguela\/files\/2019\/10\/20190205_132255-1-48x23.jpg 48w\" sizes=\"(max-width: 1600px) 100vw, 1600px\" \/><\/a><a href=\"https:\/\/blogsaverroes.juntadeandalucia.es\/ceiplareguela\/files\/2019\/10\/20190205_085553-1.jpg\"><img loading=\"lazy\" decoding=\"async\" class=\"aligncenter size-full wp-image-2775\" src=\"https:\/\/blogsaverroes.juntadeandalucia.es\/ceiplareguela\/files\/2019\/10\/20190205_085553-1.jpg\" alt=\"\" width=\"1600\" height=\"778\" srcset=\"https:\/\/blogsaverroes.juntadeandalucia.es\/ceiplareguela\/files\/2019\/10\/20190205_085553-1.jpg 1600w, https:\/\/blogsaverroes.juntadeandalucia.es\/ceiplareguela\/files\/2019\/10\/20190205_085553-1-300x146.jpg 300w, https:\/\/blogsaverroes.juntadeandalucia.es\/ceiplareguela\/files\/2019\/10\/20190205_085553-1-768x373.jpg 768w, https:\/\/blogsaverroes.juntadeandalucia.es\/ceiplareguela\/files\/2019\/10\/20190205_085553-1-1024x498.jpg 1024w, https:\/\/blogsaverroes.juntadeandalucia.es\/ceiplareguela\/files\/2019\/10\/20190205_085553-1-24x12.jpg 24w, https:\/\/blogsaverroes.juntadeandalucia.es\/ceiplareguela\/files\/2019\/10\/20190205_085553-1-36x17.jpg 36w, https:\/\/blogsaverroes.juntadeandalucia.es\/ceiplareguela\/files\/2019\/10\/20190205_085553-1-48x23.jpg 48w\" sizes=\"(max-width: 1600px) 100vw, 1600px\" \/><\/a> <a href=\"https:\/\/blogsaverroes.juntadeandalucia.es\/ceiplareguela\/files\/2019\/10\/20190205_085537-1.jpg\"><img loading=\"lazy\" decoding=\"async\" class=\"aligncenter size-full wp-image-2774\" src=\"https:\/\/blogsaverroes.juntadeandalucia.es\/ceiplareguela\/files\/2019\/10\/20190205_085537-1.jpg\" alt=\"\" width=\"1600\" height=\"778\" srcset=\"https:\/\/blogsaverroes.juntadeandalucia.es\/ceiplareguela\/files\/2019\/10\/20190205_085537-1.jpg 1600w, https:\/\/blogsaverroes.juntadeandalucia.es\/ceiplareguela\/files\/2019\/10\/20190205_085537-1-300x146.jpg 300w, https:\/\/blogsaverroes.juntadeandalucia.es\/ceiplareguela\/files\/2019\/10\/20190205_085537-1-768x373.jpg 768w, https:\/\/blogsaverroes.juntadeandalucia.es\/ceiplareguela\/files\/2019\/10\/20190205_085537-1-1024x498.jpg 1024w, https:\/\/blogsaverroes.juntadeandalucia.es\/ceiplareguela\/files\/2019\/10\/20190205_085537-1-24x12.jpg 24w, https:\/\/blogsaverroes.juntadeandalucia.es\/ceiplareguela\/files\/2019\/10\/20190205_085537-1-36x17.jpg 36w, https:\/\/blogsaverroes.juntadeandalucia.es\/ceiplareguela\/files\/2019\/10\/20190205_085537-1-48x23.jpg 48w\" sizes=\"(max-width: 1600px) 100vw, 1600px\" \/><\/a> <a href=\"https:\/\/blogsaverroes.juntadeandalucia.es\/ceiplareguela\/files\/2019\/10\/20190205_085439-1.jpg\"><img loading=\"lazy\" decoding=\"async\" class=\"aligncenter size-full wp-image-2773\" src=\"https:\/\/blogsaverroes.juntadeandalucia.es\/ceiplareguela\/files\/2019\/10\/20190205_085439-1.jpg\" alt=\"\" width=\"1600\" height=\"778\" srcset=\"https:\/\/blogsaverroes.juntadeandalucia.es\/ceiplareguela\/files\/2019\/10\/20190205_085439-1.jpg 1600w, https:\/\/blogsaverroes.juntadeandalucia.es\/ceiplareguela\/files\/2019\/10\/20190205_085439-1-300x146.jpg 300w, https:\/\/blogsaverroes.juntadeandalucia.es\/ceiplareguela\/files\/2019\/10\/20190205_085439-1-768x373.jpg 768w, https:\/\/blogsaverroes.juntadeandalucia.es\/ceiplareguela\/files\/2019\/10\/20190205_085439-1-1024x498.jpg 1024w, https:\/\/blogsaverroes.juntadeandalucia.es\/ceiplareguela\/files\/2019\/10\/20190205_085439-1-24x12.jpg 24w, https:\/\/blogsaverroes.juntadeandalucia.es\/ceiplareguela\/files\/2019\/10\/20190205_085439-1-36x17.jpg 36w, https:\/\/blogsaverroes.juntadeandalucia.es\/ceiplareguela\/files\/2019\/10\/20190205_085439-1-48x23.jpg 48w\" sizes=\"(max-width: 1600px) 100vw, 1600px\" \/><\/a> <a href=\"https:\/\/blogsaverroes.juntadeandalucia.es\/ceiplareguela\/files\/2019\/10\/20190205_085337-1.jpg\"><img loading=\"lazy\" decoding=\"async\" class=\"aligncenter wp-image-2772 \" src=\"https:\/\/blogsaverroes.juntadeandalucia.es\/ceiplareguela\/files\/2019\/10\/20190205_085337-1-e1571755493962.jpg\" alt=\"\" width=\"533\" height=\"1096\" srcset=\"https:\/\/blogsaverroes.juntadeandalucia.es\/ceiplareguela\/files\/2019\/10\/20190205_085337-1-e1571755493962.jpg 778w, https:\/\/blogsaverroes.juntadeandalucia.es\/ceiplareguela\/files\/2019\/10\/20190205_085337-1-e1571755493962-146x300.jpg 146w, https:\/\/blogsaverroes.juntadeandalucia.es\/ceiplareguela\/files\/2019\/10\/20190205_085337-1-e1571755493962-768x1579.jpg 768w, https:\/\/blogsaverroes.juntadeandalucia.es\/ceiplareguela\/files\/2019\/10\/20190205_085337-1-e1571755493962-498x1024.jpg 498w, https:\/\/blogsaverroes.juntadeandalucia.es\/ceiplareguela\/files\/2019\/10\/20190205_085337-1-e1571755493962-12x24.jpg 12w, https:\/\/blogsaverroes.juntadeandalucia.es\/ceiplareguela\/files\/2019\/10\/20190205_085337-1-e1571755493962-18x36.jpg 18w, https:\/\/blogsaverroes.juntadeandalucia.es\/ceiplareguela\/files\/2019\/10\/20190205_085337-1-e1571755493962-23x48.jpg 23w\" sizes=\"(max-width: 533px) 100vw, 533px\" \/><\/a><\/p>\n<p>&nbsp;<\/p>\n<h3><a title=\"Bibliotecas escolares\" href=\"http:\/\/www.juntadeandalucia.es\/educacion\/webportal\/web\/lecturas-y-bibliotecas-escolares\/bibliotecas-escolares\" target=\"_blank\" rel=\"noopener noreferrer\">Enlace al portal sobre las Bibliotecas Escolares.<\/a><\/h3>\n","protected":false},"excerpt":{"rendered":"<p>Leodoro os da la bienvenida a la biblioteca escolar &nbsp; D\u00cdA DEL LIBRO 2020 &nbsp; Si quieres grandes aventuras&#8230;si quieres viajar a lugares fant\u00e1sticos&#8230;si quieres tener alas para volar&#8230;si quieres so\u00f1ar con el infinito&#8230;No dejes para ma\u00f1ana lo que puedas LEER hoy\u2026 &nbsp; &nbsp;&nbsp;&nbsp;&nbsp;&nbsp;&nbsp;&nbsp;&nbsp; Ven a nuestra biblioteca, cada libro encierra un tesoro que solo &hellip; <\/p>\n<p><a class=\"more-link btn\" href=\"https:\/\/blogsaverroes.juntadeandalucia.es\/ceiplareguela\/biblioteca\/\">Seguir leyendo<\/a><\/p>\n","protected":false},"author":1,"featured_media":0,"parent":0,"menu_order":0,"comment_status":"closed","ping_status":"open","template":"","meta":{"ngg_post_thumbnail":0,"footnotes":"","_mc_calendar":[]},"aioseo_notices":[],"_links":{"self":[{"href":"https:\/\/blogsaverroes.juntadeandalucia.es\/ceiplareguela\/wp-json\/wp\/v2\/pages\/113"}],"collection":[{"href":"https:\/\/blogsaverroes.juntadeandalucia.es\/ceiplareguela\/wp-json\/wp\/v2\/pages"}],"about":[{"href":"https:\/\/blogsaverroes.juntadeandalucia.es\/ceiplareguela\/wp-json\/wp\/v2\/types\/page"}],"author":[{"embeddable":true,"href":"https:\/\/blogsaverroes.juntadeandalucia.es\/ceiplareguela\/wp-json\/wp\/v2\/users\/1"}],"replies":[{"embeddable":true,"href":"https:\/\/blogsaverroes.juntadeandalucia.es\/ceiplareguela\/wp-json\/wp\/v2\/comments?post=113"}],"version-history":[{"count":17,"href":"https:\/\/blogsaverroes.juntadeandalucia.es\/ceiplareguela\/wp-json\/wp\/v2\/pages\/113\/revisions"}],"predecessor-version":[{"id":5657,"href":"https:\/\/blogsaverroes.juntadeandalucia.es\/ceiplareguela\/wp-json\/wp\/v2\/pages\/113\/revisions\/5657"}],"wp:attachment":[{"href":"https:\/\/blogsaverroes.juntadeandalucia.es\/ceiplareguela\/wp-json\/wp\/v2\/media?parent=113"}],"curies":[{"name":"wp","href":"https:\/\/api.w.org\/{rel}","templated":true}]}}