{"id":3184,"date":"2020-11-08T10:27:19","date_gmt":"2020-11-08T10:27:19","guid":{"rendered":"https:\/\/blogsaverroes.juntadeandalucia.es\/ceiplareguela\/?page_id=3184"},"modified":"2024-09-11T20:47:19","modified_gmt":"2024-09-11T20:47:19","slug":"menus-curso-2020-2021","status":"publish","type":"page","link":"https:\/\/blogsaverroes.juntadeandalucia.es\/ceiplareguela\/menus-curso-2020-2021\/","title":{"rendered":"MEN\u00daS CURSO 2024\/2025"},"content":{"rendered":"<p>Men\u00fas de septiembre. Recomendaciones para la cena.<\/p>\n<p>Men\u00fas de octubre. Recomendaciones para la cena.<\/p>\n<p>Men\u00fas de noviembre. Recomendaciones para la cena.<\/p>\n<p>Men\u00fas de diciembre. Recomendaciones para la cena.<\/p>\n<p>Men\u00fas de enero. Recomendaciones para la cena.<\/p>\n<p>Men\u00fas de febrero. Recomendaciones para la cena.<\/p>\n<p>Men\u00fas de marzo. Recomendaciones para la cena.<\/p>\n<p>Men\u00fas de abril. Recomendaciones para la cena.<\/p>\n<p>Men\u00fas de mayo. Recomendaciones para la cena.<\/p>\n<p>Men\u00fas de junio. Recomendaciones para la cena.<\/p>\n","protected":false},"excerpt":{"rendered":"<p>Men\u00fas de septiembre. Recomendaciones para la cena. Men\u00fas de octubre. Recomendaciones para la cena. Men\u00fas de noviembre. Recomendaciones para la cena. Men\u00fas de diciembre. Recomendaciones para la cena. Men\u00fas de enero. Recomendaciones para la cena. Men\u00fas de febrero. Recomendaciones para la cena. Men\u00fas de marzo. Recomendaciones para la cena. Men\u00fas de abril. Recomendaciones para la &hellip; <\/p>\n<p><a class=\"more-link btn\" href=\"https:\/\/blogsaverroes.juntadeandalucia.es\/ceiplareguela\/menus-curso-2020-2021\/\">Seguir leyendo<\/a><\/p>\n","protected":false},"author":5447,"featured_media":0,"parent":0,"menu_order":0,"comment_status":"closed","ping_status":"closed","template":"","meta":{"ngg_post_thumbnail":0,"footnotes":"","_mc_calendar":[]},"aioseo_notices":[],"_links":{"self":[{"href":"https:\/\/blogsaverroes.juntadeandalucia.es\/ceiplareguela\/wp-json\/wp\/v2\/pages\/3184"}],"collection":[{"href":"https:\/\/blogsaverroes.juntadeandalucia.es\/ceiplareguela\/wp-json\/wp\/v2\/pages"}],"about":[{"href":"https:\/\/blogsaverroes.juntadeandalucia.es\/ceiplareguela\/wp-json\/wp\/v2\/types\/page"}],"author":[{"embeddable":true,"href":"https:\/\/blogsaverroes.juntadeandalucia.es\/ceiplareguela\/wp-json\/wp\/v2\/users\/5447"}],"replies":[{"embeddable":true,"href":"https:\/\/blogsaverroes.juntadeandalucia.es\/ceiplareguela\/wp-json\/wp\/v2\/comments?post=3184"}],"version-history":[{"count":7,"href":"https:\/\/blogsaverroes.juntadeandalucia.es\/ceiplareguela\/wp-json\/wp\/v2\/pages\/3184\/revisions"}],"predecessor-version":[{"id":5188,"href":"https:\/\/blogsaverroes.juntadeandalucia.es\/ceiplareguela\/wp-json\/wp\/v2\/pages\/3184\/revisions\/5188"}],"wp:attachment":[{"href":"https:\/\/blogsaverroes.juntadeandalucia.es\/ceiplareguela\/wp-json\/wp\/v2\/media?parent=3184"}],"curies":[{"name":"wp","href":"https:\/\/api.w.org\/{rel}","templated":true}]}}