{"id":3377,"date":"2021-05-30T19:25:16","date_gmt":"2021-05-30T19:25:16","guid":{"rendered":"https:\/\/blogsaverroes.juntadeandalucia.es\/ceiplareguela\/?page_id=3377"},"modified":"2025-03-04T21:34:55","modified_gmt":"2025-03-04T21:34:55","slug":"preinscripcion","status":"publish","type":"page","link":"https:\/\/blogsaverroes.juntadeandalucia.es\/ceiplareguela\/preinscripcion\/","title":{"rendered":"ADMISI\u00d3N PARA EL CURSO 2025-2026. ESCOLARIZACI\u00d3N."},"content":{"rendered":"<p><a href=\"https:\/\/blogsaverroes.juntadeandalucia.es\/ceiplareguela\/files\/2025\/03\/Cartel-escolarizacion-e1741123746283.jpg\"><img loading=\"lazy\" decoding=\"async\" class=\"aligncenter size-full wp-image-5408\" src=\"https:\/\/blogsaverroes.juntadeandalucia.es\/ceiplareguela\/files\/2025\/03\/Cartel-escolarizacion-e1741123746283.jpg\" alt=\"\" width=\"500\" height=\"621\"><\/a><\/p>\n<h1 style=\"text-align: center\"><a href=\"https:\/\/blogsaverroes.juntadeandalucia.es\/ceiplareguela\/files\/2025\/03\/16050806-cd1f-89da-678f-001bb54aab73-4.pdf\"><strong>Impreso Solicitud Anexo III<\/strong>.<\/a><\/h1>\n<p>&nbsp;<\/p>\n<h1><strong>INFORMACI\u00d3N SOBRE EL PROCESO DE ESCOLARIZACI\u00d3N PARA EL CURSO 2025-2026.<\/strong><\/h1>\n<p>Estimadas familias:<\/p>\n<p>Un a\u00f1o m\u00e1s comienza el proceso de Escolarizaci\u00f3n para el curso pr\u00f3ximo 2025-2026. El plazo para la formalizaci\u00f3n de las solicitudes en los Centros en los que se desee obtener plaza para sus hijos\/as estar\u00e1 comprendido entre los d\u00edas 1 y 31 de marzo, ambos inclusive. El alumnado que ya se encuentra matriculado en el Centro y desee continuar el curso pr\u00f3ximo <strong>NO<\/strong> tendr\u00e1 que realizar ning\u00fan tr\u00e1mite <strong>por el momento. <\/strong><\/p>\n<p>Los tr\u00e1mites se podr\u00e1n realizar de la siguiente manera:<\/p>\n<p>1. De manera <strong>TELEM\u00c1TICA<\/strong> en la p\u00e1gina de la <strong>Consejer\u00eda de Educaci\u00f3n\/Escolarizaci\u00f3n\/Admisi\u00f3n curso 2025-2026.<\/strong> El enlace para acceder es el siguiente:<\/p>\n<p><a href=\"https:\/\/www.juntadeandalucia.es\/educacion\/secretariavirtual\/accesoTramite\/543\/\">https:\/\/www.juntadeandalucia.es\/educacion\/secretariavirtual\/accesoTramite\/543\/<\/a><\/p>\n<p>2. <strong>PRESENCIAL<\/strong>: En la Secretar\u00eda del Centro siguiendo las instrucciones de solicitud de CITA PREVIA en el siguiente enlace<\/p>\n<p><a href=\"https:\/\/calendly.com\/ceiplareguela\/secretariaceiplareguela\" target=\"_blank\" rel=\"noopener noreferrer\">https:\/\/calendly.com\/ceiplareguela\/secretariaceiplareguela<\/a><\/p>\n<p>El horario de secretar\u00eda ser\u00e1 de 9:30 a 11:30 horas de lunes a viernes. Se evitar\u00e1 la asistencia al Centro para este procedimiento en horario de recreo para evitar interferencias con el alumnado.<\/p>\n<p><strong>Para cualquier duda o consulta les atenderemos en los<\/strong> TEL\u00c9FONOS 955622877 Y 697951882 <strong>o a trav\u00e9s del<\/strong> correo electr\u00f3nico <strong>del Centro<\/strong> <a href=\"mailto:nuevoceip@hotmail.com\" target=\"_blank\" rel=\"noopener noreferrer\">nuevoceip@hotmail.com<\/a><\/p>\n<p>Desde el Centro queremos daros las gracias por vuestra colaboraci\u00f3n.<\/p>\n<p>Les saludamos atentamente,<\/p>\n<p>EL EQUIPO DIRECTIVO<\/p>\n","protected":false},"excerpt":{"rendered":"<p>Impreso Solicitud Anexo III. &nbsp; INFORMACI\u00d3N SOBRE EL PROCESO DE ESCOLARIZACI\u00d3N PARA EL CURSO 2025-2026. Estimadas familias: Un a\u00f1o m\u00e1s comienza el proceso de Escolarizaci\u00f3n para el curso pr\u00f3ximo 2025-2026. El plazo para la formalizaci\u00f3n de las solicitudes en los Centros en los que se desee obtener plaza para sus hijos\/as estar\u00e1 comprendido entre los &hellip; <\/p>\n<p><a class=\"more-link btn\" href=\"https:\/\/blogsaverroes.juntadeandalucia.es\/ceiplareguela\/preinscripcion\/\">Seguir leyendo<\/a><\/p>\n","protected":false},"author":5447,"featured_media":5408,"parent":0,"menu_order":0,"comment_status":"closed","ping_status":"closed","template":"","meta":{"ngg_post_thumbnail":0,"footnotes":"","_mc_calendar":[]},"aioseo_notices":[],"_links":{"self":[{"href":"https:\/\/blogsaverroes.juntadeandalucia.es\/ceiplareguela\/wp-json\/wp\/v2\/pages\/3377"}],"collection":[{"href":"https:\/\/blogsaverroes.juntadeandalucia.es\/ceiplareguela\/wp-json\/wp\/v2\/pages"}],"about":[{"href":"https:\/\/blogsaverroes.juntadeandalucia.es\/ceiplareguela\/wp-json\/wp\/v2\/types\/page"}],"author":[{"embeddable":true,"href":"https:\/\/blogsaverroes.juntadeandalucia.es\/ceiplareguela\/wp-json\/wp\/v2\/users\/5447"}],"replies":[{"embeddable":true,"href":"https:\/\/blogsaverroes.juntadeandalucia.es\/ceiplareguela\/wp-json\/wp\/v2\/comments?post=3377"}],"version-history":[{"count":11,"href":"https:\/\/blogsaverroes.juntadeandalucia.es\/ceiplareguela\/wp-json\/wp\/v2\/pages\/3377\/revisions"}],"predecessor-version":[{"id":5410,"href":"https:\/\/blogsaverroes.juntadeandalucia.es\/ceiplareguela\/wp-json\/wp\/v2\/pages\/3377\/revisions\/5410"}],"wp:featuredmedia":[{"embeddable":true,"href":"https:\/\/blogsaverroes.juntadeandalucia.es\/ceiplareguela\/wp-json\/wp\/v2\/media\/5408"}],"wp:attachment":[{"href":"https:\/\/blogsaverroes.juntadeandalucia.es\/ceiplareguela\/wp-json\/wp\/v2\/media?parent=3377"}],"curies":[{"name":"wp","href":"https:\/\/api.w.org\/{rel}","templated":true}]}}