{"id":35,"date":"2015-03-13T08:21:43","date_gmt":"2015-03-13T08:21:43","guid":{"rendered":"http:\/\/blogsaverroes.juntadeandalucia.es\/pre\/ceip\/?page_id=35"},"modified":"2023-09-10T09:35:01","modified_gmt":"2023-09-10T09:35:01","slug":"el-centro-2","status":"publish","type":"page","link":"https:\/\/blogsaverroes.juntadeandalucia.es\/ceiplareguela\/el-centro-2\/","title":{"rendered":"Datos del centro"},"content":{"rendered":"<h1>CEIP La Reg\u00fcela<\/h1>\n<h1>Avd. del Aljarafe s\/n.<\/h1>\n<h1>41928 Palomares del R\u00edo (Sevilla)<\/h1>\n<h1>Tel\u00e9fono fijo:&nbsp;<strong>955 62 28 77 \/&nbsp;380877&nbsp;<\/strong><\/h1>\n<h1>Tel\u00e9fono m\u00f3vil: <strong>697 95 18 82<\/strong><\/h1>\n<h1>Correo electr\u00f3nico: <strong>nuevoceip@hotmail.com<\/strong><\/h1>\n<p><a href=\"https:\/\/blogsaverroes.juntadeandalucia.es\/ceiplareguela\/files\/2023\/09\/Tarjeta-de-visita.jpg\"><img loading=\"lazy\" decoding=\"async\" class=\"aligncenter size-full wp-image-4244\" src=\"https:\/\/blogsaverroes.juntadeandalucia.es\/ceiplareguela\/files\/2023\/09\/Tarjeta-de-visita.jpg\" alt=\"\" width=\"821\" height=\"444\" srcset=\"https:\/\/blogsaverroes.juntadeandalucia.es\/ceiplareguela\/files\/2023\/09\/Tarjeta-de-visita.jpg 821w, https:\/\/blogsaverroes.juntadeandalucia.es\/ceiplareguela\/files\/2023\/09\/Tarjeta-de-visita-300x162.jpg 300w, https:\/\/blogsaverroes.juntadeandalucia.es\/ceiplareguela\/files\/2023\/09\/Tarjeta-de-visita-768x415.jpg 768w\" sizes=\"(max-width: 821px) 100vw, 821px\" \/><\/a><\/p>\n<p>&nbsp;<\/p>\n<p>&nbsp;<\/p>\n<p>&nbsp;<\/p>\n<p>&nbsp;<\/p>\n","protected":false},"excerpt":{"rendered":"<p>CEIP La Reg\u00fcela Avd. del Aljarafe s\/n. 41928 Palomares del R\u00edo (Sevilla) Tel\u00e9fono fijo:&nbsp;955 62 28 77 \/&nbsp;380877&nbsp; Tel\u00e9fono m\u00f3vil: 697 95 18 82 Correo electr\u00f3nico: nuevoceip@hotmail.com &nbsp; &nbsp; &nbsp; &nbsp;<\/p>\n","protected":false},"author":1,"featured_media":4244,"parent":0,"menu_order":0,"comment_status":"closed","ping_status":"open","template":"","meta":{"ngg_post_thumbnail":0,"footnotes":"","_mc_calendar":[]},"aioseo_notices":[],"_links":{"self":[{"href":"https:\/\/blogsaverroes.juntadeandalucia.es\/ceiplareguela\/wp-json\/wp\/v2\/pages\/35"}],"collection":[{"href":"https:\/\/blogsaverroes.juntadeandalucia.es\/ceiplareguela\/wp-json\/wp\/v2\/pages"}],"about":[{"href":"https:\/\/blogsaverroes.juntadeandalucia.es\/ceiplareguela\/wp-json\/wp\/v2\/types\/page"}],"author":[{"embeddable":true,"href":"https:\/\/blogsaverroes.juntadeandalucia.es\/ceiplareguela\/wp-json\/wp\/v2\/users\/1"}],"replies":[{"embeddable":true,"href":"https:\/\/blogsaverroes.juntadeandalucia.es\/ceiplareguela\/wp-json\/wp\/v2\/comments?post=35"}],"version-history":[{"count":32,"href":"https:\/\/blogsaverroes.juntadeandalucia.es\/ceiplareguela\/wp-json\/wp\/v2\/pages\/35\/revisions"}],"predecessor-version":[{"id":4245,"href":"https:\/\/blogsaverroes.juntadeandalucia.es\/ceiplareguela\/wp-json\/wp\/v2\/pages\/35\/revisions\/4245"}],"wp:featuredmedia":[{"embeddable":true,"href":"https:\/\/blogsaverroes.juntadeandalucia.es\/ceiplareguela\/wp-json\/wp\/v2\/media\/4244"}],"wp:attachment":[{"href":"https:\/\/blogsaverroes.juntadeandalucia.es\/ceiplareguela\/wp-json\/wp\/v2\/media?parent=35"}],"curies":[{"name":"wp","href":"https:\/\/api.w.org\/{rel}","templated":true}]}}