{"id":42,"date":"2015-03-13T08:40:47","date_gmt":"2015-03-13T08:40:47","guid":{"rendered":"http:\/\/blogsaverroes.juntadeandalucia.es\/pre\/ceip\/?page_id=42"},"modified":"2026-01-19T12:21:18","modified_gmt":"2026-01-19T12:21:18","slug":"equipo-directivo","status":"publish","type":"page","link":"https:\/\/blogsaverroes.juntadeandalucia.es\/ceiplareguela\/equipo-directivo\/","title":{"rendered":"Equipo Directivo"},"content":{"rendered":"<h1 style=\"text-align: center\"><strong>EQUIPO DIRECTIVO CEIP LA REG\u00dcELA<\/strong><\/h1>\n<p style=\"text-align: center\"><a href=\"https:\/\/blogsaverroes.juntadeandalucia.es\/ceiplareguela\/files\/2015\/03\/Equipo-directivo.jpg\">&nbsp;<\/a><\/p>\n<p><strong>&nbsp; &nbsp; &nbsp; &nbsp; &nbsp; &nbsp; &nbsp; &nbsp; &nbsp; &nbsp; &nbsp; &nbsp;<\/strong><\/p>\n<table style=\"width: 766.5px;border-color: #000000\">\n<tbody>\n<tr>\n<td style=\"width: 217px;text-align: center\">\n<h2>Secretar\u00eda<\/h2>\n<\/td>\n<td style=\"width: 229px;text-align: center\">\n<h2>Jefatura de Estudios<\/h2>\n<\/td>\n<td style=\"width: 263.5px;text-align: center\">\n<h2>Direcci\u00f3n<\/h2>\n<\/td>\n<\/tr>\n<tr>\n<td style=\"width: 217px;text-align: center\">\n<h2>Isabel Dom\u00ednguez Lucena<\/h2>\n<\/td>\n<td style=\"width: 229px;text-align: center\">\n<h2>M\u00aa Laura S\u00e1nchez Fern\u00e1ndez<\/h2>\n<\/td>\n<td style=\"width: 263.5px;text-align: center\">\n<h2>M\u00aa Carmen Criado Blanco<\/h2>\n<\/td>\n<\/tr>\n<\/tbody>\n<\/table>\n<p>&nbsp;<\/p>\n<p>&nbsp;<\/p>\n","protected":false},"excerpt":{"rendered":"<p>EQUIPO DIRECTIVO CEIP LA REG\u00dcELA &nbsp; &nbsp; &nbsp; &nbsp; &nbsp; &nbsp; &nbsp; &nbsp; &nbsp; &nbsp; &nbsp; &nbsp; &nbsp; Secretar\u00eda Jefatura de Estudios Direcci\u00f3n Isabel Dom\u00ednguez Lucena M\u00aa Laura S\u00e1nchez Fern\u00e1ndez M\u00aa Carmen Criado Blanco &nbsp; &nbsp;<\/p>\n","protected":false},"author":1,"featured_media":0,"parent":0,"menu_order":0,"comment_status":"closed","ping_status":"open","template":"","meta":{"ngg_post_thumbnail":0,"footnotes":"","_mc_calendar":[]},"aioseo_notices":[],"_links":{"self":[{"href":"https:\/\/blogsaverroes.juntadeandalucia.es\/ceiplareguela\/wp-json\/wp\/v2\/pages\/42"}],"collection":[{"href":"https:\/\/blogsaverroes.juntadeandalucia.es\/ceiplareguela\/wp-json\/wp\/v2\/pages"}],"about":[{"href":"https:\/\/blogsaverroes.juntadeandalucia.es\/ceiplareguela\/wp-json\/wp\/v2\/types\/page"}],"author":[{"embeddable":true,"href":"https:\/\/blogsaverroes.juntadeandalucia.es\/ceiplareguela\/wp-json\/wp\/v2\/users\/1"}],"replies":[{"embeddable":true,"href":"https:\/\/blogsaverroes.juntadeandalucia.es\/ceiplareguela\/wp-json\/wp\/v2\/comments?post=42"}],"version-history":[{"count":9,"href":"https:\/\/blogsaverroes.juntadeandalucia.es\/ceiplareguela\/wp-json\/wp\/v2\/pages\/42\/revisions"}],"predecessor-version":[{"id":5655,"href":"https:\/\/blogsaverroes.juntadeandalucia.es\/ceiplareguela\/wp-json\/wp\/v2\/pages\/42\/revisions\/5655"}],"wp:attachment":[{"href":"https:\/\/blogsaverroes.juntadeandalucia.es\/ceiplareguela\/wp-json\/wp\/v2\/media?parent=42"}],"curies":[{"name":"wp","href":"https:\/\/api.w.org\/{rel}","templated":true}]}}