{"id":4563,"date":"2024-03-14T15:45:47","date_gmt":"2024-03-14T15:45:47","guid":{"rendered":"https:\/\/blogsaverroes.juntadeandalucia.es\/ceiplareguela\/?page_id=4563"},"modified":"2024-04-09T14:57:39","modified_gmt":"2024-04-09T14:57:39","slug":"proyecto-educativo","status":"publish","type":"page","link":"https:\/\/blogsaverroes.juntadeandalucia.es\/ceiplareguela\/proyecto-educativo\/","title":{"rendered":"PROYECTO EDUCATIVO"},"content":{"rendered":"<p><a href=\"https:\/\/blogsaverroes.juntadeandalucia.es\/ceiplareguela\/anticipacion-del-ingles-en-infantil\/\">ANTICIPACI\u00d3N DEL INGL\u00c9S EN INFANTIL<\/a><\/p>\n<p><a href=\"https:\/\/blogsaverroes.juntadeandalucia.es\/ceiplareguela\/plan-de-actuacion-digital-2023-2024\/\">Plan de actuaci\u00f3n Digital 2023-2024<\/a><\/p>\n<p><a href=\"https:\/\/blogsaverroes.juntadeandalucia.es\/ceiplareguela\/p-o-a-t\/\">P.O.A.T<\/a><\/p>\n<p><a href=\"https:\/\/blogsaverroes.juntadeandalucia.es\/ceiplareguela\/plan-de-convivencia\/\">PLAN DE CONVIVENCIA<\/a><\/p>\n<p><a href=\"https:\/\/blogsaverroes.juntadeandalucia.es\/ceiplareguela\/plan-de-docencia-telematica\/\">Plan de Docencia Telem\u00e1tica<\/a><\/p>\n<p><a href=\"https:\/\/blogsaverroes.juntadeandalucia.es\/ceiplareguela\/plan-de-formacion-2023-2024\/\">PLAN DE FORMACI\u00d3N 2023-2024<\/a><\/p>\n<p><a href=\"https:\/\/blogsaverroes.juntadeandalucia.es\/ceiplareguela\/plan-de-mejora-curso-2023-24-y-temporalizacion\/\">Plan de mejora curso 2023-24 y temporalizaci\u00f3n<\/a><\/p>\n<p><a href=\"https:\/\/blogsaverroes.juntadeandalucia.es\/ceiplareguela\/plan-lector\/\">Plan Lector<\/a><\/p>\n<p><a href=\"https:\/\/blogsaverroes.juntadeandalucia.es\/ceiplareguela\/programa-de-transito-entre-etapas\/\">PROGRAMA DE TR\u00c1NSITO ENTRE ETAPAS<\/a><\/p>\n<p><a href=\"https:\/\/blogsaverroes.juntadeandalucia.es\/ceiplareguela\/programa-de-prevencion-del-maltrato-y-acoso-escolar\/\">PROGRAMA DE PREVENCI\u00d3N DEL MALTRATO Y ACOSO ESCOLAR<\/a><\/p>\n<p><a href=\"https:\/\/blogsaverroes.juntadeandalucia.es\/ceiplareguela\/proyecto-educativo-c-e-i-p-la-reguela-41010502\/\">Proyecto Educativo C.E.I.P. LA REG\u00dcELA 41010502<\/a><\/p>\n<p><a href=\"https:\/\/blogsaverroes.juntadeandalucia.es\/ceiplareguela\/proyecto-linguistico\/\">PROYECTO LING\u00dc\u00cdSTICO<\/a><\/p>\n","protected":false},"excerpt":{"rendered":"<p>ANTICIPACI\u00d3N DEL INGL\u00c9S EN INFANTIL Plan de actuaci\u00f3n Digital 2023-2024 P.O.A.T PLAN DE CONVIVENCIA Plan de Docencia Telem\u00e1tica PLAN DE FORMACI\u00d3N 2023-2024 Plan de mejora curso 2023-24 y temporalizaci\u00f3n Plan Lector PROGRAMA DE TR\u00c1NSITO ENTRE ETAPAS PROGRAMA DE PREVENCI\u00d3N DEL MALTRATO Y ACOSO ESCOLAR Proyecto Educativo C.E.I.P. LA REG\u00dcELA 41010502 PROYECTO LING\u00dc\u00cdSTICO<\/p>\n","protected":false},"author":5447,"featured_media":0,"parent":0,"menu_order":0,"comment_status":"closed","ping_status":"closed","template":"","meta":{"ngg_post_thumbnail":0,"footnotes":"","_mc_calendar":[]},"aioseo_notices":[],"_links":{"self":[{"href":"https:\/\/blogsaverroes.juntadeandalucia.es\/ceiplareguela\/wp-json\/wp\/v2\/pages\/4563"}],"collection":[{"href":"https:\/\/blogsaverroes.juntadeandalucia.es\/ceiplareguela\/wp-json\/wp\/v2\/pages"}],"about":[{"href":"https:\/\/blogsaverroes.juntadeandalucia.es\/ceiplareguela\/wp-json\/wp\/v2\/types\/page"}],"author":[{"embeddable":true,"href":"https:\/\/blogsaverroes.juntadeandalucia.es\/ceiplareguela\/wp-json\/wp\/v2\/users\/5447"}],"replies":[{"embeddable":true,"href":"https:\/\/blogsaverroes.juntadeandalucia.es\/ceiplareguela\/wp-json\/wp\/v2\/comments?post=4563"}],"version-history":[{"count":3,"href":"https:\/\/blogsaverroes.juntadeandalucia.es\/ceiplareguela\/wp-json\/wp\/v2\/pages\/4563\/revisions"}],"predecessor-version":[{"id":4695,"href":"https:\/\/blogsaverroes.juntadeandalucia.es\/ceiplareguela\/wp-json\/wp\/v2\/pages\/4563\/revisions\/4695"}],"wp:attachment":[{"href":"https:\/\/blogsaverroes.juntadeandalucia.es\/ceiplareguela\/wp-json\/wp\/v2\/media?parent=4563"}],"curies":[{"name":"wp","href":"https:\/\/api.w.org\/{rel}","templated":true}]}}