{"id":4569,"date":"2024-03-14T15:47:02","date_gmt":"2024-03-14T15:47:02","guid":{"rendered":"https:\/\/blogsaverroes.juntadeandalucia.es\/ceiplareguela\/?page_id=4569"},"modified":"2024-05-13T20:59:17","modified_gmt":"2024-05-13T20:59:17","slug":"plan-de-gestion","status":"publish","type":"page","link":"https:\/\/blogsaverroes.juntadeandalucia.es\/ceiplareguela\/plan-de-gestion\/","title":{"rendered":"PLAN DE GESTI\u00d3N"},"content":{"rendered":"<p><a href=\"https:\/\/blogsaverroes.juntadeandalucia.es\/ceiplareguela\/plan-de-gestion\/plan-de-gestion-c-e-i-p-la-reguela-41010502-revision-feb-2020-2\/\" rel=\"attachment wp-att-4885\">Plan de Gesti\u00f3n C.E.I.P. LA REG\u00dcELA 41010502 Revisi\u00f3n feb 2020<\/a><\/p>\n","protected":false},"excerpt":{"rendered":"<p>Plan de Gesti\u00f3n C.E.I.P. LA REG\u00dcELA 41010502 Revisi\u00f3n feb 2020<\/p>\n","protected":false},"author":5447,"featured_media":0,"parent":0,"menu_order":0,"comment_status":"closed","ping_status":"closed","template":"","meta":{"ngg_post_thumbnail":0,"footnotes":"","_mc_calendar":[]},"aioseo_notices":[],"_links":{"self":[{"href":"https:\/\/blogsaverroes.juntadeandalucia.es\/ceiplareguela\/wp-json\/wp\/v2\/pages\/4569"}],"collection":[{"href":"https:\/\/blogsaverroes.juntadeandalucia.es\/ceiplareguela\/wp-json\/wp\/v2\/pages"}],"about":[{"href":"https:\/\/blogsaverroes.juntadeandalucia.es\/ceiplareguela\/wp-json\/wp\/v2\/types\/page"}],"author":[{"embeddable":true,"href":"https:\/\/blogsaverroes.juntadeandalucia.es\/ceiplareguela\/wp-json\/wp\/v2\/users\/5447"}],"replies":[{"embeddable":true,"href":"https:\/\/blogsaverroes.juntadeandalucia.es\/ceiplareguela\/wp-json\/wp\/v2\/comments?post=4569"}],"version-history":[{"count":4,"href":"https:\/\/blogsaverroes.juntadeandalucia.es\/ceiplareguela\/wp-json\/wp\/v2\/pages\/4569\/revisions"}],"predecessor-version":[{"id":4886,"href":"https:\/\/blogsaverroes.juntadeandalucia.es\/ceiplareguela\/wp-json\/wp\/v2\/pages\/4569\/revisions\/4886"}],"wp:attachment":[{"href":"https:\/\/blogsaverroes.juntadeandalucia.es\/ceiplareguela\/wp-json\/wp\/v2\/media?parent=4569"}],"curies":[{"name":"wp","href":"https:\/\/api.w.org\/{rel}","templated":true}]}}