{"id":82,"date":"2015-03-16T06:59:55","date_gmt":"2015-03-16T06:59:55","guid":{"rendered":"http:\/\/blogsaverroes.juntadeandalucia.es\/pre\/ceip\/?page_id=82"},"modified":"2024-09-03T19:42:31","modified_gmt":"2024-09-03T19:42:31","slug":"horarios","status":"publish","type":"page","link":"https:\/\/blogsaverroes.juntadeandalucia.es\/ceiplareguela\/horarios\/","title":{"rendered":"Horario general"},"content":{"rendered":"<p>&nbsp;<\/p>\n<p>&nbsp;<\/p>\n<h1 style=\"text-align: center\"><strong>HORARIO GENERAL<\/strong>&nbsp;<\/h1>\n<table style=\"width: 691px\">\n<tbody>\n<tr>\n<td style=\"width: 297px;text-align: center\">\n<h1><strong>TRAMO HORARIO<\/strong><\/h1>\n<\/td>\n<td style=\"width: 358px;text-align: center\">\n<h1><strong>ACTIVIDAD<\/strong><\/h1>\n<\/td>\n<\/tr>\n<tr>\n<td style=\"width: 297px\">\n<h3>07:30 &#8211; 09:00<\/h3>\n<\/td>\n<td style=\"width: 358px\">\n<h3>AULA MATINAL&nbsp;<\/h3>\n<h3>AULA DE MA\u00d1ANA (AMPA)<\/h3>\n<\/td>\n<\/tr>\n<tr>\n<td style=\"width: 297px\">\n<h3>09:00 &#8211; 14:00<\/h3>\n<\/td>\n<td style=\"width: 358px\">\n<h3>HORARIO LECTIVO &#8211; CLASES<\/h3>\n<\/td>\n<\/tr>\n<tr>\n<td style=\"width: 297px\">\n<h3>14:00 &#8211; 16:00<\/h3>\n<\/td>\n<td style=\"width: 358px\">\n<h3>COMEDOR<\/h3>\n<h3>AULA DE MEDIOD\u00cdA (AMPA)<\/h3>\n<\/td>\n<\/tr>\n<tr>\n<td style=\"width: 297px\">\n<h3>16:00 &#8211; 18:00<\/h3>\n<\/td>\n<td style=\"width: 358px\">\n<h3>ACTIVIDADES EXTRAESCOLARES<\/h3>\n<\/td>\n<\/tr>\n<tr>\n<td style=\"width: 297px\">\n<h3>MARTES 18:00 &#8211; 19:00<\/h3>\n<\/td>\n<td style=\"width: 358px\">\n<h3>TUTOR\u00cdAS CON FAMILIAS&nbsp;<\/h3>\n<\/td>\n<\/tr>\n<tr>\n<td style=\"width: 297px\">\n<h3>LUNES A VIERNES 9:30 &#8211; 11:30<\/h3>\n<\/td>\n<td style=\"width: 358px\">\n<h3>ATENCI\u00d3N AL P\u00daBLICO EN SECRETAR\u00cdA CON CITA PREVIA A TRAV\u00c9S DE <a href=\"https:\/\/calendly.com\/ceiplareguela\/secretariaceiplareguela\">CALENDLY<\/a><\/h3>\n<\/td>\n<\/tr>\n<\/tbody>\n<\/table>\n<p style=\"text-align: center\"><a href=\"https:\/\/calendly.com\/ceiplareguela\/secretariaceiplareguela\">PULSE AQU\u00cd PARA ACCEDER A LA PETICI\u00d3N DE CITA PREVIA<\/a><\/p>\n","protected":false},"excerpt":{"rendered":"<p>&nbsp; &nbsp; HORARIO GENERAL&nbsp; TRAMO HORARIO ACTIVIDAD 07:30 &#8211; 09:00 AULA MATINAL&nbsp; AULA DE MA\u00d1ANA (AMPA) 09:00 &#8211; 14:00 HORARIO LECTIVO &#8211; CLASES 14:00 &#8211; 16:00 COMEDOR AULA DE MEDIOD\u00cdA (AMPA) 16:00 &#8211; 18:00 ACTIVIDADES EXTRAESCOLARES MARTES 18:00 &#8211; 19:00 TUTOR\u00cdAS CON FAMILIAS&nbsp; LUNES A VIERNES 9:30 &#8211; 11:30 ATENCI\u00d3N AL P\u00daBLICO EN SECRETAR\u00cdA CON &hellip; <\/p>\n<p><a class=\"more-link btn\" href=\"https:\/\/blogsaverroes.juntadeandalucia.es\/ceiplareguela\/horarios\/\">Seguir leyendo<\/a><\/p>\n","protected":false},"author":1,"featured_media":0,"parent":0,"menu_order":0,"comment_status":"closed","ping_status":"open","template":"page-cs.php","meta":{"ngg_post_thumbnail":0,"footnotes":"","_mc_calendar":[]},"aioseo_notices":[],"_links":{"self":[{"href":"https:\/\/blogsaverroes.juntadeandalucia.es\/ceiplareguela\/wp-json\/wp\/v2\/pages\/82"}],"collection":[{"href":"https:\/\/blogsaverroes.juntadeandalucia.es\/ceiplareguela\/wp-json\/wp\/v2\/pages"}],"about":[{"href":"https:\/\/blogsaverroes.juntadeandalucia.es\/ceiplareguela\/wp-json\/wp\/v2\/types\/page"}],"author":[{"embeddable":true,"href":"https:\/\/blogsaverroes.juntadeandalucia.es\/ceiplareguela\/wp-json\/wp\/v2\/users\/1"}],"replies":[{"embeddable":true,"href":"https:\/\/blogsaverroes.juntadeandalucia.es\/ceiplareguela\/wp-json\/wp\/v2\/comments?post=82"}],"version-history":[{"count":18,"href":"https:\/\/blogsaverroes.juntadeandalucia.es\/ceiplareguela\/wp-json\/wp\/v2\/pages\/82\/revisions"}],"predecessor-version":[{"id":5160,"href":"https:\/\/blogsaverroes.juntadeandalucia.es\/ceiplareguela\/wp-json\/wp\/v2\/pages\/82\/revisions\/5160"}],"wp:attachment":[{"href":"https:\/\/blogsaverroes.juntadeandalucia.es\/ceiplareguela\/wp-json\/wp\/v2\/media?parent=82"}],"curies":[{"name":"wp","href":"https:\/\/api.w.org\/{rel}","templated":true}]}}