{"id":99,"date":"2015-03-16T07:22:54","date_gmt":"2015-03-16T07:22:54","guid":{"rendered":"http:\/\/blogsaverroes.juntadeandalucia.es\/pre\/ceip\/?page_id=99"},"modified":"2024-09-11T20:52:55","modified_gmt":"2024-09-11T20:52:55","slug":"comedor-escolar","status":"publish","type":"page","link":"https:\/\/blogsaverroes.juntadeandalucia.es\/ceiplareguela\/comedor-escolar\/","title":{"rendered":"Comedor escolar"},"content":{"rendered":"<p>Los comedores escolares son un servicio complementario que resulta de gran utilidad a padres y madres para ayudarles a&nbsp;conciliar la vida laboral y familiar. Tienen una duraci\u00f3n de hasta dos horas desde que acaba la jornada escolar de la ma\u00f1ana (de 14.00 a 16.00 horas).<\/p>\n<p>Los comedores son adem\u00e1s una pieza importante&nbsp;en todas las medidas dirigidas a mejorar los h\u00e1bitos alimenticios de los ni\u00f1os y ni\u00f1as y prevenir problemas de salud como la obesidad.<\/p>\n<p>Los comedores escolares de los centros p\u00fablicos andaluces promueven una alimentaci\u00f3n saludable que est\u00e1 supervisada por nutricionistas y que, entre otros aspectos, se caracteriza por:<\/p>\n<p>Una mayor proporci\u00f3n de verdura en los men\u00fas<\/p>\n<p>Fruta fresca como postre al menos cuatro d\u00edas a la semana<\/p>\n<p>Uso de aceite de oliva virgen extra.<\/p>\n<p>M\u00e1s pescado que carne, que debe ser magra.<\/p>\n<p>Prohibici\u00f3n de los alimentos precocinados y limitaci\u00f3n de los fritos.<\/p>\n<p>Apuesta por la dieta mediterr\u00e1nea y los productos ecol\u00f3gicos.<\/p>\n<p><strong>Normas de funcionamiento del comedor<\/strong><\/p>\n<ol>\n<li>Todos\/as los\/as ni\u00f1os\/as comer\u00e1n lo mismo, excepto los\/as que necesiten dietas blandas o men\u00fas especiales aconsejados por el\/la m\u00e9dico correspondiente. Circunstancia que deber\u00e1n comunicar y acompa\u00f1ar de informe m\u00e9dico.<\/li>\n<li>Antes de entrar en el comedor todos\/as los\/as ni\u00f1os\/as se lavar\u00e1n y secar\u00e1n las manos.<\/li>\n<li>Entrar\u00e1n tranquilamente colocando sus pertenencias en los lugares adaptados para ello y coloc\u00e1ndose en sus lugares que ser\u00e1n fijos para los comensales habituales.<\/li>\n<li>Deber\u00e1n permanecer en sus sitios hasta que el\/la monitor\/a les acompa\u00f1e al patio.<\/li>\n<li>El \u201coffice\u201d es una zona restringida a los\/as alumnos\/as, que deber\u00e1n pedir lo que necesiten y tener paciencia.<\/li>\n<li>Deber\u00e1n comer de todo, tanto primero como segundo plato, as\u00ed como el postre, adecuando la cantidad a su edad. Los\/as monitores\/as atender\u00e1n a los\/as alumnos\/as a su cargo procurando que ning\u00fan alumno\/a abandone el comedor sin haber comido, ayud\u00e1ndoles a comer en caso de necesidad por la corta edad de los\/as alumnos\/as, a la vez que se les ense\u00f1a a comer de todo.<\/li>\n<li>Deber\u00e1n mantener las normas de comportamiento adecuado en la mesa, cuidando la postura y los modales. Estar\u00e1 terminantemente prohibido tirar comida a los\/as compa\u00f1eros\/as y al suelo, y derramar el agua a prop\u00f3sito.<\/li>\n<li>Deber\u00e1n entender que los\/as monitores son los\/as responsables en ese tiempo, de tal manera que respetar\u00e1n y obedecer\u00e1n sus indicaciones. Estos llevar\u00e1n un diario de incidencias en el que se vayan anotando hechos que se produzcan en contra de las normas de convivencia y de respeto.<\/li>\n<li>Siempre habr\u00e1 un\/a monitor\/a vigilando a los\/as alumnos\/as en sus distintas ubicaciones, incluidos los servicios.<\/li>\n<li>Se procurar\u00e1 que los\/as alumnos\/as se levanten al servicio lo menos posible (respetando las necesidades de los m\u00e1s peque\u00f1os) y en estos casos deber\u00e1n ir acompa\u00f1ados\/as por una monitora.<\/li>\n<li>Los\/as alumnos\/as deber\u00e1n respetar el mobiliario y equipamiento del comedor, evitando golpes, ara\u00f1azos y pintadas. Se impedir\u00e1 jugar con el menaje y la comida.<\/li>\n<li>Si alg\u00fan padre\/madre llegara a recoger a su hijo\/a y no hubiera terminado, deber\u00e1 esperar a que lo haga evitando entrar en el comedor.<\/li>\n<li>Cualquier incidencia en el servicio de comedor deber\u00e1 ser comunicada a la mayor brevedad posible a la Coordinadora del Plan de Apertura.<\/li>\n<li>La Direcci\u00f3n del Centro y la Coordinaci\u00f3n del Plan de Apertura de Centros velar\u00e1n por el cumplimiento de las normas de convivencia, sanidad e higiene en el funcionamiento y organizaci\u00f3n del Comedor Escolar.<\/li>\n<li>Los\/as padres\/madres de los\/as ni\u00f1os\/as que alg\u00fan d\u00eda no vayan a hacer uso del servicio deber\u00e1n comunicarlo en Secretar\u00eda con la debida antelaci\u00f3n para que no se le pida el men\u00fa y no lo tengan que pagar. Esto incluye los d\u00edas en que los\/as alumnos\/as participen en alguna excursi\u00f3n que se programe para todo el d\u00eda.<\/li>\n<\/ol>\n","protected":false},"excerpt":{"rendered":"<p>Los comedores escolares son un servicio complementario que resulta de gran utilidad a padres y madres para ayudarles a&nbsp;conciliar la vida laboral y familiar. Tienen una duraci\u00f3n de hasta dos horas desde que acaba la jornada escolar de la ma\u00f1ana (de 14.00 a 16.00 horas). Los comedores son adem\u00e1s una pieza importante&nbsp;en todas las medidas &hellip; <\/p>\n<p><a class=\"more-link btn\" href=\"https:\/\/blogsaverroes.juntadeandalucia.es\/ceiplareguela\/comedor-escolar\/\">Seguir leyendo<\/a><\/p>\n","protected":false},"author":1,"featured_media":0,"parent":0,"menu_order":0,"comment_status":"closed","ping_status":"open","template":"page-cs.php","meta":{"ngg_post_thumbnail":0,"footnotes":"","_mc_calendar":[]},"aioseo_notices":[],"_links":{"self":[{"href":"https:\/\/blogsaverroes.juntadeandalucia.es\/ceiplareguela\/wp-json\/wp\/v2\/pages\/99"}],"collection":[{"href":"https:\/\/blogsaverroes.juntadeandalucia.es\/ceiplareguela\/wp-json\/wp\/v2\/pages"}],"about":[{"href":"https:\/\/blogsaverroes.juntadeandalucia.es\/ceiplareguela\/wp-json\/wp\/v2\/types\/page"}],"author":[{"embeddable":true,"href":"https:\/\/blogsaverroes.juntadeandalucia.es\/ceiplareguela\/wp-json\/wp\/v2\/users\/1"}],"replies":[{"embeddable":true,"href":"https:\/\/blogsaverroes.juntadeandalucia.es\/ceiplareguela\/wp-json\/wp\/v2\/comments?post=99"}],"version-history":[{"count":8,"href":"https:\/\/blogsaverroes.juntadeandalucia.es\/ceiplareguela\/wp-json\/wp\/v2\/pages\/99\/revisions"}],"predecessor-version":[{"id":5190,"href":"https:\/\/blogsaverroes.juntadeandalucia.es\/ceiplareguela\/wp-json\/wp\/v2\/pages\/99\/revisions\/5190"}],"wp:attachment":[{"href":"https:\/\/blogsaverroes.juntadeandalucia.es\/ceiplareguela\/wp-json\/wp\/v2\/media?parent=99"}],"curies":[{"name":"wp","href":"https:\/\/api.w.org\/{rel}","templated":true}]}}