{"id":6183,"date":"2019-08-09T14:24:21","date_gmt":"2019-08-09T12:24:21","guid":{"rendered":"https:\/\/www.ceiplaromanilla.es\/?page_id=35"},"modified":"2019-08-09T14:24:21","modified_gmt":"2019-08-09T12:24:21","slug":"sobre-nosotros","status":"publish","type":"page","link":"https:\/\/blogsaverroes.juntadeandalucia.es\/ceiplaromanilla\/sobre-nosotros\/","title":{"rendered":"Sobre nosotros"},"content":{"rendered":"<p>[et_pb_section fb_built=&#8221;1&#8243; fullwidth=&#8221;on&#8221; admin_label=&#8221;Header Section&#8221; _builder_version=&#8221;3.22&#8243; background_image=&#8221;https:\/\/blogsaverroes.juntadeandalucia.es\/ceiplaromanilla\/files\/2019\/08\/shapes-bg-color.png&#8221; parallax=&#8221;on&#8221; top_divider_style=&#8221;clouds2&#8243; top_divider_color=&#8221;rgba(255,255,255,0.3)&#8221; top_divider_height=&#8221;100%&#8221; bottom_divider_height=&#8221;30px&#8221;][et_pb_fullwidth_header subhead=&#8221;Sobre nosotros&#8221; text_orientation=&#8221;center&#8221; _builder_version=&#8221;3.26.6&#8243; title_level=&#8221;h2&#8243; title_font=&#8221;Rubik|700||on|||||&#8221; title_text_color=&#8221;#ff7355&#8243; title_font_size=&#8221;16px&#8221; title_letter_spacing=&#8221;5px&#8221; title_line_height=&#8221;2em&#8221; content_font=&#8221;Rubik||||||||&#8221; content_font_size=&#8221;18px&#8221; content_line_height=&#8221;2em&#8221; subhead_font=&#8221;Rubik|700|||||||&#8221; subhead_text_color=&#8221;rgba(0,0,0,0.8)&#8221; subhead_font_size=&#8221;50px&#8221; subhead_line_height=&#8221;1.4em&#8221; background_color=&#8221;rgba(255,255,255,0)&#8221; use_background_color_gradient=&#8221;on&#8221; background_color_gradient_start=&#8221;rgba(255,255,255,0.7)&#8221; background_color_gradient_end=&#8221;#ffffff&#8221; background_size=&#8221;contain&#8221; background_position=&#8221;bottom_center&#8221; custom_button_one=&#8221;on&#8221; button_one_text_size=&#8221;16px&#8221; button_one_text_color=&#8221;#ffffff&#8221; button_one_bg_color=&#8221;#ff7355&#8243; button_one_border_width=&#8221;15px&#8221; button_one_border_color=&#8221;rgba(210,159,104,0)&#8221; button_one_border_radius=&#8221;100px&#8221; button_one_letter_spacing=&#8221;0px&#8221; button_one_font=&#8221;Rubik|700|||||||&#8221; button_one_use_icon=&#8221;off&#8221; custom_button_two=&#8221;on&#8221; button_two_text_size=&#8221;16px&#8221; button_two_text_color=&#8221;#ffffff&#8221; button_two_bg_color=&#8221;rgba(0,0,0,0.6)&#8221; button_two_border_width=&#8221;15px&#8221; button_two_border_color=&#8221;rgba(210,159,104,0)&#8221; button_two_border_radius=&#8221;100px&#8221; button_two_letter_spacing=&#8221;0px&#8221; button_two_font=&#8221;Rubik|700|||||||&#8221; button_two_use_icon=&#8221;off&#8221; background_layout=&#8221;light&#8221; custom_margin=&#8221;|||&#8221; custom_padding=&#8221;8vw||4vw|&#8221; animation_style=&#8221;slide&#8221; animation_direction=&#8221;bottom&#8221; animation_intensity_slide=&#8221;1%&#8221; subhead_font_size_tablet=&#8221;&#8221; subhead_font_size_phone=&#8221;30px&#8221; subhead_font_size_last_edited=&#8221;on|phone&#8221; button_one_border_radius_hover=&#8221;100px&#8221; button_two_border_radius_hover=&#8221;100px&#8221; button_one_bg_color_hover=&#8221;#ff8a70&#8243; button_two_bg_color_hover=&#8221;#ff8a70&#8243; button_one_text_size__hover_enabled=&#8221;off&#8221; button_two_text_size__hover_enabled=&#8221;off&#8221; button_one_text_color__hover_enabled=&#8221;off&#8221; button_two_text_color__hover_enabled=&#8221;off&#8221; button_one_border_width__hover_enabled=&#8221;off&#8221; button_two_border_width__hover_enabled=&#8221;off&#8221; button_one_border_color__hover_enabled=&#8221;off&#8221; button_two_border_color__hover_enabled=&#8221;off&#8221; button_one_border_radius__hover_enabled=&#8221;on&#8221; button_one_border_radius__hover=&#8221;100px&#8221; button_two_border_radius__hover_enabled=&#8221;on&#8221; button_two_border_radius__hover=&#8221;100px&#8221; button_one_letter_spacing__hover_enabled=&#8221;off&#8221; button_two_letter_spacing__hover_enabled=&#8221;off&#8221; button_one_bg_color__hover_enabled=&#8221;on&#8221; button_one_bg_color__hover=&#8221;#ff8a70&#8243; button_two_bg_color__hover_enabled=&#8221;on&#8221; button_two_bg_color__hover=&#8221;#ff8a70&#8243;][\/et_pb_fullwidth_header][\/et_pb_section][et_pb_section fb_built=&#8221;1&#8243; background_color_gradient_end_1=&#8221;#c7cbd4&#8243; admin_label=&#8221;Feature&#8221; _builder_version=&#8221;3.22&#8243; custom_padding=&#8221;0|0px|0|0px|false|false&#8221; locked=&#8221;off&#8221;][et_pb_row column_structure=&#8221;1_2,1_2&#8243; use_custom_gutter=&#8221;on&#8221; gutter_width=&#8221;1&#8243; make_equal=&#8221;on&#8221; padding_top_bottom_link_1=&#8221;true&#8221; padding_top_bottom_link_2=&#8221;true&#8221; module_class=&#8221; et_pb_row_fullwidth&#8221; _builder_version=&#8221;3.26.6&#8243; background_color=&#8221;#e8ecef&#8221; width=&#8221;100%&#8221; width_tablet=&#8221;100%&#8221; width_phone=&#8221;&#8221; width_last_edited=&#8221;on|desktop&#8221; max_width=&#8221;100%&#8221; max_width_tablet=&#8221;100%&#8221; max_width_phone=&#8221;&#8221; max_width_last_edited=&#8221;on|desktop&#8221; custom_padding=&#8221;0px|0px|0px|0px&#8221; make_fullwidth=&#8221;on&#8221;][et_pb_column type=&#8221;1_2&#8243; _builder_version=&#8221;3.26.6&#8243; background_image=&#8221;https:\/\/blogsaverroes.juntadeandalucia.es\/ceiplaromanilla\/files\/2019\/08\/2014-10-17-5441521a3f745.jpg&#8221; custom_padding=&#8221;120px|80px|120px|10%&#8221; custom_padding_tablet=&#8221;|10%||10%||true&#8221; custom_padding_phone=&#8221;&#8221; custom_padding_last_edited=&#8221;on|tablet&#8221; custom_padding__hover=&#8221;|||&#8221;][et_pb_divider color=&#8221;rgba(0,0,0,0)&#8221; _builder_version=&#8221;3.5&#8243; height=&#8221;200px&#8221; locked=&#8221;off&#8221;][\/et_pb_divider][\/et_pb_column][et_pb_column type=&#8221;1_2&#8243; _builder_version=&#8221;3.25&#8243; background_color_gradient_direction=&#8221;90deg&#8221; custom_padding=&#8221;120px|10%|120px|80px&#8221; custom_padding_tablet=&#8221;|10%||10%||true&#8221; custom_padding_phone=&#8221;&#8221; custom_padding_last_edited=&#8221;on|tablet&#8221; custom_padding__hover=&#8221;|||&#8221;][et_pb_text admin_label=&#8221;Title&#8221; _builder_version=&#8221;3.27.4&#8243; text_font=&#8221;Rubik|500|||||||&#8221; text_font_size=&#8221;16px&#8221; text_line_height=&#8221;2em&#8221; quote_font=&#8221;||||||||&#8221; header_font=&#8221;||||||||&#8221; header_2_font=&#8221;Cabin Sketch|700||on|||||&#8221; header_2_font_size=&#8221;40px&#8221; header_2_letter_spacing=&#8221;6px&#8221; header_2_line_height=&#8221;1.4em&#8221; header_5_font=&#8221;Rubik|700||on|||||&#8221; header_5_text_color=&#8221;#2b76df&#8221; header_5_letter_spacing=&#8221;5px&#8221; header_5_line_height=&#8221;1.2em&#8221; max_width=&#8221;700px&#8221; max_width_tablet=&#8221;&#8221; max_width_phone=&#8221;&#8221; max_width_last_edited=&#8221;on|phone&#8221; custom_margin=&#8221;||30px|&#8221; custom_margin_tablet=&#8221;|70px||70px&#8221; custom_margin_phone=&#8221;|50px||50px&#8221; custom_margin_last_edited=&#8221;off|desktop&#8221; custom_padding=&#8221;|0px||||&#8221; text_line_height_last_edited=&#8221;off|desktop&#8221; header_2_font_size_tablet=&#8221;&#8221; header_2_font_size_phone=&#8221;30px&#8221; header_2_font_size_last_edited=&#8221;on|phone&#8221; locked=&#8221;off&#8221; inline_fonts=&#8221;Sacramento&#8221;]<\/p>\n<h2>Nuestro Solar<\/h2>\n<p>En el terreno donde hoy se encuentra el Colegio &#8220;La Romanilla&#8221;, hab\u00eda tres fincas colindantes cuyos propietarios eran : Mart\u00edn Mart\u00edn Gonz\u00e1lez, Francisco Mart\u00edn L\u00f3pez, Manuel Mar\u00edn Salinas y Antonio Navarro.<\/p>\n<p>En la finca hab\u00eda una balsa y una noria de agua, la cual era muy salitrosa.\u00a0 Lo que m\u00e1s se cultivaba era ma\u00edz y alfalfa. Su entorno estaba rodeado de higueras y palmeras. Las huertas desembocaban en la Ca\u00f1ada Real de la Costa, hoy en d\u00eda paseo mar\u00edtimo.<\/p>\n<p>[\/et_pb_text][\/et_pb_column][\/et_pb_row][\/et_pb_section][et_pb_section fb_built=&#8221;1&#8243; background_color_gradient_end_1=&#8221;#c7cbd4&#8243; admin_label=&#8221;Feature&#8221; _builder_version=&#8221;3.22&#8243; custom_padding=&#8221;0|0px|0|0px|false|false&#8221; locked=&#8221;off&#8221;][et_pb_row column_structure=&#8221;1_2,1_2&#8243; use_custom_gutter=&#8221;on&#8221; gutter_width=&#8221;1&#8243; make_equal=&#8221;on&#8221; padding_top_bottom_link_1=&#8221;true&#8221; padding_top_bottom_link_2=&#8221;true&#8221; module_class=&#8221; et_pb_row_fullwidth&#8221; _builder_version=&#8221;3.26.6&#8243; width=&#8221;100%&#8221; width_tablet=&#8221;100%&#8221; width_phone=&#8221;&#8221; width_last_edited=&#8221;on|desktop&#8221; max_width=&#8221;100%&#8221; max_width_tablet=&#8221;100%&#8221; max_width_phone=&#8221;&#8221; max_width_last_edited=&#8221;on|desktop&#8221; custom_padding=&#8221;0px|0px|0px|0px&#8221; make_fullwidth=&#8221;on&#8221;][et_pb_column type=&#8221;1_2&#8243; _builder_version=&#8221;3.26.6&#8243; custom_padding=&#8221;120px|70px|120px|5%|false|false&#8221; custom_padding_tablet=&#8221;|10%||10%||true&#8221; custom_padding_phone=&#8221;&#8221; custom_padding_last_edited=&#8221;on|tablet&#8221; custom_padding__hover=&#8221;|||&#8221;][et_pb_text admin_label=&#8221;Title&#8221; _builder_version=&#8221;3.27.4&#8243; text_font=&#8221;Rubik|500|||||||&#8221; text_font_size=&#8221;16px&#8221; text_line_height=&#8221;2em&#8221; quote_font=&#8221;||||||||&#8221; header_font=&#8221;||||||||&#8221; header_2_font=&#8221;Cabin Sketch|700||on|||||&#8221; header_2_font_size=&#8221;40px&#8221; header_2_letter_spacing=&#8221;6px&#8221; header_2_line_height=&#8221;1.4em&#8221; header_5_font=&#8221;Rubik|700||on|||||&#8221; header_5_text_color=&#8221;#ff7355&#8243; header_5_letter_spacing=&#8221;5px&#8221; header_5_line_height=&#8221;1.2em&#8221; max_width=&#8221;750px&#8221; max_width_tablet=&#8221;&#8221; max_width_phone=&#8221;&#8221; max_width_last_edited=&#8221;on|phone&#8221; custom_margin=&#8221;|||&#8221; custom_margin_tablet=&#8221;|70px||70px&#8221; custom_margin_phone=&#8221;|50px||50px&#8221; custom_margin_last_edited=&#8221;off|desktop&#8221; custom_padding=&#8221;|||&#8221; text_line_height_last_edited=&#8221;off|desktop&#8221; header_2_font_size_tablet=&#8221;&#8221; header_2_font_size_phone=&#8221;30px&#8221; header_2_font_size_last_edited=&#8221;on|phone&#8221; locked=&#8221;off&#8221; inline_fonts=&#8221;Sacramento&#8221;]<\/p>\n<h2><strong>El porqu\u00e9 del nombre de &#8220;La Romanilla&#8221;<\/strong><\/h2>\n<p>&#8220;La Romanilla&#8221; es la denominaci\u00f3n que se le da a una zona de Roquetas de Mar que colinda con el mar, donde est\u00e1 ubicado nuestro colegio que lleva el mismo nombre.<\/p>\n<p>Seg\u00fan consta en algunos documentos, a mediados del siglo XVIII, exist\u00eda en Roquetas una hermandad que se llamaba &#8220;Las \u00c1nimas&#8221;. \u00c9sta hermandad, parece ser, ten\u00eda una casa situada a la entrada de &#8220;El barrio de abajo&#8221; ( hoy &#8220;Barrio Bajo&#8221;) en la cual estaba la romana que se menciona en distintos documentos y que ser\u00eda el motivo de que existiera una calle llamada &#8220;La Romanilla&#8221;.<\/p>\n<p>Dicha romana (instrumento para pesar con dos brazos desiguales) ten\u00eda como funci\u00f3n hacer el pesaje del esparto, la sal, el pescado y el mineral de plomo que se extra\u00eda en las minas de La Env\u00eda, Felix, Enix y las de El Marchal de Ant\u00f3n L\u00f3pez. Los beneficios que se obten\u00edan por el cobro del tanto porciento de los pesajes, eran destinados a la hermandad mencionada.<\/p>\n<p>Alrededor de la romana de pesaje, se construyeron una serie de almacenes donde se guardaba el g\u00e9nero pesado hasta su embarque, que se sol\u00eda hacer por la playa de &#8220;La Romanilla&#8221; y la playa de &#8220;Los Bajos&#8221;. Esos almacenes estaban situados en las que hoy son las peque\u00f1as urbanizaciones en las que vivimos.<\/p>\n<p>[\/et_pb_text][\/et_pb_column][et_pb_column type=&#8221;1_2&#8243; _builder_version=&#8221;3.26.6&#8243; background_color_gradient_direction=&#8221;90deg&#8221; background_image=&#8221;https:\/\/blogsaverroes.juntadeandalucia.es\/ceiplaromanilla\/files\/2019\/08\/2014-10-17-5441521988760.jpg&#8221; custom_padding=&#8221;120px|10%|120px|80px&#8221; custom_padding_tablet=&#8221;|10%||10%||true&#8221; custom_padding_phone=&#8221;&#8221; custom_padding_last_edited=&#8221;on|tablet&#8221; custom_padding__hover=&#8221;|||&#8221;][et_pb_divider color=&#8221;rgba(0,0,0,0)&#8221; _builder_version=&#8221;3.5&#8243; height=&#8221;200px&#8221; locked=&#8221;off&#8221;][\/et_pb_divider][\/et_pb_column][\/et_pb_row][\/et_pb_section][et_pb_section fb_built=&#8221;1&#8243; admin_label=&#8221;Testimonials&#8221; _builder_version=&#8221;3.22&#8243; background_image=&#8221;https:\/\/blogsaverroes.juntadeandalucia.es\/ceiplaromanilla\/files\/2019\/08\/shapes-bg-1.png&#8221; parallax=&#8221;on&#8221; custom_padding=&#8221;|||&#8221; locked=&#8221;off&#8221;][et_pb_row admin_label=&#8221;Title Row&#8221; _builder_version=&#8221;3.25&#8243;][et_pb_column type=&#8221;4_4&#8243; _builder_version=&#8221;3.25&#8243; custom_padding=&#8221;|||&#8221; custom_padding__hover=&#8221;|||&#8221;][et_pb_text _builder_version=&#8221;3.27.4&#8243; text_font=&#8221;Rubik|500|||||||&#8221; text_font_size=&#8221;16px&#8221; text_line_height=&#8221;2em&#8221; link_font=&#8221;||||||||&#8221; ul_font=&#8221;||||||||&#8221; ol_font=&#8221;||||||||&#8221; quote_font=&#8221;||||||||&#8221; header_font=&#8221;||||||||&#8221; header_2_font=&#8221;Rubik|700|||||||&#8221; header_2_font_size=&#8221;40px&#8221; header_2_line_height=&#8221;1.4em&#8221; header_5_font=&#8221;Rubik|700||on|||||&#8221; header_5_text_color=&#8221;#2b76df&#8221; header_5_letter_spacing=&#8221;5px&#8221; header_5_line_height=&#8221;1.5em&#8221; text_orientation=&#8221;center&#8221; max_width=&#8221;700px&#8221; module_alignment=&#8221;center&#8221; custom_margin=&#8221;|||&#8221; custom_margin_tablet=&#8221;0px|||&#8221; custom_margin_last_edited=&#8221;off|desktop&#8221; text_line_height_last_edited=&#8221;off|desktop&#8221; header_2_font_size_tablet=&#8221;&#8221; header_2_font_size_phone=&#8221;30px&#8221; header_2_font_size_last_edited=&#8221;on|phone&#8221;]<\/p>\n<h2>Nuestro Personal<\/h2>\n<p>[\/et_pb_text][\/et_pb_column][\/et_pb_row][et_pb_row _builder_version=&#8221;3.26.6&#8243;][et_pb_column type=&#8221;4_4&#8243; _builder_version=&#8221;3.26.6&#8243;][et_pb_text _builder_version=&#8221;4.5.3&#8243;]<\/p>\n<h3>DomeroDirecci\u00f3n<\/h3>\n<table>\n<thead>\n<tr>\n<th class=\"orden\" id=\"nombre\">Nombre del Profesor\/a<\/th>\n<th class=\"orden\" id=\"cargo\">Cargo<\/th>\n<\/tr>\n<\/thead>\n<tbody>\n<tr id=\"tabla_personal-21\">\n<td>D\u00aa Carmen Rodr\u00edguez Ram\u00edrez<\/td>\n<td>Directora<\/td>\n<\/tr>\n<tr id=\"tabla_personal-80\">\n<td>D\u00ba Juan Vizca\u00edno Baeza<\/td>\n<td>Secretario<\/td>\n<\/tr>\n<tr id=\"tabla_personal-22\">\n<td>D\u00aa Cristina Iribarren Mar\u00edn<\/td>\n<td>Jefa de estudios<\/td>\n<\/tr>\n<\/tbody>\n<\/table>\n<h3><\/h3>\n<h3>Profesores tutores<\/h3>\n<table>\n<thead>\n<tr>\n<th class=\"orden\" id=\"nombre\">Nombre del Profesor\/a<\/th>\n<th class=\"orden\" id=\"cargo\">Cargo<\/th>\n<\/tr>\n<\/thead>\n<tbody>\n<tr id=\"tabla_personal-97\">\n<td>D\u00aa Carmen Gallardo Rodr\u00edguez<\/td>\n<td>2\u00ba Primaria<\/td>\n<\/tr>\n<tr id=\"tabla_personal-98\">\n<td>D\u00aa\u00a0Cristina Iribarren Mar\u00edn<\/td>\n<td>1\u00ba Primaria<\/td>\n<\/tr>\n<tr id=\"tabla_personal-99\">\n<td>D\u00aa Rita Campos Quero<\/td>\n<td>3\u00ba Primaria<\/td>\n<\/tr>\n<tr id=\"tabla_personal-100\">\n<td>D\u00aa\u00a0M\u00aa Jos\u00e9 Uroz Munoz<\/td>\n<td>4\u00ba Primaria<\/td>\n<\/tr>\n<tr id=\"tabla_personal-101\">\n<td>D\u00aa M\u00aa Jos\u00e9 S\u00e1nchez Viedma<\/td>\n<td>5\u00ba Primaria<\/td>\n<\/tr>\n<tr id=\"tabla_personal-102\">\n<td>D\u00aa Sully Medrano Capel<\/td>\n<td>6\u00ba Primaria<\/td>\n<\/tr>\n<tr id=\"tabla_personal-103\">\n<td>D\u00aa M\u00aa Fern\u00e1ndez Garc\u00eda<\/td>\n<td>Infantil 4 a\u00f1os<\/td>\n<\/tr>\n<tr id=\"tabla_personal-104\">\n<td>D\u00aa\u00a0Amalia Romera L\u00f3pez<\/td>\n<td>Infantil 5 a\u00f1os<\/td>\n<\/tr>\n<tr id=\"tabla_personal-105\">\n<td>D\u00aa Roc\u00edo Gonz\u00e1lez Garc\u00eda<\/td>\n<td>Infantil 3 a\u00f1os<\/td>\n<\/tr>\n<\/tbody>\n<\/table>\n<h3><\/h3>\n<h3>Profesores especialistas y de apoyo<\/h3>\n<table>\n<thead>\n<tr>\n<th class=\"orden\" id=\"nombre\">Nombre<\/th>\n<th class=\"orden\" id=\"cargo\">Cargo<\/th>\n<\/tr>\n<\/thead>\n<tbody>\n<tr id=\"tabla_personal-87\">\n<td>D\u00aa M\u00aa Jos\u00e9 S\u00e1nchez Viedma<\/td>\n<td>M\u00fasica\/ tutor<\/td>\n<\/tr>\n<tr id=\"tabla_personal-88\">\n<td>D\u00aa Patricia Garc\u00eda Rodr\u00edguez<\/td>\n<td>Religi\u00f3n<\/td>\n<\/tr>\n<tr id=\"tabla_personal-95\">\n<td>D\u00aa Sully\u00a0 Medrano Capel<\/td>\n<td>Idioma Extranjero Franc\u00e9s<\/td>\n<\/tr>\n<tr id=\"tabla_personal-96\">\n<td>D\u00ba Jose Antonio Mart\u00edn Torres<\/td>\n<td>Idioma Extranjero Ingl\u00e9s<\/td>\n<\/tr>\n<tr id=\"tabla_personal-32\">\n<td>\u00a0D\u00aa Aida Garc\u00eda<\/td>\n<td>Pedagog\u00eda Terape\u00fatica<\/td>\n<\/tr>\n<tr id=\"tabla_personal-33\">\n<td>D.Juan Vizca\u00edno Baeza<\/td>\n<td>Educaci\u00f3n F\u00edsica<\/td>\n<\/tr>\n<tr>\n<td><\/td>\n<td><\/td>\n<\/tr>\n<tr>\n<td>\n<p>D\u00aa M\u00aa Natividad Alonso<\/p>\n<p>D\u00aa Lola Ure\u00f1a Pedrosa<\/p>\n<p>D\u00aa Natalia Lara Pastor<\/p>\n<p>D\u00aa Ana Bel\u00e9n D\u00edaz Romero<\/p>\n<p>D\u00aa Laura Tara<\/p>\n<p>D\u00aa Rosa M\u00aa Olmos Trescastro<\/p>\n<\/td>\n<td>Maestro Apoyo-Covid<\/td>\n<\/tr>\n<tr id=\"tabla_personal-35\">\n<td>D\u00aa Carmen Rodr\u00edguez Ram\u00edrez<\/td>\n<td>Pedagog\u00eda Terape\u00fatica<\/td>\n<\/tr>\n<\/tbody>\n<\/table>\n<h3><\/h3>\n<h3>Equipo de orientaci\u00f3n<\/h3>\n<table>\n<thead>\n<tr>\n<th class=\"orden\" id=\"nombre\">Nombre<\/th>\n<th class=\"orden\" id=\"cargo\">\u00a0 \u00a0 \u00a0 \u00a0 \u00a0 \u00a0 \u00a0 \u00a0 \u00a0 \u00a0 \u00a0 \u00a0 \u00a0 \u00a0 \u00a0 \u00a0 \u00a0 \u00a0 \u00a0 \u00a0 \u00a0 \u00a0 \u00a0 \u00a0 \u00a0 \u00a0Cargo<\/th>\n<\/tr>\n<\/thead>\n<tbody>\n<tr id=\"tabla_personal-90\">\n<td>D\u00aa Paula<\/td>\n<td>\u00a0 \u00a0 \u00a0 \u00a0 \u00a0 \u00a0 \u00a0 \u00a0 \u00a0 \u00a0 \u00a0 \u00a0 \u00a0 \u00a0 \u00a0 \u00a0 \u00a0 \u00a0 \u00a0 \u00a0 \u00a0 \u00a0 \u00a0 \u00a0 \u00a0 \u00a0Orientadora<\/td>\n<\/tr>\n<tr id=\"tabla_personal-92\">\n<td>D\u00aa Vanesa<\/td>\n<td>\u00a0 \u00a0 \u00a0 \u00a0 \u00a0 \u00a0 \u00a0 \u00a0 \u00a0 \u00a0 \u00a0 \u00a0 \u00a0 \u00a0 \u00a0 \u00a0 \u00a0 \u00a0 \u00a0 \u00a0 \u00a0 \u00a0 \u00a0 \u00a0 \u00a0 \u00a0 Especialista A.L<\/td>\n<\/tr>\n<\/tbody>\n<\/table>\n<h3><\/h3>\n<h3>Personal no docente<\/h3>\n<table>\n<thead>\n<tr>\n<th class=\"orden\" id=\"nombre\">Nombre del Profesor\/a<\/th>\n<th class=\"orden\" id=\"cargo\">Cargo<\/th>\n<\/tr>\n<\/thead>\n<tbody>\n<tr id=\"tabla_personal-93\">\n<td>D\u00aa Mar\u00eda de la Luz<\/td>\n<td>Administrativa<\/td>\n<\/tr>\n<tr id=\"tabla_personal-57\">\n<td>D\u00aa Mar\u00eda Raimunda Mart\u00ednez S\u00e1nchez<\/td>\n<td>Limpiadora<\/td>\n<\/tr>\n<tr id=\"tabla_personal-37\">\n<td>D. Emilio Mart\u00edn Mar\u00edn<\/td>\n<td>Conserje<\/td>\n<\/tr>\n<\/tbody>\n<\/table>\n<p>&nbsp;<\/p>\n<p>[\/et_pb_text][\/et_pb_column][\/et_pb_row][\/et_pb_section]<\/p>\n","protected":false},"excerpt":{"rendered":"<p>Nuestro Solar En el terreno donde hoy se encuentra el Colegio &#8220;La Romanilla&#8221;, hab\u00eda tres fincas colindantes cuyos propietarios eran : Mart\u00edn Mart\u00edn Gonz\u00e1lez, Francisco Mart\u00edn L\u00f3pez, Manuel Mar\u00edn Salinas y Antonio Navarro. En la finca hab\u00eda una balsa y una noria de agua, la cual era muy salitrosa.\u00a0 Lo que m\u00e1s se cultivaba era [&hellip;]<\/p>\n","protected":false},"author":16029,"featured_media":0,"parent":0,"menu_order":0,"comment_status":"closed","ping_status":"closed","template":"","meta":{"_et_pb_use_builder":"on","_et_pb_old_content":"","_et_gb_content_width":"","ngg_post_thumbnail":0,"footnotes":""},"aioseo_notices":[],"post_mailing_queue_ids":[],"_links":{"self":[{"href":"https:\/\/blogsaverroes.juntadeandalucia.es\/ceiplaromanilla\/wp-json\/wp\/v2\/pages\/6183"}],"collection":[{"href":"https:\/\/blogsaverroes.juntadeandalucia.es\/ceiplaromanilla\/wp-json\/wp\/v2\/pages"}],"about":[{"href":"https:\/\/blogsaverroes.juntadeandalucia.es\/ceiplaromanilla\/wp-json\/wp\/v2\/types\/page"}],"author":[{"embeddable":true,"href":"https:\/\/blogsaverroes.juntadeandalucia.es\/ceiplaromanilla\/wp-json\/wp\/v2\/users\/16029"}],"replies":[{"embeddable":true,"href":"https:\/\/blogsaverroes.juntadeandalucia.es\/ceiplaromanilla\/wp-json\/wp\/v2\/comments?post=6183"}],"version-history":[{"count":0,"href":"https:\/\/blogsaverroes.juntadeandalucia.es\/ceiplaromanilla\/wp-json\/wp\/v2\/pages\/6183\/revisions"}],"wp:attachment":[{"href":"https:\/\/blogsaverroes.juntadeandalucia.es\/ceiplaromanilla\/wp-json\/wp\/v2\/media?parent=6183"}],"curies":[{"name":"wp","href":"https:\/\/api.w.org\/{rel}","templated":true}]}}