{"id":6536,"date":"2023-04-21T11:01:51","date_gmt":"2023-04-21T10:01:51","guid":{"rendered":"https:\/\/blogsaverroes.juntadeandalucia.es\/ceiplaromanilla\/?page_id=6536"},"modified":"2026-04-13T18:09:05","modified_gmt":"2026-04-13T17:09:05","slug":"blogs-colegio","status":"publish","type":"page","link":"https:\/\/blogsaverroes.juntadeandalucia.es\/ceiplaromanilla\/blogs-colegio\/","title":{"rendered":"Blogs colegio"},"content":{"rendered":"<p>[et_pb_section fb_built=&#8221;1&#8243; _builder_version=&#8221;4.24.2&#8243; _module_preset=&#8221;default&#8221; global_colors_info=&#8221;{}&#8221;][et_pb_row _builder_version=&#8221;4.24.2&#8243; _module_preset=&#8221;default&#8221; global_colors_info=&#8221;{}&#8221;][et_pb_column type=&#8221;4_4&#8243; _builder_version=&#8221;4.16&#8243; _module_preset=&#8221;default&#8221; global_colors_info=&#8221;{}&#8221;][et_pb_image src=&#8221;https:\/\/blogsaverroes.juntadeandalucia.es\/ceiplaromanilla\/files\/2023\/06\/Mi-proyecto-1-20.png&#8221; title_text=&#8221;Mi proyecto-1 (20)&#8221; _builder_version=&#8221;4.24.2&#8243; _module_preset=&#8221;default&#8221; global_colors_info=&#8221;{}&#8221;][\/et_pb_image][\/et_pb_column][\/et_pb_row][et_pb_row _builder_version=&#8221;4.24.2&#8243; _module_preset=&#8221;default&#8221; global_colors_info=&#8221;{}&#8221;][et_pb_column type=&#8221;4_4&#8243; _builder_version=&#8221;4.16&#8243; _module_preset=&#8221;default&#8221; global_colors_info=&#8221;{}&#8221;][et_pb_text _builder_version=&#8221;4.24.2&#8243; _module_preset=&#8221;default&#8221; global_colors_info=&#8221;{}&#8221;]<\/p>\n<p><span style=\"font-size: 12pt\">Aqu\u00ed encontrar\u00e1s un vistazo privilegiado al d\u00eda a d\u00eda en nuestras aulas, donde nuestros docentes comparten recursos, actividades y experiencias emocionantes que enriquecen el aprendizaje de nuestros estudiantes. Podr\u00e1s descubrir las aventuras que vivimos dentro y fuera del centro, desde salidas pedag\u00f3gicas hasta proyectos especiales.<\/span><\/p>\n<p><span style=\"font-size: 12pt\">Te invitamos a sumergirte en nuestras publicaciones y explorar las m\u00faltiples formas en que fomentamos la creatividad, la participaci\u00f3n activa y el desarrollo integral de nuestros alumnos.<\/span><\/p>\n<p>[\/et_pb_text][\/et_pb_column][\/et_pb_row][et_pb_row _builder_version=&#8221;4.16&#8243; _module_preset=&#8221;default&#8221; hover_enabled=&#8221;0&#8243; global_colors_info=&#8221;{}&#8221; sticky_enabled=&#8221;0&#8243;][et_pb_column type=&#8221;4_4&#8243; _builder_version=&#8221;4.16&#8243; _module_preset=&#8221;default&#8221; global_colors_info=&#8221;{}&#8221;][et_pb_tabs _builder_version=&#8221;4.24.2&#8243; _module_preset=&#8221;default&#8221; hover_enabled=&#8221;0&#8243; global_colors_info=&#8221;{}&#8221; sticky_enabled=&#8221;0&#8243;][et_pb_tab title=&#8221;Segundo Ciclo Ed. Infantil&#8221; _builder_version=&#8221;4.16&#8243; _module_preset=&#8221;default&#8221; global_colors_info=&#8221;{}&#8221;]<\/p>\n<ul style=\"list-style-type: square\">\n<li><span style=\"font-size: 20pt\">Blog aula 3 A\u00f1os<\/span><\/li>\n<li><a href=\"https:\/\/blogsaverroes.juntadeandalucia.es\/ecaparros\/\"><span style=\"font-size: 20pt\">Blog aula 4 A\u00f1os<\/span><\/a><\/li>\n<li><span style=\"font-size: 20pt\">Blog aula 5 A\u00f1os<\/span><\/li>\n<\/ul>\n<p>[\/et_pb_tab][et_pb_tab title=&#8221;Primer Ciclo Ed. Primaria&#8221; _builder_version=&#8221;4.16&#8243; _module_preset=&#8221;default&#8221; global_colors_info=&#8221;{}&#8221;]<\/p>\n<ul style=\"list-style-type: square\">\n<li><span style=\"font-size: 20pt\">Blog aula 1\u00ba Ed. Primaria<\/span><\/li>\n<li><a href=\"https:\/\/blogsaverroes.juntadeandalucia.es\/laromanillacristina\/\"><span style=\"font-size: 20pt\">Blog aula 2\u00ba Ed. Primaria<\/span><\/a><\/li>\n<\/ul>\n<p>[\/et_pb_tab][et_pb_tab title=&#8221;Segundo Ciclo Ed. Primaria&#8221; _builder_version=&#8221;4.24.2&#8243; _module_preset=&#8221;default&#8221; global_colors_info=&#8221;{}&#8221;]<\/p>\n<ul>\n<li><span style=\"font-size: 20pt\">Blog aula 3\u00ba Ed. Primaria<\/span><\/li>\n<\/ul>\n<p>&nbsp;<\/p>\n<ul style=\"list-style-type: square\">\n<li><a href=\"https:\/\/senomariajosecuarto.blogspot.com\/?m=0\"><span style=\"font-size: 20pt\">Blog aula 4\u00ba Ed. Primaria<\/span><\/a><\/li>\n<\/ul>\n<p>[\/et_pb_tab][et_pb_tab title=&#8221;Tercer Ciclo Ed. Primaria&#8221; _builder_version=&#8221;4.24.2&#8243; _module_preset=&#8221;default&#8221; hover_enabled=&#8221;0&#8243; global_colors_info=&#8221;{}&#8221; sticky_enabled=&#8221;0&#8243;]<\/p>\n<ul style=\"list-style-type: square\">\n<li><a href=\"https:\/\/blogsaverroes.juntadeandalucia.es\/romanilla5primaria\/\"><span style=\"font-size: 20pt\">Blog aula 5\u00ba Ed. Primaria<\/span><\/a><\/li>\n<li><a href=\"https:\/\/blogsaverroes.juntadeandalucia.es\/romanilla6primaria\/\"><span style=\"font-size: 20pt\">Blog aula 6\u00ba Ed. Primaria<\/span><\/a><\/li>\n<\/ul>\n<p>[\/et_pb_tab][et_pb_tab title=&#8221;Especialidades&#8221; _builder_version=&#8221;4.24.2&#8243; _module_preset=&#8221;default&#8221; global_colors_info=&#8221;{}&#8221;]<\/p>\n<ul style=\"list-style-type: square\">\n<li><span style=\"font-size: 20pt\">Blog Ingl\u00e9s<\/span><\/li>\n<li><span style=\"font-size: 20pt\">Blog Franc\u00e9s<\/span><\/li>\n<li><span style=\"font-size: 20pt\">Blog M\u00fasica<\/span><\/li>\n<li><a href=\"http:\/\/proyectosdetrabajoenreli.blogspot.com\/?m=0\" target=\"_blank\" rel=\"noopener noreferrer\"><span style=\"font-size: 20pt\">Blog Religi\u00f3n Cat\u00f3lica<\/span><\/a><\/li>\n<\/ul>\n<p>[\/et_pb_tab][et_pb_tab title=&#8221;Planes y Programas&#8221; _builder_version=&#8221;4.24.2&#8243; _module_preset=&#8221;default&#8221; global_colors_info=&#8221;{}&#8221;]<\/p>\n<ul style=\"list-style-type: square\">\n<li><a href=\"http:\/\/ecoescuelalaromanilla.blogspot.com\/\" target=\"_blank\" rel=\"noopener noreferrer\"><span style=\"font-size: 20pt\">EcoEscuela<\/span><\/a><\/li>\n<li><a href=\"http:\/\/periodicolaromanilla.blogspot.com\/\" target=\"_blank\" rel=\"noopener noreferrer\"><span style=\"font-size: 20pt\">Biblioteca Escolar LEO<\/span><\/a><\/li>\n<\/ul>\n<p>[\/et_pb_tab][\/et_pb_tabs][\/et_pb_column][\/et_pb_row][\/et_pb_section]<\/p>\n","protected":false},"excerpt":{"rendered":"<p>Aqu\u00ed encontrar\u00e1s un vistazo privilegiado al d\u00eda a d\u00eda en nuestras aulas, donde nuestros docentes comparten recursos, actividades y experiencias emocionantes que enriquecen el aprendizaje de nuestros estudiantes. Podr\u00e1s descubrir las aventuras que vivimos dentro y fuera del centro, desde salidas pedag\u00f3gicas hasta proyectos especiales. Te invitamos a sumergirte en nuestras publicaciones y explorar las [&hellip;]<\/p>\n","protected":false},"author":16029,"featured_media":0,"parent":0,"menu_order":0,"comment_status":"closed","ping_status":"closed","template":"","meta":{"_et_pb_use_builder":"on","_et_pb_old_content":"","_et_gb_content_width":"","ngg_post_thumbnail":0,"footnotes":""},"aioseo_notices":[],"post_mailing_queue_ids":[],"_links":{"self":[{"href":"https:\/\/blogsaverroes.juntadeandalucia.es\/ceiplaromanilla\/wp-json\/wp\/v2\/pages\/6536"}],"collection":[{"href":"https:\/\/blogsaverroes.juntadeandalucia.es\/ceiplaromanilla\/wp-json\/wp\/v2\/pages"}],"about":[{"href":"https:\/\/blogsaverroes.juntadeandalucia.es\/ceiplaromanilla\/wp-json\/wp\/v2\/types\/page"}],"author":[{"embeddable":true,"href":"https:\/\/blogsaverroes.juntadeandalucia.es\/ceiplaromanilla\/wp-json\/wp\/v2\/users\/16029"}],"replies":[{"embeddable":true,"href":"https:\/\/blogsaverroes.juntadeandalucia.es\/ceiplaromanilla\/wp-json\/wp\/v2\/comments?post=6536"}],"version-history":[{"count":29,"href":"https:\/\/blogsaverroes.juntadeandalucia.es\/ceiplaromanilla\/wp-json\/wp\/v2\/pages\/6536\/revisions"}],"predecessor-version":[{"id":8170,"href":"https:\/\/blogsaverroes.juntadeandalucia.es\/ceiplaromanilla\/wp-json\/wp\/v2\/pages\/6536\/revisions\/8170"}],"wp:attachment":[{"href":"https:\/\/blogsaverroes.juntadeandalucia.es\/ceiplaromanilla\/wp-json\/wp\/v2\/media?parent=6536"}],"curies":[{"name":"wp","href":"https:\/\/api.w.org\/{rel}","templated":true}]}}