{"id":6573,"date":"2023-04-21T12:25:55","date_gmt":"2023-04-21T11:25:55","guid":{"rendered":"https:\/\/blogsaverroes.juntadeandalucia.es\/ceiplaromanilla\/?page_id=6573"},"modified":"2025-09-16T12:46:01","modified_gmt":"2025-09-16T11:46:01","slug":"nuestro-personal","status":"publish","type":"page","link":"https:\/\/blogsaverroes.juntadeandalucia.es\/ceiplaromanilla\/nuestro-personal\/","title":{"rendered":"Nuestro personal"},"content":{"rendered":"<p>[et_pb_section fb_built=&#8221;1&#8243; _builder_version=&#8221;4.16&#8243; _module_preset=&#8221;default&#8221; global_colors_info=&#8221;{}&#8221;][et_pb_row _builder_version=&#8221;4.16&#8243; _module_preset=&#8221;default&#8221; global_colors_info=&#8221;{}&#8221;][et_pb_column type=&#8221;4_4&#8243; _builder_version=&#8221;4.16&#8243; _module_preset=&#8221;default&#8221; global_colors_info=&#8221;{}&#8221;][et_pb_image src=&#8221;https:\/\/blogsaverroes.juntadeandalucia.es\/ceiplaromanilla\/files\/2023\/06\/Mi-proyecto-1-22.png&#8221; title_text=&#8221;Mi proyecto-1 (22)&#8221; _builder_version=&#8221;4.16&#8243; _module_preset=&#8221;default&#8221; global_colors_info=&#8221;{}&#8221;][\/et_pb_image][\/et_pb_column][\/et_pb_row][et_pb_row _builder_version=&#8221;4.16&#8243; _module_preset=&#8221;default&#8221; global_colors_info=&#8221;{}&#8221;][et_pb_column type=&#8221;4_4&#8243; _builder_version=&#8221;4.16&#8243; _module_preset=&#8221;default&#8221; global_colors_info=&#8221;{}&#8221;][et_pb_text _builder_version=&#8221;4.16&#8243; _module_preset=&#8221;default&#8221; global_colors_info=&#8221;{}&#8221;]<\/p>\n<p><span style=\"font-size: 14pt\"><strong>Equipo Directivo<\/strong><\/span><\/p>\n<p>[\/et_pb_text][\/et_pb_column][\/et_pb_row][et_pb_row _builder_version=&#8221;4.16&#8243; _module_preset=&#8221;default&#8221; global_colors_info=&#8221;{}&#8221;][et_pb_column type=&#8221;4_4&#8243; _builder_version=&#8221;4.16&#8243; _module_preset=&#8221;default&#8221; global_colors_info=&#8221;{}&#8221;][et_pb_accordion _builder_version=&#8221;4.16&#8243; _module_preset=&#8221;default&#8221; global_colors_info=&#8221;{}&#8221;][et_pb_accordion_item title=&#8221;Rodr\u00edguez Ram\u00edrez, Carmen&#8221; _builder_version=&#8221;4.16&#8243; _module_preset=&#8221;default&#8221; global_colors_info=&#8221;{}&#8221; open=&#8221;on&#8221;]<\/p>\n<p>Directora<\/p>\n<p>[\/et_pb_accordion_item][et_pb_accordion_item title=&#8221;Mart\u00edn Torres, Jose&#8221; _builder_version=&#8221;4.16&#8243; _module_preset=&#8221;default&#8221; global_colors_info=&#8221;{}&#8221; open=&#8221;off&#8221;]<\/p>\n<p>Jefe de Estudios<\/p>\n<p>[\/et_pb_accordion_item][et_pb_accordion_item title=&#8221;Espinosa Moreno, Avelina&#8221; open=&#8221;off&#8221; _builder_version=&#8221;4.16&#8243; _module_preset=&#8221;default&#8221; global_colors_info=&#8221;{}&#8221;]<\/p>\n<p>Secretario<\/p>\n<p>[\/et_pb_accordion_item][\/et_pb_accordion][\/et_pb_column][\/et_pb_row][et_pb_row _builder_version=&#8221;4.16&#8243; _module_preset=&#8221;default&#8221; global_colors_info=&#8221;{}&#8221;][et_pb_column type=&#8221;4_4&#8243; _builder_version=&#8221;4.16&#8243; _module_preset=&#8221;default&#8221; global_colors_info=&#8221;{}&#8221;][et_pb_text _builder_version=&#8221;4.24.2&#8243; _module_preset=&#8221;default&#8221; global_colors_info=&#8221;{}&#8221;]<\/p>\n<p><span style=\"font-size: 14pt\"><strong>Personal Docente<\/strong><\/span><\/p>\n<p>[\/et_pb_text][\/et_pb_column][\/et_pb_row][et_pb_row _builder_version=&#8221;4.16&#8243; _module_preset=&#8221;default&#8221; global_colors_info=&#8221;{}&#8221;][et_pb_column type=&#8221;4_4&#8243; _builder_version=&#8221;4.16&#8243; _module_preset=&#8221;default&#8221; global_colors_info=&#8221;{}&#8221;][et_pb_accordion _builder_version=&#8221;4.24.2&#8243; _module_preset=&#8221;default&#8221; hover_enabled=&#8221;0&#8243; global_colors_info=&#8221;{}&#8221; sticky_enabled=&#8221;0&#8243;][et_pb_accordion_item title=&#8221;Campos Quero, Rita&#8221; _builder_version=&#8221;4.16&#8243; _module_preset=&#8221;default&#8221; global_colors_info=&#8221;{}&#8221; open=&#8221;off&#8221;]<\/p>\n<ul>\n<li><span style=\"font-size: 14pt\">Puesto: <\/span><span style=\"font-size: 14pt\">Maestra Educaci\u00f3n Primaria<\/span><\/li>\n<li><span style=\"font-size: 14pt\">Tutor\u00eda: 3\u00ba Ed. Primaria<\/span><\/li>\n<li><span style=\"font-size: 14pt\">Coordinadora 2\u00ba Ciclo<\/span><\/li>\n<li><span style=\"font-size: 14pt\">Coordinadora Plan Lecturas y Bibliotecas Escolares<\/span><span style=\"font-size: 14pt\"><\/span><\/li>\n<\/ul>\n<p>[\/et_pb_accordion_item][et_pb_accordion_item title=&#8221;Fern\u00e1ndez Garc\u00eda, Ana Mar\u00eda&#8221; _builder_version=&#8221;4.16&#8243; _module_preset=&#8221;default&#8221; global_colors_info=&#8221;{}&#8221; open=&#8221;off&#8221;]<\/p>\n<p>Puesto: Maestra Ed. Infantil<\/p>\n<p>Tutor\u00eda: 5 A\u00f1os<\/p>\n<p>Coordinadora Segundo Ciclo Educaci\u00f3n Infantil<\/p>\n<p>[\/et_pb_accordion_item][et_pb_accordion_item title=&#8221;Gallardo Rodr\u00edguez, Carmen&#8221; _builder_version=&#8221;4.16&#8243; _module_preset=&#8221;default&#8221; global_colors_info=&#8221;{}&#8221; open=&#8221;off&#8221;]<\/p>\n<ul>\n<li><span style=\"font-size: 14pt\">Puesto: Maestra Educaci\u00f3n Primaria\u00a0<\/span><\/li>\n<li><span style=\"font-size: 14pt\">Tutor\u00eda: 2\u00ba Educaci\u00f3n Primaria<\/span><\/li>\n<li><span style=\"font-size: 14pt\">Coordinadora Primer Ciclo<\/span><\/li>\n<\/ul>\n<p>[\/et_pb_accordion_item][et_pb_accordion_item title=&#8221;Garc\u00eda Rodr\u00edguez, Patricia&#8221; _builder_version=&#8221;4.16&#8243; _module_preset=&#8221;default&#8221; global_colors_info=&#8221;{}&#8221; open=&#8221;off&#8221;]<\/p>\n<ul>\n<li><span style=\"font-size: 14pt\">Puesto: <\/span><span style=\"font-size: 14pt\">Maestra Religi\u00f3n Cat\u00f3lica<\/span><\/li>\n<\/ul>\n<p>[\/et_pb_accordion_item][et_pb_accordion_item title=&#8221;Mu\u00f1oz Mart\u00ednez, Pilar&#8221; _builder_version=&#8221;4.24.2&#8243; _module_preset=&#8221;default&#8221; global_colors_info=&#8221;{}&#8221; open=&#8221;off&#8221;]<\/p>\n<ul>\n<li><span style=\"font-size: 14pt\">Puesto: <\/span><span style=\"font-size: 14pt\">Maestra Pedagog\u00eda Terap\u00e9utica<\/span><\/li>\n<li><span style=\"font-size: 14pt\">Coordinadora Equipo de Orientaci\u00f3n<\/span><\/li>\n<\/ul>\n<p>[\/et_pb_accordion_item][et_pb_accordion_item title=&#8221;Gonz\u00e1lez Garc\u00eda, Roc\u00edo&#8221; _builder_version=&#8221;4.16&#8243; _module_preset=&#8221;default&#8221; global_colors_info=&#8221;{}&#8221; open=&#8221;off&#8221;]<\/p>\n<ul>\n<li><span style=\"font-size: 14pt\">Puesto: <\/span><span style=\"font-size: 14pt\">Maestra Educaci\u00f3n Infantil<\/span><\/li>\n<li><span style=\"font-size: 14pt\">Tutor\u00eda: 4 A\u00f1os<\/span><\/li>\n<li><span style=\"font-size: 14pt\">Coordinadora Primer Ciclo<\/span><\/li>\n<\/ul>\n<p>[\/et_pb_accordion_item][et_pb_accordion_item title=&#8221;Gonz\u00e1lez l\u00f3pez, Estrella del Carmen&#8221; _builder_version=&#8221;4.16&#8243; _module_preset=&#8221;default&#8221; global_colors_info=&#8221;{}&#8221; open=&#8221;off&#8221;]<\/p>\n<ul>\n<li><span style=\"font-size: 14pt\">Puesto: <\/span><span style=\"font-size: 14pt\">Maestra Educaci\u00f3n Primaria<\/span><\/li>\n<li><span style=\"font-size: 14pt\">Tutor\u00eda: 1\u00ba Ed. Primaria<\/span><\/li>\n<\/ul>\n<p>[\/et_pb_accordion_item][et_pb_accordion_item title=&#8221;Mart\u00edn Torres, Jose&#8221; _builder_version=&#8221;4.16&#8243; _module_preset=&#8221;default&#8221; global_colors_info=&#8221;{}&#8221; open=&#8221;off&#8221;]<\/p>\n<ul>\n<li><span style=\"font-size: 12pt\">Puesto: Maestro Lengua Extranjera-Ingl\u00e9s<\/span><\/li>\n<li><span style=\"font-size: 12pt\">Coordinador Erasmus+ y Ecoescuela<\/span><\/li>\n<\/ul>\n<p>[\/et_pb_accordion_item][et_pb_accordion_item title=&#8221;Estev\u00e9z Jim\u00e9nez, Elisa&#8221; _builder_version=&#8221;4.24.2&#8243; _module_preset=&#8221;default&#8221; global_colors_info=&#8221;{}&#8221; open=&#8221;off&#8221;]<\/p>\n<ul>\n<li><span style=\"font-size: 14pt\">Puesto: <\/span><span style=\"font-size: 14pt\">Maestra Lengua Extranjera-Ingl\u00e9s<\/span><\/li>\n<li><span style=\"font-size: 14pt\">Tutor\u00eda: 5\u00ba Educaci\u00f3n Primaria<\/span><\/li>\n<\/ul>\n<p>[\/et_pb_accordion_item][et_pb_accordion_item title=&#8221;Rodr\u00edguez Ram\u00edrez, Carmen&#8221; open=&#8221;off&#8221; _builder_version=&#8221;4.24.2&#8243; _module_preset=&#8221;default&#8221; global_colors_info=&#8221;{}&#8221;]<\/p>\n<p>&nbsp;<\/p>\n<p><span style=\"font-size: 14pt\">Puesto: <\/span><span style=\"font-size: 14pt\">Maestra Pedagog\u00eda Terap\u00e9utica\u00a0 \u00a0 \u00a0 \u00a0 \u00a0 \u00a0 \u00a0 \u00a0 \u00a0 \u00a0 \u00a0 \u00a0 \u00a0 \u00a0 \u00a0 \u00a0 \u00a0 \u00a0 \u00a0 \u00a0 \u00a0 \u00a0 \u00a0 \u00a0 \u00a0 \u00a0 \u00a0 \u00a0 \u00a0 \u00a0 \u00a0 \u00a0 \u00a0 \u00a0 \u00a0 \u00a0 \u00a0 \u00a0 \u00a0 \u00a0 \u00a0 \u00a0 \u00a0 \u00a0 \u00a0 \u00a0 \u00a0 \u00a0 \u00a0 \u00a0 \u00a0 \u00a0 \u00a0 \u00a0 \u00a0 \u00a0 \u00a0 \u00a0 \u00a0 \u00a0 \u00a0 \u00a0 \u00a0 \u00a0 \u00a0 \u00a0 \u00a0 \u00a0 \u00a0 \u00a0 \u00a0 \u00a0 \u00a0 \u00a0 \u00a0<\/span><\/p>\n<p><span style=\"font-size: 14pt\">Coordinadora del Plan Apertura de centro<\/span><\/p>\n<p><span style=\"font-size: 14pt\">Coordinadora de Plan de Autoprotecci\u00f3n<\/span><\/p>\n<p><span style=\"font-size: 14pt\">Coordinadora de Practicum UAL<\/span><\/p>\n<p><span style=\"font-size: 14pt\"><\/span><\/p>\n<p>[\/et_pb_accordion_item][et_pb_accordion_item title=&#8221;Espinosa Moreno, Avelina&#8221; _builder_version=&#8221;4.24.2&#8243; _module_preset=&#8221;default&#8221; hover_enabled=&#8221;0&#8243; global_colors_info=&#8221;{}&#8221; open=&#8221;on&#8221; sticky_enabled=&#8221;0&#8243;]<\/p>\n<p>Tutora de Infantil 3 a\u00f1os<\/p>\n<p>Secretaria<\/p>\n<p>Coordinadora del Plan de Igualdad<\/p>\n<p>[\/et_pb_accordion_item][et_pb_accordion_item title=&#8221; Sol\u00eds S\u00e1ez, Gabriela&#8221; _builder_version=&#8221;4.24.2&#8243; _module_preset=&#8221;default&#8221; global_colors_info=&#8221;{}&#8221; open=&#8221;off&#8221;]<\/p>\n<ul>\n<li><span style=\"font-size: 14pt\">Puesto: Maestra M\u00fasica<\/span><\/li>\n<li><span style=\"font-size: 14pt\">Tutor\u00eda: 6\u00ba Educaci\u00f3n Primaria<\/span><\/li>\n<li><span style=\"font-size: 14pt\">Coordinadora Tercer Ciclo<\/span><\/li>\n<\/ul>\n<p>[\/et_pb_accordion_item][et_pb_accordion_item title=&#8221;Cubero Pe\u00f1uela, Rub\u00e9n&#8221; _builder_version=&#8221;4.24.2&#8243; _module_preset=&#8221;default&#8221; global_colors_info=&#8221;{}&#8221; open=&#8221;off&#8221;]<\/p>\n<ul>\n<li><span style=\"font-size: 12pt\">Puesto: Maestro Educaci\u00f3n F\u00edsica<\/span><\/li>\n<li><span style=\"font-size: 12pt\">Coordinador Plan\/Programa: H\u00e1bitos de vida saludable<\/span><\/li>\n<\/ul>\n<p>[\/et_pb_accordion_item][et_pb_accordion_item title=&#8221;Lupia\u00f1ez Rodr\u00edguez, Adrian&#8221; _builder_version=&#8221;4.24.2&#8243; _module_preset=&#8221;default&#8221; global_colors_info=&#8221;{}&#8221; open=&#8221;off&#8221;]<\/p>\n<p>Tutor de 2\u00ba Educaci\u00f3n Primaria<\/p>\n<p>[\/et_pb_accordion_item][et_pb_accordion_item title=&#8221;Garc\u00eda Gonz\u00e1lez. Oscar&#8221; _builder_version=&#8221;4.24.2&#8243; _module_preset=&#8221;default&#8221; global_colors_info=&#8221;{}&#8221; open=&#8221;off&#8221;]<\/p>\n<p>Maestro de apoyo<\/p>\n<p>Coordinador de Plan TDE<\/p>\n<p>[\/et_pb_accordion_item][\/et_pb_accordion][\/et_pb_column][\/et_pb_row][et_pb_row _builder_version=&#8221;4.16&#8243; _module_preset=&#8221;default&#8221; global_colors_info=&#8221;{}&#8221;][et_pb_column type=&#8221;4_4&#8243; _builder_version=&#8221;4.16&#8243; _module_preset=&#8221;default&#8221; global_colors_info=&#8221;{}&#8221;][et_pb_text _builder_version=&#8221;4.24.2&#8243; _module_preset=&#8221;default&#8221; global_colors_info=&#8221;{}&#8221;]<\/p>\n<p><span style=\"font-size: 14pt\"><strong>Equipo de Orientaci\u00f3n Educativa<\/strong><\/span><\/p>\n<p>[\/et_pb_text][\/et_pb_column][\/et_pb_row][et_pb_row _builder_version=&#8221;4.16&#8243; _module_preset=&#8221;default&#8221; global_colors_info=&#8221;{}&#8221;][et_pb_column type=&#8221;4_4&#8243; _builder_version=&#8221;4.16&#8243; _module_preset=&#8221;default&#8221; global_colors_info=&#8221;{}&#8221;][et_pb_accordion _builder_version=&#8221;4.24.2&#8243; _module_preset=&#8221;default&#8221; global_colors_info=&#8221;{}&#8221;][et_pb_accordion_item title=&#8221;Rodr\u00edguez Ram\u00edrez, Carmen&#8221; open=&#8221;on&#8221; _builder_version=&#8221;4.16&#8243; _module_preset=&#8221;default&#8221; global_colors_info=&#8221;{}&#8221;][\/et_pb_accordion_item][et_pb_accordion_item title=&#8221;Mu\u00f1oz Mart\u00ednez, Pilar&#8221; _builder_version=&#8221;4.24.2&#8243; _module_preset=&#8221;default&#8221; global_colors_info=&#8221;{}&#8221; open=&#8221;off&#8221;][\/et_pb_accordion_item][et_pb_accordion_item title=&#8221;Salmer\u00f3n Valverde, Jos\u00e9 Luis&#8221; _builder_version=&#8221;4.24.2&#8243; _module_preset=&#8221;default&#8221; global_colors_info=&#8221;{}&#8221; open=&#8221;off&#8221;][\/et_pb_accordion_item][et_pb_accordion_item title=&#8221;Garc\u00eda Mil\u00e1n, Vanesa&#8221; _builder_version=&#8221;4.24.2&#8243; _module_preset=&#8221;default&#8221; global_colors_info=&#8221;{}&#8221; open=&#8221;off&#8221;]<\/p>\n<p>Your content goes here. Edit or remove this text inline or in the module Content settings. You can also style every aspect of this content in the module Design settings and even apply custom CSS to this text in the module Advanced settings.<\/p>\n<p>[\/et_pb_accordion_item][\/et_pb_accordion][\/et_pb_column][\/et_pb_row][et_pb_row _builder_version=&#8221;4.16&#8243; _module_preset=&#8221;default&#8221; global_colors_info=&#8221;{}&#8221;][et_pb_column type=&#8221;4_4&#8243; _builder_version=&#8221;4.16&#8243; _module_preset=&#8221;default&#8221; global_colors_info=&#8221;{}&#8221;][et_pb_text _builder_version=&#8221;4.16&#8243; _module_preset=&#8221;default&#8221; global_colors_info=&#8221;{}&#8221;]<\/p>\n<p><span style=\"font-size: 14pt\"><strong>Personal No Docente<\/strong><\/span><\/p>\n<p>[\/et_pb_text][\/et_pb_column][\/et_pb_row][et_pb_row _builder_version=&#8221;4.16&#8243; _module_preset=&#8221;default&#8221; global_colors_info=&#8221;{}&#8221;][et_pb_column type=&#8221;4_4&#8243; _builder_version=&#8221;4.16&#8243; _module_preset=&#8221;default&#8221; global_colors_info=&#8221;{}&#8221;][et_pb_accordion _builder_version=&#8221;4.24.2&#8243; _module_preset=&#8221;default&#8221; global_colors_info=&#8221;{}&#8221;][et_pb_accordion_item title=&#8221;Mart\u00edn Mar\u00edn, Emilio ( conserje)&#8221; open=&#8221;on&#8221; _builder_version=&#8221;4.24.2&#8243; _module_preset=&#8221;default&#8221; global_colors_info=&#8221;{}&#8221;][\/et_pb_accordion_item][et_pb_accordion_item title=&#8221;Carmen ( limpiadora)&#8221; _builder_version=&#8221;4.24.2&#8243; _module_preset=&#8221;default&#8221; global_colors_info=&#8221;{}&#8221; open=&#8221;off&#8221;][\/et_pb_accordion_item][et_pb_accordion_item title=&#8221;Rull Mart\u00ednez, Isabel ( monitora escolar)&#8221; _builder_version=&#8221;4.24.2&#8243; _module_preset=&#8221;default&#8221; global_colors_info=&#8221;{}&#8221; open=&#8221;off&#8221;][\/et_pb_accordion_item][et_pb_accordion_item title=&#8221;G\u00f3mez Montes, Tamara ( PTIS)&#8221; _builder_version=&#8221;4.24.2&#8243; _module_preset=&#8221;default&#8221; global_colors_info=&#8221;{}&#8221; open=&#8221;off&#8221;]<\/p>\n<p>Your content goes here. Edit or remove this text inline or in the module Content settings. You can also style every aspect of this content in the module Design settings and even apply custom CSS to this text in the module Advanced settings.<\/p>\n<p>[\/et_pb_accordion_item][et_pb_accordion_item title=&#8221;L\u00f3pez L\u00f3pez, Deyanira ( PTIS)&#8221; _builder_version=&#8221;4.24.2&#8243; _module_preset=&#8221;default&#8221; global_colors_info=&#8221;{}&#8221; open=&#8221;off&#8221;]<\/p>\n<p>Your content goes here. Edit or remove this text inline or in the module Content settings. You can also style every aspect of this content in the module Design settings and even apply custom CSS to this text in the module Advanced settings.<\/p>\n<p>[\/et_pb_accordion_item][\/et_pb_accordion][\/et_pb_column][\/et_pb_row][\/et_pb_section]<\/p>\n","protected":false},"excerpt":{"rendered":"<p>Equipo DirectivoDirectoraJefe de EstudiosSecretarioPersonal Docente Puesto: Maestra Educaci\u00f3n Primaria Tutor\u00eda: 3\u00ba Ed. Primaria Coordinadora 2\u00ba Ciclo Coordinadora Plan Lecturas y Bibliotecas Escolares Puesto: Maestra Ed. Infantil Tutor\u00eda: 5 A\u00f1os Coordinadora Segundo Ciclo Educaci\u00f3n Infantil Puesto: Maestra Educaci\u00f3n Primaria\u00a0 Tutor\u00eda: 2\u00ba Educaci\u00f3n Primaria Coordinadora Primer Ciclo Puesto: Maestra Religi\u00f3n Cat\u00f3lica Puesto: Maestra Pedagog\u00eda Terap\u00e9utica Coordinadora Equipo [&hellip;]<\/p>\n","protected":false},"author":16029,"featured_media":0,"parent":0,"menu_order":0,"comment_status":"closed","ping_status":"closed","template":"","meta":{"_et_pb_use_builder":"on","_et_pb_old_content":"","_et_gb_content_width":"","ngg_post_thumbnail":0,"footnotes":""},"aioseo_notices":[],"post_mailing_queue_ids":[],"_links":{"self":[{"href":"https:\/\/blogsaverroes.juntadeandalucia.es\/ceiplaromanilla\/wp-json\/wp\/v2\/pages\/6573"}],"collection":[{"href":"https:\/\/blogsaverroes.juntadeandalucia.es\/ceiplaromanilla\/wp-json\/wp\/v2\/pages"}],"about":[{"href":"https:\/\/blogsaverroes.juntadeandalucia.es\/ceiplaromanilla\/wp-json\/wp\/v2\/types\/page"}],"author":[{"embeddable":true,"href":"https:\/\/blogsaverroes.juntadeandalucia.es\/ceiplaromanilla\/wp-json\/wp\/v2\/users\/16029"}],"replies":[{"embeddable":true,"href":"https:\/\/blogsaverroes.juntadeandalucia.es\/ceiplaromanilla\/wp-json\/wp\/v2\/comments?post=6573"}],"version-history":[{"count":25,"href":"https:\/\/blogsaverroes.juntadeandalucia.es\/ceiplaromanilla\/wp-json\/wp\/v2\/pages\/6573\/revisions"}],"predecessor-version":[{"id":7769,"href":"https:\/\/blogsaverroes.juntadeandalucia.es\/ceiplaromanilla\/wp-json\/wp\/v2\/pages\/6573\/revisions\/7769"}],"wp:attachment":[{"href":"https:\/\/blogsaverroes.juntadeandalucia.es\/ceiplaromanilla\/wp-json\/wp\/v2\/media?parent=6573"}],"curies":[{"name":"wp","href":"https:\/\/api.w.org\/{rel}","templated":true}]}}