{"id":89,"date":"2019-08-09T14:50:53","date_gmt":"2019-08-09T12:50:53","guid":{"rendered":"https:\/\/www.ceiplaromanilla.es\/?page_id=89"},"modified":"2023-06-28T14:57:07","modified_gmt":"2023-06-28T13:57:07","slug":"plan-de-centro","status":"publish","type":"page","link":"https:\/\/blogsaverroes.juntadeandalucia.es\/ceiplaromanilla\/plan-de-centro\/","title":{"rendered":"Plan de Centro"},"content":{"rendered":"<p>[et_pb_section fb_built=&#8221;1&#8243; _builder_version=&#8221;3.22&#8243; global_colors_info=&#8221;{}&#8221;][et_pb_row admin_label=&#8221;Fila&#8221; _builder_version=&#8221;4.14.5&#8243; _module_preset=&#8221;default&#8221; global_colors_info=&#8221;{}&#8221;][et_pb_column type=&#8221;4_4&#8243; _builder_version=&#8221;4.14.5&#8243; _module_preset=&#8221;default&#8221; global_colors_info=&#8221;{}&#8221;][et_pb_image src=&#8221;https:\/\/blogsaverroes.juntadeandalucia.es\/ceiplaromanilla\/files\/2023\/06\/Mi-proyecto-1-19.png&#8221; title_text=&#8221;Mi proyecto-1 (19)&#8221; _builder_version=&#8221;4.14.5&#8243; _module_preset=&#8221;default&#8221; global_colors_info=&#8221;{}&#8221;][\/et_pb_image][\/et_pb_column][\/et_pb_row][et_pb_row column_structure=&#8221;3_5,2_5&#8243; _builder_version=&#8221;4.14.5&#8243; _module_preset=&#8221;default&#8221; global_colors_info=&#8221;{}&#8221;][et_pb_column type=&#8221;3_5&#8243; _builder_version=&#8221;4.14.5&#8243; _module_preset=&#8221;default&#8221; global_colors_info=&#8221;{}&#8221;][et_pb_text _builder_version=&#8221;4.14.5&#8243; _module_preset=&#8221;default&#8221; hover_enabled=&#8221;0&#8243; sticky_enabled=&#8221;0&#8243;]<\/p>\n<p>El Plan de Centro &nbsp;es el documento donde se recogen las intenciones, propuestas y concreciones en relaci\u00f3n a esta autonom\u00eda pedag\u00f3gica y de gesti\u00f3n. El Plan de centro tiene car\u00e1cter plurianual, obliga a todo el personal del centro y se puede actualizar o modificar, tras los procesos de autoevaluaci\u00f3n o a propuesta del director en funci\u00f3n de su proyecto de direcci\u00f3n.<\/p>\n<p>Los documentos que integran el Plan de Centro son los siguientes:<\/p>\n<p>\u2013 El Proyecto Educativo<\/p>\n<p>\u2013 El Reglamento de Organizaci\u00f3n y Funcionamiento<\/p>\n<p>\u2013 El Proyecto de Gesti\u00f3n del Centro<\/p>\n<p>[\/et_pb_text][\/et_pb_column][et_pb_column type=&#8221;2_5&#8243; _builder_version=&#8221;4.14.5&#8243; _module_preset=&#8221;default&#8221; global_colors_info=&#8221;{}&#8221;][et_pb_image src=&#8221;https:\/\/blogsaverroes.juntadeandalucia.es\/ceiplaromanilla\/files\/2023\/04\/pexels-pixabay-272980-scaled.jpg&#8221; title_text=&#8221;pexels-pixabay-272980&#8243; _builder_version=&#8221;4.14.5&#8243; _module_preset=&#8221;default&#8221; global_colors_info=&#8221;{}&#8221;][\/et_pb_image][\/et_pb_column][\/et_pb_row][et_pb_row column_structure=&#8221;1_3,1_3,1_3&#8243; _builder_version=&#8221;4.14.5&#8243; _module_preset=&#8221;default&#8221; global_colors_info=&#8221;{}&#8221;][et_pb_column type=&#8221;1_3&#8243; _builder_version=&#8221;4.14.5&#8243; _module_preset=&#8221;default&#8221; global_colors_info=&#8221;{}&#8221;][et_pb_button button_url=&#8221;https:\/\/www.calameo.com\/read\/0073617017dcb88610f97&#8243; url_new_window=&#8221;on&#8221; button_text=&#8221;Proyecto Educativo&#8221; _builder_version=&#8221;4.14.5&#8243; _module_preset=&#8221;default&#8221; global_colors_info=&#8221;{}&#8221;][\/et_pb_button][\/et_pb_column][et_pb_column type=&#8221;1_3&#8243; _builder_version=&#8221;4.14.5&#8243; _module_preset=&#8221;default&#8221; global_colors_info=&#8221;{}&#8221;][et_pb_button button_url=&#8221;https:\/\/www.calameo.com\/read\/007361701f55d02f9a891&#8243; url_new_window=&#8221;on&#8221; button_text=&#8221;Reglamento de Organizaci\u00f3n y Funcionamiento&#8221; button_text_last_edited=&#8221;off|desktop&#8221; _builder_version=&#8221;4.14.5&#8243; _module_preset=&#8221;default&#8221; global_colors_info=&#8221;{}&#8221;][\/et_pb_button][\/et_pb_column][et_pb_column type=&#8221;1_3&#8243; _builder_version=&#8221;4.14.5&#8243; _module_preset=&#8221;default&#8221; global_colors_info=&#8221;{}&#8221;][et_pb_button button_url=&#8221;https:\/\/www.calameo.com\/read\/007361701818bcd3af961&#8243; url_new_window=&#8221;on&#8221; button_text=&#8221;Proyecto de Gesti\u00f3n de Centro&#8221; _builder_version=&#8221;4.14.5&#8243; _module_preset=&#8221;default&#8221; global_colors_info=&#8221;{}&#8221;][\/et_pb_button][\/et_pb_column][\/et_pb_row][\/et_pb_section]<\/p>\n","protected":false},"excerpt":{"rendered":"<p>El Plan de Centro &nbsp;es el documento donde se recogen las intenciones, propuestas y concreciones en relaci\u00f3n a esta autonom\u00eda pedag\u00f3gica y de gesti\u00f3n. El Plan de centro tiene car\u00e1cter plurianual, obliga a todo el personal del centro y se puede actualizar o modificar, tras los procesos de autoevaluaci\u00f3n o a propuesta del director en [&hellip;]<\/p>\n","protected":false},"author":16029,"featured_media":0,"parent":0,"menu_order":0,"comment_status":"closed","ping_status":"closed","template":"","meta":{"_et_pb_use_builder":"on","_et_pb_old_content":"<p>\u00a0<\/p><p><a href=\"https:\/\/www.calameo.com\/read\/006111126d7a7a9fe9f2e\"><img class=\"alignnone size-full wp-image-5620\" src=\"https:\/\/blogsaverroes.juntadeandalucia.es\/ceiplaromanilla\/files\/2022\/02\/large1.jpg\" alt=\"\" width=\"300\" height=\"388\"><\/a><\/p><p><a href=\"https:\/\/www.calameo.com\/read\/006111126b3d44323fae7\"><img class=\"alignnone size-full wp-image-5619\" src=\"https:\/\/blogsaverroes.juntadeandalucia.es\/ceiplaromanilla\/files\/2022\/02\/ROF.jpg\" alt=\"\" width=\"300\" height=\"424\"><\/a><\/p><p>\u00a0<\/p><p><a href=\"https:\/\/www.calameo.com\/read\/006111126b2ac9906328b\"><img class=\"size-full wp-image-5621 alignleft\" src=\"https:\/\/blogsaverroes.juntadeandalucia.es\/ceiplaromanilla\/files\/2022\/02\/large2.jpg\" alt=\"\" width=\"300\" height=\"388\"><\/a><\/p>","_et_gb_content_width":"","ngg_post_thumbnail":0,"footnotes":""},"aioseo_notices":[],"post_mailing_queue_ids":[],"_links":{"self":[{"href":"https:\/\/blogsaverroes.juntadeandalucia.es\/ceiplaromanilla\/wp-json\/wp\/v2\/pages\/89"}],"collection":[{"href":"https:\/\/blogsaverroes.juntadeandalucia.es\/ceiplaromanilla\/wp-json\/wp\/v2\/pages"}],"about":[{"href":"https:\/\/blogsaverroes.juntadeandalucia.es\/ceiplaromanilla\/wp-json\/wp\/v2\/types\/page"}],"author":[{"embeddable":true,"href":"https:\/\/blogsaverroes.juntadeandalucia.es\/ceiplaromanilla\/wp-json\/wp\/v2\/users\/16029"}],"replies":[{"embeddable":true,"href":"https:\/\/blogsaverroes.juntadeandalucia.es\/ceiplaromanilla\/wp-json\/wp\/v2\/comments?post=89"}],"version-history":[{"count":11,"href":"https:\/\/blogsaverroes.juntadeandalucia.es\/ceiplaromanilla\/wp-json\/wp\/v2\/pages\/89\/revisions"}],"predecessor-version":[{"id":6956,"href":"https:\/\/blogsaverroes.juntadeandalucia.es\/ceiplaromanilla\/wp-json\/wp\/v2\/pages\/89\/revisions\/6956"}],"wp:attachment":[{"href":"https:\/\/blogsaverroes.juntadeandalucia.es\/ceiplaromanilla\/wp-json\/wp\/v2\/media?parent=89"}],"curies":[{"name":"wp","href":"https:\/\/api.w.org\/{rel}","templated":true}]}}