{"id":95,"date":"2019-08-09T14:52:48","date_gmt":"2019-08-09T12:52:48","guid":{"rendered":"https:\/\/www.ceiplaromanilla.es\/?page_id=95"},"modified":"2024-05-31T13:07:37","modified_gmt":"2024-05-31T12:07:37","slug":"tablon-virtual","status":"publish","type":"page","link":"https:\/\/blogsaverroes.juntadeandalucia.es\/ceiplaromanilla\/tablon-virtual\/","title":{"rendered":"MATRICULACI\u00d3N"},"content":{"rendered":"<p>[et_pb_section fb_built=&#8221;1&#8243; _builder_version=&#8221;4.16&#8243; global_colors_info=&#8221;{}&#8221;][et_pb_row _builder_version=&#8221;4.16&#8243; background_size=&#8221;initial&#8221; background_position=&#8221;top_left&#8221; background_repeat=&#8221;repeat&#8221; global_colors_info=&#8221;{}&#8221;][et_pb_column type=&#8221;4_4&#8243; _builder_version=&#8221;4.16&#8243; custom_padding=&#8221;|||&#8221; global_colors_info=&#8221;{}&#8221; custom_padding__hover=&#8221;|||&#8221;][et_pb_text _builder_version=&#8221;4.24.2&#8243; background_size=&#8221;initial&#8221; background_position=&#8221;top_left&#8221; background_repeat=&#8221;repeat&#8221; global_colors_info=&#8221;{}&#8221;]<\/p>\n<p><a href=\"https:\/\/blogsaverroes.juntadeandalucia.es\/ceiplaromanilla\/files\/2024\/05\/Matricula-Infantil-1.pdf\" rel=\"attachment wp-att-7415\">Matr\u00edcula Infantil<\/a><\/p>\n<p><a href=\"https:\/\/blogsaverroes.juntadeandalucia.es\/ceiplaromanilla\/files\/2024\/05\/Matricula-Primaria-1.pdf\" rel=\"attachment wp-att-7416\">Matr\u00edcula Primaria<\/a><\/p>\n<p><a href=\"https:\/\/blogsaverroes.juntadeandalucia.es\/ceiplaromanilla\/files\/2024\/05\/Anexo-Religion.pdf\" rel=\"attachment wp-att-7411\">Anexo Religi\u00f3n<\/a><\/p>\n<p><a href=\"https:\/\/blogsaverroes.juntadeandalucia.es\/ceiplaromanilla\/files\/2024\/05\/Datos-complementarios-del-alumnado.pdf\" rel=\"attachment wp-att-7413\">Datos complementarios del alumnado<\/a><\/p>\n<p><a href=\"https:\/\/blogsaverroes.juntadeandalucia.es\/ceiplaromanilla\/files\/2024\/05\/Anexo-Proteccion-de-datos-3.pdf\" rel=\"attachment wp-att-7410\">Anexo Proteccion de datos<\/a><\/p>\n<p><a href=\"https:\/\/blogsaverroes.juntadeandalucia.es\/ceiplaromanilla\/files\/2024\/05\/Cuestionario-Fondo-Social-Europeo-3.pdf\" rel=\"attachment wp-att-7412\">Cuestionario Fondo Social Europeo<\/a><\/p>\n<p><a href=\"https:\/\/blogsaverroes.juntadeandalucia.es\/ceiplaromanilla\/files\/2024\/05\/Solicitud-Servicios-Complementarios.pdf\" rel=\"attachment wp-att-7417\">Solicitud Servicios Complementarios<\/a><\/p>\n<p><a href=\"https:\/\/blogsaverroes.juntadeandalucia.es\/ceiplaromanilla\/files\/2024\/05\/Hola-Inscripcion-aula-del-mediodia.pdf\" rel=\"attachment wp-att-7414\">Hola Inscripci\u00f3n aula del mediod\u00eda<\/a><\/p>\n<p><a href=\"https:\/\/blogsaverroes.juntadeandalucia.es\/ceiplaromanilla\/files\/2024\/05\/Horario-actividades-extraescolares.pdf\" rel=\"attachment wp-att-7422\">Horario actividades extraescolares<\/a><\/p>\n<p>&nbsp;<\/p>\n<p>&nbsp;<\/p>\n<p>&nbsp;<\/p>\n<p>&nbsp;<\/p>\n<p><a href=\"https:\/\/www.ceiplaromanilla.es\/tablon-virtual\/descarga-16\/\" rel=\"attachment wp-att-3391\">\u00a0<\/a><a href=\"https:\/\/blogsaverroes.juntadeandalucia.es\/ceiplaromanilla\/files\/2020\/05\/Solicitud-primaria.pdf\" rel=\"attachment wp-att-3391\">\u00a0 \u00a0<\/a><\/p>\n<p><a href=\"https:\/\/blogsaverroes.juntadeandalucia.es\/ceiplaromanilla\/files\/2020\/03\/Solicitud.pdf\" rel=\"attachment wp-att-3391\">\u00a0 \u00a0 \u00a0 \u00a0 <\/a><\/p>\n<p><a href=\"https:\/\/www.ceiplaromanilla.es\/tablon-virtual\/descarga-16\/\" rel=\"attachment wp-att-3391\">\u00a0 \u00a0 \u00a0 \u00a0 \u00a0 \u00a0 \u00a0 \u00a0\u00a0<\/a><\/p>\n<p>&nbsp;<\/p>\n<p>&nbsp;<\/p>\n<p>&nbsp;<\/p>\n<p>[\/et_pb_text][\/et_pb_column][\/et_pb_row][\/et_pb_section]<\/p>\n","protected":false},"excerpt":{"rendered":"<p>Matr\u00edcula Infantil Matr\u00edcula Primaria Anexo Religi\u00f3n Datos complementarios del alumnado Anexo Proteccion de datos Cuestionario Fondo Social Europeo Solicitud Servicios Complementarios Hola Inscripci\u00f3n aula del mediod\u00eda Horario actividades extraescolares &nbsp; &nbsp; &nbsp; &nbsp; \u00a0\u00a0 \u00a0 \u00a0 \u00a0 \u00a0 \u00a0 \u00a0 \u00a0 \u00a0 \u00a0 \u00a0 \u00a0 \u00a0 \u00a0\u00a0 &nbsp; &nbsp; &nbsp;<\/p>\n","protected":false},"author":16029,"featured_media":0,"parent":0,"menu_order":0,"comment_status":"closed","ping_status":"closed","template":"","meta":{"_et_pb_use_builder":"on","_et_pb_old_content":"<p>\u00a0<\/p>[caption id=\"attachment_3391\" align=\"alignnone\" width=\"179\"]<a href=\"https:\/\/blogsaverroes.juntadeandalucia.es\/ceiplaromanilla\/files\/2021\/02\/ANEXO-III-Solicitud-admision.pdf\"><img class=\"wp-image-3391\" src=\"https:\/\/blogsaverroes.juntadeandalucia.es\/ceiplaromanilla\/files\/2020\/03\/descarga.png\" alt=\"\" width=\"179\" height=\"94\"><\/a> Solicitud de admisi\u00f3n ( Anexo III)[\/caption]<p>\u00a0<\/p>[caption id=\"attachment_3391\" align=\"alignnone\" width=\"183\"]<a href=\"https:\/\/blogsaverroes.juntadeandalucia.es\/ceiplaromanilla\/files\/2021\/02\/Solicitud-matricula-Primaria.pdf\"><img class=\"wp-image-3391\" src=\"https:\/\/blogsaverroes.juntadeandalucia.es\/ceiplaromanilla\/files\/2020\/03\/descarga.png\" alt=\"\" width=\"183\" height=\"96\"><\/a> Solicitud matr\u00edcula Primaria[\/caption]<p>\u00a0<\/p>[caption id=\"attachment_3391\" align=\"alignnone\" width=\"186\"]<a href=\"https:\/\/blogsaverroes.juntadeandalucia.es\/ceiplaromanilla\/files\/2021\/02\/Solicitud-matricula-Infantil.pdf\"><img class=\"wp-image-3391\" src=\"https:\/\/blogsaverroes.juntadeandalucia.es\/ceiplaromanilla\/files\/2020\/03\/descarga.png\" alt=\"\" width=\"186\" height=\"98\"><\/a> Solicitud matr\u00edcula Infantil[\/caption]<p>\u00a0<\/p>[caption id=\"attachment_3391\" align=\"alignnone\" width=\"181\"]<a href=\"https:\/\/blogsaverroes.juntadeandalucia.es\/ceiplaromanilla\/files\/2021\/02\/Solicitud-para-cursar-Religion.pdf\"><img class=\"wp-image-3391\" src=\"https:\/\/blogsaverroes.juntadeandalucia.es\/ceiplaromanilla\/files\/2020\/03\/descarga.png\" alt=\"\" width=\"181\" height=\"95\"><\/a> Solicitud para cursar Religi\u00f3n[\/caption]<p>\u00a0<\/p><p>\u00a0<\/p><p>\u00a0<a href=\"https:\/\/www.ceiplaromanilla.es\/tablon-virtual\/descarga-16\/\" rel=\"attachment wp-att-3391\">\u00a0<\/a><a href=\"https:\/\/blogsaverroes.juntadeandalucia.es\/ceiplaromanilla\/files\/2020\/05\/Solicitud-primaria.pdf\" rel=\"attachment wp-att-3391\">\u00a0 \u00a0<\/a>\u00a0 \u00a0 \u00a0 \u00a0 \u00a0 \u00a0 \u00a0 \u00a0 \u00a0 \u00a0 \u00a0 \u00a0 \u00a0 \u00a0 \u00a0 \u00a0 \u00a0 \u00a0 \u00a0 \u00a0 \u00a0 \u00a0 \u00a0 \u00a0 \u00a0 \u00a0 \u00a0 \u00a0 \u00a0 \u00a0 \u00a0 \u00a0 \u00a0 \u00a0 \u00a0 \u00a0<\/p><p><a href=\"https:\/\/blogsaverroes.juntadeandalucia.es\/ceiplaromanilla\/files\/2020\/03\/Solicitud.pdf\" rel=\"attachment wp-att-3391\">\u00a0 \u00a0 \u00a0 \u00a0 <\/a>\u00a0 \u00a0 \u00a0<\/p><p>\u00a0 <a href=\"https:\/\/www.ceiplaromanilla.es\/tablon-virtual\/descarga-16\/\" rel=\"attachment wp-att-3391\">\u00a0 \u00a0 \u00a0 \u00a0 \u00a0 \u00a0 \u00a0 \u00a0\u00a0<\/a><\/p><p>\u00a0<\/p><p>\u00a0<\/p><p>\u00a0<\/p>","_et_gb_content_width":"","ngg_post_thumbnail":0,"footnotes":""},"aioseo_notices":[],"post_mailing_queue_ids":[],"_links":{"self":[{"href":"https:\/\/blogsaverroes.juntadeandalucia.es\/ceiplaromanilla\/wp-json\/wp\/v2\/pages\/95"}],"collection":[{"href":"https:\/\/blogsaverroes.juntadeandalucia.es\/ceiplaromanilla\/wp-json\/wp\/v2\/pages"}],"about":[{"href":"https:\/\/blogsaverroes.juntadeandalucia.es\/ceiplaromanilla\/wp-json\/wp\/v2\/types\/page"}],"author":[{"embeddable":true,"href":"https:\/\/blogsaverroes.juntadeandalucia.es\/ceiplaromanilla\/wp-json\/wp\/v2\/users\/16029"}],"replies":[{"embeddable":true,"href":"https:\/\/blogsaverroes.juntadeandalucia.es\/ceiplaromanilla\/wp-json\/wp\/v2\/comments?post=95"}],"version-history":[{"count":9,"href":"https:\/\/blogsaverroes.juntadeandalucia.es\/ceiplaromanilla\/wp-json\/wp\/v2\/pages\/95\/revisions"}],"predecessor-version":[{"id":7424,"href":"https:\/\/blogsaverroes.juntadeandalucia.es\/ceiplaromanilla\/wp-json\/wp\/v2\/pages\/95\/revisions\/7424"}],"wp:attachment":[{"href":"https:\/\/blogsaverroes.juntadeandalucia.es\/ceiplaromanilla\/wp-json\/wp\/v2\/media?parent=95"}],"curies":[{"name":"wp","href":"https:\/\/api.w.org\/{rel}","templated":true}]}}