{"id":2373,"date":"2020-08-03T15:17:13","date_gmt":"2020-08-03T15:17:13","guid":{"rendered":"https:\/\/blogsaverroes.juntadeandalucia.es\/ceiplasalbinas\/?page_id=2373"},"modified":"2020-09-10T10:29:57","modified_gmt":"2020-09-10T10:29:57","slug":"datos-del-centro","status":"publish","type":"page","link":"https:\/\/blogsaverroes.juntadeandalucia.es\/ceiplasalbinas\/datos-del-centro\/","title":{"rendered":"Datos del centro"},"content":{"rendered":"<p style=\"text-align: center\"><strong>Datos de contacto<\/strong><br \/>\nC.E.I.P. LAS ALBINAS<\/p>\n<p style=\"text-align: center\">C\u00f3digo de centro: 11603476<br \/>\nDIrecci\u00f3n: C\/ Caraza S\/N, 11.130 Chiclana de la Frontera (C\u00e1diz)<br \/>\nTel\u00e9fono: 956243207<br \/>\nTel\u00e9fono corporativo: 473207<br \/>\nFax: 956243208<br \/>\nemail: 11603476.edu@juntadeandalucia.es<\/p>\n<p style=\"text-align: center\">web: ceiplasalbinas.es<\/p>\n<p><img loading=\"lazy\" decoding=\"async\" class=\"aligncenter wp-image-2499 size-large\" src=\"https:\/\/blogsaverroes.juntadeandalucia.es\/ceiplasalbinas\/files\/2020\/08\/chiclana-3d-1024x462.jpg\" alt=\"vista cole chiclana\" width=\"774\" height=\"349\"><\/p>\n<p style=\"text-align: center\">&nbsp;<\/p>\n","protected":false},"excerpt":{"rendered":"<p>Datos de contacto C.E.I.P. LAS ALBINAS C\u00f3digo de centro: 11603476 DIrecci\u00f3n: C\/ Caraza S\/N, 11.130 Chiclana de la Frontera (C\u00e1diz) Tel\u00e9fono: 956243207 Tel\u00e9fono corporativo: 473207&hellip;<\/p>\n","protected":false},"author":10177,"featured_media":0,"parent":0,"menu_order":0,"comment_status":"closed","ping_status":"closed","template":"page-sc.php","meta":{"ngg_post_thumbnail":0,"footnotes":"","_mc_calendar":[]},"aioseo_notices":[],"_links":{"self":[{"href":"https:\/\/blogsaverroes.juntadeandalucia.es\/ceiplasalbinas\/wp-json\/wp\/v2\/pages\/2373"}],"collection":[{"href":"https:\/\/blogsaverroes.juntadeandalucia.es\/ceiplasalbinas\/wp-json\/wp\/v2\/pages"}],"about":[{"href":"https:\/\/blogsaverroes.juntadeandalucia.es\/ceiplasalbinas\/wp-json\/wp\/v2\/types\/page"}],"author":[{"embeddable":true,"href":"https:\/\/blogsaverroes.juntadeandalucia.es\/ceiplasalbinas\/wp-json\/wp\/v2\/users\/10177"}],"replies":[{"embeddable":true,"href":"https:\/\/blogsaverroes.juntadeandalucia.es\/ceiplasalbinas\/wp-json\/wp\/v2\/comments?post=2373"}],"version-history":[{"count":7,"href":"https:\/\/blogsaverroes.juntadeandalucia.es\/ceiplasalbinas\/wp-json\/wp\/v2\/pages\/2373\/revisions"}],"predecessor-version":[{"id":2591,"href":"https:\/\/blogsaverroes.juntadeandalucia.es\/ceiplasalbinas\/wp-json\/wp\/v2\/pages\/2373\/revisions\/2591"}],"wp:attachment":[{"href":"https:\/\/blogsaverroes.juntadeandalucia.es\/ceiplasalbinas\/wp-json\/wp\/v2\/media?parent=2373"}],"curies":[{"name":"wp","href":"https:\/\/api.w.org\/{rel}","templated":true}]}}