{"id":2452,"date":"2020-08-13T11:34:28","date_gmt":"2020-08-13T11:34:28","guid":{"rendered":"https:\/\/blogsaverroes.juntadeandalucia.es\/ceiplasalbinas\/?page_id=2452"},"modified":"2025-11-10T15:50:21","modified_gmt":"2025-11-10T15:50:21","slug":"plan-de-centro-24-25","status":"publish","type":"page","link":"https:\/\/blogsaverroes.juntadeandalucia.es\/ceiplasalbinas\/plan-de-centro-24-25\/","title":{"rendered":"Plan de Centro"},"content":{"rendered":"<table style=\"height: 1029px;width: 100%;border-collapse: collapse;border-color: #fcfcfc\">\n<tbody>\n<tr style=\"height: 163px\">\n<td style=\"width: 100%;background-color: #fcfcfc;text-align: center;vertical-align: middle;height: 163px;border-style: none\" colspan=\"2\"><a href=\"https:\/\/blogsaverroes.juntadeandalucia.es\/ceiplasalbinas\/files\/2023\/10\/CEIP-LAS-ALBINAS-NOMBRE-.png\"><img loading=\"lazy\" decoding=\"async\" class=\"aligncenter wp-image-4309\" src=\"https:\/\/blogsaverroes.juntadeandalucia.es\/ceiplasalbinas\/files\/2023\/10\/CEIP-LAS-ALBINAS-NOMBRE--300x55.png\" alt=\"\" width=\"890\" height=\"163\" srcset=\"https:\/\/blogsaverroes.juntadeandalucia.es\/ceiplasalbinas\/files\/2023\/10\/CEIP-LAS-ALBINAS-NOMBRE--300x55.png 300w, https:\/\/blogsaverroes.juntadeandalucia.es\/ceiplasalbinas\/files\/2023\/10\/CEIP-LAS-ALBINAS-NOMBRE--768x142.png 768w, https:\/\/blogsaverroes.juntadeandalucia.es\/ceiplasalbinas\/files\/2023\/10\/CEIP-LAS-ALBINAS-NOMBRE-.png 906w\" sizes=\"(max-width: 890px) 100vw, 890px\" \/><\/a><\/td>\n<\/tr>\n<tr style=\"height: 130px\">\n<td style=\"height: 130px;background-color: #eda847;width: 100%;border-style: none\" colspan=\"2\">\n<h1 style=\"text-align: center\">PLAN DE CENTRO DEL CEIP LAS ALBINAS<\/h1>\n<p style=\"text-align: center\">Actualizado tras su aprobaci\u00f3n por el Consejo Escolar el 10 de noviembre de 2025<\/p>\n<\/td>\n<\/tr>\n<tr style=\"height: 75px\">\n<td style=\"width: 100%;height: 75px;background-color: #ed7e5c;text-align: center;border-style: none\" colspan=\"2\">\n<h2>PROYECTO EDUCATIVO&nbsp;<\/h2>\n<\/td>\n<\/tr>\n<tr style=\"height: 24px\">\n<td style=\"width: 6.33803%;height: 24px;text-align: center;border-style: none\">\n<h5>1<\/h5>\n<\/td>\n<td style=\"width: 93.662%;height: 24px;border-style: none\"><a href=\"https:\/\/docs.google.com\/document\/d\/14v5CjIDqYUUwFgUt2HiPrARkDiETSb8tGbxx5sc-21U\/edit?usp=sharing\" target=\"_blank\" rel=\"noopener noreferrer\">OBJETIVOS PROPIOS PARA LA MEJORA DEL DESARROLLO DE LAS COMPETENCIAS CLAVE PREVISTA EN LOS PERFILES COMPETENCIALES. PLAN DE MEJORA<\/a><\/td>\n<\/tr>\n<tr style=\"height: 24px\">\n<td style=\"width: 6.33803%;height: 24px;text-align: center;border-style: none\">\n<h5>2<\/h5>\n<\/td>\n<td style=\"width: 93.662%;height: 24px;border-style: none\"><a href=\"https:\/\/docs.google.com\/document\/d\/1BPs0Wyr43nHAx_btky2AJzLOi7nllXX-rJaUGKTiqFw\/edit?usp=sharing\" target=\"_blank\" rel=\"noopener noreferrer\">CONTEXTO DEL CENTRO. L\u00cdNEAS GENERALES DE ACTUACI\u00d3N PEDAG\u00d3GICA PRINCIPIOS GENERALES DE LAS DISTINTAS ETAPAS, PRINCIPIOS PEDAG\u00d3GICOS Y METODOL\u00d3GICOS DEL CENTRO.<\/a><\/td>\n<\/tr>\n<tr style=\"height: 10px\">\n<td style=\"width: 6.33803%;height: 10px;text-align: center;border-style: none\">\n<h5>3<\/h5>\n<\/td>\n<td style=\"width: 93.662%;height: 10px;border-style: none\"><a href=\"https:\/\/docs.google.com\/document\/d\/1rDtScZvOh-oGnnDDfgURZYbLKSRjqZkF0mZTlHQhSgs\/edit?usp=sharing\" target=\"_blank\" rel=\"noopener noreferrer\">COORDINACI\u00d3N Y CONCRECI\u00d3N DE LOS CONTENIDOS CURRICULARES, AS\u00cd COMO EL TRATAMIENTO TRANSVERSAL EN LAS \u00c1REAS DE LA EDUCACI\u00d3N EN VALORES Y OTRAS ENSE\u00d1ANZAS, INTEGRANDO LA IGUALDAD DE G\u00c9NERO COMO UN OBJETIVO PRIMORDIAL.<\/a><\/td>\n<\/tr>\n<tr style=\"height: 24px\">\n<td style=\"width: 6.33803%;height: 24px;border-style: none\">\n<h5 style=\"text-align: center\">4<\/h5>\n<\/td>\n<td style=\"width: 93.662%;height: 24px;border-style: none\"><a href=\"https:\/\/docs.google.com\/document\/d\/1edpkwxzM19IDblPctgWj9rNC0bHnmplRnpg0vukSeI8\/edit?usp=sharing\" target=\"_blank\" rel=\"noopener noreferrer\">LOS CRITERIOS PEDAG\u00d3GICOS PARA LA DETERMINACI\u00d3N DE LOS \u00d3RGANOS DE COORDINACI\u00d3N DOCENTE&nbsp;<\/a><\/td>\n<\/tr>\n<tr style=\"height: 24px\">\n<td style=\"width: 6.33803%;height: 24px;border-style: none;text-align: center\">\n<h5>5<\/h5>\n<\/td>\n<td style=\"width: 93.662%;height: 24px;border-style: none\"><a href=\"https:\/\/docs.google.com\/document\/d\/1NOIrPCjUJxOz1s2eWzNb344ho7u7T-fcLIh9_XlGiOY\/edit?usp=sharing\" target=\"_blank\" rel=\"noopener\">LOS PROCEDIMIENTOS Y CRITERIOS DE EVALUACI\u00d3N Y PROMOCI\u00d3N DEL ALUMNADO<\/a><\/td>\n<\/tr>\n<tr style=\"height: 24px\">\n<td style=\"width: 6.33803%;height: 24px;border-style: none\">\n<h5 style=\"text-align: center\">6<\/h5>\n<\/td>\n<td style=\"width: 93.662%;height: 24px;border-style: none\"><a href=\"https:\/\/docs.google.com\/document\/d\/1WtR3LJANDauvAdrLW3k7mAcMBdkkQBzCkueKcyflQ8Q\/edit?usp=sharing\" target=\"_blank\" rel=\"noopener\">MEDIDAS DE ATENCI\u00d3N A LA DIVERSIDAD Y A LAS DIFERENCIAS INDIVIDUALES<\/a><\/td>\n<\/tr>\n<tr style=\"height: 24px\">\n<td style=\"width: 6.33803%;height: 24px;border-style: none;text-align: center\">\n<h5>7<\/h5>\n<\/td>\n<td style=\"width: 93.662%;height: 24px;border-style: none\"><a href=\"https:\/\/docs.google.com\/document\/d\/1-w6U9t9-ejm-qY-sRaEnqqkI1aQjZjhuOdElOxXRMcs\/edit?usp=sharing\" target=\"_blank\" rel=\"noopener\">LA ORGANIZACI\u00d3N DE LAS ACTIVIDADES DE RECUPERACI\u00d3N PARA EL ALUMNADO CON \u00c1REAS PENDIENTES DE EVALUACI\u00d3N POSITIVA<\/a><\/td>\n<\/tr>\n<tr style=\"height: 24px\">\n<td style=\"width: 6.33803%;height: 24px;border-style: none\">\n<h5 style=\"text-align: center\">8<\/h5>\n<\/td>\n<td style=\"width: 93.662%;height: 24px;border-style: none\"><a href=\"https:\/\/docs.google.com\/document\/d\/1vzABJj7woDVSL8TS6MYLMcT1LCeSDYJ1w62F4h6Qpsk\/edit?usp=sharing\" target=\"_blank\" rel=\"noopener\">PLAN DE ORIENTACI\u00d3N Y ACCI\u00d3N TUTORIAL&nbsp;<\/a><\/td>\n<\/tr>\n<tr style=\"height: 24px\">\n<td style=\"width: 6.33803%;height: 24px;border-style: none\">\n<h5 style=\"text-align: center\">9<\/h5>\n<\/td>\n<td style=\"width: 93.662%;height: 24px;border-style: none\"><a href=\"https:\/\/docs.google.com\/document\/d\/12sIJsXVXYaUkD3yA24FdSND6hbvX87gCtn5pQPr2Dog\/edit?usp=sharing\" target=\"_blank\" rel=\"noopener\">PROCEDIMIENTO PARA SUSCRIBIR COMPROMISOS EDUCATIVOS, DE CONVIVENCIA Y DE ASISTENCIA<\/a><\/td>\n<\/tr>\n<tr style=\"height: 24px\">\n<td style=\"width: 6.33803%;height: 24px;border-style: none\">\n<h5 style=\"text-align: center\">10<\/h5>\n<\/td>\n<td style=\"width: 93.662%;height: 24px;border-style: none\"><a href=\"https:\/\/docs.google.com\/document\/d\/17wX4GXY-6qQK3HsZn6hc-9G0ZA-7WqxiVc1pLI5B6m8\/edit?usp=sharing\" target=\"_blank\" rel=\"noopener\">PLAN DE CONVIVENCIA<\/a>&nbsp;<\/td>\n<\/tr>\n<tr style=\"height: 24px\">\n<td style=\"width: 6.33803%;height: 24px;border-style: none\">\n<h5 style=\"text-align: center\">11<\/h5>\n<\/td>\n<td style=\"width: 93.662%;height: 24px;border-style: none\"><a href=\"https:\/\/docs.google.com\/document\/d\/1Eni8tCZ0PVjnf4ZZkDks8OfqaMv5UgavkggIjJPuG-g\/edit?usp=sharing\" target=\"_blank\" rel=\"noopener\">PLAN DE FORMACI\u00d3N DEL PROFESORADO<\/a><\/td>\n<\/tr>\n<tr style=\"height: 24px\">\n<td style=\"width: 6.33803%;height: 24px;border-style: none\">\n<h5 style=\"text-align: center\">12<\/h5>\n<\/td>\n<td style=\"width: 93.662%;height: 24px;border-style: none\"><a href=\"https:\/\/docs.google.com\/document\/d\/1pHcxf5Hy9ScLdyQX3-xwlWG9mRnazUCosPzc0TsJAIA\/edit?usp=sharing\" target=\"_blank\" rel=\"noopener\">CRITERIOS PARA ORGANIZAR Y DISTRIBUIR EL TIEMPO ESCOLAR. OBJETIVOS Y PROGRAMAS PARA INTERVENIR EN EL TIEMPO EXTRAESCOLAR<\/a><\/td>\n<\/tr>\n<tr style=\"height: 24px\">\n<td style=\"width: 6.33803%;height: 24px;border-style: none;text-align: center\">\n<h5>13<\/h5>\n<\/td>\n<td style=\"width: 93.662%;height: 24px;border-style: none\"><a href=\"https:\/\/docs.google.com\/document\/d\/1_LT9D6qb36BE2aj4HZVQpE0f6CqHtwIvK9AhyvQfeN8\/edit?usp=sharing\" target=\"_blank\" rel=\"noopener\">PROCEDIMIENTOS DE EVALUACI\u00d3N INTERNA<\/a><\/td>\n<\/tr>\n<tr style=\"height: 24px\">\n<td style=\"width: 6.33803%;height: 24px;border-style: none;text-align: center\">\n<h5>14<\/h5>\n<\/td>\n<td style=\"width: 93.662%;height: 24px;border-style: none\"><a href=\"https:\/\/docs.google.com\/document\/d\/144pcRAsyXV-96EEk8XLxAeSiMh1Ct67OaZ8TWeIJy4I\/edit?usp=sharing\" target=\"_blank\" rel=\"noopener\">CRITERIOS PARA ESTABLECER LOS AGRUPAMIENTOS DEL ALUMNADO Y ASIGNACI\u00d3N DE TUTOR\u00cdAS&nbsp;<\/a><\/td>\n<\/tr>\n<tr style=\"height: 24px\">\n<td style=\"width: 6.33803%;height: 24px;border-style: none;text-align: center\">\n<h5>15<\/h5>\n<\/td>\n<td style=\"width: 93.662%;height: 24px;border-style: none\"><a href=\"https:\/\/docs.google.com\/document\/d\/1CCiETZuQQSdaqWahDRxKudH1kdD8Ku-rLVhz_gGysjA\/edit?usp=sharing\" target=\"_blank\" rel=\"noopener\">CRITERIOS GENERALES PARA LA ELABORACI\u00d3N DE LAS PROGRAMACIONES DID\u00c1CTICAS EN EDUCACI\u00d3N INFANTIL Y PRIMARIA&nbsp;<\/a><\/td>\n<\/tr>\n<tr style=\"height: 24px\">\n<td style=\"width: 6.33803%;height: 24px;border-style: none\">\n<h5 style=\"text-align: center\">16<\/h5>\n<\/td>\n<td style=\"width: 93.662%;height: 24px;border-style: none\"><a href=\"https:\/\/docs.google.com\/document\/d\/1FuEtL3q56FmOOt08WD3TlJQzrVe7lzjLmolx42XYryk\/edit?usp=sharing\" target=\"_blank\" rel=\"noopener\">PLANES ESTRAT\u00c9GICOS QUE SE DESARROLLAN EN EL CENTRO&nbsp;<\/a><\/td>\n<\/tr>\n<tr style=\"height: 24px\">\n<td style=\"width: 6.33803%;height: 24px;text-align: center;border-style: none\">\n<h5>17<\/h5>\n<\/td>\n<td style=\"width: 93.662%;height: 24px;border-style: none\"><a href=\"https:\/\/docs.google.com\/document\/d\/1tKJvgaazMeHpx6S0O71Uq0xBU_bv4zUlWAhvog9CgVg\/edit?usp=sharing\" target=\"_blank\" rel=\"noopener\">PROGRAMACI\u00d3N DID\u00c1CTICA DEL SEGUNDO CICLO DE EDUCACI\u00d3N INFANTIL<\/a><\/td>\n<\/tr>\n<tr style=\"height: 24px\">\n<td style=\"width: 6.33803%;height: 24px;text-align: center;border-style: none\">\n<h5>18<\/h5>\n<\/td>\n<td style=\"width: 93.662%;height: 24px;border-style: none\"><a href=\"https:\/\/docs.google.com\/document\/d\/1TGSiJugjkND9g2UuTGnwxPsW2ti7z9WImigKXagkWQ4\/edit?usp=sharing\" target=\"_blank\" rel=\"noopener\">PROGRAMACI\u00d3N DID\u00c1CTICA DEL PRIMER CICLO DE EDUCACI\u00d3N PRIMARIA&nbsp;<\/a><\/td>\n<\/tr>\n<tr style=\"height: 24px\">\n<td style=\"width: 6.33803%;height: 24px;text-align: center;border-style: none\">\n<h5>19<\/h5>\n<\/td>\n<td style=\"width: 93.662%;height: 24px;border-style: none\"><a href=\"https:\/\/docs.google.com\/document\/d\/1eMy41-zej8q5ngdeyG3_xSNwEmIX6ZAmcqJtBT8vHio\/edit?usp=sharing\" target=\"_blank\" rel=\"noopener\">PROGRAMACI\u00d3N DID\u00c1CTICA DEL SEGUNDO CICLO DE EDUCACI\u00d3N PRIMARIA&nbsp;<\/a><\/td>\n<\/tr>\n<tr style=\"height: 24px\">\n<td style=\"width: 6.33803%;height: 24px;text-align: center;border-style: none\">\n<h5>20<\/h5>\n<\/td>\n<td style=\"width: 93.662%;height: 24px;border-style: none\"><a href=\"https:\/\/docs.google.com\/document\/d\/1dhDN2sEyTmgApyN1VRya13LppBh6SuSuxNqXTgj9cuk\/edit?usp=sharing\" target=\"_blank\" rel=\"noopener noreferrer\">PROGRAMACI\u00d3N DID\u00c1CTICA DEL TERCER CICLO DE EDUCACI\u00d3N PRIMARIA&nbsp;<\/a><\/td>\n<\/tr>\n<tr style=\"height: 115px\">\n<td style=\"width: 100%;height: 75px;background-color: #a3edf0;border-style: none\" colspan=\"2\">\n<h2 style=\"text-align: center\">R.O.F.<\/h2>\n<p style=\"text-align: center\">Reglamento de Organizaci\u00f3n y Funcionamiento del Centro&nbsp;<\/p>\n<\/td>\n<\/tr>\n<tr style=\"height: 24px\">\n<td style=\"width: 6.33803%;height: 24px;border-style: none;text-align: center\">\n<h5>1<\/h5>\n<\/td>\n<td style=\"width: 93.662%;height: 24px;border-style: none\"><a href=\"https:\/\/docs.google.com\/document\/d\/12uPWj5Lr7ByWJjm6bLxN3yzjANx1aN_639gn_ehUFko\/edit?usp=sharing\" target=\"_blank\" rel=\"noopener\">PARTE I. CAP\u00cdTULO I. GOBIERNO Y GESTI\u00d3N DEL CENTRO. CAP\u00cdTULO II. ORGANIZACI\u00d3N DOCENTE. CAP\u00cdTULO III. PARTICIPACI\u00d3N DE LA COMUNIDAD EDUCATIVA.<\/a><\/td>\n<\/tr>\n<tr style=\"height: 24px\">\n<td style=\"width: 6.33803%;height: 24px;border-style: none;text-align: center\">\n<h5>2<\/h5>\n<\/td>\n<td style=\"width: 93.662%;height: 24px;border-style: none\"><a href=\"https:\/\/docs.google.com\/document\/d\/1IwTA5ZLCvUomuym8yBWkBWt04RqloZK5_HWuchANRyI\/edit?usp=sharing\" target=\"_blank\" rel=\"noopener\">PARTE II. CAP\u00cdTULO IV <span style=\"font-weight: 400\">&nbsp;<\/span><span style=\"font-weight: 400\">NORMAS DE ORGANIZACI\u00d3N Y FUNCIONAMIENTO. <\/span><span style=\"font-weight: 400\">CAP\u00cdTULO V <\/span><span style=\"font-weight: 400\">&nbsp;<\/span><span style=\"font-weight: 400\">PROCEDIMIENTOS Y NORMAS DE ACTUACI\u00d3N<\/span><\/a><\/td>\n<\/tr>\n<tr style=\"height: 24px\">\n<td style=\"width: 6.33803%;height: 24px;border-style: none;text-align: center\">\n<h5>3<\/h5>\n<\/td>\n<td style=\"width: 93.662%;height: 24px;border-style: none\"><a href=\"https:\/\/docs.google.com\/document\/d\/1acy2oHokOxep8Y4flM93FCZlsCn37cnexgkm2w593_E\/edit?usp=sharing\" target=\"_blank\" rel=\"noopener\">PARTE III. CAP\u00cdTULO VI&nbsp; PLAN DE AUTOPROTECCI\u00d3N Y PREVENCI\u00d3N DE RIESGOS LABORALES. CAP\u00cdTULO VII. GESTI\u00d3N DE LOS RECURSOS DEL CENTRO. CAP\u00cdTULO VIII. SE\u00d1AS DE IDENTIDAD Y GESTI\u00d3N DE LA INFORMACI\u00d3N. CAP\u00cdTULO IX CAP\u00cdTULO IX. MECANISMOS DE REVISI\u00d3N Y EVALUACI\u00d3N<\/a><br \/>\n.<\/td>\n<\/tr>\n<tr style=\"height: 24px\">\n<td style=\"width: 100%;height: 24px;background-color: #9df589;border-style: none\" colspan=\"2\">\n<h2 style=\"text-align: center\">PROYECTO DE GESTI\u00d3N<\/h2>\n<\/td>\n<\/tr>\n<tr style=\"height: 24px\">\n<td style=\"width: 6.33803%;height: 24px;border-style: none\">\n<h5 style=\"text-align: center\">1<\/h5>\n<\/td>\n<td style=\"width: 93.662%;height: 24px;border-style: none\"><a href=\"https:\/\/drive.google.com\/file\/d\/1_9Xg6wsvg0VPiBa2wAS-u6RxJl3yT_b6\/view?usp=sharing\" target=\"_blank\" rel=\"noopener\">GESTI\u00d3N DE LOS RECURSOS HUMANOS. GESTI\u00d3N ECON\u00d3MICA. GESTI\u00d3N DE LOS RECURSOS MATERIALES E INSTALACIONES<\/a><\/td>\n<\/tr>\n<\/tbody>\n<\/table>\n<p>&nbsp;<\/p>\n","protected":false},"excerpt":{"rendered":"<p>PLAN DE CENTRO DEL CEIP LAS ALBINAS Actualizado tras su aprobaci\u00f3n por el Consejo Escolar el 10 de noviembre de 2025 PROYECTO EDUCATIVO&nbsp; 1 OBJETIVOS&hellip;<\/p>\n","protected":false},"author":10177,"featured_media":0,"parent":0,"menu_order":0,"comment_status":"closed","ping_status":"closed","template":"","meta":{"ngg_post_thumbnail":0,"footnotes":"","_mc_calendar":[]},"aioseo_notices":[],"_links":{"self":[{"href":"https:\/\/blogsaverroes.juntadeandalucia.es\/ceiplasalbinas\/wp-json\/wp\/v2\/pages\/2452"}],"collection":[{"href":"https:\/\/blogsaverroes.juntadeandalucia.es\/ceiplasalbinas\/wp-json\/wp\/v2\/pages"}],"about":[{"href":"https:\/\/blogsaverroes.juntadeandalucia.es\/ceiplasalbinas\/wp-json\/wp\/v2\/types\/page"}],"author":[{"embeddable":true,"href":"https:\/\/blogsaverroes.juntadeandalucia.es\/ceiplasalbinas\/wp-json\/wp\/v2\/users\/10177"}],"replies":[{"embeddable":true,"href":"https:\/\/blogsaverroes.juntadeandalucia.es\/ceiplasalbinas\/wp-json\/wp\/v2\/comments?post=2452"}],"version-history":[{"count":37,"href":"https:\/\/blogsaverroes.juntadeandalucia.es\/ceiplasalbinas\/wp-json\/wp\/v2\/pages\/2452\/revisions"}],"predecessor-version":[{"id":5773,"href":"https:\/\/blogsaverroes.juntadeandalucia.es\/ceiplasalbinas\/wp-json\/wp\/v2\/pages\/2452\/revisions\/5773"}],"wp:attachment":[{"href":"https:\/\/blogsaverroes.juntadeandalucia.es\/ceiplasalbinas\/wp-json\/wp\/v2\/media?parent=2452"}],"curies":[{"name":"wp","href":"https:\/\/api.w.org\/{rel}","templated":true}]}}