{"id":2621,"date":"2020-09-28T11:01:06","date_gmt":"2020-09-28T11:01:06","guid":{"rendered":"https:\/\/blogsaverroes.juntadeandalucia.es\/ceiplasalbinas\/?page_id=2621"},"modified":"2020-09-28T22:12:18","modified_gmt":"2020-09-28T22:12:18","slug":"google-suite-para-educacion","status":"publish","type":"page","link":"https:\/\/blogsaverroes.juntadeandalucia.es\/ceiplasalbinas\/google-suite-para-educacion\/","title":{"rendered":"Google Suite para centros educativos"},"content":{"rendered":"<p><a href=\"https:\/\/blogsaverroes.juntadeandalucia.es\/ceiplasalbinas\/files\/2020\/09\/google-suite.jpg\"><img loading=\"lazy\" decoding=\"async\" class=\"aligncenter size-medium wp-image-2622\" src=\"https:\/\/blogsaverroes.juntadeandalucia.es\/ceiplasalbinas\/files\/2020\/09\/google-suite-300x160.jpg\" alt=\"\" width=\"300\" height=\"160\" srcset=\"https:\/\/blogsaverroes.juntadeandalucia.es\/ceiplasalbinas\/files\/2020\/09\/google-suite-300x160.jpg 300w, https:\/\/blogsaverroes.juntadeandalucia.es\/ceiplasalbinas\/files\/2020\/09\/google-suite-24x13.jpg 24w, https:\/\/blogsaverroes.juntadeandalucia.es\/ceiplasalbinas\/files\/2020\/09\/google-suite-36x19.jpg 36w, https:\/\/blogsaverroes.juntadeandalucia.es\/ceiplasalbinas\/files\/2020\/09\/google-suite-48x26.jpg 48w, https:\/\/blogsaverroes.juntadeandalucia.es\/ceiplasalbinas\/files\/2020\/09\/google-suite.jpg 307w\" sizes=\"(max-width: 300px) 100vw, 300px\" \/><\/a><\/p>\n<p>Hola familias este curso escolar 2020-21 nuestro centro va a desarrollar un <strong>proceso de transformaci\u00f3n digital educativa<\/strong> con actuaciones orientadas a la mejora y modernizaci\u00f3n de los procesos, los procedimientos, los h\u00e1bitos y comportamientos de nuestro centro y de las personas que interact\u00faan en \u00e9l. Apostaremos por el uso de las tecnolog\u00edas digitales buscando una mejora de la capacidad de hacer frente a los retos de la sociedad actual.<\/p>\n<p>&nbsp;Esta transformaci\u00f3n digital engloba tres \u00e1mbitos de actuaci\u00f3n:<\/p>\n<ol>\n<li>El de <strong>organizaci\u00f3n y gesti\u00f3n de los centros docentes<\/strong>.<\/li>\n<li>El de los <strong>procesos de ense\u00f1anza-aprendizaje<\/strong>.<\/li>\n<li>El de la <strong>informaci\u00f3n y comunicaci\u00f3n, tanto interna como externa.<\/strong><\/li>\n<\/ol>\n<p>&nbsp;<\/p>\n<p><strong>EN REFERENCIA AL \u00c1MBITO DE LOS PROCESOS DE ENSE\u00d1ANZA Y APRENDIZAJE<\/strong><\/p>\n<p>Para dar respuesta a esta necesidad de transformaci\u00f3n de nuestro centro, hemos apostado por la plataforma Google Suite para centros educativos como aplicaci\u00f3n digital para gestionar los procesos de ense\u00f1anza-aprendizaje de nuestros\/as alumnos\/as.&nbsp;<\/p>\n<p>Google suite para centros educativos es un paquete de herramientas y servicios de Google ideado para centros educativos&nbsp; que imparten clases no presenciales o como un recurso que complementan a nuestras clases presenciales. Google Suite para Centros Educativos es gratuito e incluye cuentas de usuario, es decir, cada maestro\/a y&nbsp; cada alumno\/a de nuestro centro tendr\u00e1 una cuenta propia personal con la que podr\u00e1 acceder a todos los servicios y herramientas que incluye esta plataforma.<\/p>\n<p>En la reuni\u00f3n de tutor\u00eda inicial que el maestro\/a de su hijo\/a tendr\u00e1 al inicio de curso se le entregar\u00e1 una clave de acceso con un nombre de usuario y una contrase\u00f1a que le servir\u00e1 para acceder a la plataforma Google Suite del C.E.I.P. Las Albinas.<\/p>\n<p>&nbsp;<\/p>\n<p style=\"text-align: center\"><a href=\"https:\/\/drive.google.com\/file\/d\/1wi0Yluuhac3iXLTM7YB35zsf90HA0v-m\/view?usp=sharing\" target=\"_blank\" rel=\"noopener noreferrer\">VIDEO TUTORIAL \u00abCOMO ACCEDER A LA PLATAFORMA GOOGLE SUITE DEL CEIP LAS ALBINAS\u00bb<\/a><\/p>\n<p>&nbsp;<\/p>\n","protected":false},"excerpt":{"rendered":"<p>Hola familias este curso escolar 2020-21 nuestro centro va a desarrollar un proceso de transformaci\u00f3n digital educativa con actuaciones orientadas a la mejora y modernizaci\u00f3n&hellip;<\/p>\n","protected":false},"author":10177,"featured_media":0,"parent":0,"menu_order":0,"comment_status":"closed","ping_status":"closed","template":"","meta":{"ngg_post_thumbnail":0,"footnotes":"","_mc_calendar":[]},"aioseo_notices":[],"_links":{"self":[{"href":"https:\/\/blogsaverroes.juntadeandalucia.es\/ceiplasalbinas\/wp-json\/wp\/v2\/pages\/2621"}],"collection":[{"href":"https:\/\/blogsaverroes.juntadeandalucia.es\/ceiplasalbinas\/wp-json\/wp\/v2\/pages"}],"about":[{"href":"https:\/\/blogsaverroes.juntadeandalucia.es\/ceiplasalbinas\/wp-json\/wp\/v2\/types\/page"}],"author":[{"embeddable":true,"href":"https:\/\/blogsaverroes.juntadeandalucia.es\/ceiplasalbinas\/wp-json\/wp\/v2\/users\/10177"}],"replies":[{"embeddable":true,"href":"https:\/\/blogsaverroes.juntadeandalucia.es\/ceiplasalbinas\/wp-json\/wp\/v2\/comments?post=2621"}],"version-history":[{"count":6,"href":"https:\/\/blogsaverroes.juntadeandalucia.es\/ceiplasalbinas\/wp-json\/wp\/v2\/pages\/2621\/revisions"}],"predecessor-version":[{"id":2624,"href":"https:\/\/blogsaverroes.juntadeandalucia.es\/ceiplasalbinas\/wp-json\/wp\/v2\/pages\/2621\/revisions\/2624"}],"wp:attachment":[{"href":"https:\/\/blogsaverroes.juntadeandalucia.es\/ceiplasalbinas\/wp-json\/wp\/v2\/media?parent=2621"}],"curies":[{"name":"wp","href":"https:\/\/api.w.org\/{rel}","templated":true}]}}