{"id":2677,"date":"2021-11-16T16:46:42","date_gmt":"2021-11-16T16:46:42","guid":{"rendered":"https:\/\/blogsaverroes.juntadeandalucia.es\/ceiplasalhomas\/?page_id=2677"},"modified":"2021-11-16T16:46:42","modified_gmt":"2021-11-16T16:46:42","slug":"rof","status":"publish","type":"page","link":"https:\/\/blogsaverroes.juntadeandalucia.es\/ceiplasalhomas\/rof\/","title":{"rendered":"ROF"},"content":{"rendered":"<p>Aqu\u00ed est\u00e1 disponible el Reglamento de Organizaci\u00f3n y Funcionamiento.<\/p>\n<p>&nbsp;<\/p>\n<p><a href=\"https:\/\/blogsaverroes.juntadeandalucia.es\/ceiplasalhomas\/files\/2021\/11\/50.-ROF.pdf\"> ROF<\/a><\/p>\n","protected":false},"excerpt":{"rendered":"<p>Aqu\u00ed est\u00e1 disponible el Reglamento de Organizaci\u00f3n y Funcionamiento. &nbsp; ROF<\/p>\n","protected":false},"author":2761,"featured_media":0,"parent":0,"menu_order":0,"comment_status":"closed","ping_status":"closed","template":"","meta":{"ngg_post_thumbnail":0,"footnotes":"","_mc_calendar":[]},"aioseo_notices":[],"_links":{"self":[{"href":"https:\/\/blogsaverroes.juntadeandalucia.es\/ceiplasalhomas\/wp-json\/wp\/v2\/pages\/2677"}],"collection":[{"href":"https:\/\/blogsaverroes.juntadeandalucia.es\/ceiplasalhomas\/wp-json\/wp\/v2\/pages"}],"about":[{"href":"https:\/\/blogsaverroes.juntadeandalucia.es\/ceiplasalhomas\/wp-json\/wp\/v2\/types\/page"}],"author":[{"embeddable":true,"href":"https:\/\/blogsaverroes.juntadeandalucia.es\/ceiplasalhomas\/wp-json\/wp\/v2\/users\/2761"}],"replies":[{"embeddable":true,"href":"https:\/\/blogsaverroes.juntadeandalucia.es\/ceiplasalhomas\/wp-json\/wp\/v2\/comments?post=2677"}],"version-history":[{"count":1,"href":"https:\/\/blogsaverroes.juntadeandalucia.es\/ceiplasalhomas\/wp-json\/wp\/v2\/pages\/2677\/revisions"}],"predecessor-version":[{"id":2679,"href":"https:\/\/blogsaverroes.juntadeandalucia.es\/ceiplasalhomas\/wp-json\/wp\/v2\/pages\/2677\/revisions\/2679"}],"wp:attachment":[{"href":"https:\/\/blogsaverroes.juntadeandalucia.es\/ceiplasalhomas\/wp-json\/wp\/v2\/media?parent=2677"}],"curies":[{"name":"wp","href":"https:\/\/api.w.org\/{rel}","templated":true}]}}