{"id":2680,"date":"2021-11-16T16:49:41","date_gmt":"2021-11-16T16:49:41","guid":{"rendered":"https:\/\/blogsaverroes.juntadeandalucia.es\/ceiplasalhomas\/?page_id=2680"},"modified":"2021-11-16T16:49:41","modified_gmt":"2021-11-16T16:49:41","slug":"proyecto-de-gestion","status":"publish","type":"page","link":"https:\/\/blogsaverroes.juntadeandalucia.es\/ceiplasalhomas\/proyecto-de-gestion\/","title":{"rendered":"Proyecto de gesti\u00f3n."},"content":{"rendered":"<p>Aqu\u00ed est\u00e1 disponible el Proyecto de Gesti\u00f3n.<\/p>\n<p>&nbsp;<\/p>\n<p><a href=\"https:\/\/blogsaverroes.juntadeandalucia.es\/ceiplasalhomas\/files\/2021\/11\/51.-PROYECTO-DE-GESTI\u00d3N.pdf\">PROYECTO DE GESTI\u00d3N<\/a><\/p>\n","protected":false},"excerpt":{"rendered":"<p>Aqu\u00ed est\u00e1 disponible el Proyecto de Gesti\u00f3n. &nbsp; PROYECTO DE GESTI\u00d3N<\/p>\n","protected":false},"author":2761,"featured_media":0,"parent":0,"menu_order":0,"comment_status":"closed","ping_status":"closed","template":"","meta":{"ngg_post_thumbnail":0,"footnotes":"","_mc_calendar":[]},"aioseo_notices":[],"_links":{"self":[{"href":"https:\/\/blogsaverroes.juntadeandalucia.es\/ceiplasalhomas\/wp-json\/wp\/v2\/pages\/2680"}],"collection":[{"href":"https:\/\/blogsaverroes.juntadeandalucia.es\/ceiplasalhomas\/wp-json\/wp\/v2\/pages"}],"about":[{"href":"https:\/\/blogsaverroes.juntadeandalucia.es\/ceiplasalhomas\/wp-json\/wp\/v2\/types\/page"}],"author":[{"embeddable":true,"href":"https:\/\/blogsaverroes.juntadeandalucia.es\/ceiplasalhomas\/wp-json\/wp\/v2\/users\/2761"}],"replies":[{"embeddable":true,"href":"https:\/\/blogsaverroes.juntadeandalucia.es\/ceiplasalhomas\/wp-json\/wp\/v2\/comments?post=2680"}],"version-history":[{"count":1,"href":"https:\/\/blogsaverroes.juntadeandalucia.es\/ceiplasalhomas\/wp-json\/wp\/v2\/pages\/2680\/revisions"}],"predecessor-version":[{"id":2682,"href":"https:\/\/blogsaverroes.juntadeandalucia.es\/ceiplasalhomas\/wp-json\/wp\/v2\/pages\/2680\/revisions\/2682"}],"wp:attachment":[{"href":"https:\/\/blogsaverroes.juntadeandalucia.es\/ceiplasalhomas\/wp-json\/wp\/v2\/media?parent=2680"}],"curies":[{"name":"wp","href":"https:\/\/api.w.org\/{rel}","templated":true}]}}